{"id":10638,"date":"2025-03-27T07:18:12","date_gmt":"2025-03-27T07:18:12","guid":{"rendered":"https:\/\/amxim.com\/?post_type=product&#038;p=10638"},"modified":"2026-02-04T03:02:25","modified_gmt":"2026-02-04T03:02:25","slug":"mini-sigaretta-elettronica-in-alluminio-usa-e-getta-penna-per-svapo-non-ricaricabile-cartuccia-da-12-ml","status":"publish","type":"product","link":"https:\/\/amxim.com\/it\/product\/mini-sigaretta-elettronica-in-alluminio-usa-e-getta-penna-per-svapo-non-ricaricabile-cartuccia-da-12-ml\/","title":{"rendered":"Sigaretta elettronica monouso in alluminio Mini Vape Pen Cartuccia non ricaricabile 1,2 ml"},"content":{"rendered":"<h2 style=\"text-align: left\">Sigaretta elettronica monouso in alluminio Mini Vape Pen Cartuccia non ricaricabile 1,2 ml<\/h2>\n<p style=\"text-align: left\">Questo liquido per sigaretta elettronica pre-riempito con nicotina salina \u00e8 disponibile in una pratica confezione monouso. Ogni mini sigaretta elettronica offre circa 400 tiri ed \u00e8 alimentata da una batteria interna da 280 mAh, progettata per essere smaltita al termine del ciclo di vita. Contiene 1,2 ml di liquido per sigaretta elettronica con nicotina salina e una concentrazione di nicotina di 50 mg. Ideale per chi \u00e8 sempre in movimento, \u00e8 disponibile in una variet\u00e0 di deliziosi aromi.<\/p>\n<p>&nbsp;<\/p>\n<h3 style=\"text-align: left\">Caratteristiche principali<\/h3>\n<ul>\n<li style=\"text-align: left\">5% Forza del sale di nicotina<\/li>\n<li style=\"text-align: left\">Circa 400 boccate.<\/li>\n<li style=\"text-align: left\">Meccanismo di sparo attivato dall&#039;estrazione<\/li>\n<li style=\"text-align: left\">Batteria integrata da 280 mAh<\/li>\n<li style=\"text-align: left\">Contiene 1,2 ml di e-juice<\/li>\n<li style=\"text-align: left\">Monouso \u2013 Non ricaricabili e non ricaricabili<\/li>\n<\/ul>","protected":false},"excerpt":{"rendered":"<h3>Specifiche del prodotto<\/h3>\n<table>\n<tbody>\n<tr>\n<th style=\"text-align: left\">Tipo di prodotto<\/th>\n<td style=\"text-align: left\">Sigaretta elettronica usa e getta<\/td>\n<\/tr>\n<tr>\n<th style=\"text-align: left\">Colore<\/th>\n<td style=\"text-align: left\">Visualizzato o personalizzato<\/td>\n<\/tr>\n<tr>\n<th style=\"text-align: left\">Misurare<\/th>\n<td style=\"text-align: left\">97*15,6*6,5 mm<\/td>\n<\/tr>\n<tr>\n<th style=\"text-align: left\">Materiale<\/th>\n<td style=\"text-align: left\">Tubo in PC + alluminio<\/td>\n<\/tr>\n<tr>\n<th style=\"text-align: left\">Serpentina di riscaldamento<\/th>\n<td style=\"text-align: left\">Bobina a maglie da 1,8\u03a9<\/td>\n<\/tr>\n<tr>\n<th style=\"text-align: left\">Sbuffo<\/th>\n<td style=\"text-align: left\">Fino a 400 tiri<\/td>\n<\/tr>\n<tr>\n<th style=\"text-align: left\">Batteria<\/th>\n<td style=\"text-align: left\">Ricaricabile da 280 mAh<\/td>\n<\/tr>\n<tr>\n<th style=\"text-align: left\">Eliquid preriempito<\/th>\n<td style=\"text-align: left\">1,2 ml<\/td>\n<\/tr>\n<tr>\n<th style=\"text-align: left\">Gusto<\/th>\n<td style=\"text-align: left\">Fino a 50 gusti<\/td>\n<\/tr>\n<tr>\n<th style=\"text-align: left\">Evidenziare<\/th>\n<td style=\"text-align: left\">Mini sigaretta elettronica OEM, mini sigaretta elettronica usa e getta<\/td>\n<\/tr>\n<\/tbody>\n<\/table>","protected":false},"featured_media":10663,"comment_status":"closed","ping_status":"closed","template":"","meta":[],"product_brand":[],"product_cat":[54,47],"product_tag":[],"class_list":{"0":"post-10638","1":"product","2":"type-product","3":"status-publish","4":"has-post-thumbnail","6":"product_cat-chargeable-disposable-vapes","7":"product_cat-disposable-vapes","9":"first","10":"instock","11":"shipping-taxable","12":"product-type-simple"},"yoast_head":"<!-- This site is optimized with the Yoast SEO plugin v26.9 - https:\/\/yoast.com\/product\/yoast-seo-wordpress\/ -->\n<title>Aluminum Mini Electronic Cigarette Disposable Vape Pen Non-Refillable Cartridge 1.2ml<\/title>\n<meta name=\"description\" content=\"Aluminum Mini Electronic Cigarette Disposable Vape Pen Non-Refillable Cartridge 1.2ml OEM Mini Electronic Cigarette, Disposable Mini Electronic Cigarette\" \/>\n<meta name=\"robots\" content=\"index, follow, max-snippet:-1, max-image-preview:large, max-video-preview:-1\" \/>\n<link rel=\"canonical\" href=\"https:\/\/amxim.com\/it\/product\/mini-sigaretta-elettronica-in-alluminio-usa-e-getta-penna-per-svapo-non-ricaricabile-cartuccia-da-12-ml\/\" \/>\n<meta property=\"og:locale\" content=\"it_IT\" \/>\n<meta property=\"og:type\" content=\"article\" \/>\n<meta property=\"og:title\" content=\"Aluminum Mini Electronic Cigarette Disposable Vape Pen Non-Refillable Cartridge 1.2ml\" \/>\n<meta property=\"og:description\" content=\"Aluminum Mini Electronic Cigarette Disposable Vape Pen Non-Refillable Cartridge 1.2ml OEM Mini Electronic Cigarette, Disposable Mini Electronic Cigarette\" \/>\n<meta property=\"og:url\" content=\"https:\/\/amxim.com\/it\/product\/mini-sigaretta-elettronica-in-alluminio-usa-e-getta-penna-per-svapo-non-ricaricabile-cartuccia-da-12-ml\/\" \/>\n<meta property=\"og:site_name\" content=\"AMXIM\" \/>\n<meta property=\"article:modified_time\" content=\"2026-02-04T03:02:25+00:00\" \/>\n<meta property=\"og:image\" content=\"https:\/\/amxim.com\/wp-content\/uploads\/2025\/03\/Aluminum-Mini-Electronic-Cigarette-Disposable-Vape-Pen-Non-Refillable-Cartridge-1-7.webp\" \/>\n\t<meta property=\"og:image:width\" content=\"1000\" \/>\n\t<meta property=\"og:image:height\" content=\"1000\" \/>\n\t<meta property=\"og:image:type\" content=\"image\/webp\" \/>\n<meta name=\"twitter:card\" content=\"summary_large_image\" \/>\n<meta name=\"twitter:label1\" content=\"Tempo di lettura stimato\" \/>\n\t<meta name=\"twitter:data1\" content=\"1 minuto\" \/>\n<script type=\"application\/ld+json\" class=\"yoast-schema-graph\">{\"@context\":\"https:\/\/schema.org\",\"@graph\":[{\"@type\":\"WebPage\",\"@id\":\"https:\/\/amxim.com\/product\/aluminum-mini-electronic-cigarette-disposable-vape-pen-non-refillable-cartridge-1-2ml\/\",\"url\":\"https:\/\/amxim.com\/product\/aluminum-mini-electronic-cigarette-disposable-vape-pen-non-refillable-cartridge-1-2ml\/\",\"name\":\"Aluminum Mini Electronic Cigarette Disposable Vape Pen Non-Refillable Cartridge 1.2ml\",\"isPartOf\":{\"@id\":\"https:\/\/amxim.com\/#website\"},\"primaryImageOfPage\":{\"@id\":\"https:\/\/amxim.com\/product\/aluminum-mini-electronic-cigarette-disposable-vape-pen-non-refillable-cartridge-1-2ml\/#primaryimage\"},\"image\":{\"@id\":\"https:\/\/amxim.com\/product\/aluminum-mini-electronic-cigarette-disposable-vape-pen-non-refillable-cartridge-1-2ml\/#primaryimage\"},\"thumbnailUrl\":\"https:\/\/amxim.com\/wp-content\/uploads\/2025\/03\/Aluminum-Mini-Electronic-Cigarette-Disposable-Vape-Pen-Non-Refillable-Cartridge-1-7.webp\",\"datePublished\":\"2025-03-27T07:18:12+00:00\",\"dateModified\":\"2026-02-04T03:02:25+00:00\",\"description\":\"Aluminum Mini Electronic Cigarette Disposable Vape Pen Non-Refillable Cartridge 1.2ml OEM Mini Electronic Cigarette, Disposable Mini Electronic Cigarette\",\"breadcrumb\":{\"@id\":\"https:\/\/amxim.com\/product\/aluminum-mini-electronic-cigarette-disposable-vape-pen-non-refillable-cartridge-1-2ml\/#breadcrumb\"},\"inLanguage\":\"it-IT\",\"potentialAction\":[{\"@type\":\"ReadAction\",\"target\":[\"https:\/\/amxim.com\/product\/aluminum-mini-electronic-cigarette-disposable-vape-pen-non-refillable-cartridge-1-2ml\/\"]}]},{\"@type\":\"ImageObject\",\"inLanguage\":\"it-IT\",\"@id\":\"https:\/\/amxim.com\/product\/aluminum-mini-electronic-cigarette-disposable-vape-pen-non-refillable-cartridge-1-2ml\/#primaryimage\",\"url\":\"https:\/\/amxim.com\/wp-content\/uploads\/2025\/03\/Aluminum-Mini-Electronic-Cigarette-Disposable-Vape-Pen-Non-Refillable-Cartridge-1-7.webp\",\"contentUrl\":\"https:\/\/amxim.com\/wp-content\/uploads\/2025\/03\/Aluminum-Mini-Electronic-Cigarette-Disposable-Vape-Pen-Non-Refillable-Cartridge-1-7.webp\",\"width\":1000,\"height\":1000,\"caption\":\"Aluminum Mini Electronic Cigarette Disposable Vape Pen Non-Refillable Cartridge 1.2ml\"},{\"@type\":\"BreadcrumbList\",\"@id\":\"https:\/\/amxim.com\/product\/aluminum-mini-electronic-cigarette-disposable-vape-pen-non-refillable-cartridge-1-2ml\/#breadcrumb\",\"itemListElement\":[{\"@type\":\"ListItem\",\"position\":1,\"name\":\"Home\",\"item\":\"https:\/\/amxim.com\/\"},{\"@type\":\"ListItem\",\"position\":2,\"name\":\"Products\",\"item\":\"https:\/\/amxim.com\/de\/products\/\"},{\"@type\":\"ListItem\",\"position\":3,\"name\":\"Aluminum Mini Electronic Cigarette Disposable Vape Pen Non-Refillable Cartridge 1.2ml\"}]},{\"@type\":\"WebSite\",\"@id\":\"https:\/\/amxim.com\/#website\",\"url\":\"https:\/\/amxim.com\/\",\"name\":\"AMXIM\",\"description\":\"AMXIM-OEM ODM Vape Manufacturer\",\"publisher\":{\"@id\":\"https:\/\/amxim.com\/#organization\"},\"potentialAction\":[{\"@type\":\"SearchAction\",\"target\":{\"@type\":\"EntryPoint\",\"urlTemplate\":\"https:\/\/amxim.com\/?s={search_term_string}\"},\"query-input\":{\"@type\":\"PropertyValueSpecification\",\"valueRequired\":true,\"valueName\":\"search_term_string\"}}],\"inLanguage\":\"it-IT\"},{\"@type\":\"Organization\",\"@id\":\"https:\/\/amxim.com\/#organization\",\"name\":\"AMXIM\",\"url\":\"https:\/\/amxim.com\/\",\"logo\":{\"@type\":\"ImageObject\",\"inLanguage\":\"it-IT\",\"@id\":\"https:\/\/amxim.com\/#\/schema\/logo\/image\/\",\"url\":\"https:\/\/amxim.com\/wp-content\/uploads\/2025\/03\/cropped-AMXIM-fav.webp\",\"contentUrl\":\"https:\/\/amxim.com\/wp-content\/uploads\/2025\/03\/cropped-AMXIM-fav.webp\",\"width\":512,\"height\":512,\"caption\":\"AMXIM\"},\"image\":{\"@id\":\"https:\/\/amxim.com\/#\/schema\/logo\/image\/\"}}]}<\/script>\n<!-- \/ Yoast SEO plugin. -->","yoast_head_json":{"title":"Sigaretta elettronica monouso in alluminio Mini Vape Pen Cartuccia non ricaricabile 1,2 ml","description":"Sigaretta elettronica mini in alluminio, penna per svapo usa e getta, cartuccia non ricaricabile da 1,2 ml, sigaretta elettronica mini OEM, sigaretta elettronica mini usa e getta","robots":{"index":"index","follow":"follow","max-snippet":"max-snippet:-1","max-image-preview":"max-image-preview:large","max-video-preview":"max-video-preview:-1"},"canonical":"https:\/\/amxim.com\/it\/product\/mini-sigaretta-elettronica-in-alluminio-usa-e-getta-penna-per-svapo-non-ricaricabile-cartuccia-da-12-ml\/","og_locale":"it_IT","og_type":"article","og_title":"Aluminum Mini Electronic Cigarette Disposable Vape Pen Non-Refillable Cartridge 1.2ml","og_description":"Aluminum Mini Electronic Cigarette Disposable Vape Pen Non-Refillable Cartridge 1.2ml OEM Mini Electronic Cigarette, Disposable Mini Electronic Cigarette","og_url":"https:\/\/amxim.com\/it\/product\/mini-sigaretta-elettronica-in-alluminio-usa-e-getta-penna-per-svapo-non-ricaricabile-cartuccia-da-12-ml\/","og_site_name":"AMXIM","article_modified_time":"2026-02-04T03:02:25+00:00","og_image":[{"width":1000,"height":1000,"url":"https:\/\/amxim.com\/wp-content\/uploads\/2025\/03\/Aluminum-Mini-Electronic-Cigarette-Disposable-Vape-Pen-Non-Refillable-Cartridge-1-7.webp","type":"image\/webp"}],"twitter_card":"summary_large_image","twitter_misc":{"Tempo di lettura stimato":"1 minuto"},"schema":{"@context":"https:\/\/schema.org","@graph":[{"@type":"WebPage","@id":"https:\/\/amxim.com\/product\/aluminum-mini-electronic-cigarette-disposable-vape-pen-non-refillable-cartridge-1-2ml\/","url":"https:\/\/amxim.com\/product\/aluminum-mini-electronic-cigarette-disposable-vape-pen-non-refillable-cartridge-1-2ml\/","name":"Sigaretta elettronica monouso in alluminio Mini Vape Pen Cartuccia non ricaricabile 1,2 ml","isPartOf":{"@id":"https:\/\/amxim.com\/#website"},"primaryImageOfPage":{"@id":"https:\/\/amxim.com\/product\/aluminum-mini-electronic-cigarette-disposable-vape-pen-non-refillable-cartridge-1-2ml\/#primaryimage"},"image":{"@id":"https:\/\/amxim.com\/product\/aluminum-mini-electronic-cigarette-disposable-vape-pen-non-refillable-cartridge-1-2ml\/#primaryimage"},"thumbnailUrl":"https:\/\/amxim.com\/wp-content\/uploads\/2025\/03\/Aluminum-Mini-Electronic-Cigarette-Disposable-Vape-Pen-Non-Refillable-Cartridge-1-7.webp","datePublished":"2025-03-27T07:18:12+00:00","dateModified":"2026-02-04T03:02:25+00:00","description":"Sigaretta elettronica mini in alluminio, penna per svapo usa e getta, cartuccia non ricaricabile da 1,2 ml, sigaretta elettronica mini OEM, sigaretta elettronica mini usa e getta","breadcrumb":{"@id":"https:\/\/amxim.com\/product\/aluminum-mini-electronic-cigarette-disposable-vape-pen-non-refillable-cartridge-1-2ml\/#breadcrumb"},"inLanguage":"it-IT","potentialAction":[{"@type":"ReadAction","target":["https:\/\/amxim.com\/product\/aluminum-mini-electronic-cigarette-disposable-vape-pen-non-refillable-cartridge-1-2ml\/"]}]},{"@type":"ImageObject","inLanguage":"it-IT","@id":"https:\/\/amxim.com\/product\/aluminum-mini-electronic-cigarette-disposable-vape-pen-non-refillable-cartridge-1-2ml\/#primaryimage","url":"https:\/\/amxim.com\/wp-content\/uploads\/2025\/03\/Aluminum-Mini-Electronic-Cigarette-Disposable-Vape-Pen-Non-Refillable-Cartridge-1-7.webp","contentUrl":"https:\/\/amxim.com\/wp-content\/uploads\/2025\/03\/Aluminum-Mini-Electronic-Cigarette-Disposable-Vape-Pen-Non-Refillable-Cartridge-1-7.webp","width":1000,"height":1000,"caption":"Aluminum Mini Electronic Cigarette Disposable Vape Pen Non-Refillable Cartridge 1.2ml"},{"@type":"BreadcrumbList","@id":"https:\/\/amxim.com\/product\/aluminum-mini-electronic-cigarette-disposable-vape-pen-non-refillable-cartridge-1-2ml\/#breadcrumb","itemListElement":[{"@type":"ListItem","position":1,"name":"Home","item":"https:\/\/amxim.com\/"},{"@type":"ListItem","position":2,"name":"Products","item":"https:\/\/amxim.com\/de\/products\/"},{"@type":"ListItem","position":3,"name":"Aluminum Mini Electronic Cigarette Disposable Vape Pen Non-Refillable Cartridge 1.2ml"}]},{"@type":"WebSite","@id":"https:\/\/amxim.com\/#website","url":"https:\/\/amxim.com\/","name":"AMXIM","description":"Produttore di sigarette elettroniche AMXIM-OEM ODM","publisher":{"@id":"https:\/\/amxim.com\/#organization"},"potentialAction":[{"@type":"SearchAction","target":{"@type":"EntryPoint","urlTemplate":"https:\/\/amxim.com\/?s={search_term_string}"},"query-input":{"@type":"PropertyValueSpecification","valueRequired":true,"valueName":"search_term_string"}}],"inLanguage":"it-IT"},{"@type":"Organization","@id":"https:\/\/amxim.com\/#organization","name":"AMXIM","url":"https:\/\/amxim.com\/","logo":{"@type":"ImageObject","inLanguage":"it-IT","@id":"https:\/\/amxim.com\/#\/schema\/logo\/image\/","url":"https:\/\/amxim.com\/wp-content\/uploads\/2025\/03\/cropped-AMXIM-fav.webp","contentUrl":"https:\/\/amxim.com\/wp-content\/uploads\/2025\/03\/cropped-AMXIM-fav.webp","width":512,"height":512,"caption":"AMXIM"},"image":{"@id":"https:\/\/amxim.com\/#\/schema\/logo\/image\/"}}]}},"_links":{"self":[{"href":"https:\/\/amxim.com\/it\/wp-json\/wp\/v2\/product\/10638","targetHints":{"allow":["GET"]}}],"collection":[{"href":"https:\/\/amxim.com\/it\/wp-json\/wp\/v2\/product"}],"about":[{"href":"https:\/\/amxim.com\/it\/wp-json\/wp\/v2\/types\/product"}],"replies":[{"embeddable":true,"href":"https:\/\/amxim.com\/it\/wp-json\/wp\/v2\/comments?post=10638"}],"version-history":[{"count":5,"href":"https:\/\/amxim.com\/it\/wp-json\/wp\/v2\/product\/10638\/revisions"}],"predecessor-version":[{"id":13524,"href":"https:\/\/amxim.com\/it\/wp-json\/wp\/v2\/product\/10638\/revisions\/13524"}],"wp:featuredmedia":[{"embeddable":true,"href":"https:\/\/amxim.com\/it\/wp-json\/wp\/v2\/media\/10663"}],"wp:attachment":[{"href":"https:\/\/amxim.com\/it\/wp-json\/wp\/v2\/media?parent=10638"}],"wp:term":[{"taxonomy":"product_brand","embeddable":true,"href":"https:\/\/amxim.com\/it\/wp-json\/wp\/v2\/product_brand?post=10638"},{"taxonomy":"product_cat","embeddable":true,"href":"https:\/\/amxim.com\/it\/wp-json\/wp\/v2\/product_cat?post=10638"},{"taxonomy":"product_tag","embeddable":true,"href":"https:\/\/amxim.com\/it\/wp-json\/wp\/v2\/product_tag?post=10638"}],"curies":[{"name":"parola chiave","href":"https:\/\/api.w.org\/{rel}","templated":true}]}}