{"id":12050,"date":"2025-05-10T06:48:30","date_gmt":"2025-05-10T06:48:30","guid":{"rendered":"https:\/\/amxim.com\/?post_type=product&#038;p=12050"},"modified":"2026-04-16T09:30:02","modified_gmt":"2026-04-16T09:30:02","slug":"vaporizzatore-monouso-ad-altissima-capacita-22000-tiri-e-liquid-da-20-ml-batteria-ricaricabile-da-650-mah","status":"publish","type":"product","link":"https:\/\/amxim.com\/it\/product\/vaporizzatore-monouso-ad-altissima-capacita-22000-tiri-e-liquid-da-20-ml-batteria-ricaricabile-da-650-mah\/","title":{"rendered":"Sigaretta elettronica usa e getta ad altissima capacit\u00e0, 22.000 tiri, enorme capacit\u00e0 di 20 ml, batteria ricaricabile da 650 mAh"},"content":{"rendered":"<div class=\"product-description\">\n<h2 style=\"text-align: left;\">Sigaretta elettronica usa e getta ad altissima capacit\u00e0, 22.000 tiri, enorme capacit\u00e0 di 20 ml, batteria ricaricabile da 650 mAh<\/h2>\n<p style=\"text-align: left;\">    This ultra high-capacity disposable vape features a massive 20ml prefilled e-liquid tank and delivers up to 22,000 puffs, designed for long-lasting use and large-scale wholesale supply. The 1.2\u03a9 mesh coil ensures smooth flavor, consistent vapor production, and reliable performance.<\/p>\n<p>Powered by a 650mAh rechargeable battery, the device provides stable output and extended usage for daily vaping.<\/p>\n<p>Certified disposable vape OEM manufacturer offering factory-direct wholesale, OEM\/ODM, and private label vape solutions for global vape distributors and importers <\/p>\n<p>&nbsp;<\/p>\n<h3>Galleria prodotti<\/h3>\n<p><img decoding=\"async\" style=\"width: 100%; margin: 0 auto;\" src=\"https:\/\/amxim.com\/wp-content\/uploads\/2025\/05\/Ultra-High-Capacity-22000-Puff-Disposable-Vape-Massive-20ML-E-Liquid-Rechargeable-650mAh-Battery-2\" alt=\"Sigaretta elettronica usa e getta ad altissima capacit\u00e0, 22.000 tiri, enorme capacit\u00e0 di 20 ml, batteria ricaricabile da 650 mAh\" \/><br \/>\n<img decoding=\"async\" style=\"width: 100%; margin: 0 auto;\" src=\"https:\/\/amxim.com\/wp-content\/uploads\/2025\/05\/Ultra-High-Capacity-22000-Puff-Disposable-Vape-Massive-20ML-E-Liquid-Rechargeable-650mAh-Battery-11\" alt=\"Sigaretta elettronica usa e getta ad altissima capacit\u00e0, 22.000 tiri, enorme capacit\u00e0 di 20 ml, batteria ricaricabile da 650 mAh\" \/><\/p>\n<\/div>\n<style>\n.product-description {\n    font-family: Arial, sans-serif;\n    max-width: 1400px;\n    margin: 0 auto;\n    padding: 20px;\n    background: #fff;\n    border-radius: 10px;\n    box-shadow: 0 4px 8px rgba(0, 0, 0, 0.1);\n    padding: 20px;\n    padding-bottom: 20px;\n}\n<\/style>","protected":false},"excerpt":{"rendered":"<h3>Specifiche del prodotto<\/h3>\n<table>\n<tbody>\n<tr>\n<th style=\"text-align: left;\">Tipo di prodotto<\/th>\n<td style=\"text-align: left;\">Sigaretta elettronica monouso ricaricabile<\/td>\n<\/tr>\n<tr>\n<th style=\"text-align: left;\">Opzioni di colore<\/th>\n<td style=\"text-align: left;\">Visualizzato o personalizzato<\/td>\n<\/tr>\n<tr>\n<th style=\"text-align: left;\">Misurare<\/th>\n<td style=\"text-align: left;\">32 x 132 (mm)<\/td>\n<\/tr>\n<tr>\n<th style=\"text-align: left;\">Gusto<\/th>\n<td style=\"text-align: left;\">Fino a 50 gusti<\/td>\n<\/tr>\n<tr>\n<th style=\"text-align: left;\">Serpentina di riscaldamento<\/th>\n<td style=\"text-align: left;\">Bobina a maglie da 1,2\u03a9<\/td>\n<\/tr>\n<tr>\n<th style=\"text-align: left;\">Eliquid pre-riempito<\/th>\n<td style=\"text-align: left;\">20 ml<\/td>\n<\/tr>\n<tr>\n<th style=\"text-align: left;\">Sbuffo<\/th>\n<td style=\"text-align: left;\">Fino a 22000 tiri<\/td>\n<\/tr>\n<tr>\n<th style=\"text-align: left;\">Batteria<\/th>\n<td style=\"text-align: left;\">Ricaricabile da 650 mAh<\/td>\n<\/tr>\n<tr>\n<th style=\"text-align: left;\">Porta di ricarica<\/th>\n<td style=\"text-align: left;\">Tipo -C<\/td>\n<\/tr>\n<\/tbody>\n<\/table>","protected":false},"featured_media":12119,"comment_status":"closed","ping_status":"closed","template":"","meta":[],"product_brand":[],"product_cat":[54,47],"product_tag":[],"class_list":{"0":"post-12050","1":"product","2":"type-product","3":"status-publish","4":"has-post-thumbnail","6":"product_cat-chargeable-disposable-vapes","7":"product_cat-disposable-vapes","9":"first","10":"instock","11":"shipping-taxable","12":"product-type-simple"},"yoast_head":"<!-- This site is optimized with the Yoast SEO plugin v26.9 - https:\/\/yoast.com\/product\/yoast-seo-wordpress\/ -->\n<title>Ultra High-Capacity 22000 Puff Disposable Vape Massive 20ML E-Liquid Rechargeable 650mAh Battery<\/title>\n<meta name=\"description\" content=\"Ultra High-Capacity 22000 Puff Disposable Vape Massive 20ML E-Liquid Rechargeable 650mAh Battery Displayed or Customized Displayed or Customized\" \/>\n<meta name=\"robots\" content=\"index, follow, max-snippet:-1, max-image-preview:large, max-video-preview:-1\" \/>\n<link rel=\"canonical\" href=\"https:\/\/amxim.com\/it\/product\/vaporizzatore-monouso-ad-altissima-capacita-22000-tiri-e-liquid-da-20-ml-batteria-ricaricabile-da-650-mah\/\" \/>\n<meta property=\"og:locale\" content=\"it_IT\" \/>\n<meta property=\"og:type\" content=\"article\" \/>\n<meta property=\"og:title\" content=\"Ultra High-Capacity 22000 Puff Disposable Vape Massive 20ML E-Liquid Rechargeable 650mAh Battery\" \/>\n<meta property=\"og:description\" content=\"Ultra High-Capacity 22000 Puff Disposable Vape Massive 20ML E-Liquid Rechargeable 650mAh Battery Displayed or Customized Displayed or Customized\" \/>\n<meta property=\"og:url\" content=\"https:\/\/amxim.com\/it\/product\/vaporizzatore-monouso-ad-altissima-capacita-22000-tiri-e-liquid-da-20-ml-batteria-ricaricabile-da-650-mah\/\" \/>\n<meta property=\"og:site_name\" content=\"AMXIM\" \/>\n<meta property=\"article:modified_time\" content=\"2026-04-16T09:30:02+00:00\" \/>\n<meta property=\"og:image\" content=\"https:\/\/amxim.com\/wp-content\/uploads\/2025\/05\/Ultra-High-Capacity-22000-Puff-Disposable-Vape-Massive-20ML-E-Liquid-Rechargeable-650mAh-Battery-1.webp\" \/>\n\t<meta property=\"og:image:width\" content=\"1000\" \/>\n\t<meta property=\"og:image:height\" content=\"1000\" \/>\n\t<meta property=\"og:image:type\" content=\"image\/webp\" \/>\n<meta name=\"twitter:card\" content=\"summary_large_image\" \/>\n<meta name=\"twitter:label1\" content=\"Tempo di lettura stimato\" \/>\n\t<meta name=\"twitter:data1\" content=\"1 minuto\" \/>\n<script type=\"application\/ld+json\" class=\"yoast-schema-graph\">{\"@context\":\"https:\/\/schema.org\",\"@graph\":[{\"@type\":\"WebPage\",\"@id\":\"https:\/\/amxim.com\/product\/ultra-high-capacity-22000-puff-disposable-vape-massive-20ml-e-liquid-rechargeable-650mah-battery\/\",\"url\":\"https:\/\/amxim.com\/product\/ultra-high-capacity-22000-puff-disposable-vape-massive-20ml-e-liquid-rechargeable-650mah-battery\/\",\"name\":\"Ultra High-Capacity 22000 Puff Disposable Vape Massive 20ML E-Liquid Rechargeable 650mAh Battery\",\"isPartOf\":{\"@id\":\"https:\/\/amxim.com\/#website\"},\"primaryImageOfPage\":{\"@id\":\"https:\/\/amxim.com\/product\/ultra-high-capacity-22000-puff-disposable-vape-massive-20ml-e-liquid-rechargeable-650mah-battery\/#primaryimage\"},\"image\":{\"@id\":\"https:\/\/amxim.com\/product\/ultra-high-capacity-22000-puff-disposable-vape-massive-20ml-e-liquid-rechargeable-650mah-battery\/#primaryimage\"},\"thumbnailUrl\":\"https:\/\/amxim.com\/wp-content\/uploads\/2025\/05\/Ultra-High-Capacity-22000-Puff-Disposable-Vape-Massive-20ML-E-Liquid-Rechargeable-650mAh-Battery-1.webp\",\"datePublished\":\"2025-05-10T06:48:30+00:00\",\"dateModified\":\"2026-04-16T09:30:02+00:00\",\"description\":\"Ultra High-Capacity 22000 Puff Disposable Vape Massive 20ML E-Liquid Rechargeable 650mAh Battery Displayed or Customized Displayed or Customized\",\"breadcrumb\":{\"@id\":\"https:\/\/amxim.com\/product\/ultra-high-capacity-22000-puff-disposable-vape-massive-20ml-e-liquid-rechargeable-650mah-battery\/#breadcrumb\"},\"inLanguage\":\"it-IT\",\"potentialAction\":[{\"@type\":\"ReadAction\",\"target\":[\"https:\/\/amxim.com\/product\/ultra-high-capacity-22000-puff-disposable-vape-massive-20ml-e-liquid-rechargeable-650mah-battery\/\"]}]},{\"@type\":\"ImageObject\",\"inLanguage\":\"it-IT\",\"@id\":\"https:\/\/amxim.com\/product\/ultra-high-capacity-22000-puff-disposable-vape-massive-20ml-e-liquid-rechargeable-650mah-battery\/#primaryimage\",\"url\":\"https:\/\/amxim.com\/wp-content\/uploads\/2025\/05\/Ultra-High-Capacity-22000-Puff-Disposable-Vape-Massive-20ML-E-Liquid-Rechargeable-650mAh-Battery-1.webp\",\"contentUrl\":\"https:\/\/amxim.com\/wp-content\/uploads\/2025\/05\/Ultra-High-Capacity-22000-Puff-Disposable-Vape-Massive-20ML-E-Liquid-Rechargeable-650mAh-Battery-1.webp\",\"width\":1000,\"height\":1000,\"caption\":\"Ultra High-Capacity 22000 Puff Disposable Vape Massive 20ML E-Liquid Rechargeable 650mAh Battery\"},{\"@type\":\"BreadcrumbList\",\"@id\":\"https:\/\/amxim.com\/product\/ultra-high-capacity-22000-puff-disposable-vape-massive-20ml-e-liquid-rechargeable-650mah-battery\/#breadcrumb\",\"itemListElement\":[{\"@type\":\"ListItem\",\"position\":1,\"name\":\"Home\",\"item\":\"https:\/\/amxim.com\/\"},{\"@type\":\"ListItem\",\"position\":2,\"name\":\"Products\",\"item\":\"https:\/\/amxim.com\/de\/products\/\"},{\"@type\":\"ListItem\",\"position\":3,\"name\":\"Ultra High-Capacity 22000 Puff Disposable Vape Massive 20ML E-Liquid Rechargeable 650mAh Battery\"}]},{\"@type\":\"WebSite\",\"@id\":\"https:\/\/amxim.com\/#website\",\"url\":\"https:\/\/amxim.com\/\",\"name\":\"AMXIM\",\"description\":\"AMXIM-OEM ODM Vape Manufacturer\",\"publisher\":{\"@id\":\"https:\/\/amxim.com\/#organization\"},\"potentialAction\":[{\"@type\":\"SearchAction\",\"target\":{\"@type\":\"EntryPoint\",\"urlTemplate\":\"https:\/\/amxim.com\/?s={search_term_string}\"},\"query-input\":{\"@type\":\"PropertyValueSpecification\",\"valueRequired\":true,\"valueName\":\"search_term_string\"}}],\"inLanguage\":\"it-IT\"},{\"@type\":\"Organization\",\"@id\":\"https:\/\/amxim.com\/#organization\",\"name\":\"AMXIM\",\"url\":\"https:\/\/amxim.com\/\",\"logo\":{\"@type\":\"ImageObject\",\"inLanguage\":\"it-IT\",\"@id\":\"https:\/\/amxim.com\/#\/schema\/logo\/image\/\",\"url\":\"https:\/\/amxim.com\/wp-content\/uploads\/2025\/03\/cropped-AMXIM-fav.webp\",\"contentUrl\":\"https:\/\/amxim.com\/wp-content\/uploads\/2025\/03\/cropped-AMXIM-fav.webp\",\"width\":512,\"height\":512,\"caption\":\"AMXIM\"},\"image\":{\"@id\":\"https:\/\/amxim.com\/#\/schema\/logo\/image\/\"}}]}<\/script>\n<!-- \/ Yoast SEO plugin. -->","yoast_head_json":{"title":"Sigaretta elettronica usa e getta ad altissima capacit\u00e0, 22.000 tiri, enorme capacit\u00e0 di 20 ml, batteria ricaricabile da 650 mAh","description":"Sigaretta elettronica usa e getta ad altissima capacit\u00e0 da 22000 tiri, liquido elettronico da 20 ml, batteria ricaricabile da 650 mAh, visualizzato o personalizzato. Visualizzato o personalizzato.","robots":{"index":"index","follow":"follow","max-snippet":"max-snippet:-1","max-image-preview":"max-image-preview:large","max-video-preview":"max-video-preview:-1"},"canonical":"https:\/\/amxim.com\/it\/product\/vaporizzatore-monouso-ad-altissima-capacita-22000-tiri-e-liquid-da-20-ml-batteria-ricaricabile-da-650-mah\/","og_locale":"it_IT","og_type":"article","og_title":"Ultra High-Capacity 22000 Puff Disposable Vape Massive 20ML E-Liquid Rechargeable 650mAh Battery","og_description":"Ultra High-Capacity 22000 Puff Disposable Vape Massive 20ML E-Liquid Rechargeable 650mAh Battery Displayed or Customized Displayed or Customized","og_url":"https:\/\/amxim.com\/it\/product\/vaporizzatore-monouso-ad-altissima-capacita-22000-tiri-e-liquid-da-20-ml-batteria-ricaricabile-da-650-mah\/","og_site_name":"AMXIM","article_modified_time":"2026-04-16T09:30:02+00:00","og_image":[{"width":1000,"height":1000,"url":"https:\/\/amxim.com\/wp-content\/uploads\/2025\/05\/Ultra-High-Capacity-22000-Puff-Disposable-Vape-Massive-20ML-E-Liquid-Rechargeable-650mAh-Battery-1.webp","type":"image\/webp"}],"twitter_card":"summary_large_image","twitter_misc":{"Tempo di lettura stimato":"1 minuto"},"schema":{"@context":"https:\/\/schema.org","@graph":[{"@type":"WebPage","@id":"https:\/\/amxim.com\/product\/ultra-high-capacity-22000-puff-disposable-vape-massive-20ml-e-liquid-rechargeable-650mah-battery\/","url":"https:\/\/amxim.com\/product\/ultra-high-capacity-22000-puff-disposable-vape-massive-20ml-e-liquid-rechargeable-650mah-battery\/","name":"Sigaretta elettronica usa e getta ad altissima capacit\u00e0, 22.000 tiri, enorme capacit\u00e0 di 20 ml, batteria ricaricabile da 650 mAh","isPartOf":{"@id":"https:\/\/amxim.com\/#website"},"primaryImageOfPage":{"@id":"https:\/\/amxim.com\/product\/ultra-high-capacity-22000-puff-disposable-vape-massive-20ml-e-liquid-rechargeable-650mah-battery\/#primaryimage"},"image":{"@id":"https:\/\/amxim.com\/product\/ultra-high-capacity-22000-puff-disposable-vape-massive-20ml-e-liquid-rechargeable-650mah-battery\/#primaryimage"},"thumbnailUrl":"https:\/\/amxim.com\/wp-content\/uploads\/2025\/05\/Ultra-High-Capacity-22000-Puff-Disposable-Vape-Massive-20ML-E-Liquid-Rechargeable-650mAh-Battery-1.webp","datePublished":"2025-05-10T06:48:30+00:00","dateModified":"2026-04-16T09:30:02+00:00","description":"Sigaretta elettronica usa e getta ad altissima capacit\u00e0 da 22000 tiri, liquido elettronico da 20 ml, batteria ricaricabile da 650 mAh, visualizzato o personalizzato. Visualizzato o personalizzato.","breadcrumb":{"@id":"https:\/\/amxim.com\/product\/ultra-high-capacity-22000-puff-disposable-vape-massive-20ml-e-liquid-rechargeable-650mah-battery\/#breadcrumb"},"inLanguage":"it-IT","potentialAction":[{"@type":"ReadAction","target":["https:\/\/amxim.com\/product\/ultra-high-capacity-22000-puff-disposable-vape-massive-20ml-e-liquid-rechargeable-650mah-battery\/"]}]},{"@type":"ImageObject","inLanguage":"it-IT","@id":"https:\/\/amxim.com\/product\/ultra-high-capacity-22000-puff-disposable-vape-massive-20ml-e-liquid-rechargeable-650mah-battery\/#primaryimage","url":"https:\/\/amxim.com\/wp-content\/uploads\/2025\/05\/Ultra-High-Capacity-22000-Puff-Disposable-Vape-Massive-20ML-E-Liquid-Rechargeable-650mAh-Battery-1.webp","contentUrl":"https:\/\/amxim.com\/wp-content\/uploads\/2025\/05\/Ultra-High-Capacity-22000-Puff-Disposable-Vape-Massive-20ML-E-Liquid-Rechargeable-650mAh-Battery-1.webp","width":1000,"height":1000,"caption":"Ultra High-Capacity 22000 Puff Disposable Vape Massive 20ML E-Liquid Rechargeable 650mAh Battery"},{"@type":"BreadcrumbList","@id":"https:\/\/amxim.com\/product\/ultra-high-capacity-22000-puff-disposable-vape-massive-20ml-e-liquid-rechargeable-650mah-battery\/#breadcrumb","itemListElement":[{"@type":"ListItem","position":1,"name":"Home","item":"https:\/\/amxim.com\/"},{"@type":"ListItem","position":2,"name":"Products","item":"https:\/\/amxim.com\/de\/products\/"},{"@type":"ListItem","position":3,"name":"Ultra High-Capacity 22000 Puff Disposable Vape Massive 20ML E-Liquid Rechargeable 650mAh Battery"}]},{"@type":"WebSite","@id":"https:\/\/amxim.com\/#website","url":"https:\/\/amxim.com\/","name":"AMXIM","description":"Produttore di sigarette elettroniche AMXIM-OEM ODM","publisher":{"@id":"https:\/\/amxim.com\/#organization"},"potentialAction":[{"@type":"SearchAction","target":{"@type":"EntryPoint","urlTemplate":"https:\/\/amxim.com\/?s={search_term_string}"},"query-input":{"@type":"PropertyValueSpecification","valueRequired":true,"valueName":"search_term_string"}}],"inLanguage":"it-IT"},{"@type":"Organization","@id":"https:\/\/amxim.com\/#organization","name":"AMXIM","url":"https:\/\/amxim.com\/","logo":{"@type":"ImageObject","inLanguage":"it-IT","@id":"https:\/\/amxim.com\/#\/schema\/logo\/image\/","url":"https:\/\/amxim.com\/wp-content\/uploads\/2025\/03\/cropped-AMXIM-fav.webp","contentUrl":"https:\/\/amxim.com\/wp-content\/uploads\/2025\/03\/cropped-AMXIM-fav.webp","width":512,"height":512,"caption":"AMXIM"},"image":{"@id":"https:\/\/amxim.com\/#\/schema\/logo\/image\/"}}]}},"_links":{"self":[{"href":"https:\/\/amxim.com\/it\/wp-json\/wp\/v2\/product\/12050","targetHints":{"allow":["GET"]}}],"collection":[{"href":"https:\/\/amxim.com\/it\/wp-json\/wp\/v2\/product"}],"about":[{"href":"https:\/\/amxim.com\/it\/wp-json\/wp\/v2\/types\/product"}],"replies":[{"embeddable":true,"href":"https:\/\/amxim.com\/it\/wp-json\/wp\/v2\/comments?post=12050"}],"version-history":[{"count":6,"href":"https:\/\/amxim.com\/it\/wp-json\/wp\/v2\/product\/12050\/revisions"}],"predecessor-version":[{"id":13580,"href":"https:\/\/amxim.com\/it\/wp-json\/wp\/v2\/product\/12050\/revisions\/13580"}],"wp:featuredmedia":[{"embeddable":true,"href":"https:\/\/amxim.com\/it\/wp-json\/wp\/v2\/media\/12119"}],"wp:attachment":[{"href":"https:\/\/amxim.com\/it\/wp-json\/wp\/v2\/media?parent=12050"}],"wp:term":[{"taxonomy":"product_brand","embeddable":true,"href":"https:\/\/amxim.com\/it\/wp-json\/wp\/v2\/product_brand?post=12050"},{"taxonomy":"product_cat","embeddable":true,"href":"https:\/\/amxim.com\/it\/wp-json\/wp\/v2\/product_cat?post=12050"},{"taxonomy":"product_tag","embeddable":true,"href":"https:\/\/amxim.com\/it\/wp-json\/wp\/v2\/product_tag?post=12050"}],"curies":[{"name":"parola chiave","href":"https:\/\/api.w.org\/{rel}","templated":true}]}}