{"id":2888,"date":"2025-03-11T08:44:25","date_gmt":"2025-03-11T08:44:25","guid":{"rendered":"https:\/\/amxim.com\/?page_id=2888"},"modified":"2025-06-07T07:51:44","modified_gmt":"2025-06-07T07:51:44","slug":"perfil-de-companhia","status":"publish","type":"page","link":"https:\/\/amxim.com\/pt\/perfil-de-companhia\/","title":{"rendered":"perfil de companhia"},"content":{"rendered":"<div data-elementor-type=\"wp-page\" data-elementor-id=\"2888\" class=\"elementor elementor-2888\" data-elementor-post-type=\"page\">\n\t\t\t\t<div class=\"wd-negative-gap elementor-element elementor-element-ad9a5e3 e-flex e-con-boxed e-con e-parent\" data-id=\"ad9a5e3\" data-element_type=\"container\" data-e-type=\"container\">\n\t\t\t\t\t<div class=\"e-con-inner\">\n\t\t\t\t<div class=\"elementor-element elementor-element-e5aa525 wd-width-100 elementor-widget elementor-widget-wd_title\" data-id=\"e5aa525\" data-element_type=\"widget\" data-e-type=\"widget\" data-widget_type=\"wd_title.default\">\n\t\t\t\t<div class=\"elementor-widget-container\">\n\t\t\t\t\t\t\t<div class=\"title-wrapper set-mb-s reset-last-child wd-title-color-default wd-title-style-default wd-title-size-extra-large text-center\">\n\n\t\t\t\t\t\t\t<div class=\"title-subtitle subtitle-color-default subtitle-style-default wd-fontsize-m\">\n\t\t\t\t\tCertifica\u00e7\u00f5es e Auditorias\t\t\t\t<\/div>\n\t\t\t\n\t\t\t<div class=\"liner-continer\">\n\t\t\t\t<h3 class=\"woodmart-title-container title wd-fontsize-xxxl\">Excel\u00eancia em engenharia para sua marca<\/h3> \n\t\t\t\t\t\t\t<\/div>\n\n\t\t\t\t\t\t\t<div class=\"title-after_title set-cont-mb-s reset-last-child wd-fontsize-s\">\n\t\t\t\t\t<p>Na AMXIM, temos o compromisso de fornecer produtos de vapor excepcionais por meio de rigorosos processos de controle de qualidade. Nossa abordagem abrangente abrange todas as etapas da produ\u00e7\u00e3o, garantindo que cada produto atenda aos mais altos padr\u00f5es de seguran\u00e7a, desempenho e conformidade. <span class=\"relative -mx-px my-[-0.2rem] rounded px-px py-[0.2rem]\">Para validar nossos compromissos de qualidade, obtivemos certifica\u00e7\u00f5es como a ISO9001, demonstrando nossa ades\u00e3o aos padr\u00f5es internacionais de qualidade.<\/span> <span class=\"relative -mx-px my-[-0.2rem] rounded px-px py-[0.2rem]\">Auditorias internas e externas regulares s\u00e3o realizadas para garantir a conformidade cont\u00ednua e identificar \u00e1reas de melhoria.<\/span><\/p>\t\t\t\t<\/div>\n\t\t\t\t\t<\/div>\n\t\t\t\t\t\t<\/div>\n\t\t\t\t<\/div>\n\t\t\t\t\t<\/div>\n\t\t\t\t<\/div>\n\t\t<div class=\"elementor-element elementor-element-201da345 e-con-full e-flex e-con e-parent\" data-id=\"201da345\" data-element_type=\"container\" data-e-type=\"container\" data-settings=\"{&quot;background_background&quot;:&quot;classic&quot;}\">\n\t\t<div class=\"elementor-element elementor-element-de041bb e-con-full e-flex e-con e-child\" data-id=\"de041bb\" data-element_type=\"container\" data-e-type=\"container\">\n\t\t\t\t<div class=\"elementor-element elementor-element-6a3e021 elementor-widget elementor-widget-wd_text_block\" data-id=\"6a3e021\" data-element_type=\"widget\" data-e-type=\"widget\" data-widget_type=\"wd_text_block.default\">\n\t\t\t\t<div class=\"elementor-widget-container\">\n\t\t\t\t\t\t\t<div class=\"wd-text-block reset-last-child text-left\">\n\t\t\t\n\t\t\t<h3>Informa\u00e7\u00f5es b\u00e1sicas<\/h3><table><tbody><tr><th style=\"text-align: left;\">nome da empresa<\/th><td style=\"text-align: left;\">Shenzhen AMXIM Electronic Technologies Co.<\/td><\/tr><tr><th style=\"text-align: left;\">Ano de funda\u00e7\u00e3o<\/th><td style=\"text-align: left;\">2017<\/td><\/tr><tr><th style=\"text-align: left;\">Tipo de neg\u00f3cio<\/th><td style=\"text-align: left;\">F\u00e1brica do fabricante<\/td><\/tr><tr><th style=\"text-align: left;\">Servi\u00e7os prim\u00e1rios<\/th><td style=\"text-align: left;\">Cigarro eletr\u00f4nico OEM \/ ODM<\/td><\/tr><tr><th style=\"text-align: left;\">Mais produtos<\/th><td style=\"text-align: left;\">Cigarro eletr\u00f4nico descart\u00e1vel, Mini kit inicial recarreg\u00e1vel, Sistema de c\u00e1psula, L\u00edquido para cigarro eletr\u00f4nico<\/td><\/tr><tr><th style=\"text-align: left;\">\u00c1rea da F\u00e1brica<\/th><td style=\"text-align: left;\">9.300 \u33a1<\/td><\/tr><tr><th style=\"text-align: left;\">Funcion\u00e1rios<\/th><td style=\"text-align: left;\">120-150<\/td><\/tr><tr><th style=\"text-align: left;\">Endere\u00e7o<\/th><td style=\"text-align: left;\">N\u00edvel 3, Edif\u00edcio B, Zona A<br \/>99 Parque Industrial, Wanle Rd,<br \/>Shajing, Baoan, Shenzhen, China<\/td><\/tr><tr><th style=\"text-align: left;\">Porto mais pr\u00f3ximo para exporta\u00e7\u00e3o<\/th><td style=\"text-align: left;\">Shenzhen, Cant\u00e3o, Hong Kong<\/td><\/tr><\/tbody><\/table>\n\t\t\t\t\t<\/div>\n\t\t\t\t\t\t<\/div>\n\t\t\t\t<\/div>\n\t\t\t\t<\/div>\n\t\t<div class=\"elementor-element elementor-element-1744f308 e-con-full e-flex e-con e-child\" data-id=\"1744f308\" data-element_type=\"container\" data-e-type=\"container\">\n\t\t\t\t<div class=\"elementor-element elementor-element-6afbdbf3 elementor-widget__width-auto elementor-widget elementor-widget-image\" data-id=\"6afbdbf3\" data-element_type=\"widget\" data-e-type=\"widget\" data-widget_type=\"image.default\">\n\t\t\t\t<div class=\"elementor-widget-container\">\n\t\t\t\t\t\t\t\t\t\t\t\t\t\t\t<img fetchpriority=\"high\" decoding=\"async\" width=\"1834\" height=\"864\" src=\"https:\/\/amxim.com\/wp-content\/uploads\/2025\/03\/AMXIM-about-certificates.webp\" class=\"attachment-full size-full wp-image-10391\" alt=\"\" srcset=\"https:\/\/amxim.com\/wp-content\/uploads\/2025\/03\/AMXIM-about-certificates.webp 1834w, https:\/\/amxim.com\/wp-content\/uploads\/2025\/03\/AMXIM-about-certificates-400x188.webp 400w, https:\/\/amxim.com\/wp-content\/uploads\/2025\/03\/AMXIM-about-certificates-1300x612.webp 1300w, https:\/\/amxim.com\/wp-content\/uploads\/2025\/03\/AMXIM-about-certificates-150x71.webp 150w, https:\/\/amxim.com\/wp-content\/uploads\/2025\/03\/AMXIM-about-certificates-768x362.webp 768w, https:\/\/amxim.com\/wp-content\/uploads\/2025\/03\/AMXIM-about-certificates-1536x724.webp 1536w, https:\/\/amxim.com\/wp-content\/uploads\/2025\/03\/AMXIM-about-certificates-1200x565.webp 1200w, https:\/\/amxim.com\/wp-content\/uploads\/2025\/03\/AMXIM-about-certificates-145x68.webp 145w\" sizes=\"(max-width: 1834px) 100vw, 1834px\" \/>\t\t\t\t\t\t\t\t\t\t\t\t\t\t\t<\/div>\n\t\t\t\t<\/div>\n\t\t\t\t<\/div>\n\t\t\t\t<\/div>\n\t\t<div class=\"elementor-element elementor-element-6b2630ae e-con-full e-flex e-con e-parent\" data-id=\"6b2630ae\" data-element_type=\"container\" data-e-type=\"container\">\n\t\t<div class=\"elementor-element elementor-element-6e00af40 e-con-full e-flex e-con e-child\" data-id=\"6e00af40\" data-element_type=\"container\" data-e-type=\"container\" data-settings=\"{&quot;background_background&quot;:&quot;classic&quot;}\">\n\t\t\t\t<div class=\"elementor-element elementor-element-6bd29298 elementor-widget elementor-widget-heading\" data-id=\"6bd29298\" data-element_type=\"widget\" data-e-type=\"widget\" data-widget_type=\"heading.default\">\n\t\t\t\t<div class=\"elementor-widget-container\">\n\t\t\t\t\t<h3 class=\"elementor-heading-title elementor-size-default\">Depoimentos de clientes<\/h3>\t\t\t\t<\/div>\n\t\t\t\t<\/div>\n\t\t\t\t<\/div>\n\t\t<div class=\"elementor-element elementor-element-220add8 e-con-full e-flex e-con e-child\" data-id=\"220add8\" data-element_type=\"container\" data-e-type=\"container\">\n\t\t\t\t<div class=\"elementor-element elementor-element-39cc1fe5 elementor-widget elementor-widget-testimonial\" data-id=\"39cc1fe5\" data-element_type=\"widget\" data-e-type=\"widget\" data-widget_type=\"testimonial.default\">\n\t\t\t\t<div class=\"elementor-widget-container\">\n\t\t\t\t\t\t\t<div class=\"elementor-testimonial-wrapper\">\n\t\t\t\t\t\t\t<div class=\"elementor-testimonial-content\">&quot;\u00d3tima comunica\u00e7\u00e3o e excelente desempenho do produto. Um parceiro de fabrica\u00e7\u00e3o confi\u00e1vel!&quot; <\/div>\n\t\t\t\n\t\t\t\t\t\t<div class=\"elementor-testimonial-meta\">\n\t\t\t\t<div class=\"elementor-testimonial-meta-inner\">\n\t\t\t\t\t\n\t\t\t\t\t\t\t\t\t\t<div class=\"elementor-testimonial-details\">\n\t\t\t\t\t\t\t\t\t\t\t\t\t\t<div class=\"elementor-testimonial-name\">\u2013 Emily R.,<\/div>\n\t\t\t\t\t\t\t\t\t\t\t\t\t\t\t\t\t\t\t\t\t\t<div class=\"elementor-testimonial-job\">Gerente de Marca<\/div>\n\t\t\t\t\t\t\t\t\t\t\t\t\t<\/div>\n\t\t\t\t\t\t\t\t\t<\/div>\n\t\t\t<\/div>\n\t\t\t\t\t<\/div>\n\t\t\t\t\t\t<\/div>\n\t\t\t\t<\/div>\n\t\t\t\t<\/div>\n\t\t<div class=\"elementor-element elementor-element-190f54f3 e-con-full e-flex e-con e-child\" data-id=\"190f54f3\" data-element_type=\"container\" data-e-type=\"container\">\n\t\t\t\t<div class=\"elementor-element elementor-element-e97c3ef elementor-widget elementor-widget-testimonial\" data-id=\"e97c3ef\" data-element_type=\"widget\" data-e-type=\"widget\" data-widget_type=\"testimonial.default\">\n\t\t\t\t<div class=\"elementor-widget-container\">\n\t\t\t\t\t\t\t<div class=\"elementor-testimonial-wrapper\">\n\t\t\t\t\t\t\t<div class=\"elementor-testimonial-content\">\"Their ODM service helped us launch a unique vape line. Excellent R&amp;D and production capabilities!\"<\/div>\n\t\t\t\n\t\t\t\t\t\t<div class=\"elementor-testimonial-meta\">\n\t\t\t\t<div class=\"elementor-testimonial-meta-inner\">\n\t\t\t\t\t\n\t\t\t\t\t\t\t\t\t\t<div class=\"elementor-testimonial-details\">\n\t\t\t\t\t\t\t\t\t\t\t\t\t\t<div class=\"elementor-testimonial-name\">\u2013 David K.<\/div>\n\t\t\t\t\t\t\t\t\t\t\t\t\t\t\t\t\t\t\t\t\t\t<div class=\"elementor-testimonial-job\">Propriet\u00e1rio de marca pr\u00f3pria<\/div>\n\t\t\t\t\t\t\t\t\t\t\t\t\t<\/div>\n\t\t\t\t\t\t\t\t\t<\/div>\n\t\t\t<\/div>\n\t\t\t\t\t<\/div>\n\t\t\t\t\t\t<\/div>\n\t\t\t\t<\/div>\n\t\t\t\t<\/div>\n\t\t<div class=\"elementor-element elementor-element-79d879a e-con-full e-flex e-con e-child\" data-id=\"79d879a\" data-element_type=\"container\" data-e-type=\"container\">\n\t\t\t\t<div class=\"elementor-element elementor-element-4b3fcd2 elementor-widget elementor-widget-testimonial\" data-id=\"4b3fcd2\" data-element_type=\"widget\" data-e-type=\"widget\" data-widget_type=\"testimonial.default\">\n\t\t\t\t<div class=\"elementor-widget-container\">\n\t\t\t\t\t\t\t<div class=\"elementor-testimonial-wrapper\">\n\t\t\t\t\t\t\t<div class=\"elementor-testimonial-content\">&quot;Qualidade excepcional e servi\u00e7o confi\u00e1vel! Nossos produtos de vapor personalizados foram entregues no prazo e superaram as expectativas.&quot;<\/div>\n\t\t\t\n\t\t\t\t\t\t<div class=\"elementor-testimonial-meta\">\n\t\t\t\t<div class=\"elementor-testimonial-meta-inner\">\n\t\t\t\t\t\n\t\t\t\t\t\t\t\t\t\t<div class=\"elementor-testimonial-details\">\n\t\t\t\t\t\t\t\t\t\t\t\t\t\t<div class=\"elementor-testimonial-name\">\u2013 James L.<\/div>\n\t\t\t\t\t\t\t\t\t\t\t\t\t\t\t\t\t\t\t\t\t\t<div class=\"elementor-testimonial-job\">Propriet\u00e1rio da marca Vape<\/div>\n\t\t\t\t\t\t\t\t\t\t\t\t\t<\/div>\n\t\t\t\t\t\t\t\t\t<\/div>\n\t\t\t<\/div>\n\t\t\t\t\t<\/div>\n\t\t\t\t\t\t<\/div>\n\t\t\t\t<\/div>\n\t\t\t\t<\/div>\n\t\t\t\t<\/div>\n\t\t\t\t<\/div>","protected":false},"excerpt":{"rendered":"<p>Certifications and Audits Engineering Excellence for Your Brand At AMXIM, we are committed to delivering exceptional vape products through rigorous<\/p>","protected":false},"author":1,"featured_media":0,"parent":0,"menu_order":0,"comment_status":"closed","ping_status":"closed","template":"","meta":{"footnotes":""},"class_list":["post-2888","page","type-page","status-publish","hentry"],"yoast_head":"<!-- This site is optimized with the Yoast SEO plugin v26.9 - https:\/\/yoast.com\/product\/yoast-seo-wordpress\/ -->\n<title>Company Profile - AMXIM<\/title>\n<meta name=\"description\" content=\"Vape Manufacturer Company Profile | OEM &amp; ODM Solutions, About Our Vape Manufacturing Company | OEM &amp; ODM Expertise.\" \/>\n<meta name=\"robots\" content=\"index, follow, max-snippet:-1, max-image-preview:large, max-video-preview:-1\" \/>\n<link rel=\"canonical\" href=\"https:\/\/amxim.com\/pt\/perfil-de-companhia\/\" \/>\n<meta property=\"og:locale\" content=\"pt_PT\" \/>\n<meta property=\"og:type\" content=\"article\" \/>\n<meta property=\"og:title\" content=\"Company Profile - AMXIM\" \/>\n<meta property=\"og:description\" content=\"Vape Manufacturer Company Profile | OEM &amp; ODM Solutions, About Our Vape Manufacturing Company | OEM &amp; ODM Expertise.\" \/>\n<meta property=\"og:url\" content=\"https:\/\/amxim.com\/pt\/perfil-de-companhia\/\" \/>\n<meta property=\"og:site_name\" content=\"AMXIM\" \/>\n<meta property=\"article:modified_time\" content=\"2025-06-07T07:51:44+00:00\" \/>\n<meta property=\"og:image\" content=\"https:\/\/amxim.com\/wp-content\/uploads\/2025\/03\/AMXIM-about-certificates.webp\" \/>\n\t<meta property=\"og:image:width\" content=\"1834\" \/>\n\t<meta property=\"og:image:height\" content=\"864\" \/>\n\t<meta property=\"og:image:type\" content=\"image\/webp\" \/>\n<meta name=\"twitter:card\" content=\"summary_large_image\" \/>\n<meta name=\"twitter:label1\" content=\"Tempo estimado de leitura\" \/>\n\t<meta name=\"twitter:data1\" content=\"2 minutos\" \/>\n<script type=\"application\/ld+json\" class=\"yoast-schema-graph\">{\"@context\":\"https:\/\/schema.org\",\"@graph\":[{\"@type\":\"WebPage\",\"@id\":\"https:\/\/amxim.com\/company-profile\/\",\"url\":\"https:\/\/amxim.com\/company-profile\/\",\"name\":\"Company Profile - AMXIM\",\"isPartOf\":{\"@id\":\"https:\/\/amxim.com\/#website\"},\"primaryImageOfPage\":{\"@id\":\"https:\/\/amxim.com\/company-profile\/#primaryimage\"},\"image\":{\"@id\":\"https:\/\/amxim.com\/company-profile\/#primaryimage\"},\"thumbnailUrl\":\"https:\/\/amxim.com\/wp-content\/uploads\/2025\/03\/AMXIM-about-certificates.webp\",\"datePublished\":\"2025-03-11T08:44:25+00:00\",\"dateModified\":\"2025-06-07T07:51:44+00:00\",\"description\":\"Vape Manufacturer Company Profile | OEM & ODM Solutions, About Our Vape Manufacturing Company | OEM & ODM Expertise.\",\"breadcrumb\":{\"@id\":\"https:\/\/amxim.com\/company-profile\/#breadcrumb\"},\"inLanguage\":\"pt-PT\",\"potentialAction\":[{\"@type\":\"ReadAction\",\"target\":[\"https:\/\/amxim.com\/company-profile\/\"]}]},{\"@type\":\"ImageObject\",\"inLanguage\":\"pt-PT\",\"@id\":\"https:\/\/amxim.com\/company-profile\/#primaryimage\",\"url\":\"https:\/\/amxim.com\/wp-content\/uploads\/2025\/03\/AMXIM-about-certificates.webp\",\"contentUrl\":\"https:\/\/amxim.com\/wp-content\/uploads\/2025\/03\/AMXIM-about-certificates.webp\"},{\"@type\":\"BreadcrumbList\",\"@id\":\"https:\/\/amxim.com\/company-profile\/#breadcrumb\",\"itemListElement\":[{\"@type\":\"ListItem\",\"position\":1,\"name\":\"Home\",\"item\":\"https:\/\/amxim.com\/\"},{\"@type\":\"ListItem\",\"position\":2,\"name\":\"Company Profile\"}]},{\"@type\":\"WebSite\",\"@id\":\"https:\/\/amxim.com\/#website\",\"url\":\"https:\/\/amxim.com\/\",\"name\":\"AMXIM\",\"description\":\"AMXIM-OEM ODM Vape Manufacturer\",\"publisher\":{\"@id\":\"https:\/\/amxim.com\/#organization\"},\"potentialAction\":[{\"@type\":\"SearchAction\",\"target\":{\"@type\":\"EntryPoint\",\"urlTemplate\":\"https:\/\/amxim.com\/?s={search_term_string}\"},\"query-input\":{\"@type\":\"PropertyValueSpecification\",\"valueRequired\":true,\"valueName\":\"search_term_string\"}}],\"inLanguage\":\"pt-PT\"},{\"@type\":\"Organization\",\"@id\":\"https:\/\/amxim.com\/#organization\",\"name\":\"AMXIM\",\"url\":\"https:\/\/amxim.com\/\",\"logo\":{\"@type\":\"ImageObject\",\"inLanguage\":\"pt-PT\",\"@id\":\"https:\/\/amxim.com\/#\/schema\/logo\/image\/\",\"url\":\"https:\/\/amxim.com\/wp-content\/uploads\/2025\/03\/cropped-AMXIM-fav.webp\",\"contentUrl\":\"https:\/\/amxim.com\/wp-content\/uploads\/2025\/03\/cropped-AMXIM-fav.webp\",\"width\":512,\"height\":512,\"caption\":\"AMXIM\"},\"image\":{\"@id\":\"https:\/\/amxim.com\/#\/schema\/logo\/image\/\"}}]}<\/script>\n<!-- \/ Yoast SEO plugin. -->","yoast_head_json":{"title":"Perfil da Empresa - AMXIM","description":"Perfil da empresa fabricante de vaporizadores | Solu\u00e7\u00f5es OEM e ODM, Sobre nossa empresa fabricante de vaporizadores | Especializa\u00e7\u00e3o em OEM e ODM.","robots":{"index":"index","follow":"follow","max-snippet":"max-snippet:-1","max-image-preview":"max-image-preview:large","max-video-preview":"max-video-preview:-1"},"canonical":"https:\/\/amxim.com\/pt\/perfil-de-companhia\/","og_locale":"pt_PT","og_type":"article","og_title":"Company Profile - AMXIM","og_description":"Vape Manufacturer Company Profile | OEM & ODM Solutions, About Our Vape Manufacturing Company | OEM & ODM Expertise.","og_url":"https:\/\/amxim.com\/pt\/perfil-de-companhia\/","og_site_name":"AMXIM","article_modified_time":"2025-06-07T07:51:44+00:00","og_image":[{"width":1834,"height":864,"url":"https:\/\/amxim.com\/wp-content\/uploads\/2025\/03\/AMXIM-about-certificates.webp","type":"image\/webp"}],"twitter_card":"summary_large_image","twitter_misc":{"Tempo estimado de leitura":"2 minutos"},"schema":{"@context":"https:\/\/schema.org","@graph":[{"@type":"WebPage","@id":"https:\/\/amxim.com\/company-profile\/","url":"https:\/\/amxim.com\/company-profile\/","name":"Perfil da Empresa - AMXIM","isPartOf":{"@id":"https:\/\/amxim.com\/#website"},"primaryImageOfPage":{"@id":"https:\/\/amxim.com\/company-profile\/#primaryimage"},"image":{"@id":"https:\/\/amxim.com\/company-profile\/#primaryimage"},"thumbnailUrl":"https:\/\/amxim.com\/wp-content\/uploads\/2025\/03\/AMXIM-about-certificates.webp","datePublished":"2025-03-11T08:44:25+00:00","dateModified":"2025-06-07T07:51:44+00:00","description":"Perfil da empresa fabricante de vaporizadores | Solu\u00e7\u00f5es OEM e ODM, Sobre nossa empresa fabricante de vaporizadores | Especializa\u00e7\u00e3o em OEM e ODM.","breadcrumb":{"@id":"https:\/\/amxim.com\/company-profile\/#breadcrumb"},"inLanguage":"pt-PT","potentialAction":[{"@type":"ReadAction","target":["https:\/\/amxim.com\/company-profile\/"]}]},{"@type":"ImageObject","inLanguage":"pt-PT","@id":"https:\/\/amxim.com\/company-profile\/#primaryimage","url":"https:\/\/amxim.com\/wp-content\/uploads\/2025\/03\/AMXIM-about-certificates.webp","contentUrl":"https:\/\/amxim.com\/wp-content\/uploads\/2025\/03\/AMXIM-about-certificates.webp"},{"@type":"BreadcrumbList","@id":"https:\/\/amxim.com\/company-profile\/#breadcrumb","itemListElement":[{"@type":"ListItem","position":1,"name":"Home","item":"https:\/\/amxim.com\/"},{"@type":"ListItem","position":2,"name":"Company Profile"}]},{"@type":"WebSite","@id":"https:\/\/amxim.com\/#website","url":"https:\/\/amxim.com\/","name":"AMXIM","description":"Fabricante de Vape AMXIM-OEM ODM","publisher":{"@id":"https:\/\/amxim.com\/#organization"},"potentialAction":[{"@type":"SearchAction","target":{"@type":"EntryPoint","urlTemplate":"https:\/\/amxim.com\/?s={search_term_string}"},"query-input":{"@type":"PropertyValueSpecification","valueRequired":true,"valueName":"search_term_string"}}],"inLanguage":"pt-PT"},{"@type":"Organization","@id":"https:\/\/amxim.com\/#organization","name":"AMXIM","url":"https:\/\/amxim.com\/","logo":{"@type":"ImageObject","inLanguage":"pt-PT","@id":"https:\/\/amxim.com\/#\/schema\/logo\/image\/","url":"https:\/\/amxim.com\/wp-content\/uploads\/2025\/03\/cropped-AMXIM-fav.webp","contentUrl":"https:\/\/amxim.com\/wp-content\/uploads\/2025\/03\/cropped-AMXIM-fav.webp","width":512,"height":512,"caption":"AMXIM"},"image":{"@id":"https:\/\/amxim.com\/#\/schema\/logo\/image\/"}}]}},"_links":{"self":[{"href":"https:\/\/amxim.com\/pt\/wp-json\/wp\/v2\/pages\/2888","targetHints":{"allow":["GET"]}}],"collection":[{"href":"https:\/\/amxim.com\/pt\/wp-json\/wp\/v2\/pages"}],"about":[{"href":"https:\/\/amxim.com\/pt\/wp-json\/wp\/v2\/types\/page"}],"author":[{"embeddable":true,"href":"https:\/\/amxim.com\/pt\/wp-json\/wp\/v2\/users\/1"}],"replies":[{"embeddable":true,"href":"https:\/\/amxim.com\/pt\/wp-json\/wp\/v2\/comments?post=2888"}],"version-history":[{"count":24,"href":"https:\/\/amxim.com\/pt\/wp-json\/wp\/v2\/pages\/2888\/revisions"}],"predecessor-version":[{"id":12452,"href":"https:\/\/amxim.com\/pt\/wp-json\/wp\/v2\/pages\/2888\/revisions\/12452"}],"wp:attachment":[{"href":"https:\/\/amxim.com\/pt\/wp-json\/wp\/v2\/media?parent=2888"}],"curies":[{"name":"wp","href":"https:\/\/api.w.org\/{rel}","templated":true}]}}