{"id":2890,"date":"2025-03-11T08:45:28","date_gmt":"2025-03-11T08:45:28","guid":{"rendered":"https:\/\/amxim.com\/?page_id=2890"},"modified":"2025-03-29T04:38:31","modified_gmt":"2025-03-29T04:38:31","slug":"visita-a-fabrica","status":"publish","type":"page","link":"https:\/\/amxim.com\/pt\/visita-a-fabrica\/","title":{"rendered":"Visita \u00e0 f\u00e1brica"},"content":{"rendered":"<div data-elementor-type=\"wp-page\" data-elementor-id=\"2890\" class=\"elementor elementor-2890\" data-elementor-post-type=\"page\">\n\t\t\t\t<div class=\"elementor-element elementor-element-53fca55d e-flex e-con-boxed e-con e-parent\" data-id=\"53fca55d\" data-element_type=\"container\" data-e-type=\"container\">\n\t\t\t\t\t<div class=\"e-con-inner\">\n\t\t<div class=\"elementor-element elementor-element-47ab9bcc e-con-full e-flex e-con e-child\" data-id=\"47ab9bcc\" data-element_type=\"container\" data-e-type=\"container\">\n\t\t\t\t<div class=\"elementor-element elementor-element-2d396204 elementor-widget elementor-widget-image\" data-id=\"2d396204\" data-element_type=\"widget\" data-e-type=\"widget\" data-widget_type=\"image.default\">\n\t\t\t\t<div class=\"elementor-widget-container\">\n\t\t\t\t\t\t\t\t\t\t\t\t\t\t\t<img fetchpriority=\"high\" decoding=\"async\" width=\"800\" height=\"500\" src=\"https:\/\/amxim.com\/wp-content\/uploads\/2025\/03\/AMXIM-about-production.webp\" class=\"attachment-full size-full wp-image-10412\" alt=\"\" srcset=\"https:\/\/amxim.com\/wp-content\/uploads\/2025\/03\/AMXIM-about-production.webp 800w, https:\/\/amxim.com\/wp-content\/uploads\/2025\/03\/AMXIM-about-production-400x250.webp 400w, https:\/\/amxim.com\/wp-content\/uploads\/2025\/03\/AMXIM-about-production-150x94.webp 150w, https:\/\/amxim.com\/wp-content\/uploads\/2025\/03\/AMXIM-about-production-768x480.webp 768w, https:\/\/amxim.com\/wp-content\/uploads\/2025\/03\/AMXIM-about-production-145x91.webp 145w\" sizes=\"(max-width: 800px) 100vw, 800px\" \/>\t\t\t\t\t\t\t\t\t\t\t\t\t\t\t<\/div>\n\t\t\t\t<\/div>\n\t\t\t\t<\/div>\n\t\t<div class=\"elementor-element elementor-element-e10a882 e-con-full e-flex e-con e-child\" data-id=\"e10a882\" data-element_type=\"container\" data-e-type=\"container\">\n\t\t\t\t<div class=\"elementor-element elementor-element-1c555226 elementor-widget elementor-widget-heading\" data-id=\"1c555226\" data-element_type=\"widget\" data-e-type=\"widget\" data-widget_type=\"heading.default\">\n\t\t\t\t<div class=\"elementor-widget-container\">\n\t\t\t\t\t<h3 class=\"elementor-heading-title elementor-size-default\">Padr\u00f5es de Fabrica\u00e7\u00e3o Avan\u00e7ados<\/h3>\t\t\t\t<\/div>\n\t\t\t\t<\/div>\n\t\t\t\t<div class=\"elementor-element elementor-element-4df9434c color-scheme-inherit text-left elementor-widget elementor-widget-text-editor\" data-id=\"4df9434c\" data-element_type=\"widget\" data-e-type=\"widget\" data-widget_type=\"text-editor.default\">\n\t\t\t\t<div class=\"elementor-widget-container\">\n\t\t\t\t\t\t\t\t\t<ul><li class=\"\" data-start=\"1343\" data-end=\"1458\"><p class=\"\" data-start=\"1345\" data-end=\"1458\"><strong data-start=\"1345\" data-end=\"1372\">Design e Desenvolvimento:<\/strong> <span class=\"relative -mx-px my-[-0.2rem] rounded px-px py-[0.2rem]\">Cada produto passa por meticulosas fases de design e desenvolvimento para garantir funcionalidade e satisfa\u00e7\u00e3o do usu\u00e1rio.<\/span>\u200b<\/p><\/li><li class=\"\" data-start=\"1459\" data-end=\"1572\"><p class=\"\" data-start=\"1461\" data-end=\"1572\"><strong data-start=\"1461\" data-end=\"1486\">Inspe\u00e7\u00e3o de componentes:<\/strong> <span class=\"relative -mx-px my-[-0.2rem] rounded px-px py-[0.2rem]\">Todos os componentes s\u00e3o inspecionados quanto \u00e0 integridade e desempenho antes da montagem.<\/span>\u200b\u00a0<\/p><\/li><li class=\"\" data-start=\"1573\" data-end=\"1682\"><p class=\"\" data-start=\"1575\" data-end=\"1682\"><strong data-start=\"1575\" data-end=\"1596\">Processo de montagem:<\/strong> <span class=\"relative -mx-px my-[-0.2rem] rounded px-px py-[0.2rem]\">Utilizando t\u00e9cnicas automatizadas e manuais para manter consist\u00eancia e precis\u00e3o.<\/span><\/p><\/li><\/ul>\t\t\t\t\t\t\t\t<\/div>\n\t\t\t\t<\/div>\n\t\t\t\t<\/div>\n\t\t\t\t\t<\/div>\n\t\t\t\t<\/div>\n\t\t<div class=\"elementor-element elementor-element-296310e8 e-flex e-con-boxed e-con e-parent\" data-id=\"296310e8\" data-element_type=\"container\" data-e-type=\"container\">\n\t\t\t\t\t<div class=\"e-con-inner\">\n\t\t<div class=\"elementor-element elementor-element-2b36305 e-con-full e-flex e-con e-child\" data-id=\"2b36305\" data-element_type=\"container\" data-e-type=\"container\">\n\t\t\t\t<div class=\"elementor-element elementor-element-245e3f3e elementor-widget elementor-widget-heading\" data-id=\"245e3f3e\" data-element_type=\"widget\" data-e-type=\"widget\" data-widget_type=\"heading.default\">\n\t\t\t\t<div class=\"elementor-widget-container\">\n\t\t\t\t\t<h3 class=\"elementor-heading-title elementor-size-default\">Controle de Qualidade na AMXIM<\/h3>\t\t\t\t<\/div>\n\t\t\t\t<\/div>\n\t\t\t\t<div class=\"elementor-element elementor-element-4031affc elementor-widget elementor-widget-heading\" data-id=\"4031affc\" data-element_type=\"widget\" data-e-type=\"widget\" data-widget_type=\"heading.default\">\n\t\t\t\t<div class=\"elementor-widget-container\">\n\t\t\t\t\t<p class=\"elementor-heading-title elementor-size-default\">Na AMXIM, priorizamos a qualidade e a seguran\u00e7a em todos os produtos que fabricamos. Nosso abrangente sistema de Controle de Qualidade (CQ) foi projetado para atender e superar os padr\u00f5es da ind\u00fastria, garantindo que nossos parceiros OEM e ODM recebam produtos confi\u00e1veis, seguros e da mais alta qualidade.<\/p>\t\t\t\t<\/div>\n\t\t\t\t<\/div>\n\t\t\t\t<\/div>\n\t\t<div class=\"elementor-element elementor-element-378fd67c e-con-full e-flex e-con e-child\" data-id=\"378fd67c\" data-element_type=\"container\" data-e-type=\"container\">\n\t\t\t\t<div class=\"elementor-element elementor-element-10c713c elementor-widget__width-inherit elementor-widget elementor-widget-wd_image_or_svg\" data-id=\"10c713c\" data-element_type=\"widget\" data-e-type=\"widget\" data-widget_type=\"wd_image_or_svg.default\">\n\t\t\t\t<div class=\"elementor-widget-container\">\n\t\t\t\t\t\n\t\t<div class=\"wd-image text-center\">\n\t\t\t\t\t\t\t\t<img decoding=\"async\" width=\"1400\" height=\"853\" src=\"https:\/\/amxim.com\/wp-content\/uploads\/2025\/03\/AMXIM-about-factory2.webp\" class=\"attachment-full size-full\" alt=\"\" srcset=\"https:\/\/amxim.com\/wp-content\/uploads\/2025\/03\/AMXIM-about-factory2.webp 1400w, https:\/\/amxim.com\/wp-content\/uploads\/2025\/03\/AMXIM-about-factory2-400x244.webp 400w, https:\/\/amxim.com\/wp-content\/uploads\/2025\/03\/AMXIM-about-factory2-1300x792.webp 1300w, https:\/\/amxim.com\/wp-content\/uploads\/2025\/03\/AMXIM-about-factory2-150x91.webp 150w, https:\/\/amxim.com\/wp-content\/uploads\/2025\/03\/AMXIM-about-factory2-768x468.webp 768w, https:\/\/amxim.com\/wp-content\/uploads\/2025\/03\/AMXIM-about-factory2-1200x731.webp 1200w, https:\/\/amxim.com\/wp-content\/uploads\/2025\/03\/AMXIM-about-factory2-145x88.webp 145w\" sizes=\"(max-width: 1400px) 100vw, 1400px\" \/>\t\t\t\t\t<\/div>\n\n\t\t\t\t\t\t<\/div>\n\t\t\t\t<\/div>\n\t\t\t\t<\/div>\n\t\t\t\t\t<\/div>\n\t\t\t\t<\/div>\n\t\t<div class=\"elementor-element elementor-element-d61ca0e e-flex e-con-boxed e-con e-parent\" data-id=\"d61ca0e\" data-element_type=\"container\" data-e-type=\"container\">\n\t\t\t\t\t<div class=\"e-con-inner\">\n\t\t\t\t<div class=\"elementor-element elementor-element-87b0cb2 elementor-widget elementor-widget-wd_text_block\" data-id=\"87b0cb2\" data-element_type=\"widget\" data-e-type=\"widget\" data-widget_type=\"wd_text_block.default\">\n\t\t\t\t<div class=\"elementor-widget-container\">\n\t\t\t\t\t\t\t<div class=\"wd-text-block reset-last-child text-left\">\n\t\t\t\n\t\t\t<h2 class=\"\" data-start=\"902\" data-end=\"933\">Garantia de qualidade em processo<\/h2><p class=\"\" data-start=\"935\" data-end=\"1060\"><span class=\"relative -mx-px my-[-0.2rem] rounded px-px py-[0.2rem]\">Durante todo o processo de fabrica\u00e7\u00e3o, implementamos monitoramento e amostragem cont\u00ednuos.<\/span> <span class=\"relative -mx-px my-[-0.2rem] rounded px-px py-[0.2rem]\">As principais verifica\u00e7\u00f5es de qualidade incluem:<\/span>\u200b<\/p><ul data-start=\"1062\" data-end=\"1451\"><li class=\"\" data-start=\"1062\" data-end=\"1170\"><p class=\"\" data-start=\"1064\" data-end=\"1170\"><strong data-start=\"1064\" data-end=\"1083\">Teste de vazamento<\/strong>: <span class=\"relative -mx-px my-[-0.2rem] rounded px-px py-[0.2rem]\">Garantir que todos os dispositivos estejam livres de vazamentos de e-l\u00edquido.<\/span>\u200b<\/p><\/li><li class=\"\" data-start=\"1172\" data-end=\"1290\"><p class=\"\" data-start=\"1174\" data-end=\"1290\"><strong data-start=\"1174\" data-end=\"1203\">Avalia\u00e7\u00e3o de seguran\u00e7a da bateria<\/strong>: <span class=\"relative -mx-px my-[-0.2rem] rounded px-px py-[0.2rem]\">Avaliar o desempenho da bateria sob diversas condi\u00e7\u00f5es para evitar sobrecarga, descarga excessiva e curto-circuitos.<\/span>\u200b<\/p><\/li><li class=\"\" data-start=\"1292\" data-end=\"1451\"><p class=\"\" data-start=\"1294\" data-end=\"1451\"><strong data-start=\"1294\" data-end=\"1324\">Durabilidade do fio de resist\u00eancia<\/strong>: <span class=\"relative -mx-px my-[-0.2rem] rounded px-px py-[0.2rem]\">Realiza\u00e7\u00e3o de testes de vida \u00fatil em componentes de bobina para garantir longevidade e desempenho consistente.<\/span><\/p><\/li><\/ul>\n\t\t\t\t\t<\/div>\n\t\t\t\t\t\t<\/div>\n\t\t\t\t<\/div>\n\t\t\t\t<div class=\"elementor-element elementor-element-c82ecf3 elementor-widget elementor-widget-wd_text_block\" data-id=\"c82ecf3\" data-element_type=\"widget\" data-e-type=\"widget\" data-widget_type=\"wd_text_block.default\">\n\t\t\t\t<div class=\"elementor-widget-container\">\n\t\t\t\t\t\t\t<div class=\"wd-text-block reset-last-child text-left\">\n\t\t\t\n\t\t\t<h2 class=\"\" data-start=\"1701\" data-end=\"1725\">Teste do produto final<\/h2><p class=\"\" data-start=\"1727\" data-end=\"1812\"><span class=\"relative -mx-px my-[-0.2rem] rounded px-px py-[0.2rem]\">Antes de sair de nossas instala\u00e7\u00f5es, cada produto passa por testes abrangentes, incluindo:<\/span>\u200b<\/p><ul data-start=\"1814\" data-end=\"2153\"><li class=\"\" data-start=\"1814\" data-end=\"1926\"><p class=\"\" data-start=\"1816\" data-end=\"1926\"><strong data-start=\"1816\" data-end=\"1839\">Testes de funcionalidade<\/strong>: <span class=\"relative -mx-px my-[-0.2rem] rounded px-px py-[0.2rem]\">Verificando a opera\u00e7\u00e3o do dispositivo e a interface do usu\u00e1rio.<\/span>\u200b<\/p><\/li><li class=\"\" data-start=\"1928\" data-end=\"2039\"><p class=\"\" data-start=\"1930\" data-end=\"2039\"><strong data-start=\"1930\" data-end=\"1952\">Consist\u00eancia de sabor<\/strong>: <span class=\"relative -mx-px my-[-0.2rem] rounded px-px py-[0.2rem]\">Garantir que os e-l\u00edquidos ofere\u00e7am o perfil de sabor desejado.<\/span>\u200b<\/p><\/li><li class=\"\" data-start=\"2041\" data-end=\"2153\"><p class=\"\" data-start=\"2043\" data-end=\"2153\"><strong data-start=\"2043\" data-end=\"2066\">Integridade da embalagem<\/strong>: <span class=\"relative -mx-px my-[-0.2rem] rounded px-px py-[0.2rem]\">Confirmar que os produtos est\u00e3o embalados com seguran\u00e7a para evitar danos durante o transporte.<\/span><\/p><\/li><\/ul>\n\t\t\t\t\t<\/div>\n\t\t\t\t\t\t<\/div>\n\t\t\t\t<\/div>\n\t\t\t\t\t<\/div>\n\t\t\t\t<\/div>\n\t\t<div class=\"wd-negative-gap elementor-element elementor-element-8f43144 e-flex e-con-boxed e-con e-parent\" data-id=\"8f43144\" data-element_type=\"container\" data-e-type=\"container\" data-settings=\"{&quot;background_background&quot;:&quot;classic&quot;}\">\n\t\t\t\t\t<div class=\"e-con-inner\">\n\t\t\t\t<div class=\"elementor-element elementor-element-c222601 elementor-widget elementor-widget-wd_text_block\" data-id=\"c222601\" data-element_type=\"widget\" data-e-type=\"widget\" data-widget_type=\"wd_text_block.default\">\n\t\t\t\t<div class=\"elementor-widget-container\">\n\t\t\t\t\t\t\t<div class=\"wd-text-block reset-last-child text-left\">\n\t\t\t\n\t\t\t<h1 data-start=\"1453\" data-end=\"1492\"><strong>Conformidade com as Normas Regulamentares<\/strong><\/h1><p class=\"\" data-start=\"1494\" data-end=\"1699\"><span class=\"relative -mx-px my-[-0.2rem] rounded px-px py-[0.2rem]\">Seguimos rigorosamente as regulamenta\u00e7\u00f5es internacionais que regem a fabrica\u00e7\u00e3o de cigarros eletr\u00f4nicos.<\/span> <span class=\"relative -mx-px my-[-0.2rem] rounded px-px py-[0.2rem]\">Nossos produtos atendem ou excedem os padr\u00f5es de seguran\u00e7a e qualidade, garantindo uma entrada tranquila no mercado mundial.<\/span> <span class=\"relative -mx-px my-[-0.2rem] rounded px-px py-[0.2rem]\">Auditorias e certifica\u00e7\u00f5es regulares confirmam nossa conformidade e dedica\u00e7\u00e3o \u00e0 excel\u00eancia.<\/span> \u200b<\/p>\n\t\t\t\t\t<\/div>\n\t\t\t\t\t\t<\/div>\n\t\t\t\t<\/div>\n\t\t\t\t\t<\/div>\n\t\t\t\t<\/div>\n\t\t\t\t<\/div>","protected":false},"excerpt":{"rendered":"<p>Advanced Manufacturing Standards Design and Development: Each product undergoes meticulous design and development phases to ensure functionality and user satisfaction.\u200b<\/p>","protected":false},"author":1,"featured_media":0,"parent":0,"menu_order":0,"comment_status":"closed","ping_status":"closed","template":"","meta":{"footnotes":""},"class_list":["post-2890","page","type-page","status-publish","hentry"],"yoast_head":"<!-- This site is optimized with the Yoast SEO plugin v26.9 - https:\/\/yoast.com\/product\/yoast-seo-wordpress\/ -->\n<title>Factory Tour - Inside AXMIM Vape Factory<\/title>\n<meta name=\"description\" content=\"Take a virtual tour of our state-of-the-art vape manufacturing facility. See how we create custom vape devices, e-liquids, and offer OEM &amp; ODM services with the highest quality standards.\" \/>\n<meta name=\"robots\" content=\"index, follow, max-snippet:-1, max-image-preview:large, max-video-preview:-1\" \/>\n<link rel=\"canonical\" href=\"https:\/\/amxim.com\/pt\/visita-a-fabrica\/\" \/>\n<meta property=\"og:locale\" content=\"pt_PT\" \/>\n<meta property=\"og:type\" content=\"article\" \/>\n<meta property=\"og:title\" content=\"Factory Tour - Inside AXMIM Vape Factory\" \/>\n<meta property=\"og:description\" content=\"Take a virtual tour of our state-of-the-art vape manufacturing facility. See how we create custom vape devices, e-liquids, and offer OEM &amp; ODM services with the highest quality standards.\" \/>\n<meta property=\"og:url\" content=\"https:\/\/amxim.com\/pt\/visita-a-fabrica\/\" \/>\n<meta property=\"og:site_name\" content=\"AMXIM\" \/>\n<meta property=\"article:modified_time\" content=\"2025-03-29T04:38:31+00:00\" \/>\n<meta property=\"og:image\" content=\"https:\/\/amxim.com\/wp-content\/uploads\/2025\/03\/AMXIM-about-production.webp\" \/>\n<meta name=\"twitter:card\" content=\"summary_large_image\" \/>\n<meta name=\"twitter:label1\" content=\"Tempo estimado de leitura\" \/>\n\t<meta name=\"twitter:data1\" content=\"2 minutos\" \/>\n<script type=\"application\/ld+json\" class=\"yoast-schema-graph\">{\"@context\":\"https:\/\/schema.org\",\"@graph\":[{\"@type\":\"WebPage\",\"@id\":\"https:\/\/amxim.com\/ja\/factory-tour\/\",\"url\":\"https:\/\/amxim.com\/ja\/factory-tour\/\",\"name\":\"Factory Tour - Inside AXMIM Vape Factory\",\"isPartOf\":{\"@id\":\"https:\/\/amxim.com\/#website\"},\"primaryImageOfPage\":{\"@id\":\"https:\/\/amxim.com\/ja\/factory-tour\/#primaryimage\"},\"image\":{\"@id\":\"https:\/\/amxim.com\/ja\/factory-tour\/#primaryimage\"},\"thumbnailUrl\":\"https:\/\/amxim.com\/wp-content\/uploads\/2025\/03\/AMXIM-about-production.webp\",\"datePublished\":\"2025-03-11T08:45:28+00:00\",\"dateModified\":\"2025-03-29T04:38:31+00:00\",\"description\":\"Take a virtual tour of our state-of-the-art vape manufacturing facility. See how we create custom vape devices, e-liquids, and offer OEM & ODM services with the highest quality standards.\",\"breadcrumb\":{\"@id\":\"https:\/\/amxim.com\/ja\/factory-tour\/#breadcrumb\"},\"inLanguage\":\"pt-PT\",\"potentialAction\":[{\"@type\":\"ReadAction\",\"target\":[\"https:\/\/amxim.com\/ja\/factory-tour\/\"]}]},{\"@type\":\"ImageObject\",\"inLanguage\":\"pt-PT\",\"@id\":\"https:\/\/amxim.com\/ja\/factory-tour\/#primaryimage\",\"url\":\"https:\/\/amxim.com\/wp-content\/uploads\/2025\/03\/AMXIM-about-production.webp\",\"contentUrl\":\"https:\/\/amxim.com\/wp-content\/uploads\/2025\/03\/AMXIM-about-production.webp\"},{\"@type\":\"BreadcrumbList\",\"@id\":\"https:\/\/amxim.com\/ja\/factory-tour\/#breadcrumb\",\"itemListElement\":[{\"@type\":\"ListItem\",\"position\":1,\"name\":\"Home\",\"item\":\"https:\/\/amxim.com\/en\/\"},{\"@type\":\"ListItem\",\"position\":2,\"name\":\"Factory Tour\"}]},{\"@type\":\"WebSite\",\"@id\":\"https:\/\/amxim.com\/#website\",\"url\":\"https:\/\/amxim.com\/\",\"name\":\"AMXIM\",\"description\":\"AMXIM-OEM ODM Vape Manufacturer\",\"publisher\":{\"@id\":\"https:\/\/amxim.com\/#organization\"},\"potentialAction\":[{\"@type\":\"SearchAction\",\"target\":{\"@type\":\"EntryPoint\",\"urlTemplate\":\"https:\/\/amxim.com\/?s={search_term_string}\"},\"query-input\":{\"@type\":\"PropertyValueSpecification\",\"valueRequired\":true,\"valueName\":\"search_term_string\"}}],\"inLanguage\":\"pt-PT\"},{\"@type\":\"Organization\",\"@id\":\"https:\/\/amxim.com\/#organization\",\"name\":\"AMXIM\",\"url\":\"https:\/\/amxim.com\/\",\"logo\":{\"@type\":\"ImageObject\",\"inLanguage\":\"pt-PT\",\"@id\":\"https:\/\/amxim.com\/#\/schema\/logo\/image\/\",\"url\":\"https:\/\/amxim.com\/wp-content\/uploads\/2025\/03\/cropped-AMXIM-fav.webp\",\"contentUrl\":\"https:\/\/amxim.com\/wp-content\/uploads\/2025\/03\/cropped-AMXIM-fav.webp\",\"width\":512,\"height\":512,\"caption\":\"AMXIM\"},\"image\":{\"@id\":\"https:\/\/amxim.com\/#\/schema\/logo\/image\/\"}}]}<\/script>\n<!-- \/ Yoast SEO plugin. -->","yoast_head_json":{"title":"Visita \u00e0 F\u00e1brica - Dentro da F\u00e1brica de Vapes AXMIM","description":"Fa\u00e7a um tour virtual pela nossa moderna f\u00e1brica de vapes. Veja como criamos dispositivos de vape personalizados, e-l\u00edquidos e oferecemos servi\u00e7os OEM e ODM com os mais altos padr\u00f5es de qualidade.","robots":{"index":"index","follow":"follow","max-snippet":"max-snippet:-1","max-image-preview":"max-image-preview:large","max-video-preview":"max-video-preview:-1"},"canonical":"https:\/\/amxim.com\/pt\/visita-a-fabrica\/","og_locale":"pt_PT","og_type":"article","og_title":"Factory Tour - Inside AXMIM Vape Factory","og_description":"Take a virtual tour of our state-of-the-art vape manufacturing facility. See how we create custom vape devices, e-liquids, and offer OEM & ODM services with the highest quality standards.","og_url":"https:\/\/amxim.com\/pt\/visita-a-fabrica\/","og_site_name":"AMXIM","article_modified_time":"2025-03-29T04:38:31+00:00","og_image":[{"url":"https:\/\/amxim.com\/wp-content\/uploads\/2025\/03\/AMXIM-about-production.webp","type":"","width":"","height":""}],"twitter_card":"summary_large_image","twitter_misc":{"Tempo estimado de leitura":"2 minutos"},"schema":{"@context":"https:\/\/schema.org","@graph":[{"@type":"WebPage","@id":"https:\/\/amxim.com\/ja\/factory-tour\/","url":"https:\/\/amxim.com\/ja\/factory-tour\/","name":"Visita \u00e0 F\u00e1brica - Dentro da F\u00e1brica de Vapes AXMIM","isPartOf":{"@id":"https:\/\/amxim.com\/#website"},"primaryImageOfPage":{"@id":"https:\/\/amxim.com\/ja\/factory-tour\/#primaryimage"},"image":{"@id":"https:\/\/amxim.com\/ja\/factory-tour\/#primaryimage"},"thumbnailUrl":"https:\/\/amxim.com\/wp-content\/uploads\/2025\/03\/AMXIM-about-production.webp","datePublished":"2025-03-11T08:45:28+00:00","dateModified":"2025-03-29T04:38:31+00:00","description":"Fa\u00e7a um tour virtual pela nossa moderna f\u00e1brica de vapes. Veja como criamos dispositivos de vape personalizados, e-l\u00edquidos e oferecemos servi\u00e7os OEM e ODM com os mais altos padr\u00f5es de qualidade.","breadcrumb":{"@id":"https:\/\/amxim.com\/ja\/factory-tour\/#breadcrumb"},"inLanguage":"pt-PT","potentialAction":[{"@type":"ReadAction","target":["https:\/\/amxim.com\/ja\/factory-tour\/"]}]},{"@type":"ImageObject","inLanguage":"pt-PT","@id":"https:\/\/amxim.com\/ja\/factory-tour\/#primaryimage","url":"https:\/\/amxim.com\/wp-content\/uploads\/2025\/03\/AMXIM-about-production.webp","contentUrl":"https:\/\/amxim.com\/wp-content\/uploads\/2025\/03\/AMXIM-about-production.webp"},{"@type":"BreadcrumbList","@id":"https:\/\/amxim.com\/ja\/factory-tour\/#breadcrumb","itemListElement":[{"@type":"ListItem","position":1,"name":"Home","item":"https:\/\/amxim.com\/en\/"},{"@type":"ListItem","position":2,"name":"Factory Tour"}]},{"@type":"WebSite","@id":"https:\/\/amxim.com\/#website","url":"https:\/\/amxim.com\/","name":"AMXIM","description":"Fabricante de Vape AMXIM-OEM ODM","publisher":{"@id":"https:\/\/amxim.com\/#organization"},"potentialAction":[{"@type":"SearchAction","target":{"@type":"EntryPoint","urlTemplate":"https:\/\/amxim.com\/?s={search_term_string}"},"query-input":{"@type":"PropertyValueSpecification","valueRequired":true,"valueName":"search_term_string"}}],"inLanguage":"pt-PT"},{"@type":"Organization","@id":"https:\/\/amxim.com\/#organization","name":"AMXIM","url":"https:\/\/amxim.com\/","logo":{"@type":"ImageObject","inLanguage":"pt-PT","@id":"https:\/\/amxim.com\/#\/schema\/logo\/image\/","url":"https:\/\/amxim.com\/wp-content\/uploads\/2025\/03\/cropped-AMXIM-fav.webp","contentUrl":"https:\/\/amxim.com\/wp-content\/uploads\/2025\/03\/cropped-AMXIM-fav.webp","width":512,"height":512,"caption":"AMXIM"},"image":{"@id":"https:\/\/amxim.com\/#\/schema\/logo\/image\/"}}]}},"_links":{"self":[{"href":"https:\/\/amxim.com\/pt\/wp-json\/wp\/v2\/pages\/2890","targetHints":{"allow":["GET"]}}],"collection":[{"href":"https:\/\/amxim.com\/pt\/wp-json\/wp\/v2\/pages"}],"about":[{"href":"https:\/\/amxim.com\/pt\/wp-json\/wp\/v2\/types\/page"}],"author":[{"embeddable":true,"href":"https:\/\/amxim.com\/pt\/wp-json\/wp\/v2\/users\/1"}],"replies":[{"embeddable":true,"href":"https:\/\/amxim.com\/pt\/wp-json\/wp\/v2\/comments?post=2890"}],"version-history":[{"count":0,"href":"https:\/\/amxim.com\/pt\/wp-json\/wp\/v2\/pages\/2890\/revisions"}],"wp:attachment":[{"href":"https:\/\/amxim.com\/pt\/wp-json\/wp\/v2\/media?parent=2890"}],"curies":[{"name":"wp","href":"https:\/\/api.w.org\/{rel}","templated":true}]}}