{"id":10233,"date":"2025-03-26T08:50:15","date_gmt":"2025-03-26T08:50:15","guid":{"rendered":"https:\/\/amxim.com\/?post_type=product&#038;p=10233"},"modified":"2026-02-04T02:53:39","modified_gmt":"2026-02-04T02:53:39","slug":"vape-descartavel-funky-republic-com-bateria-recarregavel-de-600-mah","status":"publish","type":"product","link":"https:\/\/amxim.com\/pt\/product\/vape-descartavel-funky-republic-com-bateria-recarregavel-de-600-mah\/","title":{"rendered":"Vape descart\u00e1vel Funky Republic com bateria recarreg\u00e1vel de 600 mAh"},"content":{"rendered":"<h2 style=\"text-align: left\">Vape descart\u00e1vel Funky Republic com bateria recarreg\u00e1vel de 600 mAh<\/h2>\n<p style=\"text-align: left\">  This Funky Republic\u2013style rechargeable disposable vape features a powerful 600mAh battery and a high-capacity 17ml prefilled e-liquid tank, delivering up to 7,000 puffs with stable output and smooth vapor performance. The 1.2\u03a9 mesh coil ensures consistent heating and enhanced flavor quality.<\/p>\n<p>Designed for OEM rechargeable disposable vape manufacturing, this model supports factory-direct production, private label branding, and bulk wholesale supply. Flexible packaging options, including single-pack and ten-pack formats, meet different retail and distribution needs. <\/p>","protected":false},"excerpt":{"rendered":"<h3>Especifica\u00e7\u00f5es do produto<\/h3>\n<table>\n<tbody>\n<tr>\n<th style=\"text-align: left\">Tipo de produto<\/th>\n<td style=\"text-align: left\">Vape descart\u00e1vel 7000<\/td>\n<\/tr>\n<tr>\n<th style=\"text-align: left\">Op\u00e7\u00f5es de cores<\/th>\n<td style=\"text-align: left\">Gradiente\/Personalizado<\/td>\n<\/tr>\n<tr>\n<th style=\"text-align: left\">Tamanho<\/th>\n<td style=\"text-align: left\">24*38*101 mm<\/td>\n<\/tr>\n<tr>\n<th style=\"text-align: left\">Sabor<\/th>\n<td style=\"text-align: left\">At\u00e9 50 sabores<\/td>\n<\/tr>\n<tr>\n<th style=\"text-align: left\">Serpentina de aquecimento<\/th>\n<td style=\"text-align: left\">Bobina de malha de 1,2\u03a9<\/td>\n<\/tr>\n<tr>\n<th style=\"text-align: left\">Pr\u00e9-preenchimento de e-l\u00edquido<\/th>\n<td style=\"text-align: left\">17,0 ml<\/td>\n<\/tr>\n<tr>\n<th style=\"text-align: left\">Sopro<\/th>\n<td style=\"text-align: left\">At\u00e9 7000 tragadas<\/td>\n<\/tr>\n<tr>\n<th style=\"text-align: left\">Bateria<\/th>\n<td style=\"text-align: left\">600mAh<\/td>\n<\/tr>\n<tr>\n<th style=\"text-align: left\">Pacotes<\/th>\n<td style=\"text-align: left\">Um pacote\/pacote com dez<\/td>\n<\/tr>\n<\/tbody>\n<\/table>","protected":false},"featured_media":10266,"comment_status":"closed","ping_status":"closed","template":"","meta":[],"product_brand":[],"product_cat":[54,47],"product_tag":[],"class_list":{"0":"post-10233","1":"product","2":"type-product","3":"status-publish","4":"has-post-thumbnail","6":"product_cat-chargeable-disposable-vapes","7":"product_cat-disposable-vapes","9":"first","10":"instock","11":"featured","12":"shipping-taxable","13":"product-type-simple"},"yoast_head":"<!-- This site is optimized with the Yoast SEO plugin v26.9 - https:\/\/yoast.com\/product\/yoast-seo-wordpress\/ -->\n<title>Funky Republic Disposable Vape 600mah Rechargeable Battery<\/title>\n<meta name=\"description\" content=\"Funky Republic Disposable Vape 600mah Rechargeable Battery OEM Rechargeable Disposable Vape, Funky Republic I7000 Rechargeable Vape\" \/>\n<meta name=\"robots\" content=\"index, follow, max-snippet:-1, max-image-preview:large, max-video-preview:-1\" \/>\n<link rel=\"canonical\" href=\"https:\/\/amxim.com\/pt\/product\/vape-descartavel-funky-republic-com-bateria-recarregavel-de-600-mah\/\" \/>\n<meta property=\"og:locale\" content=\"pt_PT\" \/>\n<meta property=\"og:type\" content=\"article\" \/>\n<meta property=\"og:title\" content=\"Funky Republic Disposable Vape 600mah Rechargeable Battery\" \/>\n<meta property=\"og:description\" content=\"Funky Republic Disposable Vape 600mah Rechargeable Battery OEM Rechargeable Disposable Vape, Funky Republic I7000 Rechargeable Vape\" \/>\n<meta property=\"og:url\" content=\"https:\/\/amxim.com\/pt\/product\/vape-descartavel-funky-republic-com-bateria-recarregavel-de-600-mah\/\" \/>\n<meta property=\"og:site_name\" content=\"AMXIM\" \/>\n<meta property=\"article:modified_time\" content=\"2026-02-04T02:53:39+00:00\" \/>\n<meta property=\"og:image\" content=\"https:\/\/amxim.com\/wp-content\/uploads\/2025\/03\/Funky-Republic-Disposable-Vape-600mah-Rechargeable-Battery-4.webp\" \/>\n\t<meta property=\"og:image:width\" content=\"1000\" \/>\n\t<meta property=\"og:image:height\" content=\"1000\" \/>\n\t<meta property=\"og:image:type\" content=\"image\/webp\" \/>\n<meta name=\"twitter:card\" content=\"summary_large_image\" \/>\n<meta name=\"twitter:label1\" content=\"Tempo estimado de leitura\" \/>\n\t<meta name=\"twitter:data1\" content=\"1 minuto\" \/>\n<script type=\"application\/ld+json\" class=\"yoast-schema-graph\">{\"@context\":\"https:\/\/schema.org\",\"@graph\":[{\"@type\":\"WebPage\",\"@id\":\"https:\/\/amxim.com\/product\/funky-republic-disposable-vape-600mah-rechargeable-battery\/\",\"url\":\"https:\/\/amxim.com\/product\/funky-republic-disposable-vape-600mah-rechargeable-battery\/\",\"name\":\"Funky Republic Disposable Vape 600mah Rechargeable Battery\",\"isPartOf\":{\"@id\":\"https:\/\/amxim.com\/#website\"},\"primaryImageOfPage\":{\"@id\":\"https:\/\/amxim.com\/product\/funky-republic-disposable-vape-600mah-rechargeable-battery\/#primaryimage\"},\"image\":{\"@id\":\"https:\/\/amxim.com\/product\/funky-republic-disposable-vape-600mah-rechargeable-battery\/#primaryimage\"},\"thumbnailUrl\":\"https:\/\/amxim.com\/wp-content\/uploads\/2025\/03\/Funky-Republic-Disposable-Vape-600mah-Rechargeable-Battery-4.webp\",\"datePublished\":\"2025-03-26T08:50:15+00:00\",\"dateModified\":\"2026-02-04T02:53:39+00:00\",\"description\":\"Funky Republic Disposable Vape 600mah Rechargeable Battery OEM Rechargeable Disposable Vape, Funky Republic I7000 Rechargeable Vape\",\"breadcrumb\":{\"@id\":\"https:\/\/amxim.com\/product\/funky-republic-disposable-vape-600mah-rechargeable-battery\/#breadcrumb\"},\"inLanguage\":\"pt-PT\",\"potentialAction\":[{\"@type\":\"ReadAction\",\"target\":[\"https:\/\/amxim.com\/product\/funky-republic-disposable-vape-600mah-rechargeable-battery\/\"]}]},{\"@type\":\"ImageObject\",\"inLanguage\":\"pt-PT\",\"@id\":\"https:\/\/amxim.com\/product\/funky-republic-disposable-vape-600mah-rechargeable-battery\/#primaryimage\",\"url\":\"https:\/\/amxim.com\/wp-content\/uploads\/2025\/03\/Funky-Republic-Disposable-Vape-600mah-Rechargeable-Battery-4.webp\",\"contentUrl\":\"https:\/\/amxim.com\/wp-content\/uploads\/2025\/03\/Funky-Republic-Disposable-Vape-600mah-Rechargeable-Battery-4.webp\",\"width\":1000,\"height\":1000,\"caption\":\"Funky Republic Disposable Vape 600mah Rechargeable Battery\"},{\"@type\":\"BreadcrumbList\",\"@id\":\"https:\/\/amxim.com\/product\/funky-republic-disposable-vape-600mah-rechargeable-battery\/#breadcrumb\",\"itemListElement\":[{\"@type\":\"ListItem\",\"position\":1,\"name\":\"Home\",\"item\":\"https:\/\/amxim.com\/en\/\"},{\"@type\":\"ListItem\",\"position\":2,\"name\":\"Products\",\"item\":\"https:\/\/amxim.com\/de\/products\/\"},{\"@type\":\"ListItem\",\"position\":3,\"name\":\"Funky Republic Disposable Vape 600mah Rechargeable Battery\"}]},{\"@type\":\"WebSite\",\"@id\":\"https:\/\/amxim.com\/#website\",\"url\":\"https:\/\/amxim.com\/\",\"name\":\"AMXIM\",\"description\":\"AMXIM-OEM ODM Vape Manufacturer\",\"publisher\":{\"@id\":\"https:\/\/amxim.com\/#organization\"},\"potentialAction\":[{\"@type\":\"SearchAction\",\"target\":{\"@type\":\"EntryPoint\",\"urlTemplate\":\"https:\/\/amxim.com\/?s={search_term_string}\"},\"query-input\":{\"@type\":\"PropertyValueSpecification\",\"valueRequired\":true,\"valueName\":\"search_term_string\"}}],\"inLanguage\":\"pt-PT\"},{\"@type\":\"Organization\",\"@id\":\"https:\/\/amxim.com\/#organization\",\"name\":\"AMXIM\",\"url\":\"https:\/\/amxim.com\/\",\"logo\":{\"@type\":\"ImageObject\",\"inLanguage\":\"pt-PT\",\"@id\":\"https:\/\/amxim.com\/#\/schema\/logo\/image\/\",\"url\":\"https:\/\/amxim.com\/wp-content\/uploads\/2025\/03\/cropped-AMXIM-fav.webp\",\"contentUrl\":\"https:\/\/amxim.com\/wp-content\/uploads\/2025\/03\/cropped-AMXIM-fav.webp\",\"width\":512,\"height\":512,\"caption\":\"AMXIM\"},\"image\":{\"@id\":\"https:\/\/amxim.com\/#\/schema\/logo\/image\/\"}}]}<\/script>\n<!-- \/ Yoast SEO plugin. -->","yoast_head_json":{"title":"Vape descart\u00e1vel Funky Republic com bateria recarreg\u00e1vel de 600 mAh","description":"Vape descart\u00e1vel Funky Republic, bateria recarreg\u00e1vel de 600 mAh, Vape descart\u00e1vel recarreg\u00e1vel OEM, Funky Republic I7000 Vape recarreg\u00e1vel","robots":{"index":"index","follow":"follow","max-snippet":"max-snippet:-1","max-image-preview":"max-image-preview:large","max-video-preview":"max-video-preview:-1"},"canonical":"https:\/\/amxim.com\/pt\/product\/vape-descartavel-funky-republic-com-bateria-recarregavel-de-600-mah\/","og_locale":"pt_PT","og_type":"article","og_title":"Funky Republic Disposable Vape 600mah Rechargeable Battery","og_description":"Funky Republic Disposable Vape 600mah Rechargeable Battery OEM Rechargeable Disposable Vape, Funky Republic I7000 Rechargeable Vape","og_url":"https:\/\/amxim.com\/pt\/product\/vape-descartavel-funky-republic-com-bateria-recarregavel-de-600-mah\/","og_site_name":"AMXIM","article_modified_time":"2026-02-04T02:53:39+00:00","og_image":[{"width":1000,"height":1000,"url":"https:\/\/amxim.com\/wp-content\/uploads\/2025\/03\/Funky-Republic-Disposable-Vape-600mah-Rechargeable-Battery-4.webp","type":"image\/webp"}],"twitter_card":"summary_large_image","twitter_misc":{"Tempo estimado de leitura":"1 minuto"},"schema":{"@context":"https:\/\/schema.org","@graph":[{"@type":"WebPage","@id":"https:\/\/amxim.com\/product\/funky-republic-disposable-vape-600mah-rechargeable-battery\/","url":"https:\/\/amxim.com\/product\/funky-republic-disposable-vape-600mah-rechargeable-battery\/","name":"Vape descart\u00e1vel Funky Republic com bateria recarreg\u00e1vel de 600 mAh","isPartOf":{"@id":"https:\/\/amxim.com\/#website"},"primaryImageOfPage":{"@id":"https:\/\/amxim.com\/product\/funky-republic-disposable-vape-600mah-rechargeable-battery\/#primaryimage"},"image":{"@id":"https:\/\/amxim.com\/product\/funky-republic-disposable-vape-600mah-rechargeable-battery\/#primaryimage"},"thumbnailUrl":"https:\/\/amxim.com\/wp-content\/uploads\/2025\/03\/Funky-Republic-Disposable-Vape-600mah-Rechargeable-Battery-4.webp","datePublished":"2025-03-26T08:50:15+00:00","dateModified":"2026-02-04T02:53:39+00:00","description":"Vape descart\u00e1vel Funky Republic, bateria recarreg\u00e1vel de 600 mAh, Vape descart\u00e1vel recarreg\u00e1vel OEM, Funky Republic I7000 Vape recarreg\u00e1vel","breadcrumb":{"@id":"https:\/\/amxim.com\/product\/funky-republic-disposable-vape-600mah-rechargeable-battery\/#breadcrumb"},"inLanguage":"pt-PT","potentialAction":[{"@type":"ReadAction","target":["https:\/\/amxim.com\/product\/funky-republic-disposable-vape-600mah-rechargeable-battery\/"]}]},{"@type":"ImageObject","inLanguage":"pt-PT","@id":"https:\/\/amxim.com\/product\/funky-republic-disposable-vape-600mah-rechargeable-battery\/#primaryimage","url":"https:\/\/amxim.com\/wp-content\/uploads\/2025\/03\/Funky-Republic-Disposable-Vape-600mah-Rechargeable-Battery-4.webp","contentUrl":"https:\/\/amxim.com\/wp-content\/uploads\/2025\/03\/Funky-Republic-Disposable-Vape-600mah-Rechargeable-Battery-4.webp","width":1000,"height":1000,"caption":"Funky Republic Disposable Vape 600mah Rechargeable Battery"},{"@type":"BreadcrumbList","@id":"https:\/\/amxim.com\/product\/funky-republic-disposable-vape-600mah-rechargeable-battery\/#breadcrumb","itemListElement":[{"@type":"ListItem","position":1,"name":"Home","item":"https:\/\/amxim.com\/en\/"},{"@type":"ListItem","position":2,"name":"Products","item":"https:\/\/amxim.com\/de\/products\/"},{"@type":"ListItem","position":3,"name":"Funky Republic Disposable Vape 600mah Rechargeable Battery"}]},{"@type":"WebSite","@id":"https:\/\/amxim.com\/#website","url":"https:\/\/amxim.com\/","name":"AMXIM","description":"Fabricante de Vape AMXIM-OEM ODM","publisher":{"@id":"https:\/\/amxim.com\/#organization"},"potentialAction":[{"@type":"SearchAction","target":{"@type":"EntryPoint","urlTemplate":"https:\/\/amxim.com\/?s={search_term_string}"},"query-input":{"@type":"PropertyValueSpecification","valueRequired":true,"valueName":"search_term_string"}}],"inLanguage":"pt-PT"},{"@type":"Organization","@id":"https:\/\/amxim.com\/#organization","name":"AMXIM","url":"https:\/\/amxim.com\/","logo":{"@type":"ImageObject","inLanguage":"pt-PT","@id":"https:\/\/amxim.com\/#\/schema\/logo\/image\/","url":"https:\/\/amxim.com\/wp-content\/uploads\/2025\/03\/cropped-AMXIM-fav.webp","contentUrl":"https:\/\/amxim.com\/wp-content\/uploads\/2025\/03\/cropped-AMXIM-fav.webp","width":512,"height":512,"caption":"AMXIM"},"image":{"@id":"https:\/\/amxim.com\/#\/schema\/logo\/image\/"}}]}},"_links":{"self":[{"href":"https:\/\/amxim.com\/pt\/wp-json\/wp\/v2\/product\/10233","targetHints":{"allow":["GET"]}}],"collection":[{"href":"https:\/\/amxim.com\/pt\/wp-json\/wp\/v2\/product"}],"about":[{"href":"https:\/\/amxim.com\/pt\/wp-json\/wp\/v2\/types\/product"}],"replies":[{"embeddable":true,"href":"https:\/\/amxim.com\/pt\/wp-json\/wp\/v2\/comments?post=10233"}],"version-history":[{"count":4,"href":"https:\/\/amxim.com\/pt\/wp-json\/wp\/v2\/product\/10233\/revisions"}],"predecessor-version":[{"id":13511,"href":"https:\/\/amxim.com\/pt\/wp-json\/wp\/v2\/product\/10233\/revisions\/13511"}],"wp:featuredmedia":[{"embeddable":true,"href":"https:\/\/amxim.com\/pt\/wp-json\/wp\/v2\/media\/10266"}],"wp:attachment":[{"href":"https:\/\/amxim.com\/pt\/wp-json\/wp\/v2\/media?parent=10233"}],"wp:term":[{"taxonomy":"product_brand","embeddable":true,"href":"https:\/\/amxim.com\/pt\/wp-json\/wp\/v2\/product_brand?post=10233"},{"taxonomy":"product_cat","embeddable":true,"href":"https:\/\/amxim.com\/pt\/wp-json\/wp\/v2\/product_cat?post=10233"},{"taxonomy":"product_tag","embeddable":true,"href":"https:\/\/amxim.com\/pt\/wp-json\/wp\/v2\/product_tag?post=10233"}],"curies":[{"name":"wp","href":"https:\/\/api.w.org\/{rel}","templated":true}]}}