{"id":10299,"date":"2025-03-26T09:11:22","date_gmt":"2025-03-26T09:11:22","guid":{"rendered":"https:\/\/amxim.com\/?post_type=product&#038;p=10299"},"modified":"2025-03-26T09:44:34","modified_gmt":"2025-03-26T09:44:34","slug":"caneta-vape-descartavel-2000-puffs-bateria-1500mah","status":"publish","type":"product","link":"https:\/\/amxim.com\/pt\/product\/caneta-vape-descartavel-2000-puffs-bateria-1500mah\/","title":{"rendered":"Caneta Vape descart\u00e1vel 2000 puffs, bateria de 1500mAh"},"content":{"rendered":"<h2 style=\"text-align: left\">Caneta Vape descart\u00e1vel 2000 puffs, bateria de 1500mAh<\/h2>\n<p style=\"text-align: left\">O Cigarro Eletr\u00f4nico Descart\u00e1vel foi projetado especificamente para iniciantes em vaporiza\u00e7\u00e3o, oferecendo uma experi\u00eancia simples e intuitiva, tornando-o ideal para quem est\u00e1 em transi\u00e7\u00e3o do cigarro eletr\u00f4nico para o vape. Ele vem com uma bateria pr\u00e9-carregada de 1500mAh e \u00e9 pr\u00e9-carregado com 7,0ml de e-l\u00edquido de nicotina salina com 50mg, eliminando a necessidade de recarga ou recarga. Isso garante uma experi\u00eancia de vaporiza\u00e7\u00e3o boca-pulm\u00e3o tranquila e satisfat\u00f3ria.<br \/>\nCom aproximadamente 2.000 tragadas por dispositivo, n\u00e3o h\u00e1 necessidade de ajustar as configura\u00e7\u00f5es nem pressionar nenhum bot\u00e3o \u2014 basta inalar para satisfazer sua vontade, aproveitar o sabor delicioso e descartar o produto quando terminar. Compacto e port\u00e1til, este dispositivo f\u00e1cil de transportar cabe no seu bolso ou bolsa, tornando-o perfeito para uso em qualquer lugar.<\/p>\n<p>&nbsp;<\/p>\n<h3 style=\"text-align: left\">Principais caracter\u00edsticas<\/h3>\n<ul>\n<li style=\"text-align: left\">Bateria de longa dura\u00e7\u00e3o<\/li>\n<li style=\"text-align: left\">Interruptor pneum\u00e1tico<\/li>\n<li style=\"text-align: left\">Design tudo-em-um<\/li>\n<li style=\"text-align: left\">Bons sabores<\/li>\n<li style=\"text-align: left\">Bast\u00e3o descart\u00e1vel para vaporizador de 19 mm<\/li>\n<li style=\"text-align: left\">Caneta Vape Descart\u00e1vel Stick 1500mAh<\/li>\n<\/ul>","protected":false},"excerpt":{"rendered":"<h3>Especifica\u00e7\u00f5es do produto<\/h3>\n<table>\n<tbody>\n<tr>\n<th style=\"text-align: left\">Tipo de produto<\/th>\n<td style=\"text-align: left\">Vape descart\u00e1vel<\/td>\n<\/tr>\n<tr>\n<th style=\"text-align: left\">Op\u00e7\u00f5es de cores<\/th>\n<td style=\"text-align: left\">Rosa<\/td>\n<\/tr>\n<tr>\n<th style=\"text-align: left\">Tamanho<\/th>\n<td style=\"text-align: left\">134*19 mm<\/td>\n<\/tr>\n<tr>\n<th style=\"text-align: left\">Material<\/th>\n<td style=\"text-align: left\">PC + A\u00e7o inoxid\u00e1vel<\/td>\n<\/tr>\n<tr>\n<th style=\"text-align: left\">Serpentina de aquecimento<\/th>\n<td style=\"text-align: left\">Bobina de malha de 1,8\u03a9<\/td>\n<\/tr>\n<tr>\n<th style=\"text-align: left\">Sopro<\/th>\n<td style=\"text-align: left\">At\u00e9 2000 tragadas<\/td>\n<\/tr>\n<tr>\n<th style=\"text-align: left\">Bateria<\/th>\n<td style=\"text-align: left\">1500mAh<\/td>\n<\/tr>\n<tr>\n<th style=\"text-align: left\">El\u00edquido pr\u00e9-preenchido<\/th>\n<td style=\"text-align: left\">7,0 ml<\/td>\n<\/tr>\n<tr>\n<th style=\"text-align: left\">Destaque<\/th>\n<td style=\"text-align: left\">Bast\u00e3o descart\u00e1vel para vaporizador ROHS<\/td>\n<\/tr>\n<tr>\n<th style=\"text-align: left\">Sabor<\/th>\n<td style=\"text-align: left\">Lichia Ice<\/td>\n<\/tr>\n<\/tbody>\n<\/table>","protected":false},"featured_media":10320,"comment_status":"closed","ping_status":"closed","template":"","meta":[],"product_brand":[],"product_cat":[54,47],"product_tag":[],"class_list":{"0":"post-10299","1":"product","2":"type-product","3":"status-publish","4":"has-post-thumbnail","6":"product_cat-chargeable-disposable-vapes","7":"product_cat-disposable-vapes","9":"first","10":"instock","11":"shipping-taxable","12":"product-type-simple"},"yoast_head":"<!-- This site is optimized with the Yoast SEO plugin v26.9 - https:\/\/yoast.com\/product\/yoast-seo-wordpress\/ -->\n<title>Disposable Vape Stick Pen 2000 Puffs 1500mAh Battery<\/title>\n<meta name=\"description\" content=\"Disposable Vape Stick Pen 2000 Puffs 1500mAh Battery Long life battery Pneumatic All-in-one designswitch Good flavors 19mm Disposable Vape Stick\" \/>\n<meta name=\"robots\" content=\"index, follow, max-snippet:-1, max-image-preview:large, max-video-preview:-1\" \/>\n<link rel=\"canonical\" href=\"https:\/\/amxim.com\/pt\/product\/caneta-vape-descartavel-2000-puffs-bateria-1500mah\/\" \/>\n<meta property=\"og:locale\" content=\"pt_PT\" \/>\n<meta property=\"og:type\" content=\"article\" \/>\n<meta property=\"og:title\" content=\"Disposable Vape Stick Pen 2000 Puffs 1500mAh Battery\" \/>\n<meta property=\"og:description\" content=\"Disposable Vape Stick Pen 2000 Puffs 1500mAh Battery Long life battery Pneumatic All-in-one designswitch Good flavors 19mm Disposable Vape Stick\" \/>\n<meta property=\"og:url\" content=\"https:\/\/amxim.com\/pt\/product\/caneta-vape-descartavel-2000-puffs-bateria-1500mah\/\" \/>\n<meta property=\"og:site_name\" content=\"AMXIM\" \/>\n<meta property=\"article:modified_time\" content=\"2025-03-26T09:44:34+00:00\" \/>\n<meta property=\"og:image\" content=\"https:\/\/amxim.com\/wp-content\/uploads\/2025\/03\/Disposable-Vape-Stick-Pen-2000-Puffs-1500mAh-Battery-1.webp\" \/>\n\t<meta property=\"og:image:width\" content=\"1000\" \/>\n\t<meta property=\"og:image:height\" content=\"1000\" \/>\n\t<meta property=\"og:image:type\" content=\"image\/webp\" \/>\n<meta name=\"twitter:card\" content=\"summary_large_image\" \/>\n<meta name=\"twitter:label1\" content=\"Tempo estimado de leitura\" \/>\n\t<meta name=\"twitter:data1\" content=\"1 minuto\" \/>\n<script type=\"application\/ld+json\" class=\"yoast-schema-graph\">{\"@context\":\"https:\/\/schema.org\",\"@graph\":[{\"@type\":\"WebPage\",\"@id\":\"https:\/\/amxim.com\/product\/disposable-vape-stick-pen-2000-puffs-1500mah-battery\/\",\"url\":\"https:\/\/amxim.com\/product\/disposable-vape-stick-pen-2000-puffs-1500mah-battery\/\",\"name\":\"Disposable Vape Stick Pen 2000 Puffs 1500mAh Battery\",\"isPartOf\":{\"@id\":\"https:\/\/amxim.com\/#website\"},\"primaryImageOfPage\":{\"@id\":\"https:\/\/amxim.com\/product\/disposable-vape-stick-pen-2000-puffs-1500mah-battery\/#primaryimage\"},\"image\":{\"@id\":\"https:\/\/amxim.com\/product\/disposable-vape-stick-pen-2000-puffs-1500mah-battery\/#primaryimage\"},\"thumbnailUrl\":\"https:\/\/amxim.com\/wp-content\/uploads\/2025\/03\/Disposable-Vape-Stick-Pen-2000-Puffs-1500mAh-Battery-1.webp\",\"datePublished\":\"2025-03-26T09:11:22+00:00\",\"dateModified\":\"2025-03-26T09:44:34+00:00\",\"description\":\"Disposable Vape Stick Pen 2000 Puffs 1500mAh Battery Long life battery Pneumatic All-in-one designswitch Good flavors 19mm Disposable Vape Stick\",\"breadcrumb\":{\"@id\":\"https:\/\/amxim.com\/product\/disposable-vape-stick-pen-2000-puffs-1500mah-battery\/#breadcrumb\"},\"inLanguage\":\"pt-PT\",\"potentialAction\":[{\"@type\":\"ReadAction\",\"target\":[\"https:\/\/amxim.com\/product\/disposable-vape-stick-pen-2000-puffs-1500mah-battery\/\"]}]},{\"@type\":\"ImageObject\",\"inLanguage\":\"pt-PT\",\"@id\":\"https:\/\/amxim.com\/product\/disposable-vape-stick-pen-2000-puffs-1500mah-battery\/#primaryimage\",\"url\":\"https:\/\/amxim.com\/wp-content\/uploads\/2025\/03\/Disposable-Vape-Stick-Pen-2000-Puffs-1500mAh-Battery-1.webp\",\"contentUrl\":\"https:\/\/amxim.com\/wp-content\/uploads\/2025\/03\/Disposable-Vape-Stick-Pen-2000-Puffs-1500mAh-Battery-1.webp\",\"width\":1000,\"height\":1000,\"caption\":\"Disposable Vape Stick Pen 2000 Puffs 1500mAh Battery\"},{\"@type\":\"BreadcrumbList\",\"@id\":\"https:\/\/amxim.com\/product\/disposable-vape-stick-pen-2000-puffs-1500mah-battery\/#breadcrumb\",\"itemListElement\":[{\"@type\":\"ListItem\",\"position\":1,\"name\":\"Home\",\"item\":\"https:\/\/amxim.com\/\"},{\"@type\":\"ListItem\",\"position\":2,\"name\":\"Products\",\"item\":\"https:\/\/amxim.com\/de\/products\/\"},{\"@type\":\"ListItem\",\"position\":3,\"name\":\"Disposable Vape Stick Pen 2000 Puffs 1500mAh Battery\"}]},{\"@type\":\"WebSite\",\"@id\":\"https:\/\/amxim.com\/#website\",\"url\":\"https:\/\/amxim.com\/\",\"name\":\"AMXIM\",\"description\":\"AMXIM-OEM ODM Vape Manufacturer\",\"publisher\":{\"@id\":\"https:\/\/amxim.com\/#organization\"},\"potentialAction\":[{\"@type\":\"SearchAction\",\"target\":{\"@type\":\"EntryPoint\",\"urlTemplate\":\"https:\/\/amxim.com\/?s={search_term_string}\"},\"query-input\":{\"@type\":\"PropertyValueSpecification\",\"valueRequired\":true,\"valueName\":\"search_term_string\"}}],\"inLanguage\":\"pt-PT\"},{\"@type\":\"Organization\",\"@id\":\"https:\/\/amxim.com\/#organization\",\"name\":\"AMXIM\",\"url\":\"https:\/\/amxim.com\/\",\"logo\":{\"@type\":\"ImageObject\",\"inLanguage\":\"pt-PT\",\"@id\":\"https:\/\/amxim.com\/#\/schema\/logo\/image\/\",\"url\":\"https:\/\/amxim.com\/wp-content\/uploads\/2025\/03\/cropped-AMXIM-fav.webp\",\"contentUrl\":\"https:\/\/amxim.com\/wp-content\/uploads\/2025\/03\/cropped-AMXIM-fav.webp\",\"width\":512,\"height\":512,\"caption\":\"AMXIM\"},\"image\":{\"@id\":\"https:\/\/amxim.com\/#\/schema\/logo\/image\/\"}}]}<\/script>\n<!-- \/ Yoast SEO plugin. -->","yoast_head_json":{"title":"Caneta Vape descart\u00e1vel 2000 puffs, bateria de 1500mAh","description":"Caneta Vape descart\u00e1vel 2000 Puffs Bateria 1500mAh Bateria de longa dura\u00e7\u00e3o Pneum\u00e1tica Designswitch tudo em um Bons sabores Bast\u00e3o Vape descart\u00e1vel de 19 mm","robots":{"index":"index","follow":"follow","max-snippet":"max-snippet:-1","max-image-preview":"max-image-preview:large","max-video-preview":"max-video-preview:-1"},"canonical":"https:\/\/amxim.com\/pt\/product\/caneta-vape-descartavel-2000-puffs-bateria-1500mah\/","og_locale":"pt_PT","og_type":"article","og_title":"Disposable Vape Stick Pen 2000 Puffs 1500mAh Battery","og_description":"Disposable Vape Stick Pen 2000 Puffs 1500mAh Battery Long life battery Pneumatic All-in-one designswitch Good flavors 19mm Disposable Vape Stick","og_url":"https:\/\/amxim.com\/pt\/product\/caneta-vape-descartavel-2000-puffs-bateria-1500mah\/","og_site_name":"AMXIM","article_modified_time":"2025-03-26T09:44:34+00:00","og_image":[{"width":1000,"height":1000,"url":"https:\/\/amxim.com\/wp-content\/uploads\/2025\/03\/Disposable-Vape-Stick-Pen-2000-Puffs-1500mAh-Battery-1.webp","type":"image\/webp"}],"twitter_card":"summary_large_image","twitter_misc":{"Tempo estimado de leitura":"1 minuto"},"schema":{"@context":"https:\/\/schema.org","@graph":[{"@type":"WebPage","@id":"https:\/\/amxim.com\/product\/disposable-vape-stick-pen-2000-puffs-1500mah-battery\/","url":"https:\/\/amxim.com\/product\/disposable-vape-stick-pen-2000-puffs-1500mah-battery\/","name":"Caneta Vape descart\u00e1vel 2000 puffs, bateria de 1500mAh","isPartOf":{"@id":"https:\/\/amxim.com\/#website"},"primaryImageOfPage":{"@id":"https:\/\/amxim.com\/product\/disposable-vape-stick-pen-2000-puffs-1500mah-battery\/#primaryimage"},"image":{"@id":"https:\/\/amxim.com\/product\/disposable-vape-stick-pen-2000-puffs-1500mah-battery\/#primaryimage"},"thumbnailUrl":"https:\/\/amxim.com\/wp-content\/uploads\/2025\/03\/Disposable-Vape-Stick-Pen-2000-Puffs-1500mAh-Battery-1.webp","datePublished":"2025-03-26T09:11:22+00:00","dateModified":"2025-03-26T09:44:34+00:00","description":"Caneta Vape descart\u00e1vel 2000 Puffs Bateria 1500mAh Bateria de longa dura\u00e7\u00e3o Pneum\u00e1tica Designswitch tudo em um Bons sabores Bast\u00e3o Vape descart\u00e1vel de 19 mm","breadcrumb":{"@id":"https:\/\/amxim.com\/product\/disposable-vape-stick-pen-2000-puffs-1500mah-battery\/#breadcrumb"},"inLanguage":"pt-PT","potentialAction":[{"@type":"ReadAction","target":["https:\/\/amxim.com\/product\/disposable-vape-stick-pen-2000-puffs-1500mah-battery\/"]}]},{"@type":"ImageObject","inLanguage":"pt-PT","@id":"https:\/\/amxim.com\/product\/disposable-vape-stick-pen-2000-puffs-1500mah-battery\/#primaryimage","url":"https:\/\/amxim.com\/wp-content\/uploads\/2025\/03\/Disposable-Vape-Stick-Pen-2000-Puffs-1500mAh-Battery-1.webp","contentUrl":"https:\/\/amxim.com\/wp-content\/uploads\/2025\/03\/Disposable-Vape-Stick-Pen-2000-Puffs-1500mAh-Battery-1.webp","width":1000,"height":1000,"caption":"Disposable Vape Stick Pen 2000 Puffs 1500mAh Battery"},{"@type":"BreadcrumbList","@id":"https:\/\/amxim.com\/product\/disposable-vape-stick-pen-2000-puffs-1500mah-battery\/#breadcrumb","itemListElement":[{"@type":"ListItem","position":1,"name":"Home","item":"https:\/\/amxim.com\/"},{"@type":"ListItem","position":2,"name":"Products","item":"https:\/\/amxim.com\/de\/products\/"},{"@type":"ListItem","position":3,"name":"Disposable Vape Stick Pen 2000 Puffs 1500mAh Battery"}]},{"@type":"WebSite","@id":"https:\/\/amxim.com\/#website","url":"https:\/\/amxim.com\/","name":"AMXIM","description":"Fabricante de Vape AMXIM-OEM ODM","publisher":{"@id":"https:\/\/amxim.com\/#organization"},"potentialAction":[{"@type":"SearchAction","target":{"@type":"EntryPoint","urlTemplate":"https:\/\/amxim.com\/?s={search_term_string}"},"query-input":{"@type":"PropertyValueSpecification","valueRequired":true,"valueName":"search_term_string"}}],"inLanguage":"pt-PT"},{"@type":"Organization","@id":"https:\/\/amxim.com\/#organization","name":"AMXIM","url":"https:\/\/amxim.com\/","logo":{"@type":"ImageObject","inLanguage":"pt-PT","@id":"https:\/\/amxim.com\/#\/schema\/logo\/image\/","url":"https:\/\/amxim.com\/wp-content\/uploads\/2025\/03\/cropped-AMXIM-fav.webp","contentUrl":"https:\/\/amxim.com\/wp-content\/uploads\/2025\/03\/cropped-AMXIM-fav.webp","width":512,"height":512,"caption":"AMXIM"},"image":{"@id":"https:\/\/amxim.com\/#\/schema\/logo\/image\/"}}]}},"_links":{"self":[{"href":"https:\/\/amxim.com\/pt\/wp-json\/wp\/v2\/product\/10299","targetHints":{"allow":["GET"]}}],"collection":[{"href":"https:\/\/amxim.com\/pt\/wp-json\/wp\/v2\/product"}],"about":[{"href":"https:\/\/amxim.com\/pt\/wp-json\/wp\/v2\/types\/product"}],"replies":[{"embeddable":true,"href":"https:\/\/amxim.com\/pt\/wp-json\/wp\/v2\/comments?post=10299"}],"version-history":[{"count":0,"href":"https:\/\/amxim.com\/pt\/wp-json\/wp\/v2\/product\/10299\/revisions"}],"wp:featuredmedia":[{"embeddable":true,"href":"https:\/\/amxim.com\/pt\/wp-json\/wp\/v2\/media\/10320"}],"wp:attachment":[{"href":"https:\/\/amxim.com\/pt\/wp-json\/wp\/v2\/media?parent=10299"}],"wp:term":[{"taxonomy":"product_brand","embeddable":true,"href":"https:\/\/amxim.com\/pt\/wp-json\/wp\/v2\/product_brand?post=10299"},{"taxonomy":"product_cat","embeddable":true,"href":"https:\/\/amxim.com\/pt\/wp-json\/wp\/v2\/product_cat?post=10299"},{"taxonomy":"product_tag","embeddable":true,"href":"https:\/\/amxim.com\/pt\/wp-json\/wp\/v2\/product_tag?post=10299"}],"curies":[{"name":"wp","href":"https:\/\/api.w.org\/{rel}","templated":true}]}}