{"id":10302,"date":"2025-03-26T09:16:03","date_gmt":"2025-03-26T09:16:03","guid":{"rendered":"https:\/\/amxim.com\/?post_type=product&#038;p=10302"},"modified":"2025-04-02T01:36:53","modified_gmt":"2025-04-02T01:36:53","slug":"dispositivo-descartavel-para-vaporizar-hortela-2000-tragadas-50mg-de-sal-de-nicotina","status":"publish","type":"product","link":"https:\/\/amxim.com\/pt\/product\/dispositivo-descartavel-para-vaporizar-hortela-2000-tragadas-50mg-de-sal-de-nicotina\/","title":{"rendered":"Dispositivo descart\u00e1vel para vaporizador de menta com 2000 baforadas e 50 mg de sal de nicotina"},"content":{"rendered":"<h2 style=\"text-align: left\">Dispositivo descart\u00e1vel para vaporizador de menta com 2000 baforadas e 50 mg de sal de nicotina<\/h2>\n<p style=\"text-align: left\">O Cigarro Eletr\u00f4nico Descart\u00e1vel \u00e9 um dispositivo de vaporiza\u00e7\u00e3o pr\u00e9-preenchido com sais de nicotina, projetado para conveni\u00eancia e portabilidade, perfeito para quem est\u00e1 sempre em movimento. Possui uma bateria interna recarreg\u00e1vel de 1500mAh, proporcionando maior tempo de vaporiza\u00e7\u00e3o. Equipado com um mecanismo de disparo ativado por tragada, o dispositivo \u00e9 ativado automaticamente ao inalar. Pr\u00e9-preenchido com 7,0ml de e-l\u00edquido de sais de nicotina com 50mg, cada dispositivo descart\u00e1vel proporciona uma experi\u00eancia de vaporiza\u00e7\u00e3o suave e satisfat\u00f3ria. Com uma concentra\u00e7\u00e3o de nicotina de 5%, cada dispositivo proporciona aproximadamente 2000 tragadas.<br \/>\nO Slick Plus Descart\u00e1vel est\u00e1 dispon\u00edvel em uma variedade de op\u00e7\u00f5es saborosas, atendendo a uma variedade de gostos. Este dispositivo f\u00e1cil de usar, ativado por suc\u00e7\u00e3o, n\u00e3o requer bot\u00f5es para pressionar nem recarga, o que o torna incrivelmente pr\u00e1tico. Ideal tanto para iniciantes quanto para vapers experientes, basta retir\u00e1-lo da embalagem e voc\u00ea estar\u00e1 pronto para vaporizar.<\/p>\n<p>&nbsp;<\/p>\n<h3 style=\"text-align: left\">Principais caracter\u00edsticas<\/h3>\n<ul>\n<li style=\"text-align: left\">Tamanho pequeno<\/li>\n<li style=\"text-align: left\">f\u00e1cil de transportar<\/li>\n<li style=\"text-align: left\">f\u00e1cil de usar<\/li>\n<li style=\"text-align: left\">\u00f3timo sabor<\/li>\n<\/ul>","protected":false},"excerpt":{"rendered":"<h3>Especifica\u00e7\u00f5es do produto<\/h3>\n<table>\n<tbody>\n<tr>\n<th style=\"text-align: left\">Tipo de produto<\/th>\n<td style=\"text-align: left\">Vape descart\u00e1vel<\/td>\n<\/tr>\n<tr>\n<th style=\"text-align: left\">Op\u00e7\u00f5es de cores<\/th>\n<td style=\"text-align: left\">Roxo<\/td>\n<\/tr>\n<tr>\n<th style=\"text-align: left\">Tamanho<\/th>\n<td style=\"text-align: left\">134*19 mm<\/td>\n<\/tr>\n<tr>\n<th style=\"text-align: left\">Material<\/th>\n<td style=\"text-align: left\">PC + A\u00e7o Inoxid\u00e1vel<\/td>\n<\/tr>\n<tr>\n<th style=\"text-align: left\">Serpentina de aquecimento<\/th>\n<td style=\"text-align: left\">Bobina de malha de 1,8\u03a9<\/td>\n<\/tr>\n<tr>\n<th style=\"text-align: left\">Sopro<\/th>\n<td style=\"text-align: left\">At\u00e9 2000 tragadas<\/td>\n<\/tr>\n<tr>\n<th style=\"text-align: left\">Bateria<\/th>\n<td style=\"text-align: left\">1500mAh recarreg\u00e1vel<\/td>\n<\/tr>\n<tr>\n<th style=\"text-align: left\">El\u00edquido pr\u00e9-preenchido<\/th>\n<td style=\"text-align: left\">7,0 ml<\/td>\n<\/tr>\n<tr>\n<th style=\"text-align: left\">Tens\u00e3o de trabalho<\/th>\n<td style=\"text-align: left\">3,6 V<\/td>\n<\/tr>\n<tr>\n<th style=\"text-align: left\">Destaque<\/th>\n<td style=\"text-align: left\">Bast\u00e3o descart\u00e1vel para vaporizador de nicotina com 50 mg de sal<\/td>\n<\/tr>\n<tr>\n<th style=\"text-align: left\">Sabor<\/th>\n<td style=\"text-align: left\">Frutas Vermelhas<\/td>\n<\/tr>\n<\/tbody>\n<\/table>","protected":false},"featured_media":10329,"comment_status":"closed","ping_status":"closed","template":"","meta":[],"product_brand":[],"product_cat":[54,47],"product_tag":[],"class_list":{"0":"post-10302","1":"product","2":"type-product","3":"status-publish","4":"has-post-thumbnail","6":"product_cat-chargeable-disposable-vapes","7":"product_cat-disposable-vapes","9":"first","10":"instock","11":"shipping-taxable","12":"product-type-simple"},"yoast_head":"<!-- This site is optimized with the Yoast SEO plugin v26.9 - https:\/\/yoast.com\/product\/yoast-seo-wordpress\/ -->\n<title>Mint Disposable Vape Stick Device 2000 Puffs 50mg Nicotine Salt<\/title>\n<meta name=\"description\" content=\"Mint Disposable Vape Stick Device 2000 Puffs 50mg Nicotine Salt Small size easy to carry easy to use great taste Stainless Steel\" \/>\n<meta name=\"robots\" content=\"index, follow, max-snippet:-1, max-image-preview:large, max-video-preview:-1\" \/>\n<link rel=\"canonical\" href=\"https:\/\/amxim.com\/pt\/product\/dispositivo-descartavel-para-vaporizar-hortela-2000-tragadas-50mg-de-sal-de-nicotina\/\" \/>\n<meta property=\"og:locale\" content=\"pt_PT\" \/>\n<meta property=\"og:type\" content=\"article\" \/>\n<meta property=\"og:title\" content=\"Mint Disposable Vape Stick Device 2000 Puffs 50mg Nicotine Salt\" \/>\n<meta property=\"og:description\" content=\"Mint Disposable Vape Stick Device 2000 Puffs 50mg Nicotine Salt Small size easy to carry easy to use great taste Stainless Steel\" \/>\n<meta property=\"og:url\" content=\"https:\/\/amxim.com\/pt\/product\/dispositivo-descartavel-para-vaporizar-hortela-2000-tragadas-50mg-de-sal-de-nicotina\/\" \/>\n<meta property=\"og:site_name\" content=\"AMXIM\" \/>\n<meta property=\"article:modified_time\" content=\"2025-04-02T01:36:53+00:00\" \/>\n<meta property=\"og:image\" content=\"https:\/\/amxim.com\/wp-content\/uploads\/2025\/03\/Mint-Disposable-Vape-Stick-Device-2000-Puffs-50mg-Nicotine-Salt-1.webp\" \/>\n\t<meta property=\"og:image:width\" content=\"1000\" \/>\n\t<meta property=\"og:image:height\" content=\"1000\" \/>\n\t<meta property=\"og:image:type\" content=\"image\/webp\" \/>\n<meta name=\"twitter:card\" content=\"summary_large_image\" \/>\n<meta name=\"twitter:label1\" content=\"Tempo estimado de leitura\" \/>\n\t<meta name=\"twitter:data1\" content=\"1 minuto\" \/>\n<script type=\"application\/ld+json\" class=\"yoast-schema-graph\">{\"@context\":\"https:\/\/schema.org\",\"@graph\":[{\"@type\":\"WebPage\",\"@id\":\"https:\/\/amxim.com\/product\/mint-disposable-vape-stick-device-2000-puffs-50mg-nicotine-salt\/\",\"url\":\"https:\/\/amxim.com\/product\/mint-disposable-vape-stick-device-2000-puffs-50mg-nicotine-salt\/\",\"name\":\"Mint Disposable Vape Stick Device 2000 Puffs 50mg Nicotine Salt\",\"isPartOf\":{\"@id\":\"https:\/\/amxim.com\/#website\"},\"primaryImageOfPage\":{\"@id\":\"https:\/\/amxim.com\/product\/mint-disposable-vape-stick-device-2000-puffs-50mg-nicotine-salt\/#primaryimage\"},\"image\":{\"@id\":\"https:\/\/amxim.com\/product\/mint-disposable-vape-stick-device-2000-puffs-50mg-nicotine-salt\/#primaryimage\"},\"thumbnailUrl\":\"https:\/\/amxim.com\/wp-content\/uploads\/2025\/03\/Mint-Disposable-Vape-Stick-Device-2000-Puffs-50mg-Nicotine-Salt-1.webp\",\"datePublished\":\"2025-03-26T09:16:03+00:00\",\"dateModified\":\"2025-04-02T01:36:53+00:00\",\"description\":\"Mint Disposable Vape Stick Device 2000 Puffs 50mg Nicotine Salt Small size easy to carry easy to use great taste Stainless Steel\",\"breadcrumb\":{\"@id\":\"https:\/\/amxim.com\/product\/mint-disposable-vape-stick-device-2000-puffs-50mg-nicotine-salt\/#breadcrumb\"},\"inLanguage\":\"pt-PT\",\"potentialAction\":[{\"@type\":\"ReadAction\",\"target\":[\"https:\/\/amxim.com\/product\/mint-disposable-vape-stick-device-2000-puffs-50mg-nicotine-salt\/\"]}]},{\"@type\":\"ImageObject\",\"inLanguage\":\"pt-PT\",\"@id\":\"https:\/\/amxim.com\/product\/mint-disposable-vape-stick-device-2000-puffs-50mg-nicotine-salt\/#primaryimage\",\"url\":\"https:\/\/amxim.com\/wp-content\/uploads\/2025\/03\/Mint-Disposable-Vape-Stick-Device-2000-Puffs-50mg-Nicotine-Salt-1.webp\",\"contentUrl\":\"https:\/\/amxim.com\/wp-content\/uploads\/2025\/03\/Mint-Disposable-Vape-Stick-Device-2000-Puffs-50mg-Nicotine-Salt-1.webp\",\"width\":1000,\"height\":1000,\"caption\":\"Mint Disposable Vape Stick Device 2000 Puffs 50mg Nicotine Salt\"},{\"@type\":\"BreadcrumbList\",\"@id\":\"https:\/\/amxim.com\/product\/mint-disposable-vape-stick-device-2000-puffs-50mg-nicotine-salt\/#breadcrumb\",\"itemListElement\":[{\"@type\":\"ListItem\",\"position\":1,\"name\":\"Home\",\"item\":\"https:\/\/amxim.com\/\"},{\"@type\":\"ListItem\",\"position\":2,\"name\":\"Products\",\"item\":\"https:\/\/amxim.com\/de\/products\/\"},{\"@type\":\"ListItem\",\"position\":3,\"name\":\"Mint Disposable Vape Stick Device 2000 Puffs 50mg Nicotine Salt\"}]},{\"@type\":\"WebSite\",\"@id\":\"https:\/\/amxim.com\/#website\",\"url\":\"https:\/\/amxim.com\/\",\"name\":\"AMXIM\",\"description\":\"AMXIM-OEM ODM Vape Manufacturer\",\"publisher\":{\"@id\":\"https:\/\/amxim.com\/#organization\"},\"potentialAction\":[{\"@type\":\"SearchAction\",\"target\":{\"@type\":\"EntryPoint\",\"urlTemplate\":\"https:\/\/amxim.com\/?s={search_term_string}\"},\"query-input\":{\"@type\":\"PropertyValueSpecification\",\"valueRequired\":true,\"valueName\":\"search_term_string\"}}],\"inLanguage\":\"pt-PT\"},{\"@type\":\"Organization\",\"@id\":\"https:\/\/amxim.com\/#organization\",\"name\":\"AMXIM\",\"url\":\"https:\/\/amxim.com\/\",\"logo\":{\"@type\":\"ImageObject\",\"inLanguage\":\"pt-PT\",\"@id\":\"https:\/\/amxim.com\/#\/schema\/logo\/image\/\",\"url\":\"https:\/\/amxim.com\/wp-content\/uploads\/2025\/03\/cropped-AMXIM-fav.webp\",\"contentUrl\":\"https:\/\/amxim.com\/wp-content\/uploads\/2025\/03\/cropped-AMXIM-fav.webp\",\"width\":512,\"height\":512,\"caption\":\"AMXIM\"},\"image\":{\"@id\":\"https:\/\/amxim.com\/#\/schema\/logo\/image\/\"}}]}<\/script>\n<!-- \/ Yoast SEO plugin. -->","yoast_head_json":{"title":"Dispositivo descart\u00e1vel para vaporizador de menta com 2000 baforadas e 50 mg de sal de nicotina","description":"Dispositivo descart\u00e1vel para vaporizador de menta, 2000 baforadas, 50 mg de sal de nicotina, tamanho pequeno, f\u00e1cil de transportar, f\u00e1cil de usar, \u00f3timo sabor, a\u00e7o inoxid\u00e1vel","robots":{"index":"index","follow":"follow","max-snippet":"max-snippet:-1","max-image-preview":"max-image-preview:large","max-video-preview":"max-video-preview:-1"},"canonical":"https:\/\/amxim.com\/pt\/product\/dispositivo-descartavel-para-vaporizar-hortela-2000-tragadas-50mg-de-sal-de-nicotina\/","og_locale":"pt_PT","og_type":"article","og_title":"Mint Disposable Vape Stick Device 2000 Puffs 50mg Nicotine Salt","og_description":"Mint Disposable Vape Stick Device 2000 Puffs 50mg Nicotine Salt Small size easy to carry easy to use great taste Stainless Steel","og_url":"https:\/\/amxim.com\/pt\/product\/dispositivo-descartavel-para-vaporizar-hortela-2000-tragadas-50mg-de-sal-de-nicotina\/","og_site_name":"AMXIM","article_modified_time":"2025-04-02T01:36:53+00:00","og_image":[{"width":1000,"height":1000,"url":"https:\/\/amxim.com\/wp-content\/uploads\/2025\/03\/Mint-Disposable-Vape-Stick-Device-2000-Puffs-50mg-Nicotine-Salt-1.webp","type":"image\/webp"}],"twitter_card":"summary_large_image","twitter_misc":{"Tempo estimado de leitura":"1 minuto"},"schema":{"@context":"https:\/\/schema.org","@graph":[{"@type":"WebPage","@id":"https:\/\/amxim.com\/product\/mint-disposable-vape-stick-device-2000-puffs-50mg-nicotine-salt\/","url":"https:\/\/amxim.com\/product\/mint-disposable-vape-stick-device-2000-puffs-50mg-nicotine-salt\/","name":"Dispositivo descart\u00e1vel para vaporizador de menta com 2000 baforadas e 50 mg de sal de nicotina","isPartOf":{"@id":"https:\/\/amxim.com\/#website"},"primaryImageOfPage":{"@id":"https:\/\/amxim.com\/product\/mint-disposable-vape-stick-device-2000-puffs-50mg-nicotine-salt\/#primaryimage"},"image":{"@id":"https:\/\/amxim.com\/product\/mint-disposable-vape-stick-device-2000-puffs-50mg-nicotine-salt\/#primaryimage"},"thumbnailUrl":"https:\/\/amxim.com\/wp-content\/uploads\/2025\/03\/Mint-Disposable-Vape-Stick-Device-2000-Puffs-50mg-Nicotine-Salt-1.webp","datePublished":"2025-03-26T09:16:03+00:00","dateModified":"2025-04-02T01:36:53+00:00","description":"Dispositivo descart\u00e1vel para vaporizador de menta, 2000 baforadas, 50 mg de sal de nicotina, tamanho pequeno, f\u00e1cil de transportar, f\u00e1cil de usar, \u00f3timo sabor, a\u00e7o inoxid\u00e1vel","breadcrumb":{"@id":"https:\/\/amxim.com\/product\/mint-disposable-vape-stick-device-2000-puffs-50mg-nicotine-salt\/#breadcrumb"},"inLanguage":"pt-PT","potentialAction":[{"@type":"ReadAction","target":["https:\/\/amxim.com\/product\/mint-disposable-vape-stick-device-2000-puffs-50mg-nicotine-salt\/"]}]},{"@type":"ImageObject","inLanguage":"pt-PT","@id":"https:\/\/amxim.com\/product\/mint-disposable-vape-stick-device-2000-puffs-50mg-nicotine-salt\/#primaryimage","url":"https:\/\/amxim.com\/wp-content\/uploads\/2025\/03\/Mint-Disposable-Vape-Stick-Device-2000-Puffs-50mg-Nicotine-Salt-1.webp","contentUrl":"https:\/\/amxim.com\/wp-content\/uploads\/2025\/03\/Mint-Disposable-Vape-Stick-Device-2000-Puffs-50mg-Nicotine-Salt-1.webp","width":1000,"height":1000,"caption":"Mint Disposable Vape Stick Device 2000 Puffs 50mg Nicotine Salt"},{"@type":"BreadcrumbList","@id":"https:\/\/amxim.com\/product\/mint-disposable-vape-stick-device-2000-puffs-50mg-nicotine-salt\/#breadcrumb","itemListElement":[{"@type":"ListItem","position":1,"name":"Home","item":"https:\/\/amxim.com\/"},{"@type":"ListItem","position":2,"name":"Products","item":"https:\/\/amxim.com\/de\/products\/"},{"@type":"ListItem","position":3,"name":"Mint Disposable Vape Stick Device 2000 Puffs 50mg Nicotine Salt"}]},{"@type":"WebSite","@id":"https:\/\/amxim.com\/#website","url":"https:\/\/amxim.com\/","name":"AMXIM","description":"Fabricante de Vape AMXIM-OEM ODM","publisher":{"@id":"https:\/\/amxim.com\/#organization"},"potentialAction":[{"@type":"SearchAction","target":{"@type":"EntryPoint","urlTemplate":"https:\/\/amxim.com\/?s={search_term_string}"},"query-input":{"@type":"PropertyValueSpecification","valueRequired":true,"valueName":"search_term_string"}}],"inLanguage":"pt-PT"},{"@type":"Organization","@id":"https:\/\/amxim.com\/#organization","name":"AMXIM","url":"https:\/\/amxim.com\/","logo":{"@type":"ImageObject","inLanguage":"pt-PT","@id":"https:\/\/amxim.com\/#\/schema\/logo\/image\/","url":"https:\/\/amxim.com\/wp-content\/uploads\/2025\/03\/cropped-AMXIM-fav.webp","contentUrl":"https:\/\/amxim.com\/wp-content\/uploads\/2025\/03\/cropped-AMXIM-fav.webp","width":512,"height":512,"caption":"AMXIM"},"image":{"@id":"https:\/\/amxim.com\/#\/schema\/logo\/image\/"}}]}},"_links":{"self":[{"href":"https:\/\/amxim.com\/pt\/wp-json\/wp\/v2\/product\/10302","targetHints":{"allow":["GET"]}}],"collection":[{"href":"https:\/\/amxim.com\/pt\/wp-json\/wp\/v2\/product"}],"about":[{"href":"https:\/\/amxim.com\/pt\/wp-json\/wp\/v2\/types\/product"}],"replies":[{"embeddable":true,"href":"https:\/\/amxim.com\/pt\/wp-json\/wp\/v2\/comments?post=10302"}],"version-history":[{"count":1,"href":"https:\/\/amxim.com\/pt\/wp-json\/wp\/v2\/product\/10302\/revisions"}],"predecessor-version":[{"id":11333,"href":"https:\/\/amxim.com\/pt\/wp-json\/wp\/v2\/product\/10302\/revisions\/11333"}],"wp:featuredmedia":[{"embeddable":true,"href":"https:\/\/amxim.com\/pt\/wp-json\/wp\/v2\/media\/10329"}],"wp:attachment":[{"href":"https:\/\/amxim.com\/pt\/wp-json\/wp\/v2\/media?parent=10302"}],"wp:term":[{"taxonomy":"product_brand","embeddable":true,"href":"https:\/\/amxim.com\/pt\/wp-json\/wp\/v2\/product_brand?post=10302"},{"taxonomy":"product_cat","embeddable":true,"href":"https:\/\/amxim.com\/pt\/wp-json\/wp\/v2\/product_cat?post=10302"},{"taxonomy":"product_tag","embeddable":true,"href":"https:\/\/amxim.com\/pt\/wp-json\/wp\/v2\/product_tag?post=10302"}],"curies":[{"name":"wp","href":"https:\/\/api.w.org\/{rel}","templated":true}]}}