{"id":10303,"date":"2025-03-26T09:18:49","date_gmt":"2025-03-26T09:18:49","guid":{"rendered":"https:\/\/amxim.com\/?post_type=product&#038;p=10303"},"modified":"2025-07-15T01:20:48","modified_gmt":"2025-07-15T01:20:48","slug":"caneta-vape-descartavel-12w-70ml-1500mah","status":"publish","type":"product","link":"https:\/\/amxim.com\/pt\/product\/caneta-vape-descartavel-12w-70ml-1500mah\/","title":{"rendered":"Caneta Vape descart\u00e1vel 12W 7,0ml 1500mAh"},"content":{"rendered":"<h2 style=\"text-align: left\">Caneta Vape descart\u00e1vel 12W 7,0ml 1500mAh<\/h2>\n<p style=\"text-align: left\">O design original bem elaborado, combinado com uma produ\u00e7\u00e3o de n\u00edvel especializado e um n\u00edvel impressionante de precis\u00e3o na replica\u00e7\u00e3o, faz deste cigarro eletr\u00f4nico descart\u00e1vel uma mistura perfeita de sabor frutado e sal de nicotina.<br \/>\nEste cigarro eletr\u00f4nico descart\u00e1vel possui um design port\u00e1til e compacto. Equipado com uma potente bateria interna de 1500 mAh e 7,0 ml de e-l\u00edquido pr\u00e9-preenchido, oferece cerca de 200 tragadas. Com 50 mg de nicotina, promete proporcionar uma experi\u00eancia de vaporiza\u00e7\u00e3o excepcional. Cada cigarro eletr\u00f4nico descart\u00e1vel \u00e9 embalado como um \u00fanico dispositivo e oferece uma tragada suave da boca para o pulm\u00e3o para o m\u00e1ximo conforto.<br \/>\nDispon\u00edvel em uma variedade de sabores atraentes, h\u00e1 uma escolha perfeita para cada prefer\u00eancia, incluindo menta, sorvete Lush Ice, sorvete de mirtilo, sorvete de lichia, frutas vermelhas mistas, sorvete de manga, sorvete de morango, sorvete de uva, sorvete de banana e sorvete de abacaxi.<\/p>\n<p>&nbsp;<\/p>\n<h3 style=\"text-align: left\">Principais caracter\u00edsticas<\/h3>\n<ul>\n<li style=\"text-align: left\">Interruptor pneum\u00e1tico<\/li>\n<li style=\"text-align: left\">Bateria integrada de 1500mAh<\/li>\n<li style=\"text-align: left\">Cont\u00e9m 7,0ml de ejuice<\/li>\n<li style=\"text-align: left\">Tamanho pequeno<\/li>\n<li style=\"text-align: left\">f\u00e1cil de transportar<\/li>\n<li style=\"text-align: left\">f\u00e1cil de usar<\/li>\n<li style=\"text-align: left\">\u00f3timo sabor<\/li>\n<\/ul>","protected":false},"excerpt":{"rendered":"<h3>Especifica\u00e7\u00f5es do produto<\/h3>\n<table>\n<tbody>\n<tr>\n<th style=\"text-align: left\">Tipo de produto<\/th>\n<td style=\"text-align: left\">Vape descart\u00e1vel<\/td>\n<\/tr>\n<tr>\n<th style=\"text-align: left\">Op\u00e7\u00f5es de cores<\/th>\n<td style=\"text-align: left\">Azul<\/td>\n<\/tr>\n<tr>\n<th style=\"text-align: left\">Tamanho<\/th>\n<td style=\"text-align: left\">134*19 mm<\/td>\n<\/tr>\n<tr>\n<th style=\"text-align: left\">Material<\/th>\n<td style=\"text-align: left\">PC + A\u00e7o Inoxid\u00e1vel<\/td>\n<\/tr>\n<tr>\n<th style=\"text-align: left\">Serpentina de aquecimento<\/th>\n<td style=\"text-align: left\">Bobina de malha de 1,6\u03a9<\/td>\n<\/tr>\n<tr>\n<th style=\"text-align: left\">Sopro<\/th>\n<td style=\"text-align: left\">At\u00e9 2000 tragadas<\/td>\n<\/tr>\n<tr>\n<th style=\"text-align: left\">Bateria<\/th>\n<td style=\"text-align: left\">1500mAh recarreg\u00e1vel<\/td>\n<\/tr>\n<tr>\n<th style=\"text-align: left\">El\u00edquido pr\u00e9-preenchido<\/th>\n<td style=\"text-align: left\">7,0 ml<\/td>\n<\/tr>\n<tr>\n<th style=\"text-align: left\">Pot\u00eancia(w)<\/th>\n<td style=\"text-align: left\">7W-12W<\/td>\n<\/tr>\n<tr>\n<th style=\"text-align: left\">OEM\/ODM<\/th>\n<td style=\"text-align: left\">Muito bem-vindo, dispon\u00edvel, sim<\/td>\n<\/tr>\n<tr>\n<th style=\"text-align: left\">Destaque<\/th>\n<td style=\"text-align: left\">Bast\u00e3o descart\u00e1vel para vaporizador 12W<\/td>\n<\/tr>\n<tr>\n<th style=\"text-align: left\">Sabor<\/th>\n<td style=\"text-align: left\">Sorvete de mirtilo<\/td>\n<\/tr>\n<\/tbody>\n<\/table>","protected":false},"featured_media":10334,"comment_status":"closed","ping_status":"closed","template":"","meta":[],"product_brand":[],"product_cat":[54,47,50],"product_tag":[],"class_list":{"0":"post-10303","1":"product","2":"type-product","3":"status-publish","4":"has-post-thumbnail","6":"product_cat-chargeable-disposable-vapes","7":"product_cat-disposable-vapes","8":"product_cat-pod-systems","10":"first","11":"instock","12":"shipping-taxable","13":"product-type-simple"},"yoast_head":"<!-- This site is optimized with the Yoast SEO plugin v26.9 - https:\/\/yoast.com\/product\/yoast-seo-wordpress\/ -->\n<title>Disposable Vape Stick Pen Pod Device 12W 7.0ml 1500mAh<\/title>\n<meta name=\"description\" content=\"Disposable Vape Stick Pen Pod Device 12W 7.0ml 1500mAh Pneumatic switch Integrated 1500mAh Battery Contains 7.0ml of ejuice\" \/>\n<meta name=\"robots\" content=\"index, follow, max-snippet:-1, max-image-preview:large, max-video-preview:-1\" \/>\n<link rel=\"canonical\" href=\"https:\/\/amxim.com\/pt\/product\/caneta-vape-descartavel-12w-70ml-1500mah\/\" \/>\n<meta property=\"og:locale\" content=\"pt_PT\" \/>\n<meta property=\"og:type\" content=\"article\" \/>\n<meta property=\"og:title\" content=\"Disposable Vape Stick Pen Pod Device 12W 7.0ml 1500mAh\" \/>\n<meta property=\"og:description\" content=\"Disposable Vape Stick Pen Pod Device 12W 7.0ml 1500mAh Pneumatic switch Integrated 1500mAh Battery Contains 7.0ml of ejuice\" \/>\n<meta property=\"og:url\" content=\"https:\/\/amxim.com\/pt\/product\/caneta-vape-descartavel-12w-70ml-1500mah\/\" \/>\n<meta property=\"og:site_name\" content=\"AMXIM\" \/>\n<meta property=\"article:modified_time\" content=\"2025-07-15T01:20:48+00:00\" \/>\n<meta property=\"og:image\" content=\"https:\/\/amxim.com\/wp-content\/uploads\/2025\/03\/Disposable-Vape-Stick-Pen-Pod-Device-12W-7.0ml-1500mAh-1.webp\" \/>\n\t<meta property=\"og:image:width\" content=\"1000\" \/>\n\t<meta property=\"og:image:height\" content=\"1000\" \/>\n\t<meta property=\"og:image:type\" content=\"image\/webp\" \/>\n<meta name=\"twitter:card\" content=\"summary_large_image\" \/>\n<meta name=\"twitter:label1\" content=\"Tempo estimado de leitura\" \/>\n\t<meta name=\"twitter:data1\" content=\"1 minuto\" \/>\n<script type=\"application\/ld+json\" class=\"yoast-schema-graph\">{\"@context\":\"https:\/\/schema.org\",\"@graph\":[{\"@type\":\"WebPage\",\"@id\":\"https:\/\/amxim.com\/product\/disposable-vape-stick-pen-pod-device-12w-7-0ml-1500mah\/\",\"url\":\"https:\/\/amxim.com\/product\/disposable-vape-stick-pen-pod-device-12w-7-0ml-1500mah\/\",\"name\":\"Disposable Vape Stick Pen Pod Device 12W 7.0ml 1500mAh\",\"isPartOf\":{\"@id\":\"https:\/\/amxim.com\/#website\"},\"primaryImageOfPage\":{\"@id\":\"https:\/\/amxim.com\/product\/disposable-vape-stick-pen-pod-device-12w-7-0ml-1500mah\/#primaryimage\"},\"image\":{\"@id\":\"https:\/\/amxim.com\/product\/disposable-vape-stick-pen-pod-device-12w-7-0ml-1500mah\/#primaryimage\"},\"thumbnailUrl\":\"https:\/\/amxim.com\/wp-content\/uploads\/2025\/03\/Disposable-Vape-Stick-Pen-Pod-Device-12W-7.0ml-1500mAh-1.webp\",\"datePublished\":\"2025-03-26T09:18:49+00:00\",\"dateModified\":\"2025-07-15T01:20:48+00:00\",\"description\":\"Disposable Vape Stick Pen Pod Device 12W 7.0ml 1500mAh Pneumatic switch Integrated 1500mAh Battery Contains 7.0ml of ejuice\",\"breadcrumb\":{\"@id\":\"https:\/\/amxim.com\/product\/disposable-vape-stick-pen-pod-device-12w-7-0ml-1500mah\/#breadcrumb\"},\"inLanguage\":\"pt-PT\",\"potentialAction\":[{\"@type\":\"ReadAction\",\"target\":[\"https:\/\/amxim.com\/product\/disposable-vape-stick-pen-pod-device-12w-7-0ml-1500mah\/\"]}]},{\"@type\":\"ImageObject\",\"inLanguage\":\"pt-PT\",\"@id\":\"https:\/\/amxim.com\/product\/disposable-vape-stick-pen-pod-device-12w-7-0ml-1500mah\/#primaryimage\",\"url\":\"https:\/\/amxim.com\/wp-content\/uploads\/2025\/03\/Disposable-Vape-Stick-Pen-Pod-Device-12W-7.0ml-1500mAh-1.webp\",\"contentUrl\":\"https:\/\/amxim.com\/wp-content\/uploads\/2025\/03\/Disposable-Vape-Stick-Pen-Pod-Device-12W-7.0ml-1500mAh-1.webp\",\"width\":1000,\"height\":1000,\"caption\":\"Disposable Vape Stick Pen Pod Device 12W 7.0ml 1500mAh\"},{\"@type\":\"BreadcrumbList\",\"@id\":\"https:\/\/amxim.com\/product\/disposable-vape-stick-pen-pod-device-12w-7-0ml-1500mah\/#breadcrumb\",\"itemListElement\":[{\"@type\":\"ListItem\",\"position\":1,\"name\":\"Home\",\"item\":\"https:\/\/amxim.com\/en\/\"},{\"@type\":\"ListItem\",\"position\":2,\"name\":\"Products\",\"item\":\"https:\/\/amxim.com\/de\/products\/\"},{\"@type\":\"ListItem\",\"position\":3,\"name\":\"Disposable Vape Stick Pen Pod Device 12W 7.0ml 1500mAh\"}]},{\"@type\":\"WebSite\",\"@id\":\"https:\/\/amxim.com\/#website\",\"url\":\"https:\/\/amxim.com\/\",\"name\":\"AMXIM\",\"description\":\"AMXIM-OEM ODM Vape Manufacturer\",\"publisher\":{\"@id\":\"https:\/\/amxim.com\/#organization\"},\"potentialAction\":[{\"@type\":\"SearchAction\",\"target\":{\"@type\":\"EntryPoint\",\"urlTemplate\":\"https:\/\/amxim.com\/?s={search_term_string}\"},\"query-input\":{\"@type\":\"PropertyValueSpecification\",\"valueRequired\":true,\"valueName\":\"search_term_string\"}}],\"inLanguage\":\"pt-PT\"},{\"@type\":\"Organization\",\"@id\":\"https:\/\/amxim.com\/#organization\",\"name\":\"AMXIM\",\"url\":\"https:\/\/amxim.com\/\",\"logo\":{\"@type\":\"ImageObject\",\"inLanguage\":\"pt-PT\",\"@id\":\"https:\/\/amxim.com\/#\/schema\/logo\/image\/\",\"url\":\"https:\/\/amxim.com\/wp-content\/uploads\/2025\/03\/cropped-AMXIM-fav.webp\",\"contentUrl\":\"https:\/\/amxim.com\/wp-content\/uploads\/2025\/03\/cropped-AMXIM-fav.webp\",\"width\":512,\"height\":512,\"caption\":\"AMXIM\"},\"image\":{\"@id\":\"https:\/\/amxim.com\/#\/schema\/logo\/image\/\"}}]}<\/script>\n<!-- \/ Yoast SEO plugin. -->","yoast_head_json":{"title":"Caneta Vape descart\u00e1vel 12W 7,0ml 1500mAh","description":"Caneta descart\u00e1vel Vape Stick Pod Device 12W 7,0ml 1500mAh Interruptor pneum\u00e1tico Bateria integrada de 1500mAh Cont\u00e9m 7,0ml de ejuice","robots":{"index":"index","follow":"follow","max-snippet":"max-snippet:-1","max-image-preview":"max-image-preview:large","max-video-preview":"max-video-preview:-1"},"canonical":"https:\/\/amxim.com\/pt\/product\/caneta-vape-descartavel-12w-70ml-1500mah\/","og_locale":"pt_PT","og_type":"article","og_title":"Disposable Vape Stick Pen Pod Device 12W 7.0ml 1500mAh","og_description":"Disposable Vape Stick Pen Pod Device 12W 7.0ml 1500mAh Pneumatic switch Integrated 1500mAh Battery Contains 7.0ml of ejuice","og_url":"https:\/\/amxim.com\/pt\/product\/caneta-vape-descartavel-12w-70ml-1500mah\/","og_site_name":"AMXIM","article_modified_time":"2025-07-15T01:20:48+00:00","og_image":[{"width":1000,"height":1000,"url":"https:\/\/amxim.com\/wp-content\/uploads\/2025\/03\/Disposable-Vape-Stick-Pen-Pod-Device-12W-7.0ml-1500mAh-1.webp","type":"image\/webp"}],"twitter_card":"summary_large_image","twitter_misc":{"Tempo estimado de leitura":"1 minuto"},"schema":{"@context":"https:\/\/schema.org","@graph":[{"@type":"WebPage","@id":"https:\/\/amxim.com\/product\/disposable-vape-stick-pen-pod-device-12w-7-0ml-1500mah\/","url":"https:\/\/amxim.com\/product\/disposable-vape-stick-pen-pod-device-12w-7-0ml-1500mah\/","name":"Caneta Vape descart\u00e1vel 12W 7,0ml 1500mAh","isPartOf":{"@id":"https:\/\/amxim.com\/#website"},"primaryImageOfPage":{"@id":"https:\/\/amxim.com\/product\/disposable-vape-stick-pen-pod-device-12w-7-0ml-1500mah\/#primaryimage"},"image":{"@id":"https:\/\/amxim.com\/product\/disposable-vape-stick-pen-pod-device-12w-7-0ml-1500mah\/#primaryimage"},"thumbnailUrl":"https:\/\/amxim.com\/wp-content\/uploads\/2025\/03\/Disposable-Vape-Stick-Pen-Pod-Device-12W-7.0ml-1500mAh-1.webp","datePublished":"2025-03-26T09:18:49+00:00","dateModified":"2025-07-15T01:20:48+00:00","description":"Caneta descart\u00e1vel Vape Stick Pod Device 12W 7,0ml 1500mAh Interruptor pneum\u00e1tico Bateria integrada de 1500mAh Cont\u00e9m 7,0ml de ejuice","breadcrumb":{"@id":"https:\/\/amxim.com\/product\/disposable-vape-stick-pen-pod-device-12w-7-0ml-1500mah\/#breadcrumb"},"inLanguage":"pt-PT","potentialAction":[{"@type":"ReadAction","target":["https:\/\/amxim.com\/product\/disposable-vape-stick-pen-pod-device-12w-7-0ml-1500mah\/"]}]},{"@type":"ImageObject","inLanguage":"pt-PT","@id":"https:\/\/amxim.com\/product\/disposable-vape-stick-pen-pod-device-12w-7-0ml-1500mah\/#primaryimage","url":"https:\/\/amxim.com\/wp-content\/uploads\/2025\/03\/Disposable-Vape-Stick-Pen-Pod-Device-12W-7.0ml-1500mAh-1.webp","contentUrl":"https:\/\/amxim.com\/wp-content\/uploads\/2025\/03\/Disposable-Vape-Stick-Pen-Pod-Device-12W-7.0ml-1500mAh-1.webp","width":1000,"height":1000,"caption":"Disposable Vape Stick Pen Pod Device 12W 7.0ml 1500mAh"},{"@type":"BreadcrumbList","@id":"https:\/\/amxim.com\/product\/disposable-vape-stick-pen-pod-device-12w-7-0ml-1500mah\/#breadcrumb","itemListElement":[{"@type":"ListItem","position":1,"name":"Home","item":"https:\/\/amxim.com\/en\/"},{"@type":"ListItem","position":2,"name":"Products","item":"https:\/\/amxim.com\/de\/products\/"},{"@type":"ListItem","position":3,"name":"Disposable Vape Stick Pen Pod Device 12W 7.0ml 1500mAh"}]},{"@type":"WebSite","@id":"https:\/\/amxim.com\/#website","url":"https:\/\/amxim.com\/","name":"AMXIM","description":"Fabricante de Vape AMXIM-OEM ODM","publisher":{"@id":"https:\/\/amxim.com\/#organization"},"potentialAction":[{"@type":"SearchAction","target":{"@type":"EntryPoint","urlTemplate":"https:\/\/amxim.com\/?s={search_term_string}"},"query-input":{"@type":"PropertyValueSpecification","valueRequired":true,"valueName":"search_term_string"}}],"inLanguage":"pt-PT"},{"@type":"Organization","@id":"https:\/\/amxim.com\/#organization","name":"AMXIM","url":"https:\/\/amxim.com\/","logo":{"@type":"ImageObject","inLanguage":"pt-PT","@id":"https:\/\/amxim.com\/#\/schema\/logo\/image\/","url":"https:\/\/amxim.com\/wp-content\/uploads\/2025\/03\/cropped-AMXIM-fav.webp","contentUrl":"https:\/\/amxim.com\/wp-content\/uploads\/2025\/03\/cropped-AMXIM-fav.webp","width":512,"height":512,"caption":"AMXIM"},"image":{"@id":"https:\/\/amxim.com\/#\/schema\/logo\/image\/"}}]}},"_links":{"self":[{"href":"https:\/\/amxim.com\/pt\/wp-json\/wp\/v2\/product\/10303","targetHints":{"allow":["GET"]}}],"collection":[{"href":"https:\/\/amxim.com\/pt\/wp-json\/wp\/v2\/product"}],"about":[{"href":"https:\/\/amxim.com\/pt\/wp-json\/wp\/v2\/types\/product"}],"replies":[{"embeddable":true,"href":"https:\/\/amxim.com\/pt\/wp-json\/wp\/v2\/comments?post=10303"}],"version-history":[{"count":3,"href":"https:\/\/amxim.com\/pt\/wp-json\/wp\/v2\/product\/10303\/revisions"}],"predecessor-version":[{"id":12793,"href":"https:\/\/amxim.com\/pt\/wp-json\/wp\/v2\/product\/10303\/revisions\/12793"}],"wp:featuredmedia":[{"embeddable":true,"href":"https:\/\/amxim.com\/pt\/wp-json\/wp\/v2\/media\/10334"}],"wp:attachment":[{"href":"https:\/\/amxim.com\/pt\/wp-json\/wp\/v2\/media?parent=10303"}],"wp:term":[{"taxonomy":"product_brand","embeddable":true,"href":"https:\/\/amxim.com\/pt\/wp-json\/wp\/v2\/product_brand?post=10303"},{"taxonomy":"product_cat","embeddable":true,"href":"https:\/\/amxim.com\/pt\/wp-json\/wp\/v2\/product_cat?post=10303"},{"taxonomy":"product_tag","embeddable":true,"href":"https:\/\/amxim.com\/pt\/wp-json\/wp\/v2\/product_tag?post=10303"}],"curies":[{"name":"wp","href":"https:\/\/api.w.org\/{rel}","templated":true}]}}