{"id":10432,"date":"2025-03-27T01:55:14","date_gmt":"2025-03-27T01:55:14","guid":{"rendered":"https:\/\/amxim.com\/?post_type=product&#038;p=10432"},"modified":"2025-04-02T01:38:48","modified_gmt":"2025-04-02T01:38:48","slug":"pod-descartavel-para-vaporizador-de-60-ml-pre-carregado-aco-inoxidavel-uva-gelo","status":"publish","type":"product","link":"https:\/\/amxim.com\/pt\/product\/pod-descartavel-para-vaporizador-de-60-ml-pre-carregado-aco-inoxidavel-uva-gelo\/","title":{"rendered":"Pod descart\u00e1vel para vaporizador de 6,0 ml pr\u00e9-carregado em a\u00e7o inoxid\u00e1vel com sabor de uva e gelo"},"content":{"rendered":"<h2 style=\"text-align: left\">Pod descart\u00e1vel para vaporizador de 6,0 ml pr\u00e9-carregado em a\u00e7o inoxid\u00e1vel com sabor de uva e gelo<\/h2>\n<p style=\"text-align: left\">Os vaporizadores descart\u00e1veis est\u00e3o entre os descart\u00e1veis mais dur\u00e1veis do mercado. Eles possuem uma bateria de 1200 mAh e v\u00eam pr\u00e9-carregados com incr\u00edveis 6 ml de e-l\u00edquido. Isso permite que voc\u00ea vaporize por mais tempo com um \u00fanico descart\u00e1vel e torna o vaporizador descart\u00e1vel uma \u00f3tima op\u00e7\u00e3o para viagens, viagens longas ou at\u00e9 mesmo para o uso di\u00e1rio. Cada vaporizador descart\u00e1vel dura at\u00e9 1500 tragadas.<br \/>\nCada vaporizador descart\u00e1vel vem pr\u00e9-preenchido com e-juice 5% (50 mg) de nicotina e sal. Vaporizam como vaporizadores descart\u00e1veis comuns, proporcionando a mesma sensa\u00e7\u00e3o na garganta e uma tragada agrad\u00e1vel. Al\u00e9m disso, proporcionam uma sensa\u00e7\u00e3o agrad\u00e1vel na m\u00e3o, gra\u00e7as \u00e0 sua estrutura emborrachada e macia.<\/p>\n<p>&nbsp;<\/p>\n<h3 style=\"text-align: left\">Principais caracter\u00edsticas<\/h3>\n<ul>\n<li style=\"text-align: left\">Boa batida na garganta<\/li>\n<li style=\"text-align: left\">Sabores saborosos<\/li>\n<li style=\"text-align: left\">5ml de e-l\u00edquido<\/li>\n<li style=\"text-align: left\">Dura mais do que outros descart\u00e1veis (mais de 1.500 baforadas)<\/li>\n<\/ul>","protected":false},"excerpt":{"rendered":"<h3>Especifica\u00e7\u00f5es do produto<\/h3>\n<table>\n<tbody>\n<tr>\n<th style=\"text-align: left\">Tipo de produto<\/th>\n<td style=\"text-align: left\">Vape descart\u00e1vel<\/td>\n<\/tr>\n<tr>\n<th style=\"text-align: left\">Cor<\/th>\n<td style=\"text-align: left\">Vermelho ou OEM<\/td>\n<\/tr>\n<tr>\n<th style=\"text-align: left\">Tamanho<\/th>\n<td style=\"text-align: left\">118*19 mm<\/td>\n<\/tr>\n<tr>\n<th style=\"text-align: left\">Material<\/th>\n<td style=\"text-align: left\">PC + A\u00e7o Inoxid\u00e1vel<\/td>\n<\/tr>\n<tr>\n<th style=\"text-align: left\">Serpentina de aquecimento<\/th>\n<td style=\"text-align: left\">Bobina de malha de 1,6\u03a9<\/td>\n<\/tr>\n<tr>\n<th style=\"text-align: left\">Sopro<\/th>\n<td style=\"text-align: left\">At\u00e9 1500 tragadas<\/td>\n<\/tr>\n<tr>\n<th style=\"text-align: left\">Bateria<\/th>\n<td style=\"text-align: left\">1200mAh recarreg\u00e1vel<\/td>\n<\/tr>\n<tr>\n<th style=\"text-align: left\">El\u00edquido pr\u00e9-preenchido<\/th>\n<td style=\"text-align: left\">6,0 ml<\/td>\n<\/tr>\n<tr>\n<th style=\"text-align: left\">Sabor<\/th>\n<td style=\"text-align: left\">Cereja Lim\u00e3o<\/td>\n<\/tr>\n<tr>\n<th style=\"text-align: left\">Destaque<\/th>\n<td style=\"text-align: left\">OEM Uva Ice Vape Pod Descart\u00e1vel<\/td>\n<\/tr>\n<\/tbody>\n<\/table>","protected":false},"featured_media":10441,"comment_status":"closed","ping_status":"closed","template":"","meta":[],"product_brand":[],"product_cat":[54,47],"product_tag":[],"class_list":{"0":"post-10432","1":"product","2":"type-product","3":"status-publish","4":"has-post-thumbnail","6":"product_cat-chargeable-disposable-vapes","7":"product_cat-disposable-vapes","9":"first","10":"instock","11":"shipping-taxable","12":"product-type-simple"},"yoast_head":"<!-- This site is optimized with the Yoast SEO plugin v26.9 - https:\/\/yoast.com\/product\/yoast-seo-wordpress\/ -->\n<title>6.0mL Disposable Vape Pod Pre Charged Stainless Steel Grape Ice<\/title>\n<meta name=\"description\" content=\"6.0mL Disposable Vape Pod Pre Charged Stainless Steel Grape Ice OEM Grape Ice Disposable Vape Pod Strawberry Banana 1200mAh Rechargeable\" \/>\n<meta name=\"robots\" content=\"index, follow, max-snippet:-1, max-image-preview:large, max-video-preview:-1\" \/>\n<link rel=\"canonical\" href=\"https:\/\/amxim.com\/pt\/product\/pod-descartavel-para-vaporizador-de-60-ml-pre-carregado-aco-inoxidavel-uva-gelo\/\" \/>\n<meta property=\"og:locale\" content=\"pt_PT\" \/>\n<meta property=\"og:type\" content=\"article\" \/>\n<meta property=\"og:title\" content=\"6.0mL Disposable Vape Pod Pre Charged Stainless Steel Grape Ice\" \/>\n<meta property=\"og:description\" content=\"6.0mL Disposable Vape Pod Pre Charged Stainless Steel Grape Ice OEM Grape Ice Disposable Vape Pod Strawberry Banana 1200mAh Rechargeable\" \/>\n<meta property=\"og:url\" content=\"https:\/\/amxim.com\/pt\/product\/pod-descartavel-para-vaporizador-de-60-ml-pre-carregado-aco-inoxidavel-uva-gelo\/\" \/>\n<meta property=\"og:site_name\" content=\"AMXIM\" \/>\n<meta property=\"article:modified_time\" content=\"2025-04-02T01:38:48+00:00\" \/>\n<meta property=\"og:image\" content=\"https:\/\/amxim.com\/wp-content\/uploads\/2025\/03\/6.0mL-Disposable-Vape-Pod-Pre-Charged-Stainless-Steel-Grape-Ice-1.webp\" \/>\n\t<meta property=\"og:image:width\" content=\"1000\" \/>\n\t<meta property=\"og:image:height\" content=\"1000\" \/>\n\t<meta property=\"og:image:type\" content=\"image\/webp\" \/>\n<meta name=\"twitter:card\" content=\"summary_large_image\" \/>\n<meta name=\"twitter:label1\" content=\"Tempo estimado de leitura\" \/>\n\t<meta name=\"twitter:data1\" content=\"1 minuto\" \/>\n<script type=\"application\/ld+json\" class=\"yoast-schema-graph\">{\"@context\":\"https:\/\/schema.org\",\"@graph\":[{\"@type\":\"WebPage\",\"@id\":\"https:\/\/amxim.com\/product\/6-0ml-disposable-vape-pod-pre-charged-stainless-steel-grape-ice\/\",\"url\":\"https:\/\/amxim.com\/product\/6-0ml-disposable-vape-pod-pre-charged-stainless-steel-grape-ice\/\",\"name\":\"6.0mL Disposable Vape Pod Pre Charged Stainless Steel Grape Ice\",\"isPartOf\":{\"@id\":\"https:\/\/amxim.com\/#website\"},\"primaryImageOfPage\":{\"@id\":\"https:\/\/amxim.com\/product\/6-0ml-disposable-vape-pod-pre-charged-stainless-steel-grape-ice\/#primaryimage\"},\"image\":{\"@id\":\"https:\/\/amxim.com\/product\/6-0ml-disposable-vape-pod-pre-charged-stainless-steel-grape-ice\/#primaryimage\"},\"thumbnailUrl\":\"https:\/\/amxim.com\/wp-content\/uploads\/2025\/03\/6.0mL-Disposable-Vape-Pod-Pre-Charged-Stainless-Steel-Grape-Ice-1.webp\",\"datePublished\":\"2025-03-27T01:55:14+00:00\",\"dateModified\":\"2025-04-02T01:38:48+00:00\",\"description\":\"6.0mL Disposable Vape Pod Pre Charged Stainless Steel Grape Ice OEM Grape Ice Disposable Vape Pod Strawberry Banana 1200mAh Rechargeable\",\"breadcrumb\":{\"@id\":\"https:\/\/amxim.com\/product\/6-0ml-disposable-vape-pod-pre-charged-stainless-steel-grape-ice\/#breadcrumb\"},\"inLanguage\":\"pt-PT\",\"potentialAction\":[{\"@type\":\"ReadAction\",\"target\":[\"https:\/\/amxim.com\/product\/6-0ml-disposable-vape-pod-pre-charged-stainless-steel-grape-ice\/\"]}]},{\"@type\":\"ImageObject\",\"inLanguage\":\"pt-PT\",\"@id\":\"https:\/\/amxim.com\/product\/6-0ml-disposable-vape-pod-pre-charged-stainless-steel-grape-ice\/#primaryimage\",\"url\":\"https:\/\/amxim.com\/wp-content\/uploads\/2025\/03\/6.0mL-Disposable-Vape-Pod-Pre-Charged-Stainless-Steel-Grape-Ice-1.webp\",\"contentUrl\":\"https:\/\/amxim.com\/wp-content\/uploads\/2025\/03\/6.0mL-Disposable-Vape-Pod-Pre-Charged-Stainless-Steel-Grape-Ice-1.webp\",\"width\":1000,\"height\":1000,\"caption\":\"6.0mL Disposable Vape Pod Pre Charged Stainless Steel Grape Ice\"},{\"@type\":\"BreadcrumbList\",\"@id\":\"https:\/\/amxim.com\/product\/6-0ml-disposable-vape-pod-pre-charged-stainless-steel-grape-ice\/#breadcrumb\",\"itemListElement\":[{\"@type\":\"ListItem\",\"position\":1,\"name\":\"Home\",\"item\":\"https:\/\/amxim.com\/\"},{\"@type\":\"ListItem\",\"position\":2,\"name\":\"Products\",\"item\":\"https:\/\/amxim.com\/de\/products\/\"},{\"@type\":\"ListItem\",\"position\":3,\"name\":\"6.0mL Disposable Vape Pod Pre Charged Stainless Steel Grape Ice\"}]},{\"@type\":\"WebSite\",\"@id\":\"https:\/\/amxim.com\/#website\",\"url\":\"https:\/\/amxim.com\/\",\"name\":\"AMXIM\",\"description\":\"AMXIM-OEM ODM Vape Manufacturer\",\"publisher\":{\"@id\":\"https:\/\/amxim.com\/#organization\"},\"potentialAction\":[{\"@type\":\"SearchAction\",\"target\":{\"@type\":\"EntryPoint\",\"urlTemplate\":\"https:\/\/amxim.com\/?s={search_term_string}\"},\"query-input\":{\"@type\":\"PropertyValueSpecification\",\"valueRequired\":true,\"valueName\":\"search_term_string\"}}],\"inLanguage\":\"pt-PT\"},{\"@type\":\"Organization\",\"@id\":\"https:\/\/amxim.com\/#organization\",\"name\":\"AMXIM\",\"url\":\"https:\/\/amxim.com\/\",\"logo\":{\"@type\":\"ImageObject\",\"inLanguage\":\"pt-PT\",\"@id\":\"https:\/\/amxim.com\/#\/schema\/logo\/image\/\",\"url\":\"https:\/\/amxim.com\/wp-content\/uploads\/2025\/03\/cropped-AMXIM-fav.webp\",\"contentUrl\":\"https:\/\/amxim.com\/wp-content\/uploads\/2025\/03\/cropped-AMXIM-fav.webp\",\"width\":512,\"height\":512,\"caption\":\"AMXIM\"},\"image\":{\"@id\":\"https:\/\/amxim.com\/#\/schema\/logo\/image\/\"}}]}<\/script>\n<!-- \/ Yoast SEO plugin. -->","yoast_head_json":{"title":"Pod descart\u00e1vel para vaporizador de 6,0 ml pr\u00e9-carregado em a\u00e7o inoxid\u00e1vel com sabor de uva e gelo","description":"Pod descart\u00e1vel para vaporizador de 6,0 ml, pr\u00e9-carregado, a\u00e7o inoxid\u00e1vel, uva, gelo, OEM, uva, gelo, pod descart\u00e1vel para vaporizador, morango, banana, 1200 mAh, recarreg\u00e1vel","robots":{"index":"index","follow":"follow","max-snippet":"max-snippet:-1","max-image-preview":"max-image-preview:large","max-video-preview":"max-video-preview:-1"},"canonical":"https:\/\/amxim.com\/pt\/product\/pod-descartavel-para-vaporizador-de-60-ml-pre-carregado-aco-inoxidavel-uva-gelo\/","og_locale":"pt_PT","og_type":"article","og_title":"6.0mL Disposable Vape Pod Pre Charged Stainless Steel Grape Ice","og_description":"6.0mL Disposable Vape Pod Pre Charged Stainless Steel Grape Ice OEM Grape Ice Disposable Vape Pod Strawberry Banana 1200mAh Rechargeable","og_url":"https:\/\/amxim.com\/pt\/product\/pod-descartavel-para-vaporizador-de-60-ml-pre-carregado-aco-inoxidavel-uva-gelo\/","og_site_name":"AMXIM","article_modified_time":"2025-04-02T01:38:48+00:00","og_image":[{"width":1000,"height":1000,"url":"https:\/\/amxim.com\/wp-content\/uploads\/2025\/03\/6.0mL-Disposable-Vape-Pod-Pre-Charged-Stainless-Steel-Grape-Ice-1.webp","type":"image\/webp"}],"twitter_card":"summary_large_image","twitter_misc":{"Tempo estimado de leitura":"1 minuto"},"schema":{"@context":"https:\/\/schema.org","@graph":[{"@type":"WebPage","@id":"https:\/\/amxim.com\/product\/6-0ml-disposable-vape-pod-pre-charged-stainless-steel-grape-ice\/","url":"https:\/\/amxim.com\/product\/6-0ml-disposable-vape-pod-pre-charged-stainless-steel-grape-ice\/","name":"Pod descart\u00e1vel para vaporizador de 6,0 ml pr\u00e9-carregado em a\u00e7o inoxid\u00e1vel com sabor de uva e gelo","isPartOf":{"@id":"https:\/\/amxim.com\/#website"},"primaryImageOfPage":{"@id":"https:\/\/amxim.com\/product\/6-0ml-disposable-vape-pod-pre-charged-stainless-steel-grape-ice\/#primaryimage"},"image":{"@id":"https:\/\/amxim.com\/product\/6-0ml-disposable-vape-pod-pre-charged-stainless-steel-grape-ice\/#primaryimage"},"thumbnailUrl":"https:\/\/amxim.com\/wp-content\/uploads\/2025\/03\/6.0mL-Disposable-Vape-Pod-Pre-Charged-Stainless-Steel-Grape-Ice-1.webp","datePublished":"2025-03-27T01:55:14+00:00","dateModified":"2025-04-02T01:38:48+00:00","description":"Pod descart\u00e1vel para vaporizador de 6,0 ml, pr\u00e9-carregado, a\u00e7o inoxid\u00e1vel, uva, gelo, OEM, uva, gelo, pod descart\u00e1vel para vaporizador, morango, banana, 1200 mAh, recarreg\u00e1vel","breadcrumb":{"@id":"https:\/\/amxim.com\/product\/6-0ml-disposable-vape-pod-pre-charged-stainless-steel-grape-ice\/#breadcrumb"},"inLanguage":"pt-PT","potentialAction":[{"@type":"ReadAction","target":["https:\/\/amxim.com\/product\/6-0ml-disposable-vape-pod-pre-charged-stainless-steel-grape-ice\/"]}]},{"@type":"ImageObject","inLanguage":"pt-PT","@id":"https:\/\/amxim.com\/product\/6-0ml-disposable-vape-pod-pre-charged-stainless-steel-grape-ice\/#primaryimage","url":"https:\/\/amxim.com\/wp-content\/uploads\/2025\/03\/6.0mL-Disposable-Vape-Pod-Pre-Charged-Stainless-Steel-Grape-Ice-1.webp","contentUrl":"https:\/\/amxim.com\/wp-content\/uploads\/2025\/03\/6.0mL-Disposable-Vape-Pod-Pre-Charged-Stainless-Steel-Grape-Ice-1.webp","width":1000,"height":1000,"caption":"6.0mL Disposable Vape Pod Pre Charged Stainless Steel Grape Ice"},{"@type":"BreadcrumbList","@id":"https:\/\/amxim.com\/product\/6-0ml-disposable-vape-pod-pre-charged-stainless-steel-grape-ice\/#breadcrumb","itemListElement":[{"@type":"ListItem","position":1,"name":"Home","item":"https:\/\/amxim.com\/"},{"@type":"ListItem","position":2,"name":"Products","item":"https:\/\/amxim.com\/de\/products\/"},{"@type":"ListItem","position":3,"name":"6.0mL Disposable Vape Pod Pre Charged Stainless Steel Grape Ice"}]},{"@type":"WebSite","@id":"https:\/\/amxim.com\/#website","url":"https:\/\/amxim.com\/","name":"AMXIM","description":"Fabricante de Vape AMXIM-OEM ODM","publisher":{"@id":"https:\/\/amxim.com\/#organization"},"potentialAction":[{"@type":"SearchAction","target":{"@type":"EntryPoint","urlTemplate":"https:\/\/amxim.com\/?s={search_term_string}"},"query-input":{"@type":"PropertyValueSpecification","valueRequired":true,"valueName":"search_term_string"}}],"inLanguage":"pt-PT"},{"@type":"Organization","@id":"https:\/\/amxim.com\/#organization","name":"AMXIM","url":"https:\/\/amxim.com\/","logo":{"@type":"ImageObject","inLanguage":"pt-PT","@id":"https:\/\/amxim.com\/#\/schema\/logo\/image\/","url":"https:\/\/amxim.com\/wp-content\/uploads\/2025\/03\/cropped-AMXIM-fav.webp","contentUrl":"https:\/\/amxim.com\/wp-content\/uploads\/2025\/03\/cropped-AMXIM-fav.webp","width":512,"height":512,"caption":"AMXIM"},"image":{"@id":"https:\/\/amxim.com\/#\/schema\/logo\/image\/"}}]}},"_links":{"self":[{"href":"https:\/\/amxim.com\/pt\/wp-json\/wp\/v2\/product\/10432","targetHints":{"allow":["GET"]}}],"collection":[{"href":"https:\/\/amxim.com\/pt\/wp-json\/wp\/v2\/product"}],"about":[{"href":"https:\/\/amxim.com\/pt\/wp-json\/wp\/v2\/types\/product"}],"replies":[{"embeddable":true,"href":"https:\/\/amxim.com\/pt\/wp-json\/wp\/v2\/comments?post=10432"}],"version-history":[{"count":1,"href":"https:\/\/amxim.com\/pt\/wp-json\/wp\/v2\/product\/10432\/revisions"}],"predecessor-version":[{"id":11335,"href":"https:\/\/amxim.com\/pt\/wp-json\/wp\/v2\/product\/10432\/revisions\/11335"}],"wp:featuredmedia":[{"embeddable":true,"href":"https:\/\/amxim.com\/pt\/wp-json\/wp\/v2\/media\/10441"}],"wp:attachment":[{"href":"https:\/\/amxim.com\/pt\/wp-json\/wp\/v2\/media?parent=10432"}],"wp:term":[{"taxonomy":"product_brand","embeddable":true,"href":"https:\/\/amxim.com\/pt\/wp-json\/wp\/v2\/product_brand?post=10432"},{"taxonomy":"product_cat","embeddable":true,"href":"https:\/\/amxim.com\/pt\/wp-json\/wp\/v2\/product_cat?post=10432"},{"taxonomy":"product_tag","embeddable":true,"href":"https:\/\/amxim.com\/pt\/wp-json\/wp\/v2\/product_tag?post=10432"}],"curies":[{"name":"wp","href":"https:\/\/api.w.org\/{rel}","templated":true}]}}