{"id":10435,"date":"2025-03-27T02:02:50","date_gmt":"2025-03-27T02:02:50","guid":{"rendered":"https:\/\/amxim.com\/?post_type=product&#038;p=10435"},"modified":"2026-02-04T02:59:31","modified_gmt":"2026-02-04T02:59:31","slug":"pod-descartavel-para-vape-de-frutas-mistas-cigarro-eletronico-60-ml-bateria-de-1200mah","status":"publish","type":"product","link":"https:\/\/amxim.com\/pt\/product\/pod-descartavel-para-vape-de-frutas-mistas-cigarro-eletronico-60-ml-bateria-de-1200mah\/","title":{"rendered":"Pod descart\u00e1vel para cigarro eletr\u00f4nico Mix Fruit Vape Pod 6,0ml Bateria 1200mAh"},"content":{"rendered":"<h2 style=\"text-align: left\">Pod descart\u00e1vel para cigarro eletr\u00f4nico Mix Fruit Vape Pod 6,0ml Bateria 1200mAh<\/h2>\n<p style=\"text-align: left\">Esta caneta el\u00e9trica descart\u00e1vel para vaporiza\u00e7\u00e3o \u00e9 um dispositivo port\u00e1til e f\u00e1cil de usar. Ela cabe no bolso e vem embalada individualmente. Os pods cont\u00eam 6,0 ml de uma f\u00f3rmula especial de sal de nicotina.<br \/>\nO teor de nicotina \u00e9 de 5,0% do juice, ou 50 mg. Os dispositivos s\u00e3o pequenos, t\u00eam um bocal achatado e n\u00e3o possuem bot\u00f5es. Toda a unidade \u00e9 ativada pela respira\u00e7\u00e3o.<br \/>\nOs usu\u00e1rios n\u00e3o precisam carregar o dispositivo nem encher os pods.<\/p>\n<p>&nbsp;<\/p>\n<h3 style=\"text-align: left\">Principais caracter\u00edsticas<\/h3>\n<ul>\n<li style=\"text-align: left\">Super conveniente<\/li>\n<li style=\"text-align: left\">Grande golpe na garganta<\/li>\n<li style=\"text-align: left\">Perfeito para ex-fumantes<\/li>\n<li style=\"text-align: left\">Boa mistura de nicotina<\/li>\n<li style=\"text-align: left\">Sabores excelentes<\/li>\n<\/ul>","protected":false},"excerpt":{"rendered":"<h3>Especifica\u00e7\u00f5es do produto<\/h3>\n<table>\n<tbody>\n<tr>\n<th style=\"text-align: left\">Tipo de produto<\/th>\n<td style=\"text-align: left\">Vape descart\u00e1vel<\/td>\n<\/tr>\n<tr>\n<th style=\"text-align: left\">Cor<\/th>\n<td style=\"text-align: left\">Vermelho ou OEM<\/td>\n<\/tr>\n<tr>\n<th style=\"text-align: left\">Tamanho<\/th>\n<td style=\"text-align: left\">118*19 mm<\/td>\n<\/tr>\n<tr>\n<th style=\"text-align: left\">Material<\/th>\n<td style=\"text-align: left\">PC + A\u00e7o Inoxid\u00e1vel<\/td>\n<\/tr>\n<tr>\n<th style=\"text-align: left\">Serpentina de aquecimento<\/th>\n<td style=\"text-align: left\">Bobina de malha de 1,6\u03a9<\/td>\n<\/tr>\n<tr>\n<th style=\"text-align: left\">Sopro<\/th>\n<td style=\"text-align: left\">At\u00e9 1500 tragadas<\/td>\n<\/tr>\n<tr>\n<th style=\"text-align: left\">Bateria<\/th>\n<td style=\"text-align: left\">1200mAh recarreg\u00e1vel<\/td>\n<\/tr>\n<tr>\n<th style=\"text-align: left\">El\u00edquido pr\u00e9-preenchido<\/th>\n<td style=\"text-align: left\">6,0 ml<\/td>\n<\/tr>\n<tr>\n<th style=\"text-align: left\">Sabor<\/th>\n<td style=\"text-align: left\">Morango Banana<\/td>\n<\/tr>\n<tr>\n<th style=\"text-align: left\">Destaque<\/th>\n<td style=\"text-align: left\">C\u00e1psula descart\u00e1vel para vaporizador de frutas mistas de 6,0 ml, c\u00e1psula descart\u00e1vel para vaporizador de frutas mistas ODM <\/td>\n<\/tr>\n<\/tbody>\n<\/table>","protected":false},"featured_media":10454,"comment_status":"closed","ping_status":"closed","template":"","meta":[],"product_brand":[],"product_cat":[54,47],"product_tag":[],"class_list":{"0":"post-10435","1":"product","2":"type-product","3":"status-publish","4":"has-post-thumbnail","6":"product_cat-chargeable-disposable-vapes","7":"product_cat-disposable-vapes","9":"first","10":"instock","11":"shipping-taxable","12":"product-type-simple"},"yoast_head":"<!-- This site is optimized with the Yoast SEO plugin v26.9 - https:\/\/yoast.com\/product\/yoast-seo-wordpress\/ -->\n<title>Mixed Fruit Disposable Vape Pod Electronic Cigarette 6.0ml 1200mAh Battery<\/title>\n<meta name=\"description\" content=\"Mixed Fruit Disposable Vape Pod Electronic Cigarette 6.0ml 1200mAh Battery Super-convenient Disposable Vape Great throat hit\" \/>\n<meta name=\"robots\" content=\"index, follow, max-snippet:-1, max-image-preview:large, max-video-preview:-1\" \/>\n<link rel=\"canonical\" href=\"https:\/\/amxim.com\/pt\/product\/pod-descartavel-para-vape-de-frutas-mistas-cigarro-eletronico-60-ml-bateria-de-1200mah\/\" \/>\n<meta property=\"og:locale\" content=\"pt_PT\" \/>\n<meta property=\"og:type\" content=\"article\" \/>\n<meta property=\"og:title\" content=\"Mixed Fruit Disposable Vape Pod Electronic Cigarette 6.0ml 1200mAh Battery\" \/>\n<meta property=\"og:description\" content=\"Mixed Fruit Disposable Vape Pod Electronic Cigarette 6.0ml 1200mAh Battery Super-convenient Disposable Vape Great throat hit\" \/>\n<meta property=\"og:url\" content=\"https:\/\/amxim.com\/pt\/product\/pod-descartavel-para-vape-de-frutas-mistas-cigarro-eletronico-60-ml-bateria-de-1200mah\/\" \/>\n<meta property=\"og:site_name\" content=\"AMXIM\" \/>\n<meta property=\"article:modified_time\" content=\"2026-02-04T02:59:31+00:00\" \/>\n<meta property=\"og:image\" content=\"https:\/\/amxim.com\/wp-content\/uploads\/2025\/03\/Mixed-Fruit-Disposable-Vape-Pod-Electronic-Cigarette-6.0ml-1200mAh-Battery-1.webp\" \/>\n\t<meta property=\"og:image:width\" content=\"1000\" \/>\n\t<meta property=\"og:image:height\" content=\"1000\" \/>\n\t<meta property=\"og:image:type\" content=\"image\/webp\" \/>\n<meta name=\"twitter:card\" content=\"summary_large_image\" \/>\n<meta name=\"twitter:label1\" content=\"Tempo estimado de leitura\" \/>\n\t<meta name=\"twitter:data1\" content=\"1 minuto\" \/>\n<script type=\"application\/ld+json\" class=\"yoast-schema-graph\">{\"@context\":\"https:\/\/schema.org\",\"@graph\":[{\"@type\":\"WebPage\",\"@id\":\"https:\/\/amxim.com\/product\/mixed-fruit-disposable-vape-pod-electronic-cigarette-6-0ml-1200mah-battery\/\",\"url\":\"https:\/\/amxim.com\/product\/mixed-fruit-disposable-vape-pod-electronic-cigarette-6-0ml-1200mah-battery\/\",\"name\":\"Mixed Fruit Disposable Vape Pod Electronic Cigarette 6.0ml 1200mAh Battery\",\"isPartOf\":{\"@id\":\"https:\/\/amxim.com\/#website\"},\"primaryImageOfPage\":{\"@id\":\"https:\/\/amxim.com\/product\/mixed-fruit-disposable-vape-pod-electronic-cigarette-6-0ml-1200mah-battery\/#primaryimage\"},\"image\":{\"@id\":\"https:\/\/amxim.com\/product\/mixed-fruit-disposable-vape-pod-electronic-cigarette-6-0ml-1200mah-battery\/#primaryimage\"},\"thumbnailUrl\":\"https:\/\/amxim.com\/wp-content\/uploads\/2025\/03\/Mixed-Fruit-Disposable-Vape-Pod-Electronic-Cigarette-6.0ml-1200mAh-Battery-1.webp\",\"datePublished\":\"2025-03-27T02:02:50+00:00\",\"dateModified\":\"2026-02-04T02:59:31+00:00\",\"description\":\"Mixed Fruit Disposable Vape Pod Electronic Cigarette 6.0ml 1200mAh Battery Super-convenient Disposable Vape Great throat hit\",\"breadcrumb\":{\"@id\":\"https:\/\/amxim.com\/product\/mixed-fruit-disposable-vape-pod-electronic-cigarette-6-0ml-1200mah-battery\/#breadcrumb\"},\"inLanguage\":\"pt-PT\",\"potentialAction\":[{\"@type\":\"ReadAction\",\"target\":[\"https:\/\/amxim.com\/product\/mixed-fruit-disposable-vape-pod-electronic-cigarette-6-0ml-1200mah-battery\/\"]}]},{\"@type\":\"ImageObject\",\"inLanguage\":\"pt-PT\",\"@id\":\"https:\/\/amxim.com\/product\/mixed-fruit-disposable-vape-pod-electronic-cigarette-6-0ml-1200mah-battery\/#primaryimage\",\"url\":\"https:\/\/amxim.com\/wp-content\/uploads\/2025\/03\/Mixed-Fruit-Disposable-Vape-Pod-Electronic-Cigarette-6.0ml-1200mAh-Battery-1.webp\",\"contentUrl\":\"https:\/\/amxim.com\/wp-content\/uploads\/2025\/03\/Mixed-Fruit-Disposable-Vape-Pod-Electronic-Cigarette-6.0ml-1200mAh-Battery-1.webp\",\"width\":1000,\"height\":1000,\"caption\":\"Mixed Fruit Disposable Vape Pod Electronic Cigarette 6.0ml 1200mAh Battery\"},{\"@type\":\"BreadcrumbList\",\"@id\":\"https:\/\/amxim.com\/product\/mixed-fruit-disposable-vape-pod-electronic-cigarette-6-0ml-1200mah-battery\/#breadcrumb\",\"itemListElement\":[{\"@type\":\"ListItem\",\"position\":1,\"name\":\"Home\",\"item\":\"https:\/\/amxim.com\/\"},{\"@type\":\"ListItem\",\"position\":2,\"name\":\"Products\",\"item\":\"https:\/\/amxim.com\/de\/products\/\"},{\"@type\":\"ListItem\",\"position\":3,\"name\":\"Mixed Fruit Disposable Vape Pod Electronic Cigarette 6.0ml 1200mAh Battery\"}]},{\"@type\":\"WebSite\",\"@id\":\"https:\/\/amxim.com\/#website\",\"url\":\"https:\/\/amxim.com\/\",\"name\":\"AMXIM\",\"description\":\"AMXIM-OEM ODM Vape Manufacturer\",\"publisher\":{\"@id\":\"https:\/\/amxim.com\/#organization\"},\"potentialAction\":[{\"@type\":\"SearchAction\",\"target\":{\"@type\":\"EntryPoint\",\"urlTemplate\":\"https:\/\/amxim.com\/?s={search_term_string}\"},\"query-input\":{\"@type\":\"PropertyValueSpecification\",\"valueRequired\":true,\"valueName\":\"search_term_string\"}}],\"inLanguage\":\"pt-PT\"},{\"@type\":\"Organization\",\"@id\":\"https:\/\/amxim.com\/#organization\",\"name\":\"AMXIM\",\"url\":\"https:\/\/amxim.com\/\",\"logo\":{\"@type\":\"ImageObject\",\"inLanguage\":\"pt-PT\",\"@id\":\"https:\/\/amxim.com\/#\/schema\/logo\/image\/\",\"url\":\"https:\/\/amxim.com\/wp-content\/uploads\/2025\/03\/cropped-AMXIM-fav.webp\",\"contentUrl\":\"https:\/\/amxim.com\/wp-content\/uploads\/2025\/03\/cropped-AMXIM-fav.webp\",\"width\":512,\"height\":512,\"caption\":\"AMXIM\"},\"image\":{\"@id\":\"https:\/\/amxim.com\/#\/schema\/logo\/image\/\"}}]}<\/script>\n<!-- \/ Yoast SEO plugin. -->","yoast_head_json":{"title":"Pod descart\u00e1vel para cigarro eletr\u00f4nico Mix Fruit Vape Pod 6,0ml Bateria 1200mAh","description":"Pod descart\u00e1vel para vaporizador de frutas mistas, cigarro eletr\u00f4nico, 6,0ml, bateria de 1200mAh, super pr\u00e1tico, vaporizador descart\u00e1vel, \u00f3timo efeito na garganta","robots":{"index":"index","follow":"follow","max-snippet":"max-snippet:-1","max-image-preview":"max-image-preview:large","max-video-preview":"max-video-preview:-1"},"canonical":"https:\/\/amxim.com\/pt\/product\/pod-descartavel-para-vape-de-frutas-mistas-cigarro-eletronico-60-ml-bateria-de-1200mah\/","og_locale":"pt_PT","og_type":"article","og_title":"Mixed Fruit Disposable Vape Pod Electronic Cigarette 6.0ml 1200mAh Battery","og_description":"Mixed Fruit Disposable Vape Pod Electronic Cigarette 6.0ml 1200mAh Battery Super-convenient Disposable Vape Great throat hit","og_url":"https:\/\/amxim.com\/pt\/product\/pod-descartavel-para-vape-de-frutas-mistas-cigarro-eletronico-60-ml-bateria-de-1200mah\/","og_site_name":"AMXIM","article_modified_time":"2026-02-04T02:59:31+00:00","og_image":[{"width":1000,"height":1000,"url":"https:\/\/amxim.com\/wp-content\/uploads\/2025\/03\/Mixed-Fruit-Disposable-Vape-Pod-Electronic-Cigarette-6.0ml-1200mAh-Battery-1.webp","type":"image\/webp"}],"twitter_card":"summary_large_image","twitter_misc":{"Tempo estimado de leitura":"1 minuto"},"schema":{"@context":"https:\/\/schema.org","@graph":[{"@type":"WebPage","@id":"https:\/\/amxim.com\/product\/mixed-fruit-disposable-vape-pod-electronic-cigarette-6-0ml-1200mah-battery\/","url":"https:\/\/amxim.com\/product\/mixed-fruit-disposable-vape-pod-electronic-cigarette-6-0ml-1200mah-battery\/","name":"Pod descart\u00e1vel para cigarro eletr\u00f4nico Mix Fruit Vape Pod 6,0ml Bateria 1200mAh","isPartOf":{"@id":"https:\/\/amxim.com\/#website"},"primaryImageOfPage":{"@id":"https:\/\/amxim.com\/product\/mixed-fruit-disposable-vape-pod-electronic-cigarette-6-0ml-1200mah-battery\/#primaryimage"},"image":{"@id":"https:\/\/amxim.com\/product\/mixed-fruit-disposable-vape-pod-electronic-cigarette-6-0ml-1200mah-battery\/#primaryimage"},"thumbnailUrl":"https:\/\/amxim.com\/wp-content\/uploads\/2025\/03\/Mixed-Fruit-Disposable-Vape-Pod-Electronic-Cigarette-6.0ml-1200mAh-Battery-1.webp","datePublished":"2025-03-27T02:02:50+00:00","dateModified":"2026-02-04T02:59:31+00:00","description":"Pod descart\u00e1vel para vaporizador de frutas mistas, cigarro eletr\u00f4nico, 6,0ml, bateria de 1200mAh, super pr\u00e1tico, vaporizador descart\u00e1vel, \u00f3timo efeito na garganta","breadcrumb":{"@id":"https:\/\/amxim.com\/product\/mixed-fruit-disposable-vape-pod-electronic-cigarette-6-0ml-1200mah-battery\/#breadcrumb"},"inLanguage":"pt-PT","potentialAction":[{"@type":"ReadAction","target":["https:\/\/amxim.com\/product\/mixed-fruit-disposable-vape-pod-electronic-cigarette-6-0ml-1200mah-battery\/"]}]},{"@type":"ImageObject","inLanguage":"pt-PT","@id":"https:\/\/amxim.com\/product\/mixed-fruit-disposable-vape-pod-electronic-cigarette-6-0ml-1200mah-battery\/#primaryimage","url":"https:\/\/amxim.com\/wp-content\/uploads\/2025\/03\/Mixed-Fruit-Disposable-Vape-Pod-Electronic-Cigarette-6.0ml-1200mAh-Battery-1.webp","contentUrl":"https:\/\/amxim.com\/wp-content\/uploads\/2025\/03\/Mixed-Fruit-Disposable-Vape-Pod-Electronic-Cigarette-6.0ml-1200mAh-Battery-1.webp","width":1000,"height":1000,"caption":"Mixed Fruit Disposable Vape Pod Electronic Cigarette 6.0ml 1200mAh Battery"},{"@type":"BreadcrumbList","@id":"https:\/\/amxim.com\/product\/mixed-fruit-disposable-vape-pod-electronic-cigarette-6-0ml-1200mah-battery\/#breadcrumb","itemListElement":[{"@type":"ListItem","position":1,"name":"Home","item":"https:\/\/amxim.com\/"},{"@type":"ListItem","position":2,"name":"Products","item":"https:\/\/amxim.com\/de\/products\/"},{"@type":"ListItem","position":3,"name":"Mixed Fruit Disposable Vape Pod Electronic Cigarette 6.0ml 1200mAh Battery"}]},{"@type":"WebSite","@id":"https:\/\/amxim.com\/#website","url":"https:\/\/amxim.com\/","name":"AMXIM","description":"Fabricante de Vape AMXIM-OEM ODM","publisher":{"@id":"https:\/\/amxim.com\/#organization"},"potentialAction":[{"@type":"SearchAction","target":{"@type":"EntryPoint","urlTemplate":"https:\/\/amxim.com\/?s={search_term_string}"},"query-input":{"@type":"PropertyValueSpecification","valueRequired":true,"valueName":"search_term_string"}}],"inLanguage":"pt-PT"},{"@type":"Organization","@id":"https:\/\/amxim.com\/#organization","name":"AMXIM","url":"https:\/\/amxim.com\/","logo":{"@type":"ImageObject","inLanguage":"pt-PT","@id":"https:\/\/amxim.com\/#\/schema\/logo\/image\/","url":"https:\/\/amxim.com\/wp-content\/uploads\/2025\/03\/cropped-AMXIM-fav.webp","contentUrl":"https:\/\/amxim.com\/wp-content\/uploads\/2025\/03\/cropped-AMXIM-fav.webp","width":512,"height":512,"caption":"AMXIM"},"image":{"@id":"https:\/\/amxim.com\/#\/schema\/logo\/image\/"}}]}},"_links":{"self":[{"href":"https:\/\/amxim.com\/pt\/wp-json\/wp\/v2\/product\/10435","targetHints":{"allow":["GET"]}}],"collection":[{"href":"https:\/\/amxim.com\/pt\/wp-json\/wp\/v2\/product"}],"about":[{"href":"https:\/\/amxim.com\/pt\/wp-json\/wp\/v2\/types\/product"}],"replies":[{"embeddable":true,"href":"https:\/\/amxim.com\/pt\/wp-json\/wp\/v2\/comments?post=10435"}],"version-history":[{"count":4,"href":"https:\/\/amxim.com\/pt\/wp-json\/wp\/v2\/product\/10435\/revisions"}],"predecessor-version":[{"id":13516,"href":"https:\/\/amxim.com\/pt\/wp-json\/wp\/v2\/product\/10435\/revisions\/13516"}],"wp:featuredmedia":[{"embeddable":true,"href":"https:\/\/amxim.com\/pt\/wp-json\/wp\/v2\/media\/10454"}],"wp:attachment":[{"href":"https:\/\/amxim.com\/pt\/wp-json\/wp\/v2\/media?parent=10435"}],"wp:term":[{"taxonomy":"product_brand","embeddable":true,"href":"https:\/\/amxim.com\/pt\/wp-json\/wp\/v2\/product_brand?post=10435"},{"taxonomy":"product_cat","embeddable":true,"href":"https:\/\/amxim.com\/pt\/wp-json\/wp\/v2\/product_cat?post=10435"},{"taxonomy":"product_tag","embeddable":true,"href":"https:\/\/amxim.com\/pt\/wp-json\/wp\/v2\/product_tag?post=10435"}],"curies":[{"name":"wp","href":"https:\/\/api.w.org\/{rel}","templated":true}]}}