{"id":10612,"date":"2025-03-27T07:06:51","date_gmt":"2025-03-27T07:06:51","guid":{"rendered":"https:\/\/amxim.com\/?post_type=product&#038;p=10612"},"modified":"2026-02-04T03:01:02","modified_gmt":"2026-02-04T03:01:02","slug":"dispositivo-de-vaporizacao-descartavel-leve-500-baforadas-bateria-de-280mah-5-nicotinas","status":"publish","type":"product","link":"https:\/\/amxim.com\/pt\/product\/dispositivo-de-vaporizacao-descartavel-leve-500-baforadas-bateria-de-280mah-5-nicotinas\/","title":{"rendered":"Dispositivo de vaporiza\u00e7\u00e3o descart\u00e1vel leve 500 baforadas, bateria de 280 mAh, nicotina 5%"},"content":{"rendered":"<h2 style=\"text-align: left;\">Dispositivo de vaporiza\u00e7\u00e3o descart\u00e1vel leve 500 baforadas, bateria de 280 mAh, nicotina 5%<\/h2>\n<p style=\"text-align: left;\">O cigarro eletr\u00f4nico descart\u00e1vel Vape Pen \u00e9 a solu\u00e7\u00e3o definitiva para uma experi\u00eancia sem complica\u00e7\u00f5es com o pod. Sem necessidade de manuten\u00e7\u00e3o, seu tamanho compacto facilita o transporte para onde quer que voc\u00ea v\u00e1. Um dos seus diferenciais \u00e9 que ele n\u00e3o deixa odor residual nas roupas, proporcionando uma experi\u00eancia discreta.<br \/>\nO dispositivo Salt Switch tem apenas 116 mm de comprimento e \u00e9 feito de a\u00e7o inoxid\u00e1vel e pl\u00e1stico, oferecendo uma sensa\u00e7\u00e3o elegante e confort\u00e1vel com um design ergon\u00f4mico que se encaixa perfeitamente na sua m\u00e3o. Cada dispositivo \u00e9 pr\u00e9-preenchido com e-l\u00edquido de alta qualidade, proporcionando uma forte dose de nicotina que satisfaz desde a primeira tragada.<br \/>\nA linha inclui sabores refrescantes de frutas e frutas vermelhas, dispon\u00edveis com ou sem sensa\u00e7\u00e3o refrescante, facilitando a busca pelo sabor perfeito para voc\u00ea. O que diferencia o Salt Switch \u00e9 seu aroma natural e rico, que o diferencia de outros produtos do mercado.<br \/>\nAl\u00e9m disso, cada dispositivo comporta 1,3 ml de e-l\u00edquido, proporcionando at\u00e9 500 tragadas para uma experi\u00eancia de vaporiza\u00e7\u00e3o prolongada e agrad\u00e1vel.<\/p>\n<p>&nbsp;<\/p>\n<h3 style=\"text-align: left;\">Principais caracter\u00edsticas<\/h3>\n<ul>\n<li style=\"text-align: left;\">Design descart\u00e1vel - N\u00e3o recarreg\u00e1vel e n\u00e3o recarreg\u00e1vel<\/li>\n<li style=\"text-align: left;\">5% For\u00e7a da Nicotina<\/li>\n<li style=\"text-align: left;\">Chassi port\u00e1til e leve<\/li>\n<\/ul>","protected":false},"excerpt":{"rendered":"<h3>Especifica\u00e7\u00f5es do produto<\/h3>\n<table>\n<tbody>\n<tr>\n<th style=\"text-align: left;\">Tipo de produto<\/th>\n<td style=\"text-align: left;\">Vape descart\u00e1vel<\/td>\n<\/tr>\n<tr>\n<th style=\"text-align: left;\">Cor<\/th>\n<td style=\"text-align: left;\">Exibido ou personalizado<\/td>\n<\/tr>\n<tr>\n<th style=\"text-align: left;\">Tamanho<\/th>\n<td style=\"text-align: left;\">116*9,2 mm<\/td>\n<\/tr>\n<tr>\n<th style=\"text-align: left;\">Material<\/th>\n<td style=\"text-align: left;\">PC + A\u00e7o Inoxid\u00e1vel<\/td>\n<\/tr>\n<tr>\n<th style=\"text-align: left;\">Serpentina de aquecimento<\/th>\n<td style=\"text-align: left;\">Bobina de malha de 3\u03a9<\/td>\n<\/tr>\n<tr>\n<th style=\"text-align: left;\">Sopro<\/th>\n<td style=\"text-align: left;\">At\u00e9 500 tragadas<\/td>\n<\/tr>\n<tr>\n<th style=\"text-align: left;\">Bateria<\/th>\n<td style=\"text-align: left;\">280mAh recarreg\u00e1vel<\/td>\n<\/tr>\n<tr>\n<th style=\"text-align: left;\">El\u00edquido pr\u00e9-preenchido<\/th>\n<td style=\"text-align: left;\">1,3 ml<\/td>\n<\/tr>\n<tr>\n<th style=\"text-align: left;\">Sabor<\/th>\n<td style=\"text-align: left;\">At\u00e9 50 sabores<\/td>\n<\/tr>\n<tr>\n<th style=\"text-align: left;\">Destaque<\/th>\n<td style=\"text-align: left;\">Cigarro eletr\u00f4nico com caneta de 3,5 ml, cigarro eletr\u00f4nico com caneta de 3,7 V<\/td>\n<\/tr>\n<\/tbody>\n<\/table>","protected":false},"featured_media":10615,"comment_status":"closed","ping_status":"closed","template":"","meta":[],"product_brand":[],"product_cat":[54,61,47,49],"product_tag":[],"class_list":{"0":"post-10612","1":"product","2":"type-product","3":"status-publish","4":"has-post-thumbnail","6":"product_cat-chargeable-disposable-vapes","7":"product_cat-cigalikes","8":"product_cat-disposable-vapes","9":"product_cat-vape-pens","11":"first","12":"instock","13":"shipping-taxable","14":"product-type-simple"},"yoast_head":"<!-- This site is optimized with the Yoast SEO plugin v26.9 - https:\/\/yoast.com\/product\/yoast-seo-wordpress\/ -->\n<title>Lightweight Disposable Vape Device 500Puffs 280mAh Battery 5% Nicotine<\/title>\n<meta name=\"description\" content=\"Lightweight Disposable Vape Device 500Puffs 280mAh Battery 5% Nicotine Disposable Design- Non-Rechargeable &amp; Non-Refillable\" \/>\n<meta name=\"robots\" content=\"index, follow, max-snippet:-1, max-image-preview:large, max-video-preview:-1\" \/>\n<link rel=\"canonical\" href=\"https:\/\/amxim.com\/pt\/product\/dispositivo-de-vaporizacao-descartavel-leve-500-baforadas-bateria-de-280mah-5-nicotinas\/\" \/>\n<meta property=\"og:locale\" content=\"pt_PT\" \/>\n<meta property=\"og:type\" content=\"article\" \/>\n<meta property=\"og:title\" content=\"Lightweight Disposable Vape Device 500Puffs 280mAh Battery 5% Nicotine\" \/>\n<meta property=\"og:description\" content=\"Lightweight Disposable Vape Device 500Puffs 280mAh Battery 5% Nicotine Disposable Design- Non-Rechargeable &amp; Non-Refillable\" \/>\n<meta property=\"og:url\" content=\"https:\/\/amxim.com\/pt\/product\/dispositivo-de-vaporizacao-descartavel-leve-500-baforadas-bateria-de-280mah-5-nicotinas\/\" \/>\n<meta property=\"og:site_name\" content=\"AMXIM\" \/>\n<meta property=\"article:modified_time\" content=\"2026-02-04T03:01:02+00:00\" \/>\n<meta property=\"og:image\" content=\"https:\/\/amxim.com\/wp-content\/uploads\/2025\/03\/Lightweight-Disposable-Vape-Device-500Puffs-280mAh-Battery-5-Nicotine-1.webp\" \/>\n\t<meta property=\"og:image:width\" content=\"1000\" \/>\n\t<meta property=\"og:image:height\" content=\"1000\" \/>\n\t<meta property=\"og:image:type\" content=\"image\/webp\" \/>\n<meta name=\"twitter:card\" content=\"summary_large_image\" \/>\n<meta name=\"twitter:label1\" content=\"Tempo estimado de leitura\" \/>\n\t<meta name=\"twitter:data1\" content=\"2 minutos\" \/>\n<script type=\"application\/ld+json\" class=\"yoast-schema-graph\">{\"@context\":\"https:\/\/schema.org\",\"@graph\":[{\"@type\":\"WebPage\",\"@id\":\"https:\/\/amxim.com\/product\/lightweight-disposable-vape-device-500puffs-280mah-battery-5-nicotine\/\",\"url\":\"https:\/\/amxim.com\/product\/lightweight-disposable-vape-device-500puffs-280mah-battery-5-nicotine\/\",\"name\":\"Lightweight Disposable Vape Device 500Puffs 280mAh Battery 5% Nicotine\",\"isPartOf\":{\"@id\":\"https:\/\/amxim.com\/#website\"},\"primaryImageOfPage\":{\"@id\":\"https:\/\/amxim.com\/product\/lightweight-disposable-vape-device-500puffs-280mah-battery-5-nicotine\/#primaryimage\"},\"image\":{\"@id\":\"https:\/\/amxim.com\/product\/lightweight-disposable-vape-device-500puffs-280mah-battery-5-nicotine\/#primaryimage\"},\"thumbnailUrl\":\"https:\/\/amxim.com\/wp-content\/uploads\/2025\/03\/Lightweight-Disposable-Vape-Device-500Puffs-280mAh-Battery-5-Nicotine-1.webp\",\"datePublished\":\"2025-03-27T07:06:51+00:00\",\"dateModified\":\"2026-02-04T03:01:02+00:00\",\"description\":\"Lightweight Disposable Vape Device 500Puffs 280mAh Battery 5% Nicotine Disposable Design- Non-Rechargeable & Non-Refillable\",\"breadcrumb\":{\"@id\":\"https:\/\/amxim.com\/product\/lightweight-disposable-vape-device-500puffs-280mah-battery-5-nicotine\/#breadcrumb\"},\"inLanguage\":\"pt-PT\",\"potentialAction\":[{\"@type\":\"ReadAction\",\"target\":[\"https:\/\/amxim.com\/product\/lightweight-disposable-vape-device-500puffs-280mah-battery-5-nicotine\/\"]}]},{\"@type\":\"ImageObject\",\"inLanguage\":\"pt-PT\",\"@id\":\"https:\/\/amxim.com\/product\/lightweight-disposable-vape-device-500puffs-280mah-battery-5-nicotine\/#primaryimage\",\"url\":\"https:\/\/amxim.com\/wp-content\/uploads\/2025\/03\/Lightweight-Disposable-Vape-Device-500Puffs-280mAh-Battery-5-Nicotine-1.webp\",\"contentUrl\":\"https:\/\/amxim.com\/wp-content\/uploads\/2025\/03\/Lightweight-Disposable-Vape-Device-500Puffs-280mAh-Battery-5-Nicotine-1.webp\",\"width\":1000,\"height\":1000,\"caption\":\"Lightweight Disposable Vape Device 500Puffs 280mAh Battery 5% Nicotine\"},{\"@type\":\"BreadcrumbList\",\"@id\":\"https:\/\/amxim.com\/product\/lightweight-disposable-vape-device-500puffs-280mah-battery-5-nicotine\/#breadcrumb\",\"itemListElement\":[{\"@type\":\"ListItem\",\"position\":1,\"name\":\"Home\",\"item\":\"https:\/\/amxim.com\/\"},{\"@type\":\"ListItem\",\"position\":2,\"name\":\"Products\",\"item\":\"https:\/\/amxim.com\/de\/products\/\"},{\"@type\":\"ListItem\",\"position\":3,\"name\":\"Lightweight Disposable Vape Device 500Puffs 280mAh Battery 5% Nicotine\"}]},{\"@type\":\"WebSite\",\"@id\":\"https:\/\/amxim.com\/#website\",\"url\":\"https:\/\/amxim.com\/\",\"name\":\"AMXIM\",\"description\":\"AMXIM-OEM ODM Vape Manufacturer\",\"publisher\":{\"@id\":\"https:\/\/amxim.com\/#organization\"},\"potentialAction\":[{\"@type\":\"SearchAction\",\"target\":{\"@type\":\"EntryPoint\",\"urlTemplate\":\"https:\/\/amxim.com\/?s={search_term_string}\"},\"query-input\":{\"@type\":\"PropertyValueSpecification\",\"valueRequired\":true,\"valueName\":\"search_term_string\"}}],\"inLanguage\":\"pt-PT\"},{\"@type\":\"Organization\",\"@id\":\"https:\/\/amxim.com\/#organization\",\"name\":\"AMXIM\",\"url\":\"https:\/\/amxim.com\/\",\"logo\":{\"@type\":\"ImageObject\",\"inLanguage\":\"pt-PT\",\"@id\":\"https:\/\/amxim.com\/#\/schema\/logo\/image\/\",\"url\":\"https:\/\/amxim.com\/wp-content\/uploads\/2025\/03\/cropped-AMXIM-fav.webp\",\"contentUrl\":\"https:\/\/amxim.com\/wp-content\/uploads\/2025\/03\/cropped-AMXIM-fav.webp\",\"width\":512,\"height\":512,\"caption\":\"AMXIM\"},\"image\":{\"@id\":\"https:\/\/amxim.com\/#\/schema\/logo\/image\/\"}}]}<\/script>\n<!-- \/ Yoast SEO plugin. -->","yoast_head_json":{"title":"Dispositivo de vaporiza\u00e7\u00e3o descart\u00e1vel leve 500 baforadas, bateria de 280 mAh, nicotina 5%","description":"Dispositivo de vaporiza\u00e7\u00e3o descart\u00e1vel leve, 500 baforadas, bateria de 280 mAh, 5%, design descart\u00e1vel com nicotina - n\u00e3o recarreg\u00e1vel e n\u00e3o recarreg\u00e1vel","robots":{"index":"index","follow":"follow","max-snippet":"max-snippet:-1","max-image-preview":"max-image-preview:large","max-video-preview":"max-video-preview:-1"},"canonical":"https:\/\/amxim.com\/pt\/product\/dispositivo-de-vaporizacao-descartavel-leve-500-baforadas-bateria-de-280mah-5-nicotinas\/","og_locale":"pt_PT","og_type":"article","og_title":"Lightweight Disposable Vape Device 500Puffs 280mAh Battery 5% Nicotine","og_description":"Lightweight Disposable Vape Device 500Puffs 280mAh Battery 5% Nicotine Disposable Design- Non-Rechargeable & Non-Refillable","og_url":"https:\/\/amxim.com\/pt\/product\/dispositivo-de-vaporizacao-descartavel-leve-500-baforadas-bateria-de-280mah-5-nicotinas\/","og_site_name":"AMXIM","article_modified_time":"2026-02-04T03:01:02+00:00","og_image":[{"width":1000,"height":1000,"url":"https:\/\/amxim.com\/wp-content\/uploads\/2025\/03\/Lightweight-Disposable-Vape-Device-500Puffs-280mAh-Battery-5-Nicotine-1.webp","type":"image\/webp"}],"twitter_card":"summary_large_image","twitter_misc":{"Tempo estimado de leitura":"2 minutos"},"schema":{"@context":"https:\/\/schema.org","@graph":[{"@type":"WebPage","@id":"https:\/\/amxim.com\/product\/lightweight-disposable-vape-device-500puffs-280mah-battery-5-nicotine\/","url":"https:\/\/amxim.com\/product\/lightweight-disposable-vape-device-500puffs-280mah-battery-5-nicotine\/","name":"Dispositivo de vaporiza\u00e7\u00e3o descart\u00e1vel leve 500 baforadas, bateria de 280 mAh, nicotina 5%","isPartOf":{"@id":"https:\/\/amxim.com\/#website"},"primaryImageOfPage":{"@id":"https:\/\/amxim.com\/product\/lightweight-disposable-vape-device-500puffs-280mah-battery-5-nicotine\/#primaryimage"},"image":{"@id":"https:\/\/amxim.com\/product\/lightweight-disposable-vape-device-500puffs-280mah-battery-5-nicotine\/#primaryimage"},"thumbnailUrl":"https:\/\/amxim.com\/wp-content\/uploads\/2025\/03\/Lightweight-Disposable-Vape-Device-500Puffs-280mAh-Battery-5-Nicotine-1.webp","datePublished":"2025-03-27T07:06:51+00:00","dateModified":"2026-02-04T03:01:02+00:00","description":"Dispositivo de vaporiza\u00e7\u00e3o descart\u00e1vel leve, 500 baforadas, bateria de 280 mAh, 5%, design descart\u00e1vel com nicotina - n\u00e3o recarreg\u00e1vel e n\u00e3o recarreg\u00e1vel","breadcrumb":{"@id":"https:\/\/amxim.com\/product\/lightweight-disposable-vape-device-500puffs-280mah-battery-5-nicotine\/#breadcrumb"},"inLanguage":"pt-PT","potentialAction":[{"@type":"ReadAction","target":["https:\/\/amxim.com\/product\/lightweight-disposable-vape-device-500puffs-280mah-battery-5-nicotine\/"]}]},{"@type":"ImageObject","inLanguage":"pt-PT","@id":"https:\/\/amxim.com\/product\/lightweight-disposable-vape-device-500puffs-280mah-battery-5-nicotine\/#primaryimage","url":"https:\/\/amxim.com\/wp-content\/uploads\/2025\/03\/Lightweight-Disposable-Vape-Device-500Puffs-280mAh-Battery-5-Nicotine-1.webp","contentUrl":"https:\/\/amxim.com\/wp-content\/uploads\/2025\/03\/Lightweight-Disposable-Vape-Device-500Puffs-280mAh-Battery-5-Nicotine-1.webp","width":1000,"height":1000,"caption":"Lightweight Disposable Vape Device 500Puffs 280mAh Battery 5% Nicotine"},{"@type":"BreadcrumbList","@id":"https:\/\/amxim.com\/product\/lightweight-disposable-vape-device-500puffs-280mah-battery-5-nicotine\/#breadcrumb","itemListElement":[{"@type":"ListItem","position":1,"name":"Home","item":"https:\/\/amxim.com\/"},{"@type":"ListItem","position":2,"name":"Products","item":"https:\/\/amxim.com\/de\/products\/"},{"@type":"ListItem","position":3,"name":"Lightweight Disposable Vape Device 500Puffs 280mAh Battery 5% Nicotine"}]},{"@type":"WebSite","@id":"https:\/\/amxim.com\/#website","url":"https:\/\/amxim.com\/","name":"AMXIM","description":"Fabricante de Vape AMXIM-OEM ODM","publisher":{"@id":"https:\/\/amxim.com\/#organization"},"potentialAction":[{"@type":"SearchAction","target":{"@type":"EntryPoint","urlTemplate":"https:\/\/amxim.com\/?s={search_term_string}"},"query-input":{"@type":"PropertyValueSpecification","valueRequired":true,"valueName":"search_term_string"}}],"inLanguage":"pt-PT"},{"@type":"Organization","@id":"https:\/\/amxim.com\/#organization","name":"AMXIM","url":"https:\/\/amxim.com\/","logo":{"@type":"ImageObject","inLanguage":"pt-PT","@id":"https:\/\/amxim.com\/#\/schema\/logo\/image\/","url":"https:\/\/amxim.com\/wp-content\/uploads\/2025\/03\/cropped-AMXIM-fav.webp","contentUrl":"https:\/\/amxim.com\/wp-content\/uploads\/2025\/03\/cropped-AMXIM-fav.webp","width":512,"height":512,"caption":"AMXIM"},"image":{"@id":"https:\/\/amxim.com\/#\/schema\/logo\/image\/"}}]}},"_links":{"self":[{"href":"https:\/\/amxim.com\/pt\/wp-json\/wp\/v2\/product\/10612","targetHints":{"allow":["GET"]}}],"collection":[{"href":"https:\/\/amxim.com\/pt\/wp-json\/wp\/v2\/product"}],"about":[{"href":"https:\/\/amxim.com\/pt\/wp-json\/wp\/v2\/types\/product"}],"replies":[{"embeddable":true,"href":"https:\/\/amxim.com\/pt\/wp-json\/wp\/v2\/comments?post=10612"}],"version-history":[{"count":2,"href":"https:\/\/amxim.com\/pt\/wp-json\/wp\/v2\/product\/10612\/revisions"}],"predecessor-version":[{"id":13520,"href":"https:\/\/amxim.com\/pt\/wp-json\/wp\/v2\/product\/10612\/revisions\/13520"}],"wp:featuredmedia":[{"embeddable":true,"href":"https:\/\/amxim.com\/pt\/wp-json\/wp\/v2\/media\/10615"}],"wp:attachment":[{"href":"https:\/\/amxim.com\/pt\/wp-json\/wp\/v2\/media?parent=10612"}],"wp:term":[{"taxonomy":"product_brand","embeddable":true,"href":"https:\/\/amxim.com\/pt\/wp-json\/wp\/v2\/product_brand?post=10612"},{"taxonomy":"product_cat","embeddable":true,"href":"https:\/\/amxim.com\/pt\/wp-json\/wp\/v2\/product_cat?post=10612"},{"taxonomy":"product_tag","embeddable":true,"href":"https:\/\/amxim.com\/pt\/wp-json\/wp\/v2\/product_tag?post=10612"}],"curies":[{"name":"wp","href":"https:\/\/api.w.org\/{rel}","templated":true}]}}