{"id":10637,"date":"2025-03-27T07:16:07","date_gmt":"2025-03-27T07:16:07","guid":{"rendered":"https:\/\/amxim.com\/?post_type=product&#038;p=10637"},"modified":"2026-02-04T03:01:41","modified_gmt":"2026-02-04T03:01:41","slug":"dispositivos-de-vaporizacao-nao-recarregaveis-mini-cigarro-eletronico-descartavel-tubo-de-aluminio-varios-sabores","status":"publish","type":"product","link":"https:\/\/amxim.com\/pt\/product\/dispositivos-de-vaporizacao-nao-recarregaveis-mini-cigarro-eletronico-descartavel-tubo-de-aluminio-varios-sabores\/","title":{"rendered":"Dispositivos Vape Pod n\u00e3o recarreg\u00e1veis Mini cigarro eletr\u00f4nico descart\u00e1vel Tubo de alum\u00ednio Multissabores"},"content":{"rendered":"<h2 style=\"text-align: left\">Dispositivos Vape Pod n\u00e3o recarreg\u00e1veis Mini cigarro eletr\u00f4nico descart\u00e1vel Tubo de alum\u00ednio Multissabores<\/h2>\n<p style=\"text-align: left\">Este mini cigarro eletr\u00f4nico descart\u00e1vel possui um mecanismo de disparo ativado por tra\u00e7\u00e3o, tornando-o a escolha ideal para quem est\u00e1 sempre em movimento e prefere uma experi\u00eancia de vaporiza\u00e7\u00e3o compacta e sem complica\u00e7\u00f5es. Com uma bateria de 280 mAh e mais de 300 tragadas, oferece um sabor rico e satisfat\u00f3rio. Dispon\u00edvel em uma variedade de sabores, voc\u00ea pode escolher o seu favorito para um sabor delicioso em um design pequeno e port\u00e1til, f\u00e1cil de usar e transportar. Perfeito para quem busca praticidade e qualidade em um s\u00f3 dispositivo.<\/p>\n<p>&nbsp;<\/p>\n<h3 style=\"text-align: left\">Principais caracter\u00edsticas<\/h3>\n<ul>\n<li style=\"text-align: left\">For\u00e7a do sal de nicotina 5%<\/li>\n<li style=\"text-align: left\">Mecanismo de disparo ativado por saque<\/li>\n<li style=\"text-align: left\">Descart\u00e1vel \u2013 N\u00e3o recarreg\u00e1vel e n\u00e3o recarreg\u00e1vel&nbsp;<\/li>\n<\/ul>\n<p>&nbsp;<\/p>\n<h2 style=\"text-align: left;\">Como usar<\/h2>\n<ul>\n<li style=\"text-align: left\">1. Abra a caixa de papel\u00e3o externa e remova o conte\u00fado<\/li>\n<li style=\"text-align: left\">2. Rasgue a embalagem de alum\u00ednio e remova o dispositivo descart\u00e1vel<\/li>\n<li style=\"text-align: left\">3. Remova e descarte o plugue de silicone e a etiqueta na parte inferior do dispositivo<\/li>\n<li style=\"text-align: left\">4. Ative o vapor puxando a ponta do pod \u2013 uma luz LED acender\u00e1 na parte inferior do cigarro eletr\u00f4nico<\/li>\n<li style=\"text-align: left\">5. A luz LED piscar\u00e1 quando a bateria estiver descarregada \u2013 neste ponto, descarte o dispositivo com seguran\u00e7a<\/li>\n<\/ul>\n<p>&nbsp;<\/p>","protected":false},"excerpt":{"rendered":"<h3>Especifica\u00e7\u00f5es do produto<\/h3>\n<table>\n<tbody>\n<tr>\n<th style=\"text-align: left\">Tipo de produto<\/th>\n<td style=\"text-align: left\">POD recarreg\u00e1vel\/substitu\u00edvel<\/td>\n<\/tr>\n<tr>\n<th style=\"text-align: left\">Cor<\/th>\n<td style=\"text-align: left\">Exibido ou personalizado<\/td>\n<\/tr>\n<tr>\n<th style=\"text-align: left\">Tamanho<\/th>\n<td style=\"text-align: left\">97*15,6*6,5 mm<\/td>\n<\/tr>\n<tr>\n<th style=\"text-align: left\">Material<\/th>\n<td style=\"text-align: left\">PC + Tubo de Alum\u00ednio<\/td>\n<\/tr>\n<tr>\n<th style=\"text-align: left\">Serpentina de aquecimento<\/th>\n<td style=\"text-align: left\">Bobina de malha de 1,8\u03a9<\/td>\n<\/tr>\n<tr>\n<th style=\"text-align: left\">Sopro<\/th>\n<td style=\"text-align: left\">At\u00e9 400 tragadas<\/td>\n<\/tr>\n<tr>\n<th style=\"text-align: left\">Bateria<\/th>\n<td style=\"text-align: left\">280mAh recarreg\u00e1vel<\/td>\n<\/tr>\n<tr>\n<th style=\"text-align: left\">El\u00edquido pr\u00e9-preenchido<\/th>\n<td style=\"text-align: left\">1,2 ml<\/td>\n<\/tr>\n<tr>\n<th style=\"text-align: left\">Sabor<\/th>\n<td style=\"text-align: left\">At\u00e9 50 sabores<\/td>\n<\/tr>\n<tr>\n<th style=\"text-align: left\">Destaque<\/th>\n<td style=\"text-align: left\">Mini c\u00e1psulas descart\u00e1veis OEM<\/td>\n<\/tr>\n<\/tbody>\n<\/table>","protected":false},"featured_media":10640,"comment_status":"closed","ping_status":"closed","template":"","meta":[],"product_brand":[],"product_cat":[54,47,50],"product_tag":[],"class_list":{"0":"post-10637","1":"product","2":"type-product","3":"status-publish","4":"has-post-thumbnail","6":"product_cat-chargeable-disposable-vapes","7":"product_cat-disposable-vapes","8":"product_cat-pod-systems","10":"first","11":"instock","12":"featured","13":"shipping-taxable","14":"product-type-simple"},"yoast_head":"<!-- This site is optimized with the Yoast SEO plugin v26.9 - https:\/\/yoast.com\/product\/yoast-seo-wordpress\/ -->\n<title>Non Refillable Vape Pod Devices Disposable Mini E-Cigarette Aluminum Tube Multi-flavors<\/title>\n<meta name=\"description\" content=\"Non Refillable Vape Pod Devices Disposable Mini E-Cigarette Aluminum Tube Multi-flavors 5% Nicotine Salt Strength 1.8\u03a9 Mesh coil\" \/>\n<meta name=\"robots\" content=\"index, follow, max-snippet:-1, max-image-preview:large, max-video-preview:-1\" \/>\n<link rel=\"canonical\" href=\"https:\/\/amxim.com\/pt\/product\/dispositivos-de-vaporizacao-nao-recarregaveis-mini-cigarro-eletronico-descartavel-tubo-de-aluminio-varios-sabores\/\" \/>\n<meta property=\"og:locale\" content=\"pt_PT\" \/>\n<meta property=\"og:type\" content=\"article\" \/>\n<meta property=\"og:title\" content=\"Non Refillable Vape Pod Devices Disposable Mini E-Cigarette Aluminum Tube Multi-flavors\" \/>\n<meta property=\"og:description\" content=\"Non Refillable Vape Pod Devices Disposable Mini E-Cigarette Aluminum Tube Multi-flavors 5% Nicotine Salt Strength 1.8\u03a9 Mesh coil\" \/>\n<meta property=\"og:url\" content=\"https:\/\/amxim.com\/pt\/product\/dispositivos-de-vaporizacao-nao-recarregaveis-mini-cigarro-eletronico-descartavel-tubo-de-aluminio-varios-sabores\/\" \/>\n<meta property=\"og:site_name\" content=\"AMXIM\" \/>\n<meta property=\"article:modified_time\" content=\"2026-02-04T03:01:41+00:00\" \/>\n<meta property=\"og:image\" content=\"https:\/\/amxim.com\/wp-content\/uploads\/2025\/03\/Non-Refillable-Vape-Pod-Devices-Disposable-Mini-E-Cigarette-Aluminum-Tube-Multi-flavors-1.webp\" \/>\n\t<meta property=\"og:image:width\" content=\"1000\" \/>\n\t<meta property=\"og:image:height\" content=\"1000\" \/>\n\t<meta property=\"og:image:type\" content=\"image\/webp\" \/>\n<meta name=\"twitter:card\" content=\"summary_large_image\" \/>\n<meta name=\"twitter:label1\" content=\"Tempo estimado de leitura\" \/>\n\t<meta name=\"twitter:data1\" content=\"1 minuto\" \/>\n<script type=\"application\/ld+json\" class=\"yoast-schema-graph\">{\"@context\":\"https:\/\/schema.org\",\"@graph\":[{\"@type\":\"WebPage\",\"@id\":\"https:\/\/amxim.com\/product\/non-refillable-vape-pod-devices-disposable-mini-e-cigarette-aluminum-tube-multi-flavors\/\",\"url\":\"https:\/\/amxim.com\/product\/non-refillable-vape-pod-devices-disposable-mini-e-cigarette-aluminum-tube-multi-flavors\/\",\"name\":\"Non Refillable Vape Pod Devices Disposable Mini E-Cigarette Aluminum Tube Multi-flavors\",\"isPartOf\":{\"@id\":\"https:\/\/amxim.com\/#website\"},\"primaryImageOfPage\":{\"@id\":\"https:\/\/amxim.com\/product\/non-refillable-vape-pod-devices-disposable-mini-e-cigarette-aluminum-tube-multi-flavors\/#primaryimage\"},\"image\":{\"@id\":\"https:\/\/amxim.com\/product\/non-refillable-vape-pod-devices-disposable-mini-e-cigarette-aluminum-tube-multi-flavors\/#primaryimage\"},\"thumbnailUrl\":\"https:\/\/amxim.com\/wp-content\/uploads\/2025\/03\/Non-Refillable-Vape-Pod-Devices-Disposable-Mini-E-Cigarette-Aluminum-Tube-Multi-flavors-1.webp\",\"datePublished\":\"2025-03-27T07:16:07+00:00\",\"dateModified\":\"2026-02-04T03:01:41+00:00\",\"description\":\"Non Refillable Vape Pod Devices Disposable Mini E-Cigarette Aluminum Tube Multi-flavors 5% Nicotine Salt Strength 1.8\u03a9 Mesh coil\",\"breadcrumb\":{\"@id\":\"https:\/\/amxim.com\/product\/non-refillable-vape-pod-devices-disposable-mini-e-cigarette-aluminum-tube-multi-flavors\/#breadcrumb\"},\"inLanguage\":\"pt-PT\",\"potentialAction\":[{\"@type\":\"ReadAction\",\"target\":[\"https:\/\/amxim.com\/product\/non-refillable-vape-pod-devices-disposable-mini-e-cigarette-aluminum-tube-multi-flavors\/\"]}]},{\"@type\":\"ImageObject\",\"inLanguage\":\"pt-PT\",\"@id\":\"https:\/\/amxim.com\/product\/non-refillable-vape-pod-devices-disposable-mini-e-cigarette-aluminum-tube-multi-flavors\/#primaryimage\",\"url\":\"https:\/\/amxim.com\/wp-content\/uploads\/2025\/03\/Non-Refillable-Vape-Pod-Devices-Disposable-Mini-E-Cigarette-Aluminum-Tube-Multi-flavors-1.webp\",\"contentUrl\":\"https:\/\/amxim.com\/wp-content\/uploads\/2025\/03\/Non-Refillable-Vape-Pod-Devices-Disposable-Mini-E-Cigarette-Aluminum-Tube-Multi-flavors-1.webp\",\"width\":1000,\"height\":1000,\"caption\":\"Non Refillable Vape Pod Devices Disposable Mini E-Cigarette Aluminum Tube Multi-flavors\"},{\"@type\":\"BreadcrumbList\",\"@id\":\"https:\/\/amxim.com\/product\/non-refillable-vape-pod-devices-disposable-mini-e-cigarette-aluminum-tube-multi-flavors\/#breadcrumb\",\"itemListElement\":[{\"@type\":\"ListItem\",\"position\":1,\"name\":\"Home\",\"item\":\"https:\/\/amxim.com\/en\/\"},{\"@type\":\"ListItem\",\"position\":2,\"name\":\"Products\",\"item\":\"https:\/\/amxim.com\/de\/products\/\"},{\"@type\":\"ListItem\",\"position\":3,\"name\":\"Non Refillable Vape Pod Devices Disposable Mini E-Cigarette Aluminum Tube Multi-flavors\"}]},{\"@type\":\"WebSite\",\"@id\":\"https:\/\/amxim.com\/#website\",\"url\":\"https:\/\/amxim.com\/\",\"name\":\"AMXIM\",\"description\":\"AMXIM-OEM ODM Vape Manufacturer\",\"publisher\":{\"@id\":\"https:\/\/amxim.com\/#organization\"},\"potentialAction\":[{\"@type\":\"SearchAction\",\"target\":{\"@type\":\"EntryPoint\",\"urlTemplate\":\"https:\/\/amxim.com\/?s={search_term_string}\"},\"query-input\":{\"@type\":\"PropertyValueSpecification\",\"valueRequired\":true,\"valueName\":\"search_term_string\"}}],\"inLanguage\":\"pt-PT\"},{\"@type\":\"Organization\",\"@id\":\"https:\/\/amxim.com\/#organization\",\"name\":\"AMXIM\",\"url\":\"https:\/\/amxim.com\/\",\"logo\":{\"@type\":\"ImageObject\",\"inLanguage\":\"pt-PT\",\"@id\":\"https:\/\/amxim.com\/#\/schema\/logo\/image\/\",\"url\":\"https:\/\/amxim.com\/wp-content\/uploads\/2025\/03\/cropped-AMXIM-fav.webp\",\"contentUrl\":\"https:\/\/amxim.com\/wp-content\/uploads\/2025\/03\/cropped-AMXIM-fav.webp\",\"width\":512,\"height\":512,\"caption\":\"AMXIM\"},\"image\":{\"@id\":\"https:\/\/amxim.com\/#\/schema\/logo\/image\/\"}}]}<\/script>\n<!-- \/ Yoast SEO plugin. -->","yoast_head_json":{"title":"Dispositivos Vape Pod n\u00e3o recarreg\u00e1veis Mini cigarro eletr\u00f4nico descart\u00e1vel Tubo de alum\u00ednio Multissabores","description":"Dispositivos Vape Pod n\u00e3o recarreg\u00e1veis Mini cigarro eletr\u00f4nico descart\u00e1vel Tubo de alum\u00ednio Multissabores 5% For\u00e7a do sal de nicotina Bobina de malha de 1,8\u03a9","robots":{"index":"index","follow":"follow","max-snippet":"max-snippet:-1","max-image-preview":"max-image-preview:large","max-video-preview":"max-video-preview:-1"},"canonical":"https:\/\/amxim.com\/pt\/product\/dispositivos-de-vaporizacao-nao-recarregaveis-mini-cigarro-eletronico-descartavel-tubo-de-aluminio-varios-sabores\/","og_locale":"pt_PT","og_type":"article","og_title":"Non Refillable Vape Pod Devices Disposable Mini E-Cigarette Aluminum Tube Multi-flavors","og_description":"Non Refillable Vape Pod Devices Disposable Mini E-Cigarette Aluminum Tube Multi-flavors 5% Nicotine Salt Strength 1.8\u03a9 Mesh coil","og_url":"https:\/\/amxim.com\/pt\/product\/dispositivos-de-vaporizacao-nao-recarregaveis-mini-cigarro-eletronico-descartavel-tubo-de-aluminio-varios-sabores\/","og_site_name":"AMXIM","article_modified_time":"2026-02-04T03:01:41+00:00","og_image":[{"width":1000,"height":1000,"url":"https:\/\/amxim.com\/wp-content\/uploads\/2025\/03\/Non-Refillable-Vape-Pod-Devices-Disposable-Mini-E-Cigarette-Aluminum-Tube-Multi-flavors-1.webp","type":"image\/webp"}],"twitter_card":"summary_large_image","twitter_misc":{"Tempo estimado de leitura":"1 minuto"},"schema":{"@context":"https:\/\/schema.org","@graph":[{"@type":"WebPage","@id":"https:\/\/amxim.com\/product\/non-refillable-vape-pod-devices-disposable-mini-e-cigarette-aluminum-tube-multi-flavors\/","url":"https:\/\/amxim.com\/product\/non-refillable-vape-pod-devices-disposable-mini-e-cigarette-aluminum-tube-multi-flavors\/","name":"Dispositivos Vape Pod n\u00e3o recarreg\u00e1veis Mini cigarro eletr\u00f4nico descart\u00e1vel Tubo de alum\u00ednio Multissabores","isPartOf":{"@id":"https:\/\/amxim.com\/#website"},"primaryImageOfPage":{"@id":"https:\/\/amxim.com\/product\/non-refillable-vape-pod-devices-disposable-mini-e-cigarette-aluminum-tube-multi-flavors\/#primaryimage"},"image":{"@id":"https:\/\/amxim.com\/product\/non-refillable-vape-pod-devices-disposable-mini-e-cigarette-aluminum-tube-multi-flavors\/#primaryimage"},"thumbnailUrl":"https:\/\/amxim.com\/wp-content\/uploads\/2025\/03\/Non-Refillable-Vape-Pod-Devices-Disposable-Mini-E-Cigarette-Aluminum-Tube-Multi-flavors-1.webp","datePublished":"2025-03-27T07:16:07+00:00","dateModified":"2026-02-04T03:01:41+00:00","description":"Dispositivos Vape Pod n\u00e3o recarreg\u00e1veis Mini cigarro eletr\u00f4nico descart\u00e1vel Tubo de alum\u00ednio Multissabores 5% For\u00e7a do sal de nicotina Bobina de malha de 1,8\u03a9","breadcrumb":{"@id":"https:\/\/amxim.com\/product\/non-refillable-vape-pod-devices-disposable-mini-e-cigarette-aluminum-tube-multi-flavors\/#breadcrumb"},"inLanguage":"pt-PT","potentialAction":[{"@type":"ReadAction","target":["https:\/\/amxim.com\/product\/non-refillable-vape-pod-devices-disposable-mini-e-cigarette-aluminum-tube-multi-flavors\/"]}]},{"@type":"ImageObject","inLanguage":"pt-PT","@id":"https:\/\/amxim.com\/product\/non-refillable-vape-pod-devices-disposable-mini-e-cigarette-aluminum-tube-multi-flavors\/#primaryimage","url":"https:\/\/amxim.com\/wp-content\/uploads\/2025\/03\/Non-Refillable-Vape-Pod-Devices-Disposable-Mini-E-Cigarette-Aluminum-Tube-Multi-flavors-1.webp","contentUrl":"https:\/\/amxim.com\/wp-content\/uploads\/2025\/03\/Non-Refillable-Vape-Pod-Devices-Disposable-Mini-E-Cigarette-Aluminum-Tube-Multi-flavors-1.webp","width":1000,"height":1000,"caption":"Non Refillable Vape Pod Devices Disposable Mini E-Cigarette Aluminum Tube Multi-flavors"},{"@type":"BreadcrumbList","@id":"https:\/\/amxim.com\/product\/non-refillable-vape-pod-devices-disposable-mini-e-cigarette-aluminum-tube-multi-flavors\/#breadcrumb","itemListElement":[{"@type":"ListItem","position":1,"name":"Home","item":"https:\/\/amxim.com\/en\/"},{"@type":"ListItem","position":2,"name":"Products","item":"https:\/\/amxim.com\/de\/products\/"},{"@type":"ListItem","position":3,"name":"Non Refillable Vape Pod Devices Disposable Mini E-Cigarette Aluminum Tube Multi-flavors"}]},{"@type":"WebSite","@id":"https:\/\/amxim.com\/#website","url":"https:\/\/amxim.com\/","name":"AMXIM","description":"Fabricante de Vape AMXIM-OEM ODM","publisher":{"@id":"https:\/\/amxim.com\/#organization"},"potentialAction":[{"@type":"SearchAction","target":{"@type":"EntryPoint","urlTemplate":"https:\/\/amxim.com\/?s={search_term_string}"},"query-input":{"@type":"PropertyValueSpecification","valueRequired":true,"valueName":"search_term_string"}}],"inLanguage":"pt-PT"},{"@type":"Organization","@id":"https:\/\/amxim.com\/#organization","name":"AMXIM","url":"https:\/\/amxim.com\/","logo":{"@type":"ImageObject","inLanguage":"pt-PT","@id":"https:\/\/amxim.com\/#\/schema\/logo\/image\/","url":"https:\/\/amxim.com\/wp-content\/uploads\/2025\/03\/cropped-AMXIM-fav.webp","contentUrl":"https:\/\/amxim.com\/wp-content\/uploads\/2025\/03\/cropped-AMXIM-fav.webp","width":512,"height":512,"caption":"AMXIM"},"image":{"@id":"https:\/\/amxim.com\/#\/schema\/logo\/image\/"}}]}},"_links":{"self":[{"href":"https:\/\/amxim.com\/pt\/wp-json\/wp\/v2\/product\/10637","targetHints":{"allow":["GET"]}}],"collection":[{"href":"https:\/\/amxim.com\/pt\/wp-json\/wp\/v2\/product"}],"about":[{"href":"https:\/\/amxim.com\/pt\/wp-json\/wp\/v2\/types\/product"}],"replies":[{"embeddable":true,"href":"https:\/\/amxim.com\/pt\/wp-json\/wp\/v2\/comments?post=10637"}],"version-history":[{"count":9,"href":"https:\/\/amxim.com\/pt\/wp-json\/wp\/v2\/product\/10637\/revisions"}],"predecessor-version":[{"id":13523,"href":"https:\/\/amxim.com\/pt\/wp-json\/wp\/v2\/product\/10637\/revisions\/13523"}],"wp:featuredmedia":[{"embeddable":true,"href":"https:\/\/amxim.com\/pt\/wp-json\/wp\/v2\/media\/10640"}],"wp:attachment":[{"href":"https:\/\/amxim.com\/pt\/wp-json\/wp\/v2\/media?parent=10637"}],"wp:term":[{"taxonomy":"product_brand","embeddable":true,"href":"https:\/\/amxim.com\/pt\/wp-json\/wp\/v2\/product_brand?post=10637"},{"taxonomy":"product_cat","embeddable":true,"href":"https:\/\/amxim.com\/pt\/wp-json\/wp\/v2\/product_cat?post=10637"},{"taxonomy":"product_tag","embeddable":true,"href":"https:\/\/amxim.com\/pt\/wp-json\/wp\/v2\/product_tag?post=10637"}],"curies":[{"name":"wp","href":"https:\/\/api.w.org\/{rel}","templated":true}]}}