{"id":11663,"date":"2025-04-28T07:38:27","date_gmt":"2025-04-28T07:38:27","guid":{"rendered":"https:\/\/amxim.com\/?post_type=product&#038;p=11663"},"modified":"2026-03-24T03:46:05","modified_gmt":"2026-03-24T03:46:05","slug":"vaporizador-descartavel-de-nicotina-20mg-16ml-10-000-baforadas-com-tela-led-e-bateria-recarregavel-de-600mah","status":"publish","type":"product","link":"https:\/\/amxim.com\/pt\/product\/vaporizador-descartavel-de-nicotina-20mg-16ml-10-000-baforadas-com-tela-led-e-bateria-recarregavel-de-600mah\/","title":{"rendered":"Vaporizador descart\u00e1vel de 16ml, 10.000 baforadas, 20mg de nicotina, com tela LED, bateria recarreg\u00e1vel de 600mAh"},"content":{"rendered":"<h2 style=\"text-align: left;\">Vaporizador descart\u00e1vel de 16ml, 10.000 baforadas, 20mg de nicotina, com tela LED, bateria recarreg\u00e1vel de 600mAh<\/h2>\n<p style=\"text-align: left;\"> This 16ml disposable vape delivers up to 10,000 puffs with 20mg\/ml nicotine for smooth, long-lasting flavor. The 1.0\u03a9 mesh coil ensures even heating and consistent vapor, providing a premium vaping experience.<\/p>\n<p>Equipped with a 600mAh rechargeable battery, Type-C fast charging, and built-in charging protection, the device offers safe, reliable power for extended use. The LED screen displays e-liquid level and battery status for convenient monitoring.<\/p>\n<p>Factory-direct disposable vape with high puff capacity, built for vape distributors and importers seeking certified OEM\/ODM manufacturing and scalable wholesale supply. <\/p>","protected":false},"excerpt":{"rendered":"<h3>Especifica\u00e7\u00f5es do produto<\/h3>\n<table>\n<tbody>\n<tr>\n<th style=\"text-align: left;\">Tipo de produto<\/th>\n<td style=\"text-align: left;\">Vape descart\u00e1vel recarreg\u00e1vel<\/td>\n<\/tr>\n<tr>\n<th style=\"text-align: left;\">Op\u00e7\u00f5es de cores<\/th>\n<td style=\"text-align: left;\">Exibido ou personalizado<\/td>\n<\/tr>\n<tr>\n<th style=\"text-align: left;\">Tamanho<\/th>\n<td style=\"text-align: left;\">90 x 49,3 x 29,5 (mm)<\/td>\n<\/tr>\n<tr>\n<th style=\"text-align: left;\">Sabor<\/th>\n<td style=\"text-align: left;\">At\u00e9 50 sabores<\/td>\n<\/tr>\n<tr>\n<th style=\"text-align: left;\">Pr\u00e9-preenchimento de e-l\u00edquido<\/th>\n<td style=\"text-align: left;\">16 ml<\/td>\n<\/tr>\n<tr>\n<th style=\"text-align: left;\">Sopro<\/th>\n<td style=\"text-align: left;\">At\u00e9 10000 tragadas<\/td>\n<\/tr>\n<tr>\n<th style=\"text-align: left;\">Bateria<\/th>\n<td style=\"text-align: left;\">600mAh recarreg\u00e1vel<\/td>\n<\/tr>\n<tr>\n<th style=\"text-align: left;\">Resist\u00eancia<\/th>\n<td style=\"text-align: left;\">Bobina de malha de 1,0\u03a9<\/td>\n<\/tr>\n<tr>\n<th style=\"text-align: left;\">Nicotina<\/th>\n<td style=\"text-align: left;\">20mg\/ml<\/td>\n<\/tr>\n<tr>\n<th style=\"text-align: left;\">M\u00e9todo de carregamento<\/th>\n<td style=\"text-align: left;\">Recarreg\u00e1vel tipo C com prote\u00e7\u00e3o de carregamento<\/td>\n<\/tr>\n<tr>\n<th style=\"text-align: left;\">Tela de LED<\/th>\n<td style=\"text-align: left;\">Exibe e-l\u00edquido e pot\u00eancia<\/td>\n<\/tr>\n<\/tbody>\n<\/table>","protected":false},"featured_media":11693,"comment_status":"closed","ping_status":"closed","template":"","meta":[],"product_brand":[],"product_cat":[54,47],"product_tag":[],"class_list":{"0":"post-11663","1":"product","2":"type-product","3":"status-publish","4":"has-post-thumbnail","6":"product_cat-chargeable-disposable-vapes","7":"product_cat-disposable-vapes","9":"first","10":"instock","11":"shipping-taxable","12":"product-type-simple"},"yoast_head":"<!-- This site is optimized with the Yoast SEO plugin v26.9 - https:\/\/yoast.com\/product\/yoast-seo-wordpress\/ -->\n<title>16ml 10000 Puffs 20mg Nicotine Disposable Vape with LED Screen 600mAh Rechargeable\u200b Battery<\/title>\n<meta name=\"description\" content=\"16ml 10000 Puffs 20mg Nicotine Disposable Vape with LED Screen 600mAh Rechargeable\u200b Battery Displayed or Customized Up to 50 flavors Type-C Rechargeable\" \/>\n<meta name=\"robots\" content=\"index, follow, max-snippet:-1, max-image-preview:large, max-video-preview:-1\" \/>\n<link rel=\"canonical\" href=\"https:\/\/amxim.com\/pt\/product\/vaporizador-descartavel-de-nicotina-20mg-16ml-10-000-baforadas-com-tela-led-e-bateria-recarregavel-de-600mah\/\" \/>\n<meta property=\"og:locale\" content=\"pt_PT\" \/>\n<meta property=\"og:type\" content=\"article\" \/>\n<meta property=\"og:title\" content=\"16ml 10000 Puffs 20mg Nicotine Disposable Vape with LED Screen 600mAh Rechargeable\u200b Battery\" \/>\n<meta property=\"og:description\" content=\"16ml 10000 Puffs 20mg Nicotine Disposable Vape with LED Screen 600mAh Rechargeable\u200b Battery Displayed or Customized Up to 50 flavors Type-C Rechargeable\" \/>\n<meta property=\"og:url\" content=\"https:\/\/amxim.com\/pt\/product\/vaporizador-descartavel-de-nicotina-20mg-16ml-10-000-baforadas-com-tela-led-e-bateria-recarregavel-de-600mah\/\" \/>\n<meta property=\"og:site_name\" content=\"AMXIM\" \/>\n<meta property=\"article:modified_time\" content=\"2026-03-24T03:46:05+00:00\" \/>\n<meta property=\"og:image\" content=\"https:\/\/amxim.com\/wp-content\/uploads\/2025\/04\/16ml-10000-Puffs-20mg-Nicotine-Disposable-Vape-with-LED-Screen-600mAh-Rechargeable\u200b-Battery-1.webp\" \/>\n\t<meta property=\"og:image:width\" content=\"1000\" \/>\n\t<meta property=\"og:image:height\" content=\"1000\" \/>\n\t<meta property=\"og:image:type\" content=\"image\/webp\" \/>\n<meta name=\"twitter:card\" content=\"summary_large_image\" \/>\n<meta name=\"twitter:label1\" content=\"Tempo estimado de leitura\" \/>\n\t<meta name=\"twitter:data1\" content=\"1 minuto\" \/>\n<script type=\"application\/ld+json\" class=\"yoast-schema-graph\">{\"@context\":\"https:\/\/schema.org\",\"@graph\":[{\"@type\":\"WebPage\",\"@id\":\"https:\/\/amxim.com\/product\/16ml-10000-puffs-20mg-nicotine-disposable-vape-with-led-screen-600mah-rechargeable-battery\/\",\"url\":\"https:\/\/amxim.com\/product\/16ml-10000-puffs-20mg-nicotine-disposable-vape-with-led-screen-600mah-rechargeable-battery\/\",\"name\":\"16ml 10000 Puffs 20mg Nicotine Disposable Vape with LED Screen 600mAh Rechargeable\u200b Battery\",\"isPartOf\":{\"@id\":\"https:\/\/amxim.com\/#website\"},\"primaryImageOfPage\":{\"@id\":\"https:\/\/amxim.com\/product\/16ml-10000-puffs-20mg-nicotine-disposable-vape-with-led-screen-600mah-rechargeable-battery\/#primaryimage\"},\"image\":{\"@id\":\"https:\/\/amxim.com\/product\/16ml-10000-puffs-20mg-nicotine-disposable-vape-with-led-screen-600mah-rechargeable-battery\/#primaryimage\"},\"thumbnailUrl\":\"https:\/\/amxim.com\/wp-content\/uploads\/2025\/04\/16ml-10000-Puffs-20mg-Nicotine-Disposable-Vape-with-LED-Screen-600mAh-Rechargeable\u200b-Battery-1.webp\",\"datePublished\":\"2025-04-28T07:38:27+00:00\",\"dateModified\":\"2026-03-24T03:46:05+00:00\",\"description\":\"16ml 10000 Puffs 20mg Nicotine Disposable Vape with LED Screen 600mAh Rechargeable\u200b Battery Displayed or Customized Up to 50 flavors Type-C Rechargeable\",\"breadcrumb\":{\"@id\":\"https:\/\/amxim.com\/product\/16ml-10000-puffs-20mg-nicotine-disposable-vape-with-led-screen-600mah-rechargeable-battery\/#breadcrumb\"},\"inLanguage\":\"pt-PT\",\"potentialAction\":[{\"@type\":\"ReadAction\",\"target\":[\"https:\/\/amxim.com\/product\/16ml-10000-puffs-20mg-nicotine-disposable-vape-with-led-screen-600mah-rechargeable-battery\/\"]}]},{\"@type\":\"ImageObject\",\"inLanguage\":\"pt-PT\",\"@id\":\"https:\/\/amxim.com\/product\/16ml-10000-puffs-20mg-nicotine-disposable-vape-with-led-screen-600mah-rechargeable-battery\/#primaryimage\",\"url\":\"https:\/\/amxim.com\/wp-content\/uploads\/2025\/04\/16ml-10000-Puffs-20mg-Nicotine-Disposable-Vape-with-LED-Screen-600mAh-Rechargeable\u200b-Battery-1.webp\",\"contentUrl\":\"https:\/\/amxim.com\/wp-content\/uploads\/2025\/04\/16ml-10000-Puffs-20mg-Nicotine-Disposable-Vape-with-LED-Screen-600mAh-Rechargeable\u200b-Battery-1.webp\",\"width\":1000,\"height\":1000,\"caption\":\"16ml 10000 Puffs 20mg Nicotine Disposable Vape with LED Screen 600mAh Rechargeable\u200b Battery\"},{\"@type\":\"BreadcrumbList\",\"@id\":\"https:\/\/amxim.com\/product\/16ml-10000-puffs-20mg-nicotine-disposable-vape-with-led-screen-600mah-rechargeable-battery\/#breadcrumb\",\"itemListElement\":[{\"@type\":\"ListItem\",\"position\":1,\"name\":\"Home\",\"item\":\"https:\/\/amxim.com\/en\/\"},{\"@type\":\"ListItem\",\"position\":2,\"name\":\"Products\",\"item\":\"https:\/\/amxim.com\/de\/products\/\"},{\"@type\":\"ListItem\",\"position\":3,\"name\":\"16ml 10000 Puffs 20mg Nicotine Disposable Vape with LED Screen 600mAh Rechargeable\u200b Battery\"}]},{\"@type\":\"WebSite\",\"@id\":\"https:\/\/amxim.com\/#website\",\"url\":\"https:\/\/amxim.com\/\",\"name\":\"AMXIM\",\"description\":\"AMXIM-OEM ODM Vape Manufacturer\",\"publisher\":{\"@id\":\"https:\/\/amxim.com\/#organization\"},\"potentialAction\":[{\"@type\":\"SearchAction\",\"target\":{\"@type\":\"EntryPoint\",\"urlTemplate\":\"https:\/\/amxim.com\/?s={search_term_string}\"},\"query-input\":{\"@type\":\"PropertyValueSpecification\",\"valueRequired\":true,\"valueName\":\"search_term_string\"}}],\"inLanguage\":\"pt-PT\"},{\"@type\":\"Organization\",\"@id\":\"https:\/\/amxim.com\/#organization\",\"name\":\"AMXIM\",\"url\":\"https:\/\/amxim.com\/\",\"logo\":{\"@type\":\"ImageObject\",\"inLanguage\":\"pt-PT\",\"@id\":\"https:\/\/amxim.com\/#\/schema\/logo\/image\/\",\"url\":\"https:\/\/amxim.com\/wp-content\/uploads\/2025\/03\/cropped-AMXIM-fav.webp\",\"contentUrl\":\"https:\/\/amxim.com\/wp-content\/uploads\/2025\/03\/cropped-AMXIM-fav.webp\",\"width\":512,\"height\":512,\"caption\":\"AMXIM\"},\"image\":{\"@id\":\"https:\/\/amxim.com\/#\/schema\/logo\/image\/\"}}]}<\/script>\n<!-- \/ Yoast SEO plugin. -->","yoast_head_json":{"title":"Vaporizador descart\u00e1vel de 16ml, 10.000 baforadas, 20mg de nicotina, com tela LED, bateria recarreg\u00e1vel de 600mAh","description":"Vape descart\u00e1vel de 16ml, 10.000 baforadas, 20mg de nicotina, com tela de LED, bateria recarreg\u00e1vel de 600mAh, exibida ou personalizada, at\u00e9 50 sabores, recarreg\u00e1vel tipo C","robots":{"index":"index","follow":"follow","max-snippet":"max-snippet:-1","max-image-preview":"max-image-preview:large","max-video-preview":"max-video-preview:-1"},"canonical":"https:\/\/amxim.com\/pt\/product\/vaporizador-descartavel-de-nicotina-20mg-16ml-10-000-baforadas-com-tela-led-e-bateria-recarregavel-de-600mah\/","og_locale":"pt_PT","og_type":"article","og_title":"16ml 10000 Puffs 20mg Nicotine Disposable Vape with LED Screen 600mAh Rechargeable\u200b Battery","og_description":"16ml 10000 Puffs 20mg Nicotine Disposable Vape with LED Screen 600mAh Rechargeable\u200b Battery Displayed or Customized Up to 50 flavors Type-C Rechargeable","og_url":"https:\/\/amxim.com\/pt\/product\/vaporizador-descartavel-de-nicotina-20mg-16ml-10-000-baforadas-com-tela-led-e-bateria-recarregavel-de-600mah\/","og_site_name":"AMXIM","article_modified_time":"2026-03-24T03:46:05+00:00","og_image":[{"width":1000,"height":1000,"url":"https:\/\/amxim.com\/wp-content\/uploads\/2025\/04\/16ml-10000-Puffs-20mg-Nicotine-Disposable-Vape-with-LED-Screen-600mAh-Rechargeable\u200b-Battery-1.webp","type":"image\/webp"}],"twitter_card":"summary_large_image","twitter_misc":{"Tempo estimado de leitura":"1 minuto"},"schema":{"@context":"https:\/\/schema.org","@graph":[{"@type":"WebPage","@id":"https:\/\/amxim.com\/product\/16ml-10000-puffs-20mg-nicotine-disposable-vape-with-led-screen-600mah-rechargeable-battery\/","url":"https:\/\/amxim.com\/product\/16ml-10000-puffs-20mg-nicotine-disposable-vape-with-led-screen-600mah-rechargeable-battery\/","name":"Vaporizador descart\u00e1vel de 16ml, 10.000 baforadas, 20mg de nicotina, com tela LED, bateria recarreg\u00e1vel de 600mAh","isPartOf":{"@id":"https:\/\/amxim.com\/#website"},"primaryImageOfPage":{"@id":"https:\/\/amxim.com\/product\/16ml-10000-puffs-20mg-nicotine-disposable-vape-with-led-screen-600mah-rechargeable-battery\/#primaryimage"},"image":{"@id":"https:\/\/amxim.com\/product\/16ml-10000-puffs-20mg-nicotine-disposable-vape-with-led-screen-600mah-rechargeable-battery\/#primaryimage"},"thumbnailUrl":"https:\/\/amxim.com\/wp-content\/uploads\/2025\/04\/16ml-10000-Puffs-20mg-Nicotine-Disposable-Vape-with-LED-Screen-600mAh-Rechargeable\u200b-Battery-1.webp","datePublished":"2025-04-28T07:38:27+00:00","dateModified":"2026-03-24T03:46:05+00:00","description":"Vape descart\u00e1vel de 16ml, 10.000 baforadas, 20mg de nicotina, com tela de LED, bateria recarreg\u00e1vel de 600mAh, exibida ou personalizada, at\u00e9 50 sabores, recarreg\u00e1vel tipo C","breadcrumb":{"@id":"https:\/\/amxim.com\/product\/16ml-10000-puffs-20mg-nicotine-disposable-vape-with-led-screen-600mah-rechargeable-battery\/#breadcrumb"},"inLanguage":"pt-PT","potentialAction":[{"@type":"ReadAction","target":["https:\/\/amxim.com\/product\/16ml-10000-puffs-20mg-nicotine-disposable-vape-with-led-screen-600mah-rechargeable-battery\/"]}]},{"@type":"ImageObject","inLanguage":"pt-PT","@id":"https:\/\/amxim.com\/product\/16ml-10000-puffs-20mg-nicotine-disposable-vape-with-led-screen-600mah-rechargeable-battery\/#primaryimage","url":"https:\/\/amxim.com\/wp-content\/uploads\/2025\/04\/16ml-10000-Puffs-20mg-Nicotine-Disposable-Vape-with-LED-Screen-600mAh-Rechargeable\u200b-Battery-1.webp","contentUrl":"https:\/\/amxim.com\/wp-content\/uploads\/2025\/04\/16ml-10000-Puffs-20mg-Nicotine-Disposable-Vape-with-LED-Screen-600mAh-Rechargeable\u200b-Battery-1.webp","width":1000,"height":1000,"caption":"16ml 10000 Puffs 20mg Nicotine Disposable Vape with LED Screen 600mAh Rechargeable\u200b Battery"},{"@type":"BreadcrumbList","@id":"https:\/\/amxim.com\/product\/16ml-10000-puffs-20mg-nicotine-disposable-vape-with-led-screen-600mah-rechargeable-battery\/#breadcrumb","itemListElement":[{"@type":"ListItem","position":1,"name":"Home","item":"https:\/\/amxim.com\/en\/"},{"@type":"ListItem","position":2,"name":"Products","item":"https:\/\/amxim.com\/de\/products\/"},{"@type":"ListItem","position":3,"name":"16ml 10000 Puffs 20mg Nicotine Disposable Vape with LED Screen 600mAh Rechargeable\u200b Battery"}]},{"@type":"WebSite","@id":"https:\/\/amxim.com\/#website","url":"https:\/\/amxim.com\/","name":"AMXIM","description":"Fabricante de Vape AMXIM-OEM ODM","publisher":{"@id":"https:\/\/amxim.com\/#organization"},"potentialAction":[{"@type":"SearchAction","target":{"@type":"EntryPoint","urlTemplate":"https:\/\/amxim.com\/?s={search_term_string}"},"query-input":{"@type":"PropertyValueSpecification","valueRequired":true,"valueName":"search_term_string"}}],"inLanguage":"pt-PT"},{"@type":"Organization","@id":"https:\/\/amxim.com\/#organization","name":"AMXIM","url":"https:\/\/amxim.com\/","logo":{"@type":"ImageObject","inLanguage":"pt-PT","@id":"https:\/\/amxim.com\/#\/schema\/logo\/image\/","url":"https:\/\/amxim.com\/wp-content\/uploads\/2025\/03\/cropped-AMXIM-fav.webp","contentUrl":"https:\/\/amxim.com\/wp-content\/uploads\/2025\/03\/cropped-AMXIM-fav.webp","width":512,"height":512,"caption":"AMXIM"},"image":{"@id":"https:\/\/amxim.com\/#\/schema\/logo\/image\/"}}]}},"_links":{"self":[{"href":"https:\/\/amxim.com\/pt\/wp-json\/wp\/v2\/product\/11663","targetHints":{"allow":["GET"]}}],"collection":[{"href":"https:\/\/amxim.com\/pt\/wp-json\/wp\/v2\/product"}],"about":[{"href":"https:\/\/amxim.com\/pt\/wp-json\/wp\/v2\/types\/product"}],"replies":[{"embeddable":true,"href":"https:\/\/amxim.com\/pt\/wp-json\/wp\/v2\/comments?post=11663"}],"version-history":[{"count":4,"href":"https:\/\/amxim.com\/pt\/wp-json\/wp\/v2\/product\/11663\/revisions"}],"predecessor-version":[{"id":13466,"href":"https:\/\/amxim.com\/pt\/wp-json\/wp\/v2\/product\/11663\/revisions\/13466"}],"wp:featuredmedia":[{"embeddable":true,"href":"https:\/\/amxim.com\/pt\/wp-json\/wp\/v2\/media\/11693"}],"wp:attachment":[{"href":"https:\/\/amxim.com\/pt\/wp-json\/wp\/v2\/media?parent=11663"}],"wp:term":[{"taxonomy":"product_brand","embeddable":true,"href":"https:\/\/amxim.com\/pt\/wp-json\/wp\/v2\/product_brand?post=11663"},{"taxonomy":"product_cat","embeddable":true,"href":"https:\/\/amxim.com\/pt\/wp-json\/wp\/v2\/product_cat?post=11663"},{"taxonomy":"product_tag","embeddable":true,"href":"https:\/\/amxim.com\/pt\/wp-json\/wp\/v2\/product_tag?post=11663"}],"curies":[{"name":"wp","href":"https:\/\/api.w.org\/{rel}","templated":true}]}}