{"id":11777,"date":"2025-04-28T08:46:57","date_gmt":"2025-04-28T08:46:57","guid":{"rendered":"https:\/\/amxim.com\/?post_type=product&#038;p=11777"},"modified":"2026-03-24T03:44:44","modified_gmt":"2026-03-24T03:44:44","slug":"vape-descartavel-compacto-e-liquido-de-2ml-tipo-cigarro-eletronico-600-puffs-bateria-de-400mah-17mg-de-nicotina","status":"publish","type":"product","link":"https:\/\/amxim.com\/pt\/product\/vape-descartavel-compacto-e-liquido-de-2ml-tipo-cigarro-eletronico-600-puffs-bateria-de-400mah-17mg-de-nicotina\/","title":{"rendered":"2ml E-iquid Compact Cigalike Vape Descart\u00e1vel 600 Puffs Bateria 400mAh 17mg Nicotina"},"content":{"rendered":"<div class=\"product-description\">\n<h2 style=\"text-align: left;\">2ml E-iquid Compact Cigalike Vape Descart\u00e1vel 600 Puffs Bateria 400mAh 17mg Nicotina<\/h2>\n<p style=\"text-align: left;\">  This compact cigalike disposable vape features a 2ml prefilled e-liquid tank with 17mg\/ml nicotine, delivering up to 600 puffs for smooth flavor and satisfying vapor. The 1.6\u03a9 mesh coil ensures even heating and consistent performance for an optimal vaping experience.<\/p>\n<p>Powered by a 400mAh rechargeable battery, the device provides reliable output and convenient daily use, making it perfect for on-the-go vaping.<\/p>\n<p>This disposable pod offers OEM\/ODM customization, private label branding, and wholesale supply\uff0cDesigned for vape distributors and importers, it delivers factory-direct, high-quality disposable vapes with durable construction and retail-ready design for EU-compliant and global markets. <\/p>\n<p>&nbsp;<\/p>\n<h3>Galeria de produtos<\/h3>\n<p><img decoding=\"async\" style=\"width: 100%; margin: 0 auto;\" src=\"https:\/\/amxim.com\/wp-content\/uploads\/2025\/04\/2ml-E-iquid-Compact-Cigalike-Disposable-Vape-600-Puffs-400mAh-Battery-17mg-Nicotine-2\" alt=\"2ml E-iquid Compact Cigalike Vape Descart\u00e1vel 600 Puffs Bateria 400mAh 17mg Nicotina\" \/><\/p>\n<\/div>\n<style>\n.product-description {\n    font-family: Arial, sans-serif;\n    max-width: 1400px;\n    margin: 0 auto;\n    padding: 20px;\n    background: #fff;\n    border-radius: 10px;\n    box-shadow: 0 4px 8px rgba(0, 0, 0, 0.1);\n    padding: 20px;\n    padding-bottom: 20px;\n}\n<\/style>","protected":false},"excerpt":{"rendered":"<h3>Especifica\u00e7\u00f5es do produto<\/h3>\n<table>\n<tbody>\n<tr>\n<th style=\"text-align: left;\">Tipo de produto<\/th>\n<td style=\"text-align: left;\">Vape descart\u00e1vel recarreg\u00e1vel<\/td>\n<\/tr>\n<tr>\n<th style=\"text-align: left;\">Op\u00e7\u00f5es de cores<\/th>\n<td style=\"text-align: left;\">Exibido ou personalizado<\/td>\n<\/tr>\n<tr>\n<th style=\"text-align: left;\">Tamanho<\/th>\n<td style=\"text-align: left;\">11 x 106 (mm)<\/td>\n<\/tr>\n<tr>\n<th style=\"text-align: left;\">Sabor<\/th>\n<td style=\"text-align: left;\">At\u00e9 50 sabores<\/td>\n<\/tr>\n<tr>\n<th style=\"text-align: left;\">Pr\u00e9-preenchimento de e-l\u00edquido<\/th>\n<td style=\"text-align: left;\">2 ml<\/td>\n<\/tr>\n<tr>\n<th style=\"text-align: left;\">Sopro<\/th>\n<td style=\"text-align: left;\">At\u00e9 600 tragadas<\/td>\n<\/tr>\n<tr>\n<th style=\"text-align: left;\">Bateria<\/th>\n<td style=\"text-align: left;\">400mAh recarreg\u00e1vel<\/td>\n<\/tr>\n<tr>\n<th style=\"text-align: left;\">Resist\u00eancia<\/th>\n<td style=\"text-align: left;\">Bobina de malha de 1,6\u03a9<\/td>\n<\/tr>\n<tr>\n<th style=\"text-align: left;\">Nicotina<\/th>\n<td style=\"text-align: left;\">17mg\/ml<\/td>\n<\/tr>\n<\/tbody>\n<\/table>","protected":false},"featured_media":11800,"comment_status":"closed","ping_status":"closed","template":"","meta":[],"product_brand":[],"product_cat":[61],"product_tag":[],"class_list":{"0":"post-11777","1":"product","2":"type-product","3":"status-publish","4":"has-post-thumbnail","6":"product_cat-cigalikes","8":"first","9":"instock","10":"shipping-taxable","11":"product-type-simple"},"yoast_head":"<!-- This site is optimized with the Yoast SEO plugin v26.9 - https:\/\/yoast.com\/product\/yoast-seo-wordpress\/ -->\n<title>2ml E-iquid Compact Cigalike Disposable Vape 600 Puffs 400mAh Battery 17mg Nicotine<\/title>\n<meta name=\"description\" content=\"2ml E-iquid Compact Cigalike Disposable Vape 600 Puffs 400mAh Battery 17mg Nicotine Displayed or Customized Up to 50 flavors Type-C Rechargeable\" \/>\n<meta name=\"robots\" content=\"index, follow, max-snippet:-1, max-image-preview:large, max-video-preview:-1\" \/>\n<link rel=\"canonical\" href=\"https:\/\/amxim.com\/pt\/product\/vape-descartavel-compacto-e-liquido-de-2ml-tipo-cigarro-eletronico-600-puffs-bateria-de-400mah-17mg-de-nicotina\/\" \/>\n<meta property=\"og:locale\" content=\"pt_PT\" \/>\n<meta property=\"og:type\" content=\"article\" \/>\n<meta property=\"og:title\" content=\"2ml E-iquid Compact Cigalike Disposable Vape 600 Puffs 400mAh Battery 17mg Nicotine\" \/>\n<meta property=\"og:description\" content=\"2ml E-iquid Compact Cigalike Disposable Vape 600 Puffs 400mAh Battery 17mg Nicotine Displayed or Customized Up to 50 flavors Type-C Rechargeable\" \/>\n<meta property=\"og:url\" content=\"https:\/\/amxim.com\/pt\/product\/vape-descartavel-compacto-e-liquido-de-2ml-tipo-cigarro-eletronico-600-puffs-bateria-de-400mah-17mg-de-nicotina\/\" \/>\n<meta property=\"og:site_name\" content=\"AMXIM\" \/>\n<meta property=\"article:modified_time\" content=\"2026-03-24T03:44:44+00:00\" \/>\n<meta property=\"og:image\" content=\"https:\/\/amxim.com\/wp-content\/uploads\/2025\/04\/2ml-E-iquid-Compact-Cigalike-Disposable-Vape-600-Puffs-400mAh-Battery-17mg-Nicotine-1.webp\" \/>\n\t<meta property=\"og:image:width\" content=\"1000\" \/>\n\t<meta property=\"og:image:height\" content=\"1000\" \/>\n\t<meta property=\"og:image:type\" content=\"image\/webp\" \/>\n<meta name=\"twitter:card\" content=\"summary_large_image\" \/>\n<meta name=\"twitter:label1\" content=\"Tempo estimado de leitura\" \/>\n\t<meta name=\"twitter:data1\" content=\"1 minuto\" \/>\n<script type=\"application\/ld+json\" class=\"yoast-schema-graph\">{\"@context\":\"https:\/\/schema.org\",\"@graph\":[{\"@type\":\"WebPage\",\"@id\":\"https:\/\/amxim.com\/product\/2ml-e-iquid-compact-cigalike-disposable-vape-600-puffs-400mah-battery-17mg-nicotine\/\",\"url\":\"https:\/\/amxim.com\/product\/2ml-e-iquid-compact-cigalike-disposable-vape-600-puffs-400mah-battery-17mg-nicotine\/\",\"name\":\"2ml E-iquid Compact Cigalike Disposable Vape 600 Puffs 400mAh Battery 17mg Nicotine\",\"isPartOf\":{\"@id\":\"https:\/\/amxim.com\/#website\"},\"primaryImageOfPage\":{\"@id\":\"https:\/\/amxim.com\/product\/2ml-e-iquid-compact-cigalike-disposable-vape-600-puffs-400mah-battery-17mg-nicotine\/#primaryimage\"},\"image\":{\"@id\":\"https:\/\/amxim.com\/product\/2ml-e-iquid-compact-cigalike-disposable-vape-600-puffs-400mah-battery-17mg-nicotine\/#primaryimage\"},\"thumbnailUrl\":\"https:\/\/amxim.com\/wp-content\/uploads\/2025\/04\/2ml-E-iquid-Compact-Cigalike-Disposable-Vape-600-Puffs-400mAh-Battery-17mg-Nicotine-1.webp\",\"datePublished\":\"2025-04-28T08:46:57+00:00\",\"dateModified\":\"2026-03-24T03:44:44+00:00\",\"description\":\"2ml E-iquid Compact Cigalike Disposable Vape 600 Puffs 400mAh Battery 17mg Nicotine Displayed or Customized Up to 50 flavors Type-C Rechargeable\",\"breadcrumb\":{\"@id\":\"https:\/\/amxim.com\/product\/2ml-e-iquid-compact-cigalike-disposable-vape-600-puffs-400mah-battery-17mg-nicotine\/#breadcrumb\"},\"inLanguage\":\"pt-PT\",\"potentialAction\":[{\"@type\":\"ReadAction\",\"target\":[\"https:\/\/amxim.com\/product\/2ml-e-iquid-compact-cigalike-disposable-vape-600-puffs-400mah-battery-17mg-nicotine\/\"]}]},{\"@type\":\"ImageObject\",\"inLanguage\":\"pt-PT\",\"@id\":\"https:\/\/amxim.com\/product\/2ml-e-iquid-compact-cigalike-disposable-vape-600-puffs-400mah-battery-17mg-nicotine\/#primaryimage\",\"url\":\"https:\/\/amxim.com\/wp-content\/uploads\/2025\/04\/2ml-E-iquid-Compact-Cigalike-Disposable-Vape-600-Puffs-400mAh-Battery-17mg-Nicotine-1.webp\",\"contentUrl\":\"https:\/\/amxim.com\/wp-content\/uploads\/2025\/04\/2ml-E-iquid-Compact-Cigalike-Disposable-Vape-600-Puffs-400mAh-Battery-17mg-Nicotine-1.webp\",\"width\":1000,\"height\":1000,\"caption\":\"2ml E-iquid Compact Cigalike Disposable Vape 600 Puffs 400mAh Battery 17mg Nicotine\"},{\"@type\":\"BreadcrumbList\",\"@id\":\"https:\/\/amxim.com\/product\/2ml-e-iquid-compact-cigalike-disposable-vape-600-puffs-400mah-battery-17mg-nicotine\/#breadcrumb\",\"itemListElement\":[{\"@type\":\"ListItem\",\"position\":1,\"name\":\"Home\",\"item\":\"https:\/\/amxim.com\/\"},{\"@type\":\"ListItem\",\"position\":2,\"name\":\"Products\",\"item\":\"https:\/\/amxim.com\/de\/products\/\"},{\"@type\":\"ListItem\",\"position\":3,\"name\":\"2ml E-iquid Compact Cigalike Disposable Vape 600 Puffs 400mAh Battery 17mg Nicotine\"}]},{\"@type\":\"WebSite\",\"@id\":\"https:\/\/amxim.com\/#website\",\"url\":\"https:\/\/amxim.com\/\",\"name\":\"AMXIM\",\"description\":\"AMXIM-OEM ODM Vape Manufacturer\",\"publisher\":{\"@id\":\"https:\/\/amxim.com\/#organization\"},\"potentialAction\":[{\"@type\":\"SearchAction\",\"target\":{\"@type\":\"EntryPoint\",\"urlTemplate\":\"https:\/\/amxim.com\/?s={search_term_string}\"},\"query-input\":{\"@type\":\"PropertyValueSpecification\",\"valueRequired\":true,\"valueName\":\"search_term_string\"}}],\"inLanguage\":\"pt-PT\"},{\"@type\":\"Organization\",\"@id\":\"https:\/\/amxim.com\/#organization\",\"name\":\"AMXIM\",\"url\":\"https:\/\/amxim.com\/\",\"logo\":{\"@type\":\"ImageObject\",\"inLanguage\":\"pt-PT\",\"@id\":\"https:\/\/amxim.com\/#\/schema\/logo\/image\/\",\"url\":\"https:\/\/amxim.com\/wp-content\/uploads\/2025\/03\/cropped-AMXIM-fav.webp\",\"contentUrl\":\"https:\/\/amxim.com\/wp-content\/uploads\/2025\/03\/cropped-AMXIM-fav.webp\",\"width\":512,\"height\":512,\"caption\":\"AMXIM\"},\"image\":{\"@id\":\"https:\/\/amxim.com\/#\/schema\/logo\/image\/\"}}]}<\/script>\n<!-- \/ Yoast SEO plugin. -->","yoast_head_json":{"title":"2ml E-iquid Compact Cigalike Vape Descart\u00e1vel 600 Puffs Bateria 400mAh 17mg Nicotina","description":"2ml E-iquid Compact Cigalike Vape Descart\u00e1vel 600 Puffs Bateria 400mAh 17mg Nicotina Exibida ou Personalizada At\u00e9 50 sabores Tipo C Recarreg\u00e1vel","robots":{"index":"index","follow":"follow","max-snippet":"max-snippet:-1","max-image-preview":"max-image-preview:large","max-video-preview":"max-video-preview:-1"},"canonical":"https:\/\/amxim.com\/pt\/product\/vape-descartavel-compacto-e-liquido-de-2ml-tipo-cigarro-eletronico-600-puffs-bateria-de-400mah-17mg-de-nicotina\/","og_locale":"pt_PT","og_type":"article","og_title":"2ml E-iquid Compact Cigalike Disposable Vape 600 Puffs 400mAh Battery 17mg Nicotine","og_description":"2ml E-iquid Compact Cigalike Disposable Vape 600 Puffs 400mAh Battery 17mg Nicotine Displayed or Customized Up to 50 flavors Type-C Rechargeable","og_url":"https:\/\/amxim.com\/pt\/product\/vape-descartavel-compacto-e-liquido-de-2ml-tipo-cigarro-eletronico-600-puffs-bateria-de-400mah-17mg-de-nicotina\/","og_site_name":"AMXIM","article_modified_time":"2026-03-24T03:44:44+00:00","og_image":[{"width":1000,"height":1000,"url":"https:\/\/amxim.com\/wp-content\/uploads\/2025\/04\/2ml-E-iquid-Compact-Cigalike-Disposable-Vape-600-Puffs-400mAh-Battery-17mg-Nicotine-1.webp","type":"image\/webp"}],"twitter_card":"summary_large_image","twitter_misc":{"Tempo estimado de leitura":"1 minuto"},"schema":{"@context":"https:\/\/schema.org","@graph":[{"@type":"WebPage","@id":"https:\/\/amxim.com\/product\/2ml-e-iquid-compact-cigalike-disposable-vape-600-puffs-400mah-battery-17mg-nicotine\/","url":"https:\/\/amxim.com\/product\/2ml-e-iquid-compact-cigalike-disposable-vape-600-puffs-400mah-battery-17mg-nicotine\/","name":"2ml E-iquid Compact Cigalike Vape Descart\u00e1vel 600 Puffs Bateria 400mAh 17mg Nicotina","isPartOf":{"@id":"https:\/\/amxim.com\/#website"},"primaryImageOfPage":{"@id":"https:\/\/amxim.com\/product\/2ml-e-iquid-compact-cigalike-disposable-vape-600-puffs-400mah-battery-17mg-nicotine\/#primaryimage"},"image":{"@id":"https:\/\/amxim.com\/product\/2ml-e-iquid-compact-cigalike-disposable-vape-600-puffs-400mah-battery-17mg-nicotine\/#primaryimage"},"thumbnailUrl":"https:\/\/amxim.com\/wp-content\/uploads\/2025\/04\/2ml-E-iquid-Compact-Cigalike-Disposable-Vape-600-Puffs-400mAh-Battery-17mg-Nicotine-1.webp","datePublished":"2025-04-28T08:46:57+00:00","dateModified":"2026-03-24T03:44:44+00:00","description":"2ml E-iquid Compact Cigalike Vape Descart\u00e1vel 600 Puffs Bateria 400mAh 17mg Nicotina Exibida ou Personalizada At\u00e9 50 sabores Tipo C Recarreg\u00e1vel","breadcrumb":{"@id":"https:\/\/amxim.com\/product\/2ml-e-iquid-compact-cigalike-disposable-vape-600-puffs-400mah-battery-17mg-nicotine\/#breadcrumb"},"inLanguage":"pt-PT","potentialAction":[{"@type":"ReadAction","target":["https:\/\/amxim.com\/product\/2ml-e-iquid-compact-cigalike-disposable-vape-600-puffs-400mah-battery-17mg-nicotine\/"]}]},{"@type":"ImageObject","inLanguage":"pt-PT","@id":"https:\/\/amxim.com\/product\/2ml-e-iquid-compact-cigalike-disposable-vape-600-puffs-400mah-battery-17mg-nicotine\/#primaryimage","url":"https:\/\/amxim.com\/wp-content\/uploads\/2025\/04\/2ml-E-iquid-Compact-Cigalike-Disposable-Vape-600-Puffs-400mAh-Battery-17mg-Nicotine-1.webp","contentUrl":"https:\/\/amxim.com\/wp-content\/uploads\/2025\/04\/2ml-E-iquid-Compact-Cigalike-Disposable-Vape-600-Puffs-400mAh-Battery-17mg-Nicotine-1.webp","width":1000,"height":1000,"caption":"2ml E-iquid Compact Cigalike Disposable Vape 600 Puffs 400mAh Battery 17mg Nicotine"},{"@type":"BreadcrumbList","@id":"https:\/\/amxim.com\/product\/2ml-e-iquid-compact-cigalike-disposable-vape-600-puffs-400mah-battery-17mg-nicotine\/#breadcrumb","itemListElement":[{"@type":"ListItem","position":1,"name":"Home","item":"https:\/\/amxim.com\/"},{"@type":"ListItem","position":2,"name":"Products","item":"https:\/\/amxim.com\/de\/products\/"},{"@type":"ListItem","position":3,"name":"2ml E-iquid Compact Cigalike Disposable Vape 600 Puffs 400mAh Battery 17mg Nicotine"}]},{"@type":"WebSite","@id":"https:\/\/amxim.com\/#website","url":"https:\/\/amxim.com\/","name":"AMXIM","description":"Fabricante de Vape AMXIM-OEM ODM","publisher":{"@id":"https:\/\/amxim.com\/#organization"},"potentialAction":[{"@type":"SearchAction","target":{"@type":"EntryPoint","urlTemplate":"https:\/\/amxim.com\/?s={search_term_string}"},"query-input":{"@type":"PropertyValueSpecification","valueRequired":true,"valueName":"search_term_string"}}],"inLanguage":"pt-PT"},{"@type":"Organization","@id":"https:\/\/amxim.com\/#organization","name":"AMXIM","url":"https:\/\/amxim.com\/","logo":{"@type":"ImageObject","inLanguage":"pt-PT","@id":"https:\/\/amxim.com\/#\/schema\/logo\/image\/","url":"https:\/\/amxim.com\/wp-content\/uploads\/2025\/03\/cropped-AMXIM-fav.webp","contentUrl":"https:\/\/amxim.com\/wp-content\/uploads\/2025\/03\/cropped-AMXIM-fav.webp","width":512,"height":512,"caption":"AMXIM"},"image":{"@id":"https:\/\/amxim.com\/#\/schema\/logo\/image\/"}}]}},"_links":{"self":[{"href":"https:\/\/amxim.com\/pt\/wp-json\/wp\/v2\/product\/11777","targetHints":{"allow":["GET"]}}],"collection":[{"href":"https:\/\/amxim.com\/pt\/wp-json\/wp\/v2\/product"}],"about":[{"href":"https:\/\/amxim.com\/pt\/wp-json\/wp\/v2\/types\/product"}],"replies":[{"embeddable":true,"href":"https:\/\/amxim.com\/pt\/wp-json\/wp\/v2\/comments?post=11777"}],"version-history":[{"count":5,"href":"https:\/\/amxim.com\/pt\/wp-json\/wp\/v2\/product\/11777\/revisions"}],"predecessor-version":[{"id":13592,"href":"https:\/\/amxim.com\/pt\/wp-json\/wp\/v2\/product\/11777\/revisions\/13592"}],"wp:featuredmedia":[{"embeddable":true,"href":"https:\/\/amxim.com\/pt\/wp-json\/wp\/v2\/media\/11800"}],"wp:attachment":[{"href":"https:\/\/amxim.com\/pt\/wp-json\/wp\/v2\/media?parent=11777"}],"wp:term":[{"taxonomy":"product_brand","embeddable":true,"href":"https:\/\/amxim.com\/pt\/wp-json\/wp\/v2\/product_brand?post=11777"},{"taxonomy":"product_cat","embeddable":true,"href":"https:\/\/amxim.com\/pt\/wp-json\/wp\/v2\/product_cat?post=11777"},{"taxonomy":"product_tag","embeddable":true,"href":"https:\/\/amxim.com\/pt\/wp-json\/wp\/v2\/product_tag?post=11777"}],"curies":[{"name":"wp","href":"https:\/\/api.w.org\/{rel}","templated":true}]}}