{"id":11825,"date":"2025-04-30T02:05:48","date_gmt":"2025-04-30T02:05:48","guid":{"rendered":"https:\/\/amxim.com\/?post_type=product&#038;p=11825"},"modified":"2026-02-03T03:48:55","modified_gmt":"2026-02-03T03:48:55","slug":"bastao-descartavel-para-vaporizador-eletronico-de-12ml-de-alta-capacidade-bateria-recarregavel-de-600mah-com-adesivo-personalizavel","status":"publish","type":"product","link":"https:\/\/amxim.com\/pt\/product\/bastao-descartavel-para-vaporizador-eletronico-de-12ml-de-alta-capacidade-bateria-recarregavel-de-600mah-com-adesivo-personalizavel\/","title":{"rendered":"Stick descart\u00e1vel para vaporizador eletr\u00f4nico de 12 ml de alta capacidade, bateria recarreg\u00e1vel de 600 mAh com adesivo personaliz\u00e1vel"},"content":{"rendered":"<h2 style=\"text-align: left;\">Stick descart\u00e1vel para vaporizador eletr\u00f4nico de 12 ml de alta capacidade, bateria recarreg\u00e1vel de 600 mAh com adesivo personaliz\u00e1vel<\/h2>\n<p style=\"text-align: left;\">This high-capacity disposable vape stick features a 12ml prefilled e-liquid tank with 5% nicotine, delivering smooth flavor and long-lasting vapor. The 1.0\u03a9 mesh coil ensures consistent heating and rich flavor for an optimal vaping experience.<\/p>\n<p>Powered by a 600mAh rechargeable battery with Type-C charging, the device provides stable output and extended daily use. The customizable sticker allows brands to apply private label designs, creating unique products for the market. Crafted from stainless steel and PC, it offers durability and a premium feel.<\/p>\n<p>From a trusted vape manufacturer, this disposable vape stick features OEM\/ODM support, private label customization, and bulk wholesale options\u2014perfect for vape distributors and importers seeking high-capacity, factory-direct disposable vapes with brandable design and reliable performance.  <\/p>","protected":false},"excerpt":{"rendered":"<h3>Especifica\u00e7\u00f5es do produto<\/h3>\n<table>\n<tbody>\n<tr>\n<th style=\"text-align: left;\">Tipo de produto<\/th>\n<td style=\"text-align: left;\">Vape descart\u00e1vel recarreg\u00e1vel<\/td>\n<\/tr>\n<tr>\n<th style=\"text-align: left;\">Op\u00e7\u00f5es de cores<\/th>\n<td style=\"text-align: left;\">Exibido ou personalizado<\/td>\n<\/tr>\n<tr>\n<th style=\"text-align: left;\">Sabor<\/th>\n<td style=\"text-align: left;\">At\u00e9 50 sabores<\/td>\n<\/tr>\n<tr>\n<th style=\"text-align: left;\">Pr\u00e9-preenchimento de e-l\u00edquido<\/th>\n<td style=\"text-align: left;\">12 ml<\/td>\n<\/tr>\n<tr>\n<th style=\"text-align: left;\">Bateria<\/th>\n<td style=\"text-align: left;\">600mAh recarreg\u00e1vel<\/td>\n<\/tr>\n<tr>\n<th style=\"text-align: left;\">Resist\u00eancia<\/th>\n<td style=\"text-align: left;\">Bobina de malha de 1,0\u03a9<\/td>\n<\/tr>\n<tr>\n<th style=\"text-align: left;\">Porta de carregamento<\/th>\n<td style=\"text-align: left;\">Tipo C<\/td>\n<\/tr>\n<tr>\n<th style=\"text-align: left;\">Nicotina<\/th>\n<td style=\"text-align: left;\">5% Nicotina<\/td>\n<\/tr>\n<tr>\n<th style=\"text-align: left;\">Materiais Principais<\/th>\n<td style=\"text-align: left;\">A\u00e7o inoxid\u00e1vel + PC + adesivo<\/td>\n<\/tr>\n<\/tbody>\n<\/table>","protected":false},"featured_media":11835,"comment_status":"closed","ping_status":"closed","template":"","meta":[],"product_brand":[],"product_cat":[63,47],"product_tag":[],"class_list":{"0":"post-11825","1":"product","2":"type-product","3":"status-publish","4":"has-post-thumbnail","6":"product_cat-disposable-vape-stick","7":"product_cat-disposable-vapes","9":"first","10":"instock","11":"shipping-taxable","12":"product-type-simple"},"yoast_head":"<!-- This site is optimized with the Yoast SEO plugin v26.9 - https:\/\/yoast.com\/product\/yoast-seo-wordpress\/ -->\n<title>High-Capacity 12ml E-liquid Disposable Vape Stick 600mAh Rechargeable Battery with Customizable Sticker<\/title>\n<meta name=\"description\" content=\"High-Capacity 12ml E-liquid Disposable Vape Stick 600mAh Rechargeable Battery with Customizable Sticker Up to 50 flavors Displayed or Customized\" \/>\n<meta name=\"robots\" content=\"index, follow, max-snippet:-1, max-image-preview:large, max-video-preview:-1\" \/>\n<link rel=\"canonical\" href=\"https:\/\/amxim.com\/pt\/product\/bastao-descartavel-para-vaporizador-eletronico-de-12ml-de-alta-capacidade-bateria-recarregavel-de-600mah-com-adesivo-personalizavel\/\" \/>\n<meta property=\"og:locale\" content=\"pt_PT\" \/>\n<meta property=\"og:type\" content=\"article\" \/>\n<meta property=\"og:title\" content=\"High-Capacity 12ml E-liquid Disposable Vape Stick 600mAh Rechargeable Battery with Customizable Sticker\" \/>\n<meta property=\"og:description\" content=\"High-Capacity 12ml E-liquid Disposable Vape Stick 600mAh Rechargeable Battery with Customizable Sticker Up to 50 flavors Displayed or Customized\" \/>\n<meta property=\"og:url\" content=\"https:\/\/amxim.com\/pt\/product\/bastao-descartavel-para-vaporizador-eletronico-de-12ml-de-alta-capacidade-bateria-recarregavel-de-600mah-com-adesivo-personalizavel\/\" \/>\n<meta property=\"og:site_name\" content=\"AMXIM\" \/>\n<meta property=\"article:modified_time\" content=\"2026-02-03T03:48:55+00:00\" \/>\n<meta property=\"og:image\" content=\"https:\/\/amxim.com\/wp-content\/uploads\/2025\/04\/High-Capacity-12ml-E-liquid-Disposable-Vape-Stick-600mAh-Rechargeable-Battery-with-Customizable-Sticker.webp\" \/>\n\t<meta property=\"og:image:width\" content=\"1000\" \/>\n\t<meta property=\"og:image:height\" content=\"1000\" \/>\n\t<meta property=\"og:image:type\" content=\"image\/webp\" \/>\n<meta name=\"twitter:card\" content=\"summary_large_image\" \/>\n<meta name=\"twitter:label1\" content=\"Tempo estimado de leitura\" \/>\n\t<meta name=\"twitter:data1\" content=\"1 minuto\" \/>\n<script type=\"application\/ld+json\" class=\"yoast-schema-graph\">{\"@context\":\"https:\/\/schema.org\",\"@graph\":[{\"@type\":\"WebPage\",\"@id\":\"https:\/\/amxim.com\/product\/high-capacity-12ml-e-liquid-disposable-vape-stick-600mah-rechargeable-battery-with-customizable-sticker\/\",\"url\":\"https:\/\/amxim.com\/product\/high-capacity-12ml-e-liquid-disposable-vape-stick-600mah-rechargeable-battery-with-customizable-sticker\/\",\"name\":\"High-Capacity 12ml E-liquid Disposable Vape Stick 600mAh Rechargeable Battery with Customizable Sticker\",\"isPartOf\":{\"@id\":\"https:\/\/amxim.com\/#website\"},\"primaryImageOfPage\":{\"@id\":\"https:\/\/amxim.com\/product\/high-capacity-12ml-e-liquid-disposable-vape-stick-600mah-rechargeable-battery-with-customizable-sticker\/#primaryimage\"},\"image\":{\"@id\":\"https:\/\/amxim.com\/product\/high-capacity-12ml-e-liquid-disposable-vape-stick-600mah-rechargeable-battery-with-customizable-sticker\/#primaryimage\"},\"thumbnailUrl\":\"https:\/\/amxim.com\/wp-content\/uploads\/2025\/04\/High-Capacity-12ml-E-liquid-Disposable-Vape-Stick-600mAh-Rechargeable-Battery-with-Customizable-Sticker.webp\",\"datePublished\":\"2025-04-30T02:05:48+00:00\",\"dateModified\":\"2026-02-03T03:48:55+00:00\",\"description\":\"High-Capacity 12ml E-liquid Disposable Vape Stick 600mAh Rechargeable Battery with Customizable Sticker Up to 50 flavors Displayed or Customized\",\"breadcrumb\":{\"@id\":\"https:\/\/amxim.com\/product\/high-capacity-12ml-e-liquid-disposable-vape-stick-600mah-rechargeable-battery-with-customizable-sticker\/#breadcrumb\"},\"inLanguage\":\"pt-PT\",\"potentialAction\":[{\"@type\":\"ReadAction\",\"target\":[\"https:\/\/amxim.com\/product\/high-capacity-12ml-e-liquid-disposable-vape-stick-600mah-rechargeable-battery-with-customizable-sticker\/\"]}]},{\"@type\":\"ImageObject\",\"inLanguage\":\"pt-PT\",\"@id\":\"https:\/\/amxim.com\/product\/high-capacity-12ml-e-liquid-disposable-vape-stick-600mah-rechargeable-battery-with-customizable-sticker\/#primaryimage\",\"url\":\"https:\/\/amxim.com\/wp-content\/uploads\/2025\/04\/High-Capacity-12ml-E-liquid-Disposable-Vape-Stick-600mAh-Rechargeable-Battery-with-Customizable-Sticker.webp\",\"contentUrl\":\"https:\/\/amxim.com\/wp-content\/uploads\/2025\/04\/High-Capacity-12ml-E-liquid-Disposable-Vape-Stick-600mAh-Rechargeable-Battery-with-Customizable-Sticker.webp\",\"width\":1000,\"height\":1000,\"caption\":\"High-Capacity 12ml E-liquid Disposable Vape Stick 600mAh Rechargeable Battery with Customizable Sticker\"},{\"@type\":\"BreadcrumbList\",\"@id\":\"https:\/\/amxim.com\/product\/high-capacity-12ml-e-liquid-disposable-vape-stick-600mah-rechargeable-battery-with-customizable-sticker\/#breadcrumb\",\"itemListElement\":[{\"@type\":\"ListItem\",\"position\":1,\"name\":\"Home\",\"item\":\"https:\/\/amxim.com\/\"},{\"@type\":\"ListItem\",\"position\":2,\"name\":\"Products\",\"item\":\"https:\/\/amxim.com\/de\/products\/\"},{\"@type\":\"ListItem\",\"position\":3,\"name\":\"High-Capacity 12ml E-liquid Disposable Vape Stick 600mAh Rechargeable Battery with Customizable Sticker\"}]},{\"@type\":\"WebSite\",\"@id\":\"https:\/\/amxim.com\/#website\",\"url\":\"https:\/\/amxim.com\/\",\"name\":\"AMXIM\",\"description\":\"AMXIM-OEM ODM Vape Manufacturer\",\"publisher\":{\"@id\":\"https:\/\/amxim.com\/#organization\"},\"potentialAction\":[{\"@type\":\"SearchAction\",\"target\":{\"@type\":\"EntryPoint\",\"urlTemplate\":\"https:\/\/amxim.com\/?s={search_term_string}\"},\"query-input\":{\"@type\":\"PropertyValueSpecification\",\"valueRequired\":true,\"valueName\":\"search_term_string\"}}],\"inLanguage\":\"pt-PT\"},{\"@type\":\"Organization\",\"@id\":\"https:\/\/amxim.com\/#organization\",\"name\":\"AMXIM\",\"url\":\"https:\/\/amxim.com\/\",\"logo\":{\"@type\":\"ImageObject\",\"inLanguage\":\"pt-PT\",\"@id\":\"https:\/\/amxim.com\/#\/schema\/logo\/image\/\",\"url\":\"https:\/\/amxim.com\/wp-content\/uploads\/2025\/03\/cropped-AMXIM-fav.webp\",\"contentUrl\":\"https:\/\/amxim.com\/wp-content\/uploads\/2025\/03\/cropped-AMXIM-fav.webp\",\"width\":512,\"height\":512,\"caption\":\"AMXIM\"},\"image\":{\"@id\":\"https:\/\/amxim.com\/#\/schema\/logo\/image\/\"}}]}<\/script>\n<!-- \/ Yoast SEO plugin. -->","yoast_head_json":{"title":"Stick descart\u00e1vel para vaporizador eletr\u00f4nico de 12 ml de alta capacidade, bateria recarreg\u00e1vel de 600 mAh com adesivo personaliz\u00e1vel","description":"Stick descart\u00e1vel para vaporizador eletr\u00f4nico de 12 ml de alta capacidade, bateria recarreg\u00e1vel de 600 mAh com adesivo personaliz\u00e1vel, at\u00e9 50 sabores exibidos ou personalizados","robots":{"index":"index","follow":"follow","max-snippet":"max-snippet:-1","max-image-preview":"max-image-preview:large","max-video-preview":"max-video-preview:-1"},"canonical":"https:\/\/amxim.com\/pt\/product\/bastao-descartavel-para-vaporizador-eletronico-de-12ml-de-alta-capacidade-bateria-recarregavel-de-600mah-com-adesivo-personalizavel\/","og_locale":"pt_PT","og_type":"article","og_title":"High-Capacity 12ml E-liquid Disposable Vape Stick 600mAh Rechargeable Battery with Customizable Sticker","og_description":"High-Capacity 12ml E-liquid Disposable Vape Stick 600mAh Rechargeable Battery with Customizable Sticker Up to 50 flavors Displayed or Customized","og_url":"https:\/\/amxim.com\/pt\/product\/bastao-descartavel-para-vaporizador-eletronico-de-12ml-de-alta-capacidade-bateria-recarregavel-de-600mah-com-adesivo-personalizavel\/","og_site_name":"AMXIM","article_modified_time":"2026-02-03T03:48:55+00:00","og_image":[{"width":1000,"height":1000,"url":"https:\/\/amxim.com\/wp-content\/uploads\/2025\/04\/High-Capacity-12ml-E-liquid-Disposable-Vape-Stick-600mAh-Rechargeable-Battery-with-Customizable-Sticker.webp","type":"image\/webp"}],"twitter_card":"summary_large_image","twitter_misc":{"Tempo estimado de leitura":"1 minuto"},"schema":{"@context":"https:\/\/schema.org","@graph":[{"@type":"WebPage","@id":"https:\/\/amxim.com\/product\/high-capacity-12ml-e-liquid-disposable-vape-stick-600mah-rechargeable-battery-with-customizable-sticker\/","url":"https:\/\/amxim.com\/product\/high-capacity-12ml-e-liquid-disposable-vape-stick-600mah-rechargeable-battery-with-customizable-sticker\/","name":"Stick descart\u00e1vel para vaporizador eletr\u00f4nico de 12 ml de alta capacidade, bateria recarreg\u00e1vel de 600 mAh com adesivo personaliz\u00e1vel","isPartOf":{"@id":"https:\/\/amxim.com\/#website"},"primaryImageOfPage":{"@id":"https:\/\/amxim.com\/product\/high-capacity-12ml-e-liquid-disposable-vape-stick-600mah-rechargeable-battery-with-customizable-sticker\/#primaryimage"},"image":{"@id":"https:\/\/amxim.com\/product\/high-capacity-12ml-e-liquid-disposable-vape-stick-600mah-rechargeable-battery-with-customizable-sticker\/#primaryimage"},"thumbnailUrl":"https:\/\/amxim.com\/wp-content\/uploads\/2025\/04\/High-Capacity-12ml-E-liquid-Disposable-Vape-Stick-600mAh-Rechargeable-Battery-with-Customizable-Sticker.webp","datePublished":"2025-04-30T02:05:48+00:00","dateModified":"2026-02-03T03:48:55+00:00","description":"Stick descart\u00e1vel para vaporizador eletr\u00f4nico de 12 ml de alta capacidade, bateria recarreg\u00e1vel de 600 mAh com adesivo personaliz\u00e1vel, at\u00e9 50 sabores exibidos ou personalizados","breadcrumb":{"@id":"https:\/\/amxim.com\/product\/high-capacity-12ml-e-liquid-disposable-vape-stick-600mah-rechargeable-battery-with-customizable-sticker\/#breadcrumb"},"inLanguage":"pt-PT","potentialAction":[{"@type":"ReadAction","target":["https:\/\/amxim.com\/product\/high-capacity-12ml-e-liquid-disposable-vape-stick-600mah-rechargeable-battery-with-customizable-sticker\/"]}]},{"@type":"ImageObject","inLanguage":"pt-PT","@id":"https:\/\/amxim.com\/product\/high-capacity-12ml-e-liquid-disposable-vape-stick-600mah-rechargeable-battery-with-customizable-sticker\/#primaryimage","url":"https:\/\/amxim.com\/wp-content\/uploads\/2025\/04\/High-Capacity-12ml-E-liquid-Disposable-Vape-Stick-600mAh-Rechargeable-Battery-with-Customizable-Sticker.webp","contentUrl":"https:\/\/amxim.com\/wp-content\/uploads\/2025\/04\/High-Capacity-12ml-E-liquid-Disposable-Vape-Stick-600mAh-Rechargeable-Battery-with-Customizable-Sticker.webp","width":1000,"height":1000,"caption":"High-Capacity 12ml E-liquid Disposable Vape Stick 600mAh Rechargeable Battery with Customizable Sticker"},{"@type":"BreadcrumbList","@id":"https:\/\/amxim.com\/product\/high-capacity-12ml-e-liquid-disposable-vape-stick-600mah-rechargeable-battery-with-customizable-sticker\/#breadcrumb","itemListElement":[{"@type":"ListItem","position":1,"name":"Home","item":"https:\/\/amxim.com\/"},{"@type":"ListItem","position":2,"name":"Products","item":"https:\/\/amxim.com\/de\/products\/"},{"@type":"ListItem","position":3,"name":"High-Capacity 12ml E-liquid Disposable Vape Stick 600mAh Rechargeable Battery with Customizable Sticker"}]},{"@type":"WebSite","@id":"https:\/\/amxim.com\/#website","url":"https:\/\/amxim.com\/","name":"AMXIM","description":"Fabricante de Vape AMXIM-OEM ODM","publisher":{"@id":"https:\/\/amxim.com\/#organization"},"potentialAction":[{"@type":"SearchAction","target":{"@type":"EntryPoint","urlTemplate":"https:\/\/amxim.com\/?s={search_term_string}"},"query-input":{"@type":"PropertyValueSpecification","valueRequired":true,"valueName":"search_term_string"}}],"inLanguage":"pt-PT"},{"@type":"Organization","@id":"https:\/\/amxim.com\/#organization","name":"AMXIM","url":"https:\/\/amxim.com\/","logo":{"@type":"ImageObject","inLanguage":"pt-PT","@id":"https:\/\/amxim.com\/#\/schema\/logo\/image\/","url":"https:\/\/amxim.com\/wp-content\/uploads\/2025\/03\/cropped-AMXIM-fav.webp","contentUrl":"https:\/\/amxim.com\/wp-content\/uploads\/2025\/03\/cropped-AMXIM-fav.webp","width":512,"height":512,"caption":"AMXIM"},"image":{"@id":"https:\/\/amxim.com\/#\/schema\/logo\/image\/"}}]}},"_links":{"self":[{"href":"https:\/\/amxim.com\/pt\/wp-json\/wp\/v2\/product\/11825","targetHints":{"allow":["GET"]}}],"collection":[{"href":"https:\/\/amxim.com\/pt\/wp-json\/wp\/v2\/product"}],"about":[{"href":"https:\/\/amxim.com\/pt\/wp-json\/wp\/v2\/types\/product"}],"replies":[{"embeddable":true,"href":"https:\/\/amxim.com\/pt\/wp-json\/wp\/v2\/comments?post=11825"}],"version-history":[{"count":8,"href":"https:\/\/amxim.com\/pt\/wp-json\/wp\/v2\/product\/11825\/revisions"}],"predecessor-version":[{"id":13444,"href":"https:\/\/amxim.com\/pt\/wp-json\/wp\/v2\/product\/11825\/revisions\/13444"}],"wp:featuredmedia":[{"embeddable":true,"href":"https:\/\/amxim.com\/pt\/wp-json\/wp\/v2\/media\/11835"}],"wp:attachment":[{"href":"https:\/\/amxim.com\/pt\/wp-json\/wp\/v2\/media?parent=11825"}],"wp:term":[{"taxonomy":"product_brand","embeddable":true,"href":"https:\/\/amxim.com\/pt\/wp-json\/wp\/v2\/product_brand?post=11825"},{"taxonomy":"product_cat","embeddable":true,"href":"https:\/\/amxim.com\/pt\/wp-json\/wp\/v2\/product_cat?post=11825"},{"taxonomy":"product_tag","embeddable":true,"href":"https:\/\/amxim.com\/pt\/wp-json\/wp\/v2\/product_tag?post=11825"}],"curies":[{"name":"wp","href":"https:\/\/api.w.org\/{rel}","templated":true}]}}