{"id":11829,"date":"2025-04-30T02:44:42","date_gmt":"2025-04-30T02:44:42","guid":{"rendered":"https:\/\/amxim.com\/?post_type=product&#038;p=11829"},"modified":"2026-02-03T03:28:13","modified_gmt":"2026-02-03T03:28:13","slug":"pod-descartavel-de-bobina-dupla-de-cristal-pre-preenchido-de-18-ml-25-000-baforadas-com-indicador-de-bateria-rgb","status":"publish","type":"product","link":"https:\/\/amxim.com\/pt\/product\/pod-descartavel-de-bobina-dupla-de-cristal-pre-preenchido-de-18-ml-25-000-baforadas-com-indicador-de-bateria-rgb\/","title":{"rendered":"Pod descart\u00e1vel Crystal Dual Coil para vaporizador pr\u00e9-preenchido de 18 ml, 25.000 baforadas com indicador de bateria RGB"},"content":{"rendered":"<div class=\"product-description\">\n<h2 style=\"text-align: left;\">Pod descart\u00e1vel Crystal Dual Coil para vaporizador pr\u00e9-preenchido de 18 ml, 25.000 baforadas com indicador de bateria RGB<\/h2>\n<p style=\"text-align: left;\"> This Crystal disposable vape pod is designed for OEM\/ODM production, featuring a prefilled 18ml e-liquid system and a high-efficiency dual coil structure optimized for stable output and long service life. The device supports up to 25,000 puffs through controlled power management and consistent heating performance. An integrated RGB battery indicator enables real-time power monitoring, improving usability and quality control standards. This model is suitable for private label manufacturing, bulk customization, and scalable production for vape brands, wholesalers, and importers seeking reliable disposable vape solutions.   <\/p>\n<p>&nbsp;<\/p>\n<h2 style=\"text-align: left;\">Como usar<\/h2>\n<p style=\"text-align: left;\">Clique duas vezes no bot\u00e3o enquanto estiver ligado para alternar os n\u00edveis de pot\u00eancia de sa\u00edda.<\/p>\n<p style=\"text-align: left;\">O interruptor inferior permite o ajuste entre os modos MTL (boca para pulm\u00e3o) e DTL (direto para pulm\u00e3o).<\/p>\n<p style=\"text-align: left;\">Indicadores de cor do \u00edcone da bateria: Verde (bateria cheia), Azul claro (bateria m\u00e9dia), Vermelho (bateria fraca).<\/p>\n<p>&nbsp;<\/p>\n<p>&nbsp;<\/p>\n<h3>Galeria de produtos<\/h3>\n<p><img decoding=\"async\" style=\"width: 100%; margin: 0 auto;\" src=\"https:\/\/amxim.com\/wp-content\/uploads\/2025\/04\/Crystal-Dual-Coil-Disposable-Vape-Pod-Prefilled-18ml-25000-Puffs-with-RGB-Battery-Indicator-4\" alt=\"Pod descart\u00e1vel Crystal Dual Coil para vaporizador pr\u00e9-preenchido de 18 ml, 25.000 baforadas com indicador de bateria RGB\" \/><br \/>\n<img decoding=\"async\" style=\"width: 100%; margin: 0 auto;\" src=\"https:\/\/amxim.com\/wp-content\/uploads\/2025\/04\/Crystal-Dual-Coil-Disposable-Vape-Pod-Prefilled-18ml-25000-Puffs-with-RGB-Battery-Indicator-2\" alt=\"Pod descart\u00e1vel Crystal Dual Coil para vaporizador pr\u00e9-preenchido de 18 ml, 25.000 baforadas com indicador de bateria RGB\" \/><br \/>\n<img decoding=\"async\" style=\"width: 100%; margin: 0 auto;\" src=\"https:\/\/amxim.com\/wp-content\/uploads\/2025\/04\/Crystal-Dual-Coil-Disposable-Vape-Pod-Prefilled-18ml-25000-Puffs-with-RGB-Battery-Indicator-5\" alt=\"Pod descart\u00e1vel Crystal Dual Coil para vaporizador pr\u00e9-preenchido de 18 ml, 25.000 baforadas com indicador de bateria RGB\" \/><br \/>\n<img decoding=\"async\" style=\"width: 100%; margin: 0 auto;\" src=\"https:\/\/amxim.com\/wp-content\/uploads\/2025\/04\/Crystal-Dual-Coil-Disposable-Vape-Pod-Prefilled-18ml-25000-Puffs-with-RGB-Battery-Indicator-7\" alt=\"Pod descart\u00e1vel Crystal Dual Coil para vaporizador pr\u00e9-preenchido de 18 ml, 25.000 baforadas com indicador de bateria RGB\" \/><br \/>\n<img decoding=\"async\" style=\"width: 100%; margin: 0 auto;\" src=\"https:\/\/amxim.com\/wp-content\/uploads\/2025\/04\/Crystal-Dual-Coil-Disposable-Vape-Pod-Prefilled-18ml-25000-Puffs-with-RGB-Battery-Indicator-6\" alt=\"Pod descart\u00e1vel Crystal Dual Coil para vaporizador pr\u00e9-preenchido de 18 ml, 25.000 baforadas com indicador de bateria RGB\" \/><br \/>\n<img decoding=\"async\" style=\"width: 100%; margin: 0 auto;\" src=\"https:\/\/amxim.com\/wp-content\/uploads\/2025\/04\/Crystal-Dual-Coil-Disposable-Vape-Pod-Prefilled-18ml-25000-Puffs-with-RGB-Battery-Indicator-3\" alt=\"Pod descart\u00e1vel Crystal Dual Coil para vaporizador pr\u00e9-preenchido de 18 ml, 25.000 baforadas com indicador de bateria RGB\" \/><\/p>\n<\/div>\n<style>\n.product-description {\n    font-family: Arial, sans-serif;\n    max-width: 1400px;\n    margin: 0 auto;\n    padding: 20px;\n    background: #fff;\n    border-radius: 10px;\n    box-shadow: 0 4px 8px rgba(0, 0, 0, 0.1);\n    padding: 20px;\n    padding-bottom: 20px;\n}\n<\/style>","protected":false},"excerpt":{"rendered":"<h3>Especifica\u00e7\u00f5es do produto<\/h3>\n<table>\n<tbody>\n<tr>\n<th style=\"text-align: left;\">Tipo de produto<\/th>\n<td style=\"text-align: left;\">POD recarreg\u00e1vel\/substitu\u00edvel<\/td>\n<\/tr>\n<tr>\n<th style=\"text-align: left;\">Op\u00e7\u00f5es de cores<\/th>\n<td style=\"text-align: left;\">Exibido ou personalizado<\/td>\n<\/tr>\n<tr>\n<th style=\"text-align: left;\">Tamanho<\/th>\n<td style=\"text-align: left;\">92 x 25 x 47 (mm)<\/td>\n<\/tr>\n<tr>\n<th style=\"text-align: left;\">Sabor<\/th>\n<td style=\"text-align: left;\">At\u00e9 50 sabores<\/td>\n<\/tr>\n<tr>\n<th style=\"text-align: left;\">Pr\u00e9-preenchimento de e-l\u00edquido<\/th>\n<td style=\"text-align: left;\">18 ml<\/td>\n<\/tr>\n<tr>\n<th style=\"text-align: left;\">Sopro<\/th>\n<td style=\"text-align: left;\">At\u00e9 25.000 tragadas<\/td>\n<\/tr>\n<tr>\n<th style=\"text-align: left;\">Bateria<\/th>\n<td style=\"text-align: left;\">700mAh recarreg\u00e1vel<\/td>\n<\/tr>\n<tr>\n<th style=\"text-align: left;\">Resist\u00eancia<\/th>\n<td style=\"text-align: left;\">Malha dupla 0,5+0,5\u03a9 (op\u00e7\u00e3o de bobina de cer\u00e2mica dispon\u00edvel)<\/td>\n<\/tr>\n<tr>\n<th style=\"text-align: left;\">Voltagem ajust\u00e1vel<\/th>\n<td style=\"text-align: left;\">16 e 25W<\/td>\n<\/tr>\n<tr>\n<th style=\"text-align: left;\">Exibi\u00e7\u00e3o na tela<\/th>\n<td style=\"text-align: left;\">Indicador de bateria\/energia, conte\u00fado de tela personaliz\u00e1vel<\/td>\n<\/tr>\n<tr>\n<th style=\"text-align: left;\">Material<\/th>\n<td style=\"text-align: left;\">PCTG+PC<\/td>\n<\/tr>\n<\/tbody>\n<\/table>","protected":false},"featured_media":11851,"comment_status":"closed","ping_status":"closed","template":"","meta":[],"product_brand":[],"product_cat":[50],"product_tag":[],"class_list":{"0":"post-11829","1":"product","2":"type-product","3":"status-publish","4":"has-post-thumbnail","6":"product_cat-pod-systems","8":"first","9":"instock","10":"featured","11":"shipping-taxable","12":"product-type-simple"},"yoast_head":"<!-- This site is optimized with the Yoast SEO plugin v26.9 - https:\/\/yoast.com\/product\/yoast-seo-wordpress\/ -->\n<title>Crystal Dual Coil Disposable Vape Pod Prefilled 18ml 25,000 Puffs with RGB Battery Indicator<\/title>\n<meta name=\"description\" content=\"Crystal Dual Coil Disposable Vape Pod Prefilled 18ml 25,000 Puffs with RGB Battery Indicator Up to 50 flavors Displayed or Customized\" \/>\n<meta name=\"robots\" content=\"index, follow, max-snippet:-1, max-image-preview:large, max-video-preview:-1\" \/>\n<link rel=\"canonical\" href=\"https:\/\/amxim.com\/pt\/product\/pod-descartavel-de-bobina-dupla-de-cristal-pre-preenchido-de-18-ml-25-000-baforadas-com-indicador-de-bateria-rgb\/\" \/>\n<meta property=\"og:locale\" content=\"pt_PT\" \/>\n<meta property=\"og:type\" content=\"article\" \/>\n<meta property=\"og:title\" content=\"Crystal Dual Coil Disposable Vape Pod Prefilled 18ml 25,000 Puffs with RGB Battery Indicator\" \/>\n<meta property=\"og:description\" content=\"Crystal Dual Coil Disposable Vape Pod Prefilled 18ml 25,000 Puffs with RGB Battery Indicator Up to 50 flavors Displayed or Customized\" \/>\n<meta property=\"og:url\" content=\"https:\/\/amxim.com\/pt\/product\/pod-descartavel-de-bobina-dupla-de-cristal-pre-preenchido-de-18-ml-25-000-baforadas-com-indicador-de-bateria-rgb\/\" \/>\n<meta property=\"og:site_name\" content=\"AMXIM\" \/>\n<meta property=\"article:modified_time\" content=\"2026-02-03T03:28:13+00:00\" \/>\n<meta property=\"og:image\" content=\"https:\/\/amxim.com\/wp-content\/uploads\/2025\/04\/Crystal-Dual-Coil-Disposable-Vape-Pod-Prefilled-18ml-25000-Puffs-with-RGB-Battery-Indicator-1.webp\" \/>\n\t<meta property=\"og:image:width\" content=\"1000\" \/>\n\t<meta property=\"og:image:height\" content=\"1000\" \/>\n\t<meta property=\"og:image:type\" content=\"image\/webp\" \/>\n<meta name=\"twitter:card\" content=\"summary_large_image\" \/>\n<meta name=\"twitter:label1\" content=\"Tempo estimado de leitura\" \/>\n\t<meta name=\"twitter:data1\" content=\"2 minutos\" \/>\n<script type=\"application\/ld+json\" class=\"yoast-schema-graph\">{\"@context\":\"https:\/\/schema.org\",\"@graph\":[{\"@type\":\"WebPage\",\"@id\":\"https:\/\/amxim.com\/product\/crystal-dual-coil-disposable-vape-pod-prefilled-18ml-25000-puffs-with-rgb-battery-indicator\/\",\"url\":\"https:\/\/amxim.com\/product\/crystal-dual-coil-disposable-vape-pod-prefilled-18ml-25000-puffs-with-rgb-battery-indicator\/\",\"name\":\"Crystal Dual Coil Disposable Vape Pod Prefilled 18ml 25,000 Puffs with RGB Battery Indicator\",\"isPartOf\":{\"@id\":\"https:\/\/amxim.com\/#website\"},\"primaryImageOfPage\":{\"@id\":\"https:\/\/amxim.com\/product\/crystal-dual-coil-disposable-vape-pod-prefilled-18ml-25000-puffs-with-rgb-battery-indicator\/#primaryimage\"},\"image\":{\"@id\":\"https:\/\/amxim.com\/product\/crystal-dual-coil-disposable-vape-pod-prefilled-18ml-25000-puffs-with-rgb-battery-indicator\/#primaryimage\"},\"thumbnailUrl\":\"https:\/\/amxim.com\/wp-content\/uploads\/2025\/04\/Crystal-Dual-Coil-Disposable-Vape-Pod-Prefilled-18ml-25000-Puffs-with-RGB-Battery-Indicator-1.webp\",\"datePublished\":\"2025-04-30T02:44:42+00:00\",\"dateModified\":\"2026-02-03T03:28:13+00:00\",\"description\":\"Crystal Dual Coil Disposable Vape Pod Prefilled 18ml 25,000 Puffs with RGB Battery Indicator Up to 50 flavors Displayed or Customized\",\"breadcrumb\":{\"@id\":\"https:\/\/amxim.com\/product\/crystal-dual-coil-disposable-vape-pod-prefilled-18ml-25000-puffs-with-rgb-battery-indicator\/#breadcrumb\"},\"inLanguage\":\"pt-PT\",\"potentialAction\":[{\"@type\":\"ReadAction\",\"target\":[\"https:\/\/amxim.com\/product\/crystal-dual-coil-disposable-vape-pod-prefilled-18ml-25000-puffs-with-rgb-battery-indicator\/\"]}]},{\"@type\":\"ImageObject\",\"inLanguage\":\"pt-PT\",\"@id\":\"https:\/\/amxim.com\/product\/crystal-dual-coil-disposable-vape-pod-prefilled-18ml-25000-puffs-with-rgb-battery-indicator\/#primaryimage\",\"url\":\"https:\/\/amxim.com\/wp-content\/uploads\/2025\/04\/Crystal-Dual-Coil-Disposable-Vape-Pod-Prefilled-18ml-25000-Puffs-with-RGB-Battery-Indicator-1.webp\",\"contentUrl\":\"https:\/\/amxim.com\/wp-content\/uploads\/2025\/04\/Crystal-Dual-Coil-Disposable-Vape-Pod-Prefilled-18ml-25000-Puffs-with-RGB-Battery-Indicator-1.webp\",\"width\":1000,\"height\":1000,\"caption\":\"Crystal Dual Coil Disposable Vape Pod Prefilled 18ml 25,000 Puffs with RGB Battery Indicator\"},{\"@type\":\"BreadcrumbList\",\"@id\":\"https:\/\/amxim.com\/product\/crystal-dual-coil-disposable-vape-pod-prefilled-18ml-25000-puffs-with-rgb-battery-indicator\/#breadcrumb\",\"itemListElement\":[{\"@type\":\"ListItem\",\"position\":1,\"name\":\"Home\",\"item\":\"https:\/\/amxim.com\/\"},{\"@type\":\"ListItem\",\"position\":2,\"name\":\"Products\",\"item\":\"https:\/\/amxim.com\/de\/products\/\"},{\"@type\":\"ListItem\",\"position\":3,\"name\":\"Crystal Dual Coil Disposable Vape Pod Prefilled 18ml 25,000 Puffs with RGB Battery Indicator\"}]},{\"@type\":\"WebSite\",\"@id\":\"https:\/\/amxim.com\/#website\",\"url\":\"https:\/\/amxim.com\/\",\"name\":\"AMXIM\",\"description\":\"AMXIM-OEM ODM Vape Manufacturer\",\"publisher\":{\"@id\":\"https:\/\/amxim.com\/#organization\"},\"potentialAction\":[{\"@type\":\"SearchAction\",\"target\":{\"@type\":\"EntryPoint\",\"urlTemplate\":\"https:\/\/amxim.com\/?s={search_term_string}\"},\"query-input\":{\"@type\":\"PropertyValueSpecification\",\"valueRequired\":true,\"valueName\":\"search_term_string\"}}],\"inLanguage\":\"pt-PT\"},{\"@type\":\"Organization\",\"@id\":\"https:\/\/amxim.com\/#organization\",\"name\":\"AMXIM\",\"url\":\"https:\/\/amxim.com\/\",\"logo\":{\"@type\":\"ImageObject\",\"inLanguage\":\"pt-PT\",\"@id\":\"https:\/\/amxim.com\/#\/schema\/logo\/image\/\",\"url\":\"https:\/\/amxim.com\/wp-content\/uploads\/2025\/03\/cropped-AMXIM-fav.webp\",\"contentUrl\":\"https:\/\/amxim.com\/wp-content\/uploads\/2025\/03\/cropped-AMXIM-fav.webp\",\"width\":512,\"height\":512,\"caption\":\"AMXIM\"},\"image\":{\"@id\":\"https:\/\/amxim.com\/#\/schema\/logo\/image\/\"}}]}<\/script>\n<!-- \/ Yoast SEO plugin. -->","yoast_head_json":{"title":"Pod descart\u00e1vel Crystal Dual Coil para vaporizador pr\u00e9-preenchido de 18 ml, 25.000 baforadas com indicador de bateria RGB","description":"Pod descart\u00e1vel Crystal Dual Coil para vaporizador pr\u00e9-preenchido de 18 ml, 25.000 baforadas com indicador de bateria RGB, at\u00e9 50 sabores exibidos ou personalizados","robots":{"index":"index","follow":"follow","max-snippet":"max-snippet:-1","max-image-preview":"max-image-preview:large","max-video-preview":"max-video-preview:-1"},"canonical":"https:\/\/amxim.com\/pt\/product\/pod-descartavel-de-bobina-dupla-de-cristal-pre-preenchido-de-18-ml-25-000-baforadas-com-indicador-de-bateria-rgb\/","og_locale":"pt_PT","og_type":"article","og_title":"Crystal Dual Coil Disposable Vape Pod Prefilled 18ml 25,000 Puffs with RGB Battery Indicator","og_description":"Crystal Dual Coil Disposable Vape Pod Prefilled 18ml 25,000 Puffs with RGB Battery Indicator Up to 50 flavors Displayed or Customized","og_url":"https:\/\/amxim.com\/pt\/product\/pod-descartavel-de-bobina-dupla-de-cristal-pre-preenchido-de-18-ml-25-000-baforadas-com-indicador-de-bateria-rgb\/","og_site_name":"AMXIM","article_modified_time":"2026-02-03T03:28:13+00:00","og_image":[{"width":1000,"height":1000,"url":"https:\/\/amxim.com\/wp-content\/uploads\/2025\/04\/Crystal-Dual-Coil-Disposable-Vape-Pod-Prefilled-18ml-25000-Puffs-with-RGB-Battery-Indicator-1.webp","type":"image\/webp"}],"twitter_card":"summary_large_image","twitter_misc":{"Tempo estimado de leitura":"2 minutos"},"schema":{"@context":"https:\/\/schema.org","@graph":[{"@type":"WebPage","@id":"https:\/\/amxim.com\/product\/crystal-dual-coil-disposable-vape-pod-prefilled-18ml-25000-puffs-with-rgb-battery-indicator\/","url":"https:\/\/amxim.com\/product\/crystal-dual-coil-disposable-vape-pod-prefilled-18ml-25000-puffs-with-rgb-battery-indicator\/","name":"Pod descart\u00e1vel Crystal Dual Coil para vaporizador pr\u00e9-preenchido de 18 ml, 25.000 baforadas com indicador de bateria RGB","isPartOf":{"@id":"https:\/\/amxim.com\/#website"},"primaryImageOfPage":{"@id":"https:\/\/amxim.com\/product\/crystal-dual-coil-disposable-vape-pod-prefilled-18ml-25000-puffs-with-rgb-battery-indicator\/#primaryimage"},"image":{"@id":"https:\/\/amxim.com\/product\/crystal-dual-coil-disposable-vape-pod-prefilled-18ml-25000-puffs-with-rgb-battery-indicator\/#primaryimage"},"thumbnailUrl":"https:\/\/amxim.com\/wp-content\/uploads\/2025\/04\/Crystal-Dual-Coil-Disposable-Vape-Pod-Prefilled-18ml-25000-Puffs-with-RGB-Battery-Indicator-1.webp","datePublished":"2025-04-30T02:44:42+00:00","dateModified":"2026-02-03T03:28:13+00:00","description":"Pod descart\u00e1vel Crystal Dual Coil para vaporizador pr\u00e9-preenchido de 18 ml, 25.000 baforadas com indicador de bateria RGB, at\u00e9 50 sabores exibidos ou personalizados","breadcrumb":{"@id":"https:\/\/amxim.com\/product\/crystal-dual-coil-disposable-vape-pod-prefilled-18ml-25000-puffs-with-rgb-battery-indicator\/#breadcrumb"},"inLanguage":"pt-PT","potentialAction":[{"@type":"ReadAction","target":["https:\/\/amxim.com\/product\/crystal-dual-coil-disposable-vape-pod-prefilled-18ml-25000-puffs-with-rgb-battery-indicator\/"]}]},{"@type":"ImageObject","inLanguage":"pt-PT","@id":"https:\/\/amxim.com\/product\/crystal-dual-coil-disposable-vape-pod-prefilled-18ml-25000-puffs-with-rgb-battery-indicator\/#primaryimage","url":"https:\/\/amxim.com\/wp-content\/uploads\/2025\/04\/Crystal-Dual-Coil-Disposable-Vape-Pod-Prefilled-18ml-25000-Puffs-with-RGB-Battery-Indicator-1.webp","contentUrl":"https:\/\/amxim.com\/wp-content\/uploads\/2025\/04\/Crystal-Dual-Coil-Disposable-Vape-Pod-Prefilled-18ml-25000-Puffs-with-RGB-Battery-Indicator-1.webp","width":1000,"height":1000,"caption":"Crystal Dual Coil Disposable Vape Pod Prefilled 18ml 25,000 Puffs with RGB Battery Indicator"},{"@type":"BreadcrumbList","@id":"https:\/\/amxim.com\/product\/crystal-dual-coil-disposable-vape-pod-prefilled-18ml-25000-puffs-with-rgb-battery-indicator\/#breadcrumb","itemListElement":[{"@type":"ListItem","position":1,"name":"Home","item":"https:\/\/amxim.com\/"},{"@type":"ListItem","position":2,"name":"Products","item":"https:\/\/amxim.com\/de\/products\/"},{"@type":"ListItem","position":3,"name":"Crystal Dual Coil Disposable Vape Pod Prefilled 18ml 25,000 Puffs with RGB Battery Indicator"}]},{"@type":"WebSite","@id":"https:\/\/amxim.com\/#website","url":"https:\/\/amxim.com\/","name":"AMXIM","description":"Fabricante de Vape AMXIM-OEM ODM","publisher":{"@id":"https:\/\/amxim.com\/#organization"},"potentialAction":[{"@type":"SearchAction","target":{"@type":"EntryPoint","urlTemplate":"https:\/\/amxim.com\/?s={search_term_string}"},"query-input":{"@type":"PropertyValueSpecification","valueRequired":true,"valueName":"search_term_string"}}],"inLanguage":"pt-PT"},{"@type":"Organization","@id":"https:\/\/amxim.com\/#organization","name":"AMXIM","url":"https:\/\/amxim.com\/","logo":{"@type":"ImageObject","inLanguage":"pt-PT","@id":"https:\/\/amxim.com\/#\/schema\/logo\/image\/","url":"https:\/\/amxim.com\/wp-content\/uploads\/2025\/03\/cropped-AMXIM-fav.webp","contentUrl":"https:\/\/amxim.com\/wp-content\/uploads\/2025\/03\/cropped-AMXIM-fav.webp","width":512,"height":512,"caption":"AMXIM"},"image":{"@id":"https:\/\/amxim.com\/#\/schema\/logo\/image\/"}}]}},"_links":{"self":[{"href":"https:\/\/amxim.com\/pt\/wp-json\/wp\/v2\/product\/11829","targetHints":{"allow":["GET"]}}],"collection":[{"href":"https:\/\/amxim.com\/pt\/wp-json\/wp\/v2\/product"}],"about":[{"href":"https:\/\/amxim.com\/pt\/wp-json\/wp\/v2\/types\/product"}],"replies":[{"embeddable":true,"href":"https:\/\/amxim.com\/pt\/wp-json\/wp\/v2\/comments?post=11829"}],"version-history":[{"count":5,"href":"https:\/\/amxim.com\/pt\/wp-json\/wp\/v2\/product\/11829\/revisions"}],"predecessor-version":[{"id":13438,"href":"https:\/\/amxim.com\/pt\/wp-json\/wp\/v2\/product\/11829\/revisions\/13438"}],"wp:featuredmedia":[{"embeddable":true,"href":"https:\/\/amxim.com\/pt\/wp-json\/wp\/v2\/media\/11851"}],"wp:attachment":[{"href":"https:\/\/amxim.com\/pt\/wp-json\/wp\/v2\/media?parent=11829"}],"wp:term":[{"taxonomy":"product_brand","embeddable":true,"href":"https:\/\/amxim.com\/pt\/wp-json\/wp\/v2\/product_brand?post=11829"},{"taxonomy":"product_cat","embeddable":true,"href":"https:\/\/amxim.com\/pt\/wp-json\/wp\/v2\/product_cat?post=11829"},{"taxonomy":"product_tag","embeddable":true,"href":"https:\/\/amxim.com\/pt\/wp-json\/wp\/v2\/product_tag?post=11829"}],"curies":[{"name":"wp","href":"https:\/\/api.w.org\/{rel}","templated":true}]}}