{"id":12079,"date":"2025-05-10T06:39:27","date_gmt":"2025-05-10T06:39:27","guid":{"rendered":"https:\/\/amxim.com\/?post_type=product&#038;p=12079"},"modified":"2026-03-24T03:36:33","modified_gmt":"2026-03-24T03:36:33","slug":"e-liquido-ultra-duradouro-de-14-ml-16-000-tragadas-recarregavel-descartavel-sabor-ousado","status":"publish","type":"product","link":"https:\/\/amxim.com\/pt\/product\/e-liquido-ultra-duradouro-de-14-ml-16-000-tragadas-recarregavel-descartavel-sabor-ousado\/","title":{"rendered":"E-l\u00edquido ultra-longo de 14 ml, 16.000 baforadas, recarreg\u00e1vel, descart\u00e1vel, sabor intenso"},"content":{"rendered":"<div class=\"product-description\">\n<h2 style=\"text-align: left;\">E-l\u00edquido ultra-longo de 14 ml, 16.000 baforadas, recarreg\u00e1vel, descart\u00e1vel, sabor intenso<\/h2>\n<p style=\"text-align: left;\">    This ultra-long lasting rechargeable disposable vape features a 14ml prefilled e-liquid tank and delivers up to 16,000 puffs, offering bold flavor and smooth vapor for extended use. The 1.1\u03a9 mesh coil ensures even heating and consistent performance.<\/p>\n<p>Powered by a 650mAh rechargeable battery, the device provides reliable output and long-lasting daily use.<\/p>\n<p>Supplied by a certified vape producer, this large-capacity disposable vape supports private label programs, OEM\/ODM projects, and high-volume wholesale\u2014well suited for vape importers and distribution partners seeking custom disposable devices with reliable output and factory-origin manufacturing.    <\/p>\n<p>&nbsp;<\/p>\n<h3>Galeria de produtos<\/h3>\n<p><img decoding=\"async\" style=\"width: 100%; margin: 0 auto;\" src=\"https:\/\/amxim.com\/wp-content\/uploads\/2025\/05\/Ultra-Long-Lasting-14ml-E-liquid-16000-Puffs-Rechargeable-Disposable-Vape-Bold-Flavor-1\" alt=\"E-l\u00edquido ultra-longo de 14 ml, 16.000 baforadas, recarreg\u00e1vel, descart\u00e1vel, sabor intenso\" \/><\/p>\n<\/div>\n<style>\n.product-description {\n    font-family: Arial, sans-serif;\n    max-width: 1400px;\n    margin: 0 auto;\n    padding: 20px;\n    background: #fff;\n    border-radius: 10px;\n    box-shadow: 0 4px 8px rgba(0, 0, 0, 0.1);\n    padding: 20px;\n    padding-bottom: 20px;\n}\n<\/style>","protected":false},"excerpt":{"rendered":"<h3>Especifica\u00e7\u00f5es do produto<\/h3>\n<table>\n<tbody>\n<tr>\n<th style=\"text-align: left;\">Tipo de produto<\/th>\n<td style=\"text-align: left;\">Vape descart\u00e1vel recarreg\u00e1vel<\/td>\n<\/tr>\n<tr>\n<th style=\"text-align: left;\">Op\u00e7\u00f5es de cores<\/th>\n<td style=\"text-align: left;\">Exibido ou personalizado<\/td>\n<\/tr>\n<tr>\n<th style=\"text-align: left;\">Tamanho<\/th>\n<td style=\"text-align: left;\">57,9 x 25,8 x 92,5 (mm)<\/td>\n<\/tr>\n<tr>\n<th style=\"text-align: left;\">Sabor<\/th>\n<td style=\"text-align: left;\">At\u00e9 50 sabores<\/td>\n<\/tr>\n<tr>\n<th style=\"text-align: left;\">Serpentina de aquecimento<\/th>\n<td style=\"text-align: left;\">Bobina de malha de 1,1\u03a9<\/td>\n<\/tr>\n<tr>\n<th style=\"text-align: left;\">Pr\u00e9-preenchimento de e-l\u00edquido<\/th>\n<td style=\"text-align: left;\">14 ml<\/td>\n<\/tr>\n<tr>\n<th style=\"text-align: left;\">Sopro<\/th>\n<td style=\"text-align: left;\">At\u00e9 16.000 tragadas<\/td>\n<\/tr>\n<tr>\n<th style=\"text-align: left;\">Bateria<\/th>\n<td style=\"text-align: left;\">650mAh recarreg\u00e1vel<\/td>\n<\/tr>\n<tr>\n<th style=\"text-align: left;\">Porta de carregamento<\/th>\n<td style=\"text-align: left;\">Tipo -C<\/td>\n<\/tr>\n<\/tbody>\n<\/table>","protected":false},"featured_media":12110,"comment_status":"closed","ping_status":"closed","template":"","meta":[],"product_brand":[],"product_cat":[54,47],"product_tag":[],"class_list":{"0":"post-12079","1":"product","2":"type-product","3":"status-publish","4":"has-post-thumbnail","6":"product_cat-chargeable-disposable-vapes","7":"product_cat-disposable-vapes","9":"first","10":"instock","11":"shipping-taxable","12":"product-type-simple"},"yoast_head":"<!-- This site is optimized with the Yoast SEO plugin v26.9 - https:\/\/yoast.com\/product\/yoast-seo-wordpress\/ -->\n<title>Ultra-Long Lasting 14ml E-liquid 16000 Puffs Rechargeable Disposable Vape Bold Flavor<\/title>\n<meta name=\"description\" content=\"Ultra-Long Lasting 14ml E-liquid 16000 Puffs Rechargeable Disposable Vape Bold Flavor Displayed or Customized Displayed or Customized\" \/>\n<meta name=\"robots\" content=\"index, follow, max-snippet:-1, max-image-preview:large, max-video-preview:-1\" \/>\n<link rel=\"canonical\" href=\"https:\/\/amxim.com\/pt\/product\/e-liquido-ultra-duradouro-de-14-ml-16-000-tragadas-recarregavel-descartavel-sabor-ousado\/\" \/>\n<meta property=\"og:locale\" content=\"pt_PT\" \/>\n<meta property=\"og:type\" content=\"article\" \/>\n<meta property=\"og:title\" content=\"Ultra-Long Lasting 14ml E-liquid 16000 Puffs Rechargeable Disposable Vape Bold Flavor\" \/>\n<meta property=\"og:description\" content=\"Ultra-Long Lasting 14ml E-liquid 16000 Puffs Rechargeable Disposable Vape Bold Flavor Displayed or Customized Displayed or Customized\" \/>\n<meta property=\"og:url\" content=\"https:\/\/amxim.com\/pt\/product\/e-liquido-ultra-duradouro-de-14-ml-16-000-tragadas-recarregavel-descartavel-sabor-ousado\/\" \/>\n<meta property=\"og:site_name\" content=\"AMXIM\" \/>\n<meta property=\"article:modified_time\" content=\"2026-03-24T03:36:33+00:00\" \/>\n<meta property=\"og:image\" content=\"https:\/\/amxim.com\/wp-content\/uploads\/2025\/05\/Ultra-Long-Lasting-14ml-E-liquid-16000-Puffs-Rechargeable-Disposable-Vape-Bold-Flavor-2.webp\" \/>\n\t<meta property=\"og:image:width\" content=\"1000\" \/>\n\t<meta property=\"og:image:height\" content=\"1000\" \/>\n\t<meta property=\"og:image:type\" content=\"image\/webp\" \/>\n<meta name=\"twitter:card\" content=\"summary_large_image\" \/>\n<meta name=\"twitter:label1\" content=\"Tempo estimado de leitura\" \/>\n\t<meta name=\"twitter:data1\" content=\"1 minuto\" \/>\n<script type=\"application\/ld+json\" class=\"yoast-schema-graph\">{\"@context\":\"https:\/\/schema.org\",\"@graph\":[{\"@type\":\"WebPage\",\"@id\":\"https:\/\/amxim.com\/product\/ultra-long-lasting-14ml-e-liquid-16000-puffs-rechargeable-disposable-vape-bold-flavor\/\",\"url\":\"https:\/\/amxim.com\/product\/ultra-long-lasting-14ml-e-liquid-16000-puffs-rechargeable-disposable-vape-bold-flavor\/\",\"name\":\"Ultra-Long Lasting 14ml E-liquid 16000 Puffs Rechargeable Disposable Vape Bold Flavor\",\"isPartOf\":{\"@id\":\"https:\/\/amxim.com\/#website\"},\"primaryImageOfPage\":{\"@id\":\"https:\/\/amxim.com\/product\/ultra-long-lasting-14ml-e-liquid-16000-puffs-rechargeable-disposable-vape-bold-flavor\/#primaryimage\"},\"image\":{\"@id\":\"https:\/\/amxim.com\/product\/ultra-long-lasting-14ml-e-liquid-16000-puffs-rechargeable-disposable-vape-bold-flavor\/#primaryimage\"},\"thumbnailUrl\":\"https:\/\/amxim.com\/wp-content\/uploads\/2025\/05\/Ultra-Long-Lasting-14ml-E-liquid-16000-Puffs-Rechargeable-Disposable-Vape-Bold-Flavor-2.webp\",\"datePublished\":\"2025-05-10T06:39:27+00:00\",\"dateModified\":\"2026-03-24T03:36:33+00:00\",\"description\":\"Ultra-Long Lasting 14ml E-liquid 16000 Puffs Rechargeable Disposable Vape Bold Flavor Displayed or Customized Displayed or Customized\",\"breadcrumb\":{\"@id\":\"https:\/\/amxim.com\/product\/ultra-long-lasting-14ml-e-liquid-16000-puffs-rechargeable-disposable-vape-bold-flavor\/#breadcrumb\"},\"inLanguage\":\"pt-PT\",\"potentialAction\":[{\"@type\":\"ReadAction\",\"target\":[\"https:\/\/amxim.com\/product\/ultra-long-lasting-14ml-e-liquid-16000-puffs-rechargeable-disposable-vape-bold-flavor\/\"]}]},{\"@type\":\"ImageObject\",\"inLanguage\":\"pt-PT\",\"@id\":\"https:\/\/amxim.com\/product\/ultra-long-lasting-14ml-e-liquid-16000-puffs-rechargeable-disposable-vape-bold-flavor\/#primaryimage\",\"url\":\"https:\/\/amxim.com\/wp-content\/uploads\/2025\/05\/Ultra-Long-Lasting-14ml-E-liquid-16000-Puffs-Rechargeable-Disposable-Vape-Bold-Flavor-2.webp\",\"contentUrl\":\"https:\/\/amxim.com\/wp-content\/uploads\/2025\/05\/Ultra-Long-Lasting-14ml-E-liquid-16000-Puffs-Rechargeable-Disposable-Vape-Bold-Flavor-2.webp\",\"width\":1000,\"height\":1000,\"caption\":\"Ultra-Long Lasting 14ml E-liquid 16000 Puffs Rechargeable Disposable Vape Bold Flavor\"},{\"@type\":\"BreadcrumbList\",\"@id\":\"https:\/\/amxim.com\/product\/ultra-long-lasting-14ml-e-liquid-16000-puffs-rechargeable-disposable-vape-bold-flavor\/#breadcrumb\",\"itemListElement\":[{\"@type\":\"ListItem\",\"position\":1,\"name\":\"Home\",\"item\":\"https:\/\/amxim.com\/en\/\"},{\"@type\":\"ListItem\",\"position\":2,\"name\":\"Products\",\"item\":\"https:\/\/amxim.com\/de\/products\/\"},{\"@type\":\"ListItem\",\"position\":3,\"name\":\"Ultra-Long Lasting 14ML E-liquid 16000 Puffs Rechargeable Disposable Vape Bold Flavor\"}]},{\"@type\":\"WebSite\",\"@id\":\"https:\/\/amxim.com\/#website\",\"url\":\"https:\/\/amxim.com\/\",\"name\":\"AMXIM\",\"description\":\"AMXIM-OEM ODM Vape Manufacturer\",\"publisher\":{\"@id\":\"https:\/\/amxim.com\/#organization\"},\"potentialAction\":[{\"@type\":\"SearchAction\",\"target\":{\"@type\":\"EntryPoint\",\"urlTemplate\":\"https:\/\/amxim.com\/?s={search_term_string}\"},\"query-input\":{\"@type\":\"PropertyValueSpecification\",\"valueRequired\":true,\"valueName\":\"search_term_string\"}}],\"inLanguage\":\"pt-PT\"},{\"@type\":\"Organization\",\"@id\":\"https:\/\/amxim.com\/#organization\",\"name\":\"AMXIM\",\"url\":\"https:\/\/amxim.com\/\",\"logo\":{\"@type\":\"ImageObject\",\"inLanguage\":\"pt-PT\",\"@id\":\"https:\/\/amxim.com\/#\/schema\/logo\/image\/\",\"url\":\"https:\/\/amxim.com\/wp-content\/uploads\/2025\/03\/cropped-AMXIM-fav.webp\",\"contentUrl\":\"https:\/\/amxim.com\/wp-content\/uploads\/2025\/03\/cropped-AMXIM-fav.webp\",\"width\":512,\"height\":512,\"caption\":\"AMXIM\"},\"image\":{\"@id\":\"https:\/\/amxim.com\/#\/schema\/logo\/image\/\"}}]}<\/script>\n<!-- \/ Yoast SEO plugin. -->","yoast_head_json":{"title":"E-l\u00edquido ultra-longo de 14 ml, 16.000 baforadas, recarreg\u00e1vel, descart\u00e1vel, sabor intenso","description":"E-l\u00edquido ultra-longo de 14 ml, 16.000 baforadas, recarreg\u00e1vel, descart\u00e1vel, sabor intenso, exibido ou personalizado.","robots":{"index":"index","follow":"follow","max-snippet":"max-snippet:-1","max-image-preview":"max-image-preview:large","max-video-preview":"max-video-preview:-1"},"canonical":"https:\/\/amxim.com\/pt\/product\/e-liquido-ultra-duradouro-de-14-ml-16-000-tragadas-recarregavel-descartavel-sabor-ousado\/","og_locale":"pt_PT","og_type":"article","og_title":"Ultra-Long Lasting 14ml E-liquid 16000 Puffs Rechargeable Disposable Vape Bold Flavor","og_description":"Ultra-Long Lasting 14ml E-liquid 16000 Puffs Rechargeable Disposable Vape Bold Flavor Displayed or Customized Displayed or Customized","og_url":"https:\/\/amxim.com\/pt\/product\/e-liquido-ultra-duradouro-de-14-ml-16-000-tragadas-recarregavel-descartavel-sabor-ousado\/","og_site_name":"AMXIM","article_modified_time":"2026-03-24T03:36:33+00:00","og_image":[{"width":1000,"height":1000,"url":"https:\/\/amxim.com\/wp-content\/uploads\/2025\/05\/Ultra-Long-Lasting-14ml-E-liquid-16000-Puffs-Rechargeable-Disposable-Vape-Bold-Flavor-2.webp","type":"image\/webp"}],"twitter_card":"summary_large_image","twitter_misc":{"Tempo estimado de leitura":"1 minuto"},"schema":{"@context":"https:\/\/schema.org","@graph":[{"@type":"WebPage","@id":"https:\/\/amxim.com\/product\/ultra-long-lasting-14ml-e-liquid-16000-puffs-rechargeable-disposable-vape-bold-flavor\/","url":"https:\/\/amxim.com\/product\/ultra-long-lasting-14ml-e-liquid-16000-puffs-rechargeable-disposable-vape-bold-flavor\/","name":"E-l\u00edquido ultra-longo de 14 ml, 16.000 baforadas, recarreg\u00e1vel, descart\u00e1vel, sabor intenso","isPartOf":{"@id":"https:\/\/amxim.com\/#website"},"primaryImageOfPage":{"@id":"https:\/\/amxim.com\/product\/ultra-long-lasting-14ml-e-liquid-16000-puffs-rechargeable-disposable-vape-bold-flavor\/#primaryimage"},"image":{"@id":"https:\/\/amxim.com\/product\/ultra-long-lasting-14ml-e-liquid-16000-puffs-rechargeable-disposable-vape-bold-flavor\/#primaryimage"},"thumbnailUrl":"https:\/\/amxim.com\/wp-content\/uploads\/2025\/05\/Ultra-Long-Lasting-14ml-E-liquid-16000-Puffs-Rechargeable-Disposable-Vape-Bold-Flavor-2.webp","datePublished":"2025-05-10T06:39:27+00:00","dateModified":"2026-03-24T03:36:33+00:00","description":"E-l\u00edquido ultra-longo de 14 ml, 16.000 baforadas, recarreg\u00e1vel, descart\u00e1vel, sabor intenso, exibido ou personalizado.","breadcrumb":{"@id":"https:\/\/amxim.com\/product\/ultra-long-lasting-14ml-e-liquid-16000-puffs-rechargeable-disposable-vape-bold-flavor\/#breadcrumb"},"inLanguage":"pt-PT","potentialAction":[{"@type":"ReadAction","target":["https:\/\/amxim.com\/product\/ultra-long-lasting-14ml-e-liquid-16000-puffs-rechargeable-disposable-vape-bold-flavor\/"]}]},{"@type":"ImageObject","inLanguage":"pt-PT","@id":"https:\/\/amxim.com\/product\/ultra-long-lasting-14ml-e-liquid-16000-puffs-rechargeable-disposable-vape-bold-flavor\/#primaryimage","url":"https:\/\/amxim.com\/wp-content\/uploads\/2025\/05\/Ultra-Long-Lasting-14ml-E-liquid-16000-Puffs-Rechargeable-Disposable-Vape-Bold-Flavor-2.webp","contentUrl":"https:\/\/amxim.com\/wp-content\/uploads\/2025\/05\/Ultra-Long-Lasting-14ml-E-liquid-16000-Puffs-Rechargeable-Disposable-Vape-Bold-Flavor-2.webp","width":1000,"height":1000,"caption":"Ultra-Long Lasting 14ml E-liquid 16000 Puffs Rechargeable Disposable Vape Bold Flavor"},{"@type":"BreadcrumbList","@id":"https:\/\/amxim.com\/product\/ultra-long-lasting-14ml-e-liquid-16000-puffs-rechargeable-disposable-vape-bold-flavor\/#breadcrumb","itemListElement":[{"@type":"ListItem","position":1,"name":"Home","item":"https:\/\/amxim.com\/en\/"},{"@type":"ListItem","position":2,"name":"Products","item":"https:\/\/amxim.com\/de\/products\/"},{"@type":"ListItem","position":3,"name":"Ultra-Long Lasting 14ML E-liquid 16000 Puffs Rechargeable Disposable Vape Bold Flavor"}]},{"@type":"WebSite","@id":"https:\/\/amxim.com\/#website","url":"https:\/\/amxim.com\/","name":"AMXIM","description":"Fabricante de Vape AMXIM-OEM ODM","publisher":{"@id":"https:\/\/amxim.com\/#organization"},"potentialAction":[{"@type":"SearchAction","target":{"@type":"EntryPoint","urlTemplate":"https:\/\/amxim.com\/?s={search_term_string}"},"query-input":{"@type":"PropertyValueSpecification","valueRequired":true,"valueName":"search_term_string"}}],"inLanguage":"pt-PT"},{"@type":"Organization","@id":"https:\/\/amxim.com\/#organization","name":"AMXIM","url":"https:\/\/amxim.com\/","logo":{"@type":"ImageObject","inLanguage":"pt-PT","@id":"https:\/\/amxim.com\/#\/schema\/logo\/image\/","url":"https:\/\/amxim.com\/wp-content\/uploads\/2025\/03\/cropped-AMXIM-fav.webp","contentUrl":"https:\/\/amxim.com\/wp-content\/uploads\/2025\/03\/cropped-AMXIM-fav.webp","width":512,"height":512,"caption":"AMXIM"},"image":{"@id":"https:\/\/amxim.com\/#\/schema\/logo\/image\/"}}]}},"_links":{"self":[{"href":"https:\/\/amxim.com\/pt\/wp-json\/wp\/v2\/product\/12079","targetHints":{"allow":["GET"]}}],"collection":[{"href":"https:\/\/amxim.com\/pt\/wp-json\/wp\/v2\/product"}],"about":[{"href":"https:\/\/amxim.com\/pt\/wp-json\/wp\/v2\/types\/product"}],"replies":[{"embeddable":true,"href":"https:\/\/amxim.com\/pt\/wp-json\/wp\/v2\/comments?post=12079"}],"version-history":[{"count":6,"href":"https:\/\/amxim.com\/pt\/wp-json\/wp\/v2\/product\/12079\/revisions"}],"predecessor-version":[{"id":13582,"href":"https:\/\/amxim.com\/pt\/wp-json\/wp\/v2\/product\/12079\/revisions\/13582"}],"wp:featuredmedia":[{"embeddable":true,"href":"https:\/\/amxim.com\/pt\/wp-json\/wp\/v2\/media\/12110"}],"wp:attachment":[{"href":"https:\/\/amxim.com\/pt\/wp-json\/wp\/v2\/media?parent=12079"}],"wp:term":[{"taxonomy":"product_brand","embeddable":true,"href":"https:\/\/amxim.com\/pt\/wp-json\/wp\/v2\/product_brand?post=12079"},{"taxonomy":"product_cat","embeddable":true,"href":"https:\/\/amxim.com\/pt\/wp-json\/wp\/v2\/product_cat?post=12079"},{"taxonomy":"product_tag","embeddable":true,"href":"https:\/\/amxim.com\/pt\/wp-json\/wp\/v2\/product_tag?post=12079"}],"curies":[{"name":"wp","href":"https:\/\/api.w.org\/{rel}","templated":true}]}}