{"id":12151,"date":"2025-05-10T07:20:32","date_gmt":"2025-05-10T07:20:32","guid":{"rendered":"https:\/\/amxim.com\/?post_type=product&#038;p=12151"},"modified":"2026-03-24T03:35:59","modified_gmt":"2026-03-24T03:35:59","slug":"pod-vape-substituivel-13000-puffs-210ml-e-liquido-06%cf%89-mesh-coil-650mah-bateria-recarregavel","status":"publish","type":"product","link":"https:\/\/amxim.com\/pt\/product\/pod-vape-substituivel-13000-puffs-210ml-e-liquido-06%cf%89-mesh-coil-650mah-bateria-recarregavel\/","title":{"rendered":"Pod Vape substitu\u00edvel 13000 Puffs 2+10ML E-l\u00edquido 0,6\u03a9 Mesh Coil 650mAh Bateria recarreg\u00e1vel"},"content":{"rendered":"<div class=\"product-description\">\n<h2 style=\"text-align: left;\">Pod Vape substitu\u00edvel 13000 Puffs 2+10ML E-l\u00edquido 0,6\u03a9 Mesh Coil 650mAh Bateria recarreg\u00e1vel<\/h2>\n<p style=\"text-align: left;\">   This replaceable pod vape features a high-capacity 2ml + 10ml prefilled e-liquid system and delivers up to 13,000 puffs, designed for long-lasting use and wholesale demand. The 0.6\u03a9 mesh coil ensures fast heating, strong vapor output, and enhanced flavor performance.<\/p>\n<p>Powered by a 650mAh rechargeable battery with a Type-C charging port, the device provides stable power and efficient charging in daily use.<\/p>\n<p>Made by a trusted vape factory, this pod vape offers OEM\/ODM services, private label branding, and bulk supply\u2014perfect for distributors and importers seeking high-capacity, stable pod systems with factory-level quality assurance. <\/p>\n<p>&nbsp;<\/p>\n<h3>Galeria de produtos<\/h3>\n<p><img decoding=\"async\" style=\"width: 100%; margin: 0 auto;\" src=\"https:\/\/amxim.com\/wp-content\/uploads\/2025\/05\/Replaceable-Pod-Vape-13000-Puffs-210ML-E-liquid-0.6%CE%A9-Mesh-Coil-650mAh-Rechargeable-Battery-2\" alt=\"Pod Vape substitu\u00edvel 13000 Puffs 2+10ML E-l\u00edquido 0,6\u03a9 Mesh Coil 650mAh Bateria recarreg\u00e1vel\" \/><br \/>\n<img decoding=\"async\" style=\"width: 100%; margin: 0 auto;\" src=\"https:\/\/amxim.com\/wp-content\/uploads\/2025\/05\/Replaceable-Pod-Vape-13000-Puffs-210ML-E-liquid-0.6%CE%A9-Mesh-Coil-650mAh-Rechargeable-Battery-3\" alt=\"Pod Vape substitu\u00edvel 13000 Puffs 2+10ML E-l\u00edquido 0,6\u03a9 Mesh Coil 650mAh Bateria recarreg\u00e1vel\" \/><\/p>\n<\/div>\n<style>\n.product-description {\n    font-family: Arial, sans-serif;\n    max-width: 1400px;\n    margin: 0 auto;\n    padding: 20px;\n    background: #fff;\n    border-radius: 10px;\n    box-shadow: 0 4px 8px rgba(0, 0, 0, 0.1);\n    padding: 20px;\n    padding-bottom: 20px;\n}\n<\/style>","protected":false},"excerpt":{"rendered":"<h3>Especifica\u00e7\u00f5es do produto<\/h3>\n<table>\n<tbody>\n<tr>\n<th style=\"text-align: left;\">Tipo de produto<\/th>\n<td style=\"text-align: left;\">POD recarreg\u00e1vel\/substitu\u00edvel<\/td>\n<\/tr>\n<tr>\n<th style=\"text-align: left;\">Op\u00e7\u00f5es de cores<\/th>\n<td style=\"text-align: left;\">Exibido ou personalizado<\/td>\n<\/tr>\n<tr>\n<th style=\"text-align: left;\">Tamanho<\/th>\n<td style=\"text-align: left;\">38,3 x 28 x 98 (mm)<\/td>\n<\/tr>\n<tr>\n<th style=\"text-align: left;\">Sabor<\/th>\n<td style=\"text-align: left;\">At\u00e9 50 sabores<\/td>\n<\/tr>\n<tr>\n<th style=\"text-align: left;\">Serpentina de aquecimento<\/th>\n<td style=\"text-align: left;\">Bobina de malha de 0,6\u03a9<\/td>\n<\/tr>\n<tr>\n<th style=\"text-align: left;\">Pr\u00e9-preenchimento de e-l\u00edquido<\/th>\n<td style=\"text-align: left;\">2+10 ml<\/td>\n<\/tr>\n<tr>\n<th style=\"text-align: left;\">Sopro<\/th>\n<td style=\"text-align: left;\">At\u00e9 13.000 tragadas<\/td>\n<\/tr>\n<tr>\n<th style=\"text-align: left;\">Bateria<\/th>\n<td style=\"text-align: left;\">650mAh recarreg\u00e1vel<\/td>\n<\/tr>\n<tr>\n<th style=\"text-align: left;\">Porta de carregamento<\/th>\n<td style=\"text-align: left;\">Tipo -C<\/td>\n<\/tr>\n<\/tbody>\n<\/table>","protected":false},"featured_media":12157,"comment_status":"closed","ping_status":"closed","template":"","meta":[],"product_brand":[],"product_cat":[50],"product_tag":[],"class_list":{"0":"post-12151","1":"product","2":"type-product","3":"status-publish","4":"has-post-thumbnail","6":"product_cat-pod-systems","8":"first","9":"instock","10":"shipping-taxable","11":"product-type-simple"},"yoast_head":"<!-- This site is optimized with the Yoast SEO plugin v26.9 - https:\/\/yoast.com\/product\/yoast-seo-wordpress\/ -->\n<title>Replaceable Pod Vape 13000 Puffs 2+10ML E-liquid 0.6\u03a9 Mesh Coil 650mAh Rechargeable Battery<\/title>\n<meta name=\"description\" content=\"Replaceable Pod Vape 13000 Puffs 2+10ML E-liquid 0.6\u03a9 Mesh Coil 650mAh Rechargeable Battery Displayed or Customized Displayed or Customized\" \/>\n<meta name=\"robots\" content=\"index, follow, max-snippet:-1, max-image-preview:large, max-video-preview:-1\" \/>\n<link rel=\"canonical\" href=\"https:\/\/amxim.com\/pt\/product\/pod-vape-substituivel-13000-puffs-210ml-e-liquido-06\u03c9-mesh-coil-650mah-bateria-recarregavel\/\" \/>\n<meta property=\"og:locale\" content=\"pt_PT\" \/>\n<meta property=\"og:type\" content=\"article\" \/>\n<meta property=\"og:title\" content=\"Replaceable Pod Vape 13000 Puffs 2+10ML E-liquid 0.6\u03a9 Mesh Coil 650mAh Rechargeable Battery\" \/>\n<meta property=\"og:description\" content=\"Replaceable Pod Vape 13000 Puffs 2+10ML E-liquid 0.6\u03a9 Mesh Coil 650mAh Rechargeable Battery Displayed or Customized Displayed or Customized\" \/>\n<meta property=\"og:url\" content=\"https:\/\/amxim.com\/pt\/product\/pod-vape-substituivel-13000-puffs-210ml-e-liquido-06\u03c9-mesh-coil-650mah-bateria-recarregavel\/\" \/>\n<meta property=\"og:site_name\" content=\"AMXIM\" \/>\n<meta property=\"article:modified_time\" content=\"2026-03-24T03:35:59+00:00\" \/>\n<meta property=\"og:image\" content=\"https:\/\/amxim.com\/wp-content\/uploads\/2025\/05\/Replaceable-Pod-Vape-13000-Puffs-210ML-E-liquid-0.6\u03a9-Mesh-Coil-650mAh-Rechargeable-Battery-1.webp\" \/>\n\t<meta property=\"og:image:width\" content=\"1000\" \/>\n\t<meta property=\"og:image:height\" content=\"1001\" \/>\n\t<meta property=\"og:image:type\" content=\"image\/webp\" \/>\n<meta name=\"twitter:card\" content=\"summary_large_image\" \/>\n<meta name=\"twitter:label1\" content=\"Tempo estimado de leitura\" \/>\n\t<meta name=\"twitter:data1\" content=\"2 minutos\" \/>\n<script type=\"application\/ld+json\" class=\"yoast-schema-graph\">{\"@context\":\"https:\/\/schema.org\",\"@graph\":[{\"@type\":\"WebPage\",\"@id\":\"https:\/\/amxim.com\/product\/replaceable-pod-vape-13000-puffs-210ml-e-liquid-0-6%cf%89-mesh-coil-650mah-rechargeable-battery\/\",\"url\":\"https:\/\/amxim.com\/product\/replaceable-pod-vape-13000-puffs-210ml-e-liquid-0-6%cf%89-mesh-coil-650mah-rechargeable-battery\/\",\"name\":\"Replaceable Pod Vape 13000 Puffs 2+10ML E-liquid 0.6\u03a9 Mesh Coil 650mAh Rechargeable Battery\",\"isPartOf\":{\"@id\":\"https:\/\/amxim.com\/#website\"},\"primaryImageOfPage\":{\"@id\":\"https:\/\/amxim.com\/product\/replaceable-pod-vape-13000-puffs-210ml-e-liquid-0-6%cf%89-mesh-coil-650mah-rechargeable-battery\/#primaryimage\"},\"image\":{\"@id\":\"https:\/\/amxim.com\/product\/replaceable-pod-vape-13000-puffs-210ml-e-liquid-0-6%cf%89-mesh-coil-650mah-rechargeable-battery\/#primaryimage\"},\"thumbnailUrl\":\"https:\/\/amxim.com\/wp-content\/uploads\/2025\/05\/Replaceable-Pod-Vape-13000-Puffs-210ML-E-liquid-0.6\u03a9-Mesh-Coil-650mAh-Rechargeable-Battery-1.webp\",\"datePublished\":\"2025-05-10T07:20:32+00:00\",\"dateModified\":\"2026-03-24T03:35:59+00:00\",\"description\":\"Replaceable Pod Vape 13000 Puffs 2+10ML E-liquid 0.6\u03a9 Mesh Coil 650mAh Rechargeable Battery Displayed or Customized Displayed or Customized\",\"breadcrumb\":{\"@id\":\"https:\/\/amxim.com\/product\/replaceable-pod-vape-13000-puffs-210ml-e-liquid-0-6%cf%89-mesh-coil-650mah-rechargeable-battery\/#breadcrumb\"},\"inLanguage\":\"pt-PT\",\"potentialAction\":[{\"@type\":\"ReadAction\",\"target\":[\"https:\/\/amxim.com\/product\/replaceable-pod-vape-13000-puffs-210ml-e-liquid-0-6%cf%89-mesh-coil-650mah-rechargeable-battery\/\"]}]},{\"@type\":\"ImageObject\",\"inLanguage\":\"pt-PT\",\"@id\":\"https:\/\/amxim.com\/product\/replaceable-pod-vape-13000-puffs-210ml-e-liquid-0-6%cf%89-mesh-coil-650mah-rechargeable-battery\/#primaryimage\",\"url\":\"https:\/\/amxim.com\/wp-content\/uploads\/2025\/05\/Replaceable-Pod-Vape-13000-Puffs-210ML-E-liquid-0.6\u03a9-Mesh-Coil-650mAh-Rechargeable-Battery-1.webp\",\"contentUrl\":\"https:\/\/amxim.com\/wp-content\/uploads\/2025\/05\/Replaceable-Pod-Vape-13000-Puffs-210ML-E-liquid-0.6\u03a9-Mesh-Coil-650mAh-Rechargeable-Battery-1.webp\",\"width\":1000,\"height\":1001,\"caption\":\"Replaceable Pod Vape 13000 Puffs 2+10ML E-liquid 0.6\u03a9 Mesh Coil 650mAh Rechargeable Battery\"},{\"@type\":\"BreadcrumbList\",\"@id\":\"https:\/\/amxim.com\/product\/replaceable-pod-vape-13000-puffs-210ml-e-liquid-0-6%cf%89-mesh-coil-650mah-rechargeable-battery\/#breadcrumb\",\"itemListElement\":[{\"@type\":\"ListItem\",\"position\":1,\"name\":\"Home\",\"item\":\"https:\/\/amxim.com\/en\/\"},{\"@type\":\"ListItem\",\"position\":2,\"name\":\"Products\",\"item\":\"https:\/\/amxim.com\/de\/products\/\"},{\"@type\":\"ListItem\",\"position\":3,\"name\":\"Replaceable Pod Vape 13000 Puffs 2+10ML E-liquid 0.6\u03a9 Mesh Coil 650mAh Rechargeable Battery\"}]},{\"@type\":\"WebSite\",\"@id\":\"https:\/\/amxim.com\/#website\",\"url\":\"https:\/\/amxim.com\/\",\"name\":\"AMXIM\",\"description\":\"AMXIM-OEM ODM Vape Manufacturer\",\"publisher\":{\"@id\":\"https:\/\/amxim.com\/#organization\"},\"potentialAction\":[{\"@type\":\"SearchAction\",\"target\":{\"@type\":\"EntryPoint\",\"urlTemplate\":\"https:\/\/amxim.com\/?s={search_term_string}\"},\"query-input\":{\"@type\":\"PropertyValueSpecification\",\"valueRequired\":true,\"valueName\":\"search_term_string\"}}],\"inLanguage\":\"pt-PT\"},{\"@type\":\"Organization\",\"@id\":\"https:\/\/amxim.com\/#organization\",\"name\":\"AMXIM\",\"url\":\"https:\/\/amxim.com\/\",\"logo\":{\"@type\":\"ImageObject\",\"inLanguage\":\"pt-PT\",\"@id\":\"https:\/\/amxim.com\/#\/schema\/logo\/image\/\",\"url\":\"https:\/\/amxim.com\/wp-content\/uploads\/2025\/03\/cropped-AMXIM-fav.webp\",\"contentUrl\":\"https:\/\/amxim.com\/wp-content\/uploads\/2025\/03\/cropped-AMXIM-fav.webp\",\"width\":512,\"height\":512,\"caption\":\"AMXIM\"},\"image\":{\"@id\":\"https:\/\/amxim.com\/#\/schema\/logo\/image\/\"}}]}<\/script>\n<!-- \/ Yoast SEO plugin. -->","yoast_head_json":{"title":"Pod Vape substitu\u00edvel 13000 Puffs 2+10ML E-l\u00edquido 0,6\u03a9 Mesh Coil 650mAh Bateria recarreg\u00e1vel","description":"Pod Vape substitu\u00edvel 13000 Puffs 2+10ML E-l\u00edquido 0,6\u03a9 Mesh Coil 650mAh Bateria recarreg\u00e1vel Exibido ou personalizado Exibido ou personalizado","robots":{"index":"index","follow":"follow","max-snippet":"max-snippet:-1","max-image-preview":"max-image-preview:large","max-video-preview":"max-video-preview:-1"},"canonical":"https:\/\/amxim.com\/pt\/product\/pod-vape-substituivel-13000-puffs-210ml-e-liquido-06\u03c9-mesh-coil-650mah-bateria-recarregavel\/","og_locale":"pt_PT","og_type":"article","og_title":"Replaceable Pod Vape 13000 Puffs 2+10ML E-liquid 0.6\u03a9 Mesh Coil 650mAh Rechargeable Battery","og_description":"Replaceable Pod Vape 13000 Puffs 2+10ML E-liquid 0.6\u03a9 Mesh Coil 650mAh Rechargeable Battery Displayed or Customized Displayed or Customized","og_url":"https:\/\/amxim.com\/pt\/product\/pod-vape-substituivel-13000-puffs-210ml-e-liquido-06\u03c9-mesh-coil-650mah-bateria-recarregavel\/","og_site_name":"AMXIM","article_modified_time":"2026-03-24T03:35:59+00:00","og_image":[{"width":1000,"height":1001,"url":"https:\/\/amxim.com\/wp-content\/uploads\/2025\/05\/Replaceable-Pod-Vape-13000-Puffs-210ML-E-liquid-0.6\u03a9-Mesh-Coil-650mAh-Rechargeable-Battery-1.webp","type":"image\/webp"}],"twitter_card":"summary_large_image","twitter_misc":{"Tempo estimado de leitura":"2 minutos"},"schema":{"@context":"https:\/\/schema.org","@graph":[{"@type":"WebPage","@id":"https:\/\/amxim.com\/product\/replaceable-pod-vape-13000-puffs-210ml-e-liquid-0-6%cf%89-mesh-coil-650mah-rechargeable-battery\/","url":"https:\/\/amxim.com\/product\/replaceable-pod-vape-13000-puffs-210ml-e-liquid-0-6%cf%89-mesh-coil-650mah-rechargeable-battery\/","name":"Pod Vape substitu\u00edvel 13000 Puffs 2+10ML E-l\u00edquido 0,6\u03a9 Mesh Coil 650mAh Bateria recarreg\u00e1vel","isPartOf":{"@id":"https:\/\/amxim.com\/#website"},"primaryImageOfPage":{"@id":"https:\/\/amxim.com\/product\/replaceable-pod-vape-13000-puffs-210ml-e-liquid-0-6%cf%89-mesh-coil-650mah-rechargeable-battery\/#primaryimage"},"image":{"@id":"https:\/\/amxim.com\/product\/replaceable-pod-vape-13000-puffs-210ml-e-liquid-0-6%cf%89-mesh-coil-650mah-rechargeable-battery\/#primaryimage"},"thumbnailUrl":"https:\/\/amxim.com\/wp-content\/uploads\/2025\/05\/Replaceable-Pod-Vape-13000-Puffs-210ML-E-liquid-0.6\u03a9-Mesh-Coil-650mAh-Rechargeable-Battery-1.webp","datePublished":"2025-05-10T07:20:32+00:00","dateModified":"2026-03-24T03:35:59+00:00","description":"Pod Vape substitu\u00edvel 13000 Puffs 2+10ML E-l\u00edquido 0,6\u03a9 Mesh Coil 650mAh Bateria recarreg\u00e1vel Exibido ou personalizado Exibido ou personalizado","breadcrumb":{"@id":"https:\/\/amxim.com\/product\/replaceable-pod-vape-13000-puffs-210ml-e-liquid-0-6%cf%89-mesh-coil-650mah-rechargeable-battery\/#breadcrumb"},"inLanguage":"pt-PT","potentialAction":[{"@type":"ReadAction","target":["https:\/\/amxim.com\/product\/replaceable-pod-vape-13000-puffs-210ml-e-liquid-0-6%cf%89-mesh-coil-650mah-rechargeable-battery\/"]}]},{"@type":"ImageObject","inLanguage":"pt-PT","@id":"https:\/\/amxim.com\/product\/replaceable-pod-vape-13000-puffs-210ml-e-liquid-0-6%cf%89-mesh-coil-650mah-rechargeable-battery\/#primaryimage","url":"https:\/\/amxim.com\/wp-content\/uploads\/2025\/05\/Replaceable-Pod-Vape-13000-Puffs-210ML-E-liquid-0.6\u03a9-Mesh-Coil-650mAh-Rechargeable-Battery-1.webp","contentUrl":"https:\/\/amxim.com\/wp-content\/uploads\/2025\/05\/Replaceable-Pod-Vape-13000-Puffs-210ML-E-liquid-0.6\u03a9-Mesh-Coil-650mAh-Rechargeable-Battery-1.webp","width":1000,"height":1001,"caption":"Replaceable Pod Vape 13000 Puffs 2+10ML E-liquid 0.6\u03a9 Mesh Coil 650mAh Rechargeable Battery"},{"@type":"BreadcrumbList","@id":"https:\/\/amxim.com\/product\/replaceable-pod-vape-13000-puffs-210ml-e-liquid-0-6%cf%89-mesh-coil-650mah-rechargeable-battery\/#breadcrumb","itemListElement":[{"@type":"ListItem","position":1,"name":"Home","item":"https:\/\/amxim.com\/en\/"},{"@type":"ListItem","position":2,"name":"Products","item":"https:\/\/amxim.com\/de\/products\/"},{"@type":"ListItem","position":3,"name":"Replaceable Pod Vape 13000 Puffs 2+10ML E-liquid 0.6\u03a9 Mesh Coil 650mAh Rechargeable Battery"}]},{"@type":"WebSite","@id":"https:\/\/amxim.com\/#website","url":"https:\/\/amxim.com\/","name":"AMXIM","description":"Fabricante de Vape AMXIM-OEM ODM","publisher":{"@id":"https:\/\/amxim.com\/#organization"},"potentialAction":[{"@type":"SearchAction","target":{"@type":"EntryPoint","urlTemplate":"https:\/\/amxim.com\/?s={search_term_string}"},"query-input":{"@type":"PropertyValueSpecification","valueRequired":true,"valueName":"search_term_string"}}],"inLanguage":"pt-PT"},{"@type":"Organization","@id":"https:\/\/amxim.com\/#organization","name":"AMXIM","url":"https:\/\/amxim.com\/","logo":{"@type":"ImageObject","inLanguage":"pt-PT","@id":"https:\/\/amxim.com\/#\/schema\/logo\/image\/","url":"https:\/\/amxim.com\/wp-content\/uploads\/2025\/03\/cropped-AMXIM-fav.webp","contentUrl":"https:\/\/amxim.com\/wp-content\/uploads\/2025\/03\/cropped-AMXIM-fav.webp","width":512,"height":512,"caption":"AMXIM"},"image":{"@id":"https:\/\/amxim.com\/#\/schema\/logo\/image\/"}}]}},"_links":{"self":[{"href":"https:\/\/amxim.com\/pt\/wp-json\/wp\/v2\/product\/12151","targetHints":{"allow":["GET"]}}],"collection":[{"href":"https:\/\/amxim.com\/pt\/wp-json\/wp\/v2\/product"}],"about":[{"href":"https:\/\/amxim.com\/pt\/wp-json\/wp\/v2\/types\/product"}],"replies":[{"embeddable":true,"href":"https:\/\/amxim.com\/pt\/wp-json\/wp\/v2\/comments?post=12151"}],"version-history":[{"count":6,"href":"https:\/\/amxim.com\/pt\/wp-json\/wp\/v2\/product\/12151\/revisions"}],"predecessor-version":[{"id":13577,"href":"https:\/\/amxim.com\/pt\/wp-json\/wp\/v2\/product\/12151\/revisions\/13577"}],"wp:featuredmedia":[{"embeddable":true,"href":"https:\/\/amxim.com\/pt\/wp-json\/wp\/v2\/media\/12157"}],"wp:attachment":[{"href":"https:\/\/amxim.com\/pt\/wp-json\/wp\/v2\/media?parent=12151"}],"wp:term":[{"taxonomy":"product_brand","embeddable":true,"href":"https:\/\/amxim.com\/pt\/wp-json\/wp\/v2\/product_brand?post=12151"},{"taxonomy":"product_cat","embeddable":true,"href":"https:\/\/amxim.com\/pt\/wp-json\/wp\/v2\/product_cat?post=12151"},{"taxonomy":"product_tag","embeddable":true,"href":"https:\/\/amxim.com\/pt\/wp-json\/wp\/v2\/product_tag?post=12151"}],"curies":[{"name":"wp","href":"https:\/\/api.w.org\/{rel}","templated":true}]}}