{"id":12224,"date":"2025-05-12T08:00:35","date_gmt":"2025-05-12T08:00:35","guid":{"rendered":"https:\/\/amxim.com\/?post_type=product&#038;p=12224"},"modified":"2025-06-25T10:08:30","modified_gmt":"2025-06-25T10:08:30","slug":"amxim-customcraft-e-liquido-sabores-personalizados-de-qualidade-premium","status":"publish","type":"product","link":"https:\/\/amxim.com\/pt\/product\/amxim-customcraft-e-liquido-sabores-personalizados-de-qualidade-premium\/","title":{"rendered":"AMXIM CustomCraft E-Liquid Sabores Personalizados Qualidade Premium"},"content":{"rendered":"<div class=\"product-description\">\n<h2 style=\"text-align: left;\">AMXIM CustomCraft E-Liquid Sabores Personalizados Qualidade Premium<\/h2>\n<p style=\"text-align: left;\">Experimente vaporizar do seu jeito com o E-l\u00edquido CustomCraft, um juice premium e totalmente personaliz\u00e1vel, desenvolvido para usu\u00e1rios exigentes que buscam variedade e controle. Escolha entre uma ampla gama de sabores ricos e satisfat\u00f3rios \u2014 do cl\u00e1ssico tabaco e menta refrescante a manga tropical, morango suculento, baunilha cremosa e muito mais.<br \/>\nCada frasco de CustomCraft \u00e9 personalizado de acordo com suas prefer\u00eancias. Selecione a concentra\u00e7\u00e3o ideal de nicotina (de 0 a 50 mg\/mL), o tamanho de frasco preferido (10 ml a 30 ml) e, agora, at\u00e9 mesmo a propor\u00e7\u00e3o VG\/PG \u2014 seja para nuvens densas, um impacto mais forte na garganta ou uma tragada suave e equilibrada, a escolha \u00e9 sua.<\/p>\n<p>&nbsp;<\/p>\n<h3 style=\"text-align: left;\">Principais caracter\u00edsticas<\/h3>\n<ul>\n<li style=\"text-align: left;\">For\u00e7a da nicotina: personaliz\u00e1vel de 0 a 50 mg\/mL (0%-5%)<\/li>\n<li style=\"text-align: left;\">Tamanho do frasco: escolha entre 10ml, 15ml, 20ml ou 30ml<\/li>\n<li style=\"text-align: left;\">Propor\u00e7\u00e3o VG\/PG: Totalmente personaliz\u00e1vel \u2013 ajuste para obter o m\u00e1ximo de vapor, sabor ou suavidade<\/li>\n<li style=\"text-align: left;\">Formulado em condi\u00e7\u00f5es de sala limpa para garantir pureza e consist\u00eancia<\/li>\n<li style=\"text-align: left;\">Compat\u00edvel com a maioria dos dispositivos vape recarreg\u00e1veis<\/li>\n<li style=\"text-align: left;\">Embalagem inviol\u00e1vel e \u00e0 prova de crian\u00e7as<\/li>\n<li style=\"text-align: left;\">Feito em um laborat\u00f3rio certificado pela ISO para garantia de qualidade<\/li>\n<\/ul>\n<p>&nbsp;<\/p>\n<h3 style=\"text-align: left;\">Op\u00e7\u00f5es de sabor<\/h3>\n<table width=\"593\">\n<tbody>\n<tr>\n<td width=\"47\"><strong>N\u00e3o.<\/strong><\/td>\n<td width=\"198\"><strong>Sabores Frutados<\/strong><\/td>\n<td width=\"50\"><\/td>\n<td width=\"50\"><strong>N\u00e3o.<\/strong><\/td>\n<td width=\"248\"><strong>Sabores de Sobremesa<\/strong><\/td>\n<\/tr>\n<tr>\n<td width=\"47\">1<\/td>\n<td width=\"198\">manga<\/td>\n<td width=\"50\"><\/td>\n<td width=\"50\">24<\/td>\n<td width=\"248\">Creme de Baunilha<\/td>\n<\/tr>\n<tr>\n<td width=\"47\">2<\/td>\n<td width=\"198\">Melancia<\/td>\n<td width=\"50\"><\/td>\n<td width=\"50\">25<\/td>\n<td width=\"248\">Pudim de Caramelo<\/td>\n<\/tr>\n<tr>\n<td width=\"47\">3<\/td>\n<td width=\"198\">Mirtilo<\/td>\n<td width=\"50\"><\/td>\n<td width=\"50\">26<\/td>\n<td width=\"248\">Cheesecake de mirtilo<\/td>\n<\/tr>\n<tr>\n<td width=\"47\">4<\/td>\n<td width=\"198\">Morango<\/td>\n<td width=\"50\"><\/td>\n<td width=\"50\">27<\/td>\n<td width=\"248\">Algod\u00e3o doce<\/td>\n<\/tr>\n<tr>\n<td width=\"47\">5<\/td>\n<td width=\"198\">Uva<\/td>\n<td width=\"50\"><\/td>\n<td width=\"50\">28<\/td>\n<td width=\"248\">Milkshake de Oreo<\/td>\n<\/tr>\n<tr>\n<td width=\"47\">6<\/td>\n<td width=\"198\">Ma\u00e7\u00e3 (Ma\u00e7\u00e3 Verde\/Ma\u00e7\u00e3 Vermelha)<\/td>\n<td width=\"50\"><\/td>\n<td width=\"50\">29<\/td>\n<td width=\"248\">Brownie de cacau<\/td>\n<\/tr>\n<tr>\n<td width=\"47\">7<\/td>\n<td width=\"198\">Abacaxi<\/td>\n<td width=\"50\"><\/td>\n<td width=\"50\">30<\/td>\n<td width=\"248\">Propaga\u00e7\u00e3o de creme<\/td>\n<\/tr>\n<tr>\n<td width=\"47\">8<\/td>\n<td width=\"198\">Lim\u00e3o<\/td>\n<td width=\"50\"><\/td>\n<td width=\"50\">31<\/td>\n<td width=\"248\">Caramelo<\/td>\n<\/tr>\n<tr>\n<td width=\"47\">9<\/td>\n<td width=\"198\">Laranja<\/td>\n<td width=\"50\"><\/td>\n<td width=\"50\">32<\/td>\n<td width=\"248\">Leite com chocolate<\/td>\n<\/tr>\n<tr>\n<td width=\"47\">10<\/td>\n<td width=\"198\">Maracuj\u00e1<\/td>\n<td width=\"50\"><\/td>\n<td width=\"50\"><\/td>\n<td width=\"248\"><\/td>\n<\/tr>\n<tr>\n<td width=\"47\">11<\/td>\n<td width=\"198\">Mel\u00e3o<\/td>\n<td width=\"50\"><\/td>\n<td width=\"50\"><strong>N\u00e3o.<\/strong><\/td>\n<td width=\"248\"><strong>Tabaco e Hortel\u00e3<\/strong><\/td>\n<\/tr>\n<tr>\n<td width=\"47\">12<\/td>\n<td width=\"198\">Cereja<\/td>\n<td width=\"50\"><\/td>\n<td width=\"50\">33<\/td>\n<td width=\"248\">Tabaco Cl\u00e1ssico<\/td>\n<\/tr>\n<tr>\n<td width=\"47\">13<\/td>\n<td width=\"198\">Framboesa<\/td>\n<td width=\"50\"><\/td>\n<td width=\"50\">34<\/td>\n<td width=\"248\">Charuto cubano<\/td>\n<\/tr>\n<tr>\n<td width=\"47\">14<\/td>\n<td width=\"198\">Toranja<\/td>\n<td width=\"50\"><\/td>\n<td width=\"50\">35<\/td>\n<td width=\"248\">Hortel\u00e3<\/td>\n<\/tr>\n<tr>\n<td width=\"47\">15<\/td>\n<td width=\"198\">Kiwi<\/td>\n<td width=\"50\"><\/td>\n<td width=\"50\">36<\/td>\n<td width=\"248\">Menta Gelada \/ Mentol<\/td>\n<\/tr>\n<tr>\n<td width=\"47\"><\/td>\n<td width=\"198\"><\/td>\n<td width=\"50\"><\/td>\n<td width=\"50\">37<\/td>\n<td width=\"248\">Tabaco de menta<\/td>\n<\/tr>\n<tr>\n<td width=\"47\"><strong>N\u00e3o.<\/strong><\/td>\n<td width=\"198\"><strong>Inspirado em bebidas<\/strong><\/td>\n<td width=\"50\"><\/td>\n<td width=\"50\">38<\/td>\n<td width=\"248\">Mel Tabaco<\/td>\n<\/tr>\n<tr>\n<td width=\"47\">16<\/td>\n<td width=\"198\">Cola<\/td>\n<td width=\"50\"><\/td>\n<td width=\"50\">39<\/td>\n<td width=\"248\">Tabaco Nutty<\/td>\n<\/tr>\n<tr>\n<td width=\"47\">17<\/td>\n<td width=\"198\">Bebida energ\u00e9tica<\/td>\n<td width=\"50\"><\/td>\n<td width=\"50\"><\/td>\n<td width=\"248\"><\/td>\n<\/tr>\n<tr>\n<td width=\"47\">18<\/td>\n<td width=\"198\">Ch\u00e1 verde gelado<\/td>\n<td width=\"50\"><\/td>\n<td width=\"50\"><strong>N\u00e3o.<\/strong><\/td>\n<td width=\"248\"><strong>Misturas Mistas\/Ex\u00f3ticas<\/strong><\/td>\n<\/tr>\n<tr>\n<td width=\"47\">19<\/td>\n<td width=\"198\">Caf\u00e9 com leite<\/td>\n<td width=\"50\"><\/td>\n<td width=\"50\">40<\/td>\n<td width=\"248\">Frutas Mistas<\/td>\n<\/tr>\n<tr>\n<td width=\"47\">20<\/td>\n<td width=\"198\">Ch\u00e1 gelado de lim\u00e3o<\/td>\n<td width=\"50\"><\/td>\n<td width=\"50\">41<\/td>\n<td width=\"248\">Ch\u00e1 de frutas de ver\u00e3o<\/td>\n<\/tr>\n<tr>\n<td width=\"47\">21<\/td>\n<td width=\"198\">Americano gelado<\/td>\n<td width=\"50\"><\/td>\n<td width=\"50\">42<\/td>\n<td width=\"248\">Goma de menta<\/td>\n<\/tr>\n<tr>\n<td width=\"47\">22<\/td>\n<td width=\"198\">Refrigerante de laranja<\/td>\n<td width=\"50\"><\/td>\n<td width=\"50\"><\/td>\n<td width=\"248\"><\/td>\n<\/tr>\n<tr>\n<td width=\"47\">23<\/td>\n<td width=\"198\">Refrigerante de uva<\/td>\n<td width=\"50\"><\/td>\n<td width=\"50\"><\/td>\n<td width=\"248\"><\/td>\n<\/tr>\n<\/tbody>\n<\/table>\n<p>&nbsp;<\/p>\n<h3>Galeria de produtos<\/h3>\n<p><img decoding=\"async\" style=\"width: 100%; margin: 0 auto;\" src=\"https:\/\/amxim.com\/wp-content\/uploads\/2025\/05\/AMXIM-CustomCraft-E-Liquid-Tailored-Flavors-Premium-Quality-10 \" alt=\"AMXIM CustomCraft E-Liquid Sabores Personalizados Qualidade Premium\" \/><br \/>\n<img decoding=\"async\" style=\"width: 100%; margin: 0 auto;\" src=\" https:\/\/amxim.com\/wp-content\/uploads\/2025\/05\/AMXIM-CustomCraft-E-Liquid-Tailored-Flavors-Premium-Quality-13\" alt=\"AMXIM CustomCraft E-Liquid Sabores Personalizados Qualidade Premium\" \/><br \/>\n<img decoding=\"async\" style=\"width: 100%; margin: 0 auto;\" src=\"https:\/\/amxim.com\/wp-content\/uploads\/2025\/05\/AMXIM-CustomCraft-E-Liquid-Tailored-Flavors-Premium-Quality-12 \" alt=\"AMXIM CustomCraft E-Liquid Sabores Personalizados Qualidade Premium\" \/><br \/>\n<img decoding=\"async\" style=\"width: 100%; margin: 0 auto;\" src=\" https:\/\/amxim.com\/wp-content\/uploads\/2025\/05\/AMXIM-CustomCraft-E-Liquid-Tailored-Flavors-Premium-Quality-11\" alt=\"AMXIM CustomCraft E-Liquid Sabores Personalizados Qualidade Premium\" \/><\/p>\n<p>&nbsp;\n<\/p><\/div>\n<style>\n.product-description {\n    font-family: Arial, sans-serif;\n    max-width: 1400px;\n    margin: 0 auto;\n    padding: 20px;\n    background: #fff;\n    border-radius: 10px;\n    box-shadow: 0 4px 8px rgba(0, 0, 0, 0.1);\n    padding: 20px;\n    padding-bottom: 20px;\n}\n<\/style>","protected":false},"excerpt":{"rendered":"<table>\n<tbody>\n<tr>\n<th style=\"text-align: left;\">Tipo de produto<\/th>\n<td style=\"text-align: left;\">Suco de Vape<\/td>\n<\/tr>\n<tr>\n<th style=\"text-align: left;\">Op\u00e7\u00f5es de cores<\/th>\n<td style=\"text-align: left;\">Exibido ou personalizado<\/td>\n<\/tr>\n<tr>\n<th style=\"text-align: left;\">Sabor<\/th>\n<td style=\"text-align: left;\">At\u00e9 50 sabores<\/td>\n<\/tr>\n<tr>\n<th style=\"text-align: left;\">Tamanho da garrafa<\/th>\n<td style=\"text-align: left;\">Escolha entre 10ml, 15ml, 20ml ou 30ml<\/td>\n<\/tr>\n<tr>\n<th style=\"text-align: left;\">For\u00e7a da nicotina<\/th>\n<td style=\"text-align: left;\">Personaliz\u00e1vel de 0\u201350 mg\/mL (0%-5%)<\/td>\n<\/tr>\n<tr>\n<th style=\"text-align: left;\">Propor\u00e7\u00e3o VG\/PG<\/th>\n<td style=\"text-align: left;\">Totalmente personaliz\u00e1vel \u2013 personalize para obter o m\u00e1ximo de vapor, sabor ou suavidade<\/td>\n<\/tr>\n<\/tbody>\n<\/table>","protected":false},"featured_media":12303,"comment_status":"closed","ping_status":"closed","template":"","meta":[],"product_brand":[],"product_cat":[52],"product_tag":[],"class_list":{"0":"post-12224","1":"product","2":"type-product","3":"status-publish","4":"has-post-thumbnail","6":"product_cat-vape-juice","8":"first","9":"instock","10":"shipping-taxable","11":"product-type-simple"},"yoast_head":"<!-- This site is optimized with the Yoast SEO plugin v26.9 - https:\/\/yoast.com\/product\/yoast-seo-wordpress\/ -->\n<title>AMXIM CustomCraft E-Liquid Tailored Flavors Premium Quality - AMXIM<\/title>\n<meta name=\"robots\" content=\"index, follow, max-snippet:-1, max-image-preview:large, max-video-preview:-1\" \/>\n<link rel=\"canonical\" href=\"https:\/\/amxim.com\/pt\/product\/amxim-customcraft-e-liquido-sabores-personalizados-de-qualidade-premium\/\" \/>\n<meta property=\"og:locale\" content=\"pt_PT\" \/>\n<meta property=\"og:type\" content=\"article\" \/>\n<meta property=\"og:title\" content=\"AMXIM CustomCraft E-Liquid Tailored Flavors Premium Quality - AMXIM\" \/>\n<meta property=\"og:description\" content=\"Product Type Vape Juice   Color Options Displayed or Customized   Flavor Up to 50 flavors   Bottle Size Choose between 10ml, 15ml, 20ml, or 30ml   Nicotine Strength Customizable from 0\u201350mg\/mL (0%-5%)   VG\/PG Ratio Fully customizable \u2013 tailor it for maximum vapor, flavor, or smoothness\" \/>\n<meta property=\"og:url\" content=\"https:\/\/amxim.com\/pt\/product\/amxim-customcraft-e-liquido-sabores-personalizados-de-qualidade-premium\/\" \/>\n<meta property=\"og:site_name\" content=\"AMXIM\" \/>\n<meta property=\"article:modified_time\" content=\"2025-06-25T10:08:30+00:00\" \/>\n<meta property=\"og:image\" content=\"https:\/\/amxim.com\/wp-content\/uploads\/2025\/05\/AMXIM-CustomCraft-E-Liquid-Tailored-Flavors-Premium-Quality-15.webp\" \/>\n\t<meta property=\"og:image:width\" content=\"1000\" \/>\n\t<meta property=\"og:image:height\" content=\"1000\" \/>\n\t<meta property=\"og:image:type\" content=\"image\/webp\" \/>\n<meta name=\"twitter:card\" content=\"summary_large_image\" \/>\n<meta name=\"twitter:label1\" content=\"Tempo estimado de leitura\" \/>\n\t<meta name=\"twitter:data1\" content=\"3 minutos\" \/>\n<script type=\"application\/ld+json\" class=\"yoast-schema-graph\">{\"@context\":\"https:\/\/schema.org\",\"@graph\":[{\"@type\":\"WebPage\",\"@id\":\"https:\/\/amxim.com\/product\/amxim-customcraft-e-liquid-tailored-flavors-premium-quality\/\",\"url\":\"https:\/\/amxim.com\/product\/amxim-customcraft-e-liquid-tailored-flavors-premium-quality\/\",\"name\":\"AMXIM CustomCraft E-Liquid Tailored Flavors Premium Quality - AMXIM\",\"isPartOf\":{\"@id\":\"https:\/\/amxim.com\/#website\"},\"primaryImageOfPage\":{\"@id\":\"https:\/\/amxim.com\/product\/amxim-customcraft-e-liquid-tailored-flavors-premium-quality\/#primaryimage\"},\"image\":{\"@id\":\"https:\/\/amxim.com\/product\/amxim-customcraft-e-liquid-tailored-flavors-premium-quality\/#primaryimage\"},\"thumbnailUrl\":\"https:\/\/amxim.com\/wp-content\/uploads\/2025\/05\/AMXIM-CustomCraft-E-Liquid-Tailored-Flavors-Premium-Quality-15.webp\",\"datePublished\":\"2025-05-12T08:00:35+00:00\",\"dateModified\":\"2025-06-25T10:08:30+00:00\",\"breadcrumb\":{\"@id\":\"https:\/\/amxim.com\/product\/amxim-customcraft-e-liquid-tailored-flavors-premium-quality\/#breadcrumb\"},\"inLanguage\":\"pt-PT\",\"potentialAction\":[{\"@type\":\"ReadAction\",\"target\":[\"https:\/\/amxim.com\/product\/amxim-customcraft-e-liquid-tailored-flavors-premium-quality\/\"]}]},{\"@type\":\"ImageObject\",\"inLanguage\":\"pt-PT\",\"@id\":\"https:\/\/amxim.com\/product\/amxim-customcraft-e-liquid-tailored-flavors-premium-quality\/#primaryimage\",\"url\":\"https:\/\/amxim.com\/wp-content\/uploads\/2025\/05\/AMXIM-CustomCraft-E-Liquid-Tailored-Flavors-Premium-Quality-15.webp\",\"contentUrl\":\"https:\/\/amxim.com\/wp-content\/uploads\/2025\/05\/AMXIM-CustomCraft-E-Liquid-Tailored-Flavors-Premium-Quality-15.webp\",\"width\":1000,\"height\":1000,\"caption\":\"AMXIM CustomCraft E-Liquid Tailored Flavors Premium Quality\"},{\"@type\":\"BreadcrumbList\",\"@id\":\"https:\/\/amxim.com\/product\/amxim-customcraft-e-liquid-tailored-flavors-premium-quality\/#breadcrumb\",\"itemListElement\":[{\"@type\":\"ListItem\",\"position\":1,\"name\":\"Home\",\"item\":\"https:\/\/amxim.com\/en\/\"},{\"@type\":\"ListItem\",\"position\":2,\"name\":\"Products\",\"item\":\"https:\/\/amxim.com\/de\/products\/\"},{\"@type\":\"ListItem\",\"position\":3,\"name\":\"AMXIM CustomCraft E-Liquid Tailored Flavors Premium Quality\"}]},{\"@type\":\"WebSite\",\"@id\":\"https:\/\/amxim.com\/#website\",\"url\":\"https:\/\/amxim.com\/\",\"name\":\"AMXIM\",\"description\":\"AMXIM-OEM ODM Vape Manufacturer\",\"publisher\":{\"@id\":\"https:\/\/amxim.com\/#organization\"},\"potentialAction\":[{\"@type\":\"SearchAction\",\"target\":{\"@type\":\"EntryPoint\",\"urlTemplate\":\"https:\/\/amxim.com\/?s={search_term_string}\"},\"query-input\":{\"@type\":\"PropertyValueSpecification\",\"valueRequired\":true,\"valueName\":\"search_term_string\"}}],\"inLanguage\":\"pt-PT\"},{\"@type\":\"Organization\",\"@id\":\"https:\/\/amxim.com\/#organization\",\"name\":\"AMXIM\",\"url\":\"https:\/\/amxim.com\/\",\"logo\":{\"@type\":\"ImageObject\",\"inLanguage\":\"pt-PT\",\"@id\":\"https:\/\/amxim.com\/#\/schema\/logo\/image\/\",\"url\":\"https:\/\/amxim.com\/wp-content\/uploads\/2025\/03\/cropped-AMXIM-fav.webp\",\"contentUrl\":\"https:\/\/amxim.com\/wp-content\/uploads\/2025\/03\/cropped-AMXIM-fav.webp\",\"width\":512,\"height\":512,\"caption\":\"AMXIM\"},\"image\":{\"@id\":\"https:\/\/amxim.com\/#\/schema\/logo\/image\/\"}}]}<\/script>\n<!-- \/ Yoast SEO plugin. -->","yoast_head_json":{"title":"AMXIM CustomCraft E-Liquid Sabores Personalizados Qualidade Premium - AMXIM","robots":{"index":"index","follow":"follow","max-snippet":"max-snippet:-1","max-image-preview":"max-image-preview:large","max-video-preview":"max-video-preview:-1"},"canonical":"https:\/\/amxim.com\/pt\/product\/amxim-customcraft-e-liquido-sabores-personalizados-de-qualidade-premium\/","og_locale":"pt_PT","og_type":"article","og_title":"AMXIM CustomCraft E-Liquid Tailored Flavors Premium Quality - AMXIM","og_description":"Product Type Vape Juice   Color Options Displayed or Customized   Flavor Up to 50 flavors   Bottle Size Choose between 10ml, 15ml, 20ml, or 30ml   Nicotine Strength Customizable from 0\u201350mg\/mL (0%-5%)   VG\/PG Ratio Fully customizable \u2013 tailor it for maximum vapor, flavor, or smoothness","og_url":"https:\/\/amxim.com\/pt\/product\/amxim-customcraft-e-liquido-sabores-personalizados-de-qualidade-premium\/","og_site_name":"AMXIM","article_modified_time":"2025-06-25T10:08:30+00:00","og_image":[{"width":1000,"height":1000,"url":"https:\/\/amxim.com\/wp-content\/uploads\/2025\/05\/AMXIM-CustomCraft-E-Liquid-Tailored-Flavors-Premium-Quality-15.webp","type":"image\/webp"}],"twitter_card":"summary_large_image","twitter_misc":{"Tempo estimado de leitura":"3 minutos"},"schema":{"@context":"https:\/\/schema.org","@graph":[{"@type":"WebPage","@id":"https:\/\/amxim.com\/product\/amxim-customcraft-e-liquid-tailored-flavors-premium-quality\/","url":"https:\/\/amxim.com\/product\/amxim-customcraft-e-liquid-tailored-flavors-premium-quality\/","name":"AMXIM CustomCraft E-Liquid Sabores Personalizados Qualidade Premium - AMXIM","isPartOf":{"@id":"https:\/\/amxim.com\/#website"},"primaryImageOfPage":{"@id":"https:\/\/amxim.com\/product\/amxim-customcraft-e-liquid-tailored-flavors-premium-quality\/#primaryimage"},"image":{"@id":"https:\/\/amxim.com\/product\/amxim-customcraft-e-liquid-tailored-flavors-premium-quality\/#primaryimage"},"thumbnailUrl":"https:\/\/amxim.com\/wp-content\/uploads\/2025\/05\/AMXIM-CustomCraft-E-Liquid-Tailored-Flavors-Premium-Quality-15.webp","datePublished":"2025-05-12T08:00:35+00:00","dateModified":"2025-06-25T10:08:30+00:00","breadcrumb":{"@id":"https:\/\/amxim.com\/product\/amxim-customcraft-e-liquid-tailored-flavors-premium-quality\/#breadcrumb"},"inLanguage":"pt-PT","potentialAction":[{"@type":"ReadAction","target":["https:\/\/amxim.com\/product\/amxim-customcraft-e-liquid-tailored-flavors-premium-quality\/"]}]},{"@type":"ImageObject","inLanguage":"pt-PT","@id":"https:\/\/amxim.com\/product\/amxim-customcraft-e-liquid-tailored-flavors-premium-quality\/#primaryimage","url":"https:\/\/amxim.com\/wp-content\/uploads\/2025\/05\/AMXIM-CustomCraft-E-Liquid-Tailored-Flavors-Premium-Quality-15.webp","contentUrl":"https:\/\/amxim.com\/wp-content\/uploads\/2025\/05\/AMXIM-CustomCraft-E-Liquid-Tailored-Flavors-Premium-Quality-15.webp","width":1000,"height":1000,"caption":"AMXIM CustomCraft E-Liquid Tailored Flavors Premium Quality"},{"@type":"BreadcrumbList","@id":"https:\/\/amxim.com\/product\/amxim-customcraft-e-liquid-tailored-flavors-premium-quality\/#breadcrumb","itemListElement":[{"@type":"ListItem","position":1,"name":"Home","item":"https:\/\/amxim.com\/en\/"},{"@type":"ListItem","position":2,"name":"Products","item":"https:\/\/amxim.com\/de\/products\/"},{"@type":"ListItem","position":3,"name":"AMXIM CustomCraft E-Liquid Tailored Flavors Premium Quality"}]},{"@type":"WebSite","@id":"https:\/\/amxim.com\/#website","url":"https:\/\/amxim.com\/","name":"AMXIM","description":"Fabricante de Vape AMXIM-OEM ODM","publisher":{"@id":"https:\/\/amxim.com\/#organization"},"potentialAction":[{"@type":"SearchAction","target":{"@type":"EntryPoint","urlTemplate":"https:\/\/amxim.com\/?s={search_term_string}"},"query-input":{"@type":"PropertyValueSpecification","valueRequired":true,"valueName":"search_term_string"}}],"inLanguage":"pt-PT"},{"@type":"Organization","@id":"https:\/\/amxim.com\/#organization","name":"AMXIM","url":"https:\/\/amxim.com\/","logo":{"@type":"ImageObject","inLanguage":"pt-PT","@id":"https:\/\/amxim.com\/#\/schema\/logo\/image\/","url":"https:\/\/amxim.com\/wp-content\/uploads\/2025\/03\/cropped-AMXIM-fav.webp","contentUrl":"https:\/\/amxim.com\/wp-content\/uploads\/2025\/03\/cropped-AMXIM-fav.webp","width":512,"height":512,"caption":"AMXIM"},"image":{"@id":"https:\/\/amxim.com\/#\/schema\/logo\/image\/"}}]}},"_links":{"self":[{"href":"https:\/\/amxim.com\/pt\/wp-json\/wp\/v2\/product\/12224","targetHints":{"allow":["GET"]}}],"collection":[{"href":"https:\/\/amxim.com\/pt\/wp-json\/wp\/v2\/product"}],"about":[{"href":"https:\/\/amxim.com\/pt\/wp-json\/wp\/v2\/types\/product"}],"replies":[{"embeddable":true,"href":"https:\/\/amxim.com\/pt\/wp-json\/wp\/v2\/comments?post=12224"}],"version-history":[{"count":15,"href":"https:\/\/amxim.com\/pt\/wp-json\/wp\/v2\/product\/12224\/revisions"}],"predecessor-version":[{"id":12231,"href":"https:\/\/amxim.com\/pt\/wp-json\/wp\/v2\/product\/12224\/revisions\/12231"}],"wp:featuredmedia":[{"embeddable":true,"href":"https:\/\/amxim.com\/pt\/wp-json\/wp\/v2\/media\/12303"}],"wp:attachment":[{"href":"https:\/\/amxim.com\/pt\/wp-json\/wp\/v2\/media?parent=12224"}],"wp:term":[{"taxonomy":"product_brand","embeddable":true,"href":"https:\/\/amxim.com\/pt\/wp-json\/wp\/v2\/product_brand?post=12224"},{"taxonomy":"product_cat","embeddable":true,"href":"https:\/\/amxim.com\/pt\/wp-json\/wp\/v2\/product_cat?post=12224"},{"taxonomy":"product_tag","embeddable":true,"href":"https:\/\/amxim.com\/pt\/wp-json\/wp\/v2\/product_tag?post=12224"}],"curies":[{"name":"wp","href":"https:\/\/api.w.org\/{rel}","templated":true}]}}