{"id":12890,"date":"2025-07-28T03:30:13","date_gmt":"2025-07-28T03:30:13","guid":{"rendered":"https:\/\/amxim.com\/?post_type=product&#038;p=12890"},"modified":"2026-03-24T03:28:40","modified_gmt":"2026-03-24T03:28:40","slug":"cartucho-de-vape-com-bobina-de-malha-de-2-ml-e-capacidade-de-liquido-para-ate-600-tragadas","status":"publish","type":"product","link":"https:\/\/amxim.com\/pt\/product\/cartucho-de-vape-com-bobina-de-malha-de-2-ml-e-capacidade-de-liquido-para-ate-600-tragadas\/","title":{"rendered":"Cartucho de vaporizador Mesh Coil POD 2ML E-l\u00edquido com capacidade para at\u00e9 600 tragadas"},"content":{"rendered":"<div class=\"product-description\">\n<h2 style=\"text-align: left;\">Cartucho de vaporizador Mesh Coil POD 2ML E-l\u00edquido com capacidade para at\u00e9 600 tragadas<\/h2>\n<p style=\"text-align: left;\">This mesh coil vape pod cartridge features a 2ml prefilled e-liquid capacity and delivers up to 600 puffs, making it suitable for daily use and compliant with TPD-style pod system requirements. The built-in 1.6\u03a9 mesh heating coil ensures even heat distribution, smooth flavor delivery, and consistent vapor output.<\/p>\n<p>&nbsp;<\/p>\n<h3>Galeria de produtos<\/h3>\n<p><img decoding=\"async\" style=\"width: 100%; margin: 0 auto;\" src=\" https:\/\/amxim.com\/wp-content\/uploads\/2025\/07\/Mesh-Coil-Vape-POD-Cartridge-2ML-E-liquid-Capacity-Up-to-600-Puffs  \" alt=\"Cartucho de vaporizador Mesh Coil POD 2ML E-l\u00edquido com capacidade para at\u00e9 600 tragadas\" \/><br \/>\n<img decoding=\"async\" style=\"width: 100%; margin: 0 auto;\" src=\"    https:\/\/amxim.com\/wp-content\/uploads\/2025\/07\/Mesh-Coil-Vape-POD-Cartridge-2ML-E-liquid-Capacity-Up-to-600-Puffs-2   \" alt=\"Cartucho de vaporizador Mesh Coil POD 2ML E-l\u00edquido com capacidade para at\u00e9 600 tragadas\" \/><\/p>\n<\/div>\n<style>\n.product-description {\n    font-family: Arial, sans-serif;\n    max-width: 1400px;\n    margin: 0 auto;\n    padding: 20px;\n    background: #fff;\n    border-radius: 10px;\n    box-shadow: 0 4px 8px rgba(0, 0, 0, 0.1);\n    padding: 20px;\n    padding-bottom: 20px;\n}\n<\/style>","protected":false},"excerpt":{"rendered":"<h3>Especifica\u00e7\u00f5es do produto<\/h3>\n<table>\n<tbody>\n<tr>\n<th style=\"text-align: left;\">Tipo de produto<\/th>\n<td style=\"text-align: left;\">POD substitu\u00edvel<\/td>\n<\/tr>\n<tr>\n<th style=\"text-align: left;\">Op\u00e7\u00f5es de cores<\/th>\n<td style=\"text-align: left;\">Exibido ou personalizado<\/td>\n<\/tr>\n<tr>\n<th style=\"text-align: left;\">Sabor<\/th>\n<td style=\"text-align: left;\">At\u00e9 50 sabores<\/td>\n<\/tr>\n<tr>\n<th style=\"text-align: left;\">Serpentina de aquecimento<\/th>\n<td style=\"text-align: left;\">Bobina de malha de 1,6\u03a9<\/td>\n<\/tr>\n<tr>\n<th style=\"text-align: left;\">Pr\u00e9-preenchimento de e-l\u00edquido<\/th>\n<td style=\"text-align: left;\">2 ml<\/td>\n<\/tr>\n<tr>\n<th style=\"text-align: left;\">Sopro<\/th>\n<td style=\"text-align: left;\">At\u00e9 600 tragadas<\/td>\n<\/tr>\n<\/tbody>\n<\/table>","protected":false},"featured_media":12897,"comment_status":"closed","ping_status":"closed","template":"","meta":[],"product_brand":[],"product_cat":[50],"product_tag":[],"class_list":{"0":"post-12890","1":"product","2":"type-product","3":"status-publish","4":"has-post-thumbnail","6":"product_cat-pod-systems","8":"first","9":"instock","10":"shipping-taxable","11":"product-type-simple"},"yoast_head":"<!-- This site is optimized with the Yoast SEO plugin v26.9 - https:\/\/yoast.com\/product\/yoast-seo-wordpress\/ -->\n<title>Mesh Coil Vape POD Cartridge 2ML E-liquid Capacity Up to 600 Puffs<\/title>\n<meta name=\"description\" content=\"Mesh Coil Vape POD Cartridge 2ML E-liquid Capacity Up to 600 Puffs Rechargeable \/ Replaceble POD Displayed or Customized Up to 50 flavors\" \/>\n<meta name=\"robots\" content=\"index, follow, max-snippet:-1, max-image-preview:large, max-video-preview:-1\" \/>\n<link rel=\"canonical\" href=\"https:\/\/amxim.com\/pt\/product\/cartucho-de-vape-com-bobina-de-malha-de-2-ml-e-capacidade-de-liquido-para-ate-600-tragadas\/\" \/>\n<meta property=\"og:locale\" content=\"pt_PT\" \/>\n<meta property=\"og:type\" content=\"article\" \/>\n<meta property=\"og:title\" content=\"Mesh Coil Vape POD Cartridge 2ML E-liquid Capacity Up to 600 Puffs\" \/>\n<meta property=\"og:description\" content=\"Mesh Coil Vape POD Cartridge 2ML E-liquid Capacity Up to 600 Puffs Rechargeable \/ Replaceble POD Displayed or Customized Up to 50 flavors\" \/>\n<meta property=\"og:url\" content=\"https:\/\/amxim.com\/pt\/product\/cartucho-de-vape-com-bobina-de-malha-de-2-ml-e-capacidade-de-liquido-para-ate-600-tragadas\/\" \/>\n<meta property=\"og:site_name\" content=\"AMXIM\" \/>\n<meta property=\"article:modified_time\" content=\"2026-03-24T03:28:40+00:00\" \/>\n<meta property=\"og:image\" content=\"https:\/\/amxim.com\/wp-content\/uploads\/2025\/07\/Mesh-Coil-Vape-POD-Cartridge-2ML-E-liquid-Capacity-Up-to-600-Puffs-1.webp\" \/>\n\t<meta property=\"og:image:width\" content=\"1000\" \/>\n\t<meta property=\"og:image:height\" content=\"1000\" \/>\n\t<meta property=\"og:image:type\" content=\"image\/webp\" \/>\n<meta name=\"twitter:card\" content=\"summary_large_image\" \/>\n<meta name=\"twitter:label1\" content=\"Tempo estimado de leitura\" \/>\n\t<meta name=\"twitter:data1\" content=\"1 minuto\" \/>\n<script type=\"application\/ld+json\" class=\"yoast-schema-graph\">{\"@context\":\"https:\/\/schema.org\",\"@graph\":[{\"@type\":\"WebPage\",\"@id\":\"https:\/\/amxim.com\/product\/mesh-coil-vape-pod-cartridge-2ml-e-liquid-capacity-up-to-600-puffs\/\",\"url\":\"https:\/\/amxim.com\/product\/mesh-coil-vape-pod-cartridge-2ml-e-liquid-capacity-up-to-600-puffs\/\",\"name\":\"Mesh Coil Vape POD Cartridge 2ML E-liquid Capacity Up to 600 Puffs\",\"isPartOf\":{\"@id\":\"https:\/\/amxim.com\/#website\"},\"primaryImageOfPage\":{\"@id\":\"https:\/\/amxim.com\/product\/mesh-coil-vape-pod-cartridge-2ml-e-liquid-capacity-up-to-600-puffs\/#primaryimage\"},\"image\":{\"@id\":\"https:\/\/amxim.com\/product\/mesh-coil-vape-pod-cartridge-2ml-e-liquid-capacity-up-to-600-puffs\/#primaryimage\"},\"thumbnailUrl\":\"https:\/\/amxim.com\/wp-content\/uploads\/2025\/07\/Mesh-Coil-Vape-POD-Cartridge-2ML-E-liquid-Capacity-Up-to-600-Puffs-1.webp\",\"datePublished\":\"2025-07-28T03:30:13+00:00\",\"dateModified\":\"2026-03-24T03:28:40+00:00\",\"description\":\"Mesh Coil Vape POD Cartridge 2ML E-liquid Capacity Up to 600 Puffs Rechargeable \/ Replaceble POD Displayed or Customized Up to 50 flavors\",\"breadcrumb\":{\"@id\":\"https:\/\/amxim.com\/product\/mesh-coil-vape-pod-cartridge-2ml-e-liquid-capacity-up-to-600-puffs\/#breadcrumb\"},\"inLanguage\":\"pt-PT\",\"potentialAction\":[{\"@type\":\"ReadAction\",\"target\":[\"https:\/\/amxim.com\/product\/mesh-coil-vape-pod-cartridge-2ml-e-liquid-capacity-up-to-600-puffs\/\"]}]},{\"@type\":\"ImageObject\",\"inLanguage\":\"pt-PT\",\"@id\":\"https:\/\/amxim.com\/product\/mesh-coil-vape-pod-cartridge-2ml-e-liquid-capacity-up-to-600-puffs\/#primaryimage\",\"url\":\"https:\/\/amxim.com\/wp-content\/uploads\/2025\/07\/Mesh-Coil-Vape-POD-Cartridge-2ML-E-liquid-Capacity-Up-to-600-Puffs-1.webp\",\"contentUrl\":\"https:\/\/amxim.com\/wp-content\/uploads\/2025\/07\/Mesh-Coil-Vape-POD-Cartridge-2ML-E-liquid-Capacity-Up-to-600-Puffs-1.webp\",\"width\":1000,\"height\":1000,\"caption\":\"Mesh Coil Vape POD Cartridge 2ML E-liquid Capacity Up to 600 Puffs\"},{\"@type\":\"BreadcrumbList\",\"@id\":\"https:\/\/amxim.com\/product\/mesh-coil-vape-pod-cartridge-2ml-e-liquid-capacity-up-to-600-puffs\/#breadcrumb\",\"itemListElement\":[{\"@type\":\"ListItem\",\"position\":1,\"name\":\"Home\",\"item\":\"https:\/\/amxim.com\/en\/\"},{\"@type\":\"ListItem\",\"position\":2,\"name\":\"Products\",\"item\":\"https:\/\/amxim.com\/de\/products\/\"},{\"@type\":\"ListItem\",\"position\":3,\"name\":\"Mesh Coil Vape POD Cartridge 2ML E-liquid Capacity Up to 600 Puffs\"}]},{\"@type\":\"WebSite\",\"@id\":\"https:\/\/amxim.com\/#website\",\"url\":\"https:\/\/amxim.com\/\",\"name\":\"AMXIM\",\"description\":\"AMXIM-OEM ODM Vape Manufacturer\",\"publisher\":{\"@id\":\"https:\/\/amxim.com\/#organization\"},\"potentialAction\":[{\"@type\":\"SearchAction\",\"target\":{\"@type\":\"EntryPoint\",\"urlTemplate\":\"https:\/\/amxim.com\/?s={search_term_string}\"},\"query-input\":{\"@type\":\"PropertyValueSpecification\",\"valueRequired\":true,\"valueName\":\"search_term_string\"}}],\"inLanguage\":\"pt-PT\"},{\"@type\":\"Organization\",\"@id\":\"https:\/\/amxim.com\/#organization\",\"name\":\"AMXIM\",\"url\":\"https:\/\/amxim.com\/\",\"logo\":{\"@type\":\"ImageObject\",\"inLanguage\":\"pt-PT\",\"@id\":\"https:\/\/amxim.com\/#\/schema\/logo\/image\/\",\"url\":\"https:\/\/amxim.com\/wp-content\/uploads\/2025\/03\/cropped-AMXIM-fav.webp\",\"contentUrl\":\"https:\/\/amxim.com\/wp-content\/uploads\/2025\/03\/cropped-AMXIM-fav.webp\",\"width\":512,\"height\":512,\"caption\":\"AMXIM\"},\"image\":{\"@id\":\"https:\/\/amxim.com\/#\/schema\/logo\/image\/\"}}]}<\/script>\n<!-- \/ Yoast SEO plugin. -->","yoast_head_json":{"title":"Cartucho de vaporizador Mesh Coil POD 2ML E-l\u00edquido com capacidade para at\u00e9 600 tragadas","description":"Cartucho de vaporizador Mesh Coil POD 2ML E-l\u00edquido Capacidade de at\u00e9 600 baforadas POD recarreg\u00e1vel\/substitu\u00edvel Exibido ou personalizado At\u00e9 50 sabores","robots":{"index":"index","follow":"follow","max-snippet":"max-snippet:-1","max-image-preview":"max-image-preview:large","max-video-preview":"max-video-preview:-1"},"canonical":"https:\/\/amxim.com\/pt\/product\/cartucho-de-vape-com-bobina-de-malha-de-2-ml-e-capacidade-de-liquido-para-ate-600-tragadas\/","og_locale":"pt_PT","og_type":"article","og_title":"Mesh Coil Vape POD Cartridge 2ML E-liquid Capacity Up to 600 Puffs","og_description":"Mesh Coil Vape POD Cartridge 2ML E-liquid Capacity Up to 600 Puffs Rechargeable \/ Replaceble POD Displayed or Customized Up to 50 flavors","og_url":"https:\/\/amxim.com\/pt\/product\/cartucho-de-vape-com-bobina-de-malha-de-2-ml-e-capacidade-de-liquido-para-ate-600-tragadas\/","og_site_name":"AMXIM","article_modified_time":"2026-03-24T03:28:40+00:00","og_image":[{"width":1000,"height":1000,"url":"https:\/\/amxim.com\/wp-content\/uploads\/2025\/07\/Mesh-Coil-Vape-POD-Cartridge-2ML-E-liquid-Capacity-Up-to-600-Puffs-1.webp","type":"image\/webp"}],"twitter_card":"summary_large_image","twitter_misc":{"Tempo estimado de leitura":"1 minuto"},"schema":{"@context":"https:\/\/schema.org","@graph":[{"@type":"WebPage","@id":"https:\/\/amxim.com\/product\/mesh-coil-vape-pod-cartridge-2ml-e-liquid-capacity-up-to-600-puffs\/","url":"https:\/\/amxim.com\/product\/mesh-coil-vape-pod-cartridge-2ml-e-liquid-capacity-up-to-600-puffs\/","name":"Cartucho de vaporizador Mesh Coil POD 2ML E-l\u00edquido com capacidade para at\u00e9 600 tragadas","isPartOf":{"@id":"https:\/\/amxim.com\/#website"},"primaryImageOfPage":{"@id":"https:\/\/amxim.com\/product\/mesh-coil-vape-pod-cartridge-2ml-e-liquid-capacity-up-to-600-puffs\/#primaryimage"},"image":{"@id":"https:\/\/amxim.com\/product\/mesh-coil-vape-pod-cartridge-2ml-e-liquid-capacity-up-to-600-puffs\/#primaryimage"},"thumbnailUrl":"https:\/\/amxim.com\/wp-content\/uploads\/2025\/07\/Mesh-Coil-Vape-POD-Cartridge-2ML-E-liquid-Capacity-Up-to-600-Puffs-1.webp","datePublished":"2025-07-28T03:30:13+00:00","dateModified":"2026-03-24T03:28:40+00:00","description":"Cartucho de vaporizador Mesh Coil POD 2ML E-l\u00edquido Capacidade de at\u00e9 600 baforadas POD recarreg\u00e1vel\/substitu\u00edvel Exibido ou personalizado At\u00e9 50 sabores","breadcrumb":{"@id":"https:\/\/amxim.com\/product\/mesh-coil-vape-pod-cartridge-2ml-e-liquid-capacity-up-to-600-puffs\/#breadcrumb"},"inLanguage":"pt-PT","potentialAction":[{"@type":"ReadAction","target":["https:\/\/amxim.com\/product\/mesh-coil-vape-pod-cartridge-2ml-e-liquid-capacity-up-to-600-puffs\/"]}]},{"@type":"ImageObject","inLanguage":"pt-PT","@id":"https:\/\/amxim.com\/product\/mesh-coil-vape-pod-cartridge-2ml-e-liquid-capacity-up-to-600-puffs\/#primaryimage","url":"https:\/\/amxim.com\/wp-content\/uploads\/2025\/07\/Mesh-Coil-Vape-POD-Cartridge-2ML-E-liquid-Capacity-Up-to-600-Puffs-1.webp","contentUrl":"https:\/\/amxim.com\/wp-content\/uploads\/2025\/07\/Mesh-Coil-Vape-POD-Cartridge-2ML-E-liquid-Capacity-Up-to-600-Puffs-1.webp","width":1000,"height":1000,"caption":"Mesh Coil Vape POD Cartridge 2ML E-liquid Capacity Up to 600 Puffs"},{"@type":"BreadcrumbList","@id":"https:\/\/amxim.com\/product\/mesh-coil-vape-pod-cartridge-2ml-e-liquid-capacity-up-to-600-puffs\/#breadcrumb","itemListElement":[{"@type":"ListItem","position":1,"name":"Home","item":"https:\/\/amxim.com\/en\/"},{"@type":"ListItem","position":2,"name":"Products","item":"https:\/\/amxim.com\/de\/products\/"},{"@type":"ListItem","position":3,"name":"Mesh Coil Vape POD Cartridge 2ML E-liquid Capacity Up to 600 Puffs"}]},{"@type":"WebSite","@id":"https:\/\/amxim.com\/#website","url":"https:\/\/amxim.com\/","name":"AMXIM","description":"Fabricante de Vape AMXIM-OEM ODM","publisher":{"@id":"https:\/\/amxim.com\/#organization"},"potentialAction":[{"@type":"SearchAction","target":{"@type":"EntryPoint","urlTemplate":"https:\/\/amxim.com\/?s={search_term_string}"},"query-input":{"@type":"PropertyValueSpecification","valueRequired":true,"valueName":"search_term_string"}}],"inLanguage":"pt-PT"},{"@type":"Organization","@id":"https:\/\/amxim.com\/#organization","name":"AMXIM","url":"https:\/\/amxim.com\/","logo":{"@type":"ImageObject","inLanguage":"pt-PT","@id":"https:\/\/amxim.com\/#\/schema\/logo\/image\/","url":"https:\/\/amxim.com\/wp-content\/uploads\/2025\/03\/cropped-AMXIM-fav.webp","contentUrl":"https:\/\/amxim.com\/wp-content\/uploads\/2025\/03\/cropped-AMXIM-fav.webp","width":512,"height":512,"caption":"AMXIM"},"image":{"@id":"https:\/\/amxim.com\/#\/schema\/logo\/image\/"}}]}},"_links":{"self":[{"href":"https:\/\/amxim.com\/pt\/wp-json\/wp\/v2\/product\/12890","targetHints":{"allow":["GET"]}}],"collection":[{"href":"https:\/\/amxim.com\/pt\/wp-json\/wp\/v2\/product"}],"about":[{"href":"https:\/\/amxim.com\/pt\/wp-json\/wp\/v2\/types\/product"}],"replies":[{"embeddable":true,"href":"https:\/\/amxim.com\/pt\/wp-json\/wp\/v2\/comments?post=12890"}],"version-history":[{"count":8,"href":"https:\/\/amxim.com\/pt\/wp-json\/wp\/v2\/product\/12890\/revisions"}],"predecessor-version":[{"id":13566,"href":"https:\/\/amxim.com\/pt\/wp-json\/wp\/v2\/product\/12890\/revisions\/13566"}],"wp:featuredmedia":[{"embeddable":true,"href":"https:\/\/amxim.com\/pt\/wp-json\/wp\/v2\/media\/12897"}],"wp:attachment":[{"href":"https:\/\/amxim.com\/pt\/wp-json\/wp\/v2\/media?parent=12890"}],"wp:term":[{"taxonomy":"product_brand","embeddable":true,"href":"https:\/\/amxim.com\/pt\/wp-json\/wp\/v2\/product_brand?post=12890"},{"taxonomy":"product_cat","embeddable":true,"href":"https:\/\/amxim.com\/pt\/wp-json\/wp\/v2\/product_cat?post=12890"},{"taxonomy":"product_tag","embeddable":true,"href":"https:\/\/amxim.com\/pt\/wp-json\/wp\/v2\/product_tag?post=12890"}],"curies":[{"name":"wp","href":"https:\/\/api.w.org\/{rel}","templated":true}]}}